
{"id":9,"date":"2014-05-21T09:40:43","date_gmt":"2014-05-21T09:40:43","guid":{"rendered":"http:\/\/pandomar.net\/?page_id=9"},"modified":"2021-08-30T11:35:25","modified_gmt":"2021-08-30T11:35:25","slug":"pesca-sostenible","status":"publish","type":"page","link":"https:\/\/pandomar.net\/gl\/pesca-sostenible\/","title":{"rendered":"Pesca <span>Sustentable<\/span>"},"content":{"rendered":"<p class=\"lead\"><\/p>\n<p class=\"lead\">Nos \u00faltimos anos as pescar\u00edas en todo o mundo foron sometidas a unha enorme presi\u00f3n. A continua demanda de alimentos para satisfacer as necesidades dunha poboaci\u00f3n en continuo crecemento forzaron a explotaci\u00f3n dos recursos pesqueiros at\u00e9 niveis dificilmente sustentables, ameazando con superar a capacidade dos oc\u00e9anos para manteren a vida mari\u00f1a tal como a co\u00f1ecemos.<\/p>\n<p>Por esta raz\u00f3n, \u00e9 m\u00e1is necesario que nunca promovermos e apoiarmos a xesti\u00f3n responsable das pescar\u00edas a nivel mundial. As organizaci\u00f3ns conservacionistas como WWF e Greenpeace xogaron un papel decisivo no despertar da conciencia cidad\u00e1 a esta necesidade e, en colaboraci\u00f3n con autoridades locais e organizaci\u00f3n supranacionais como a FAO, desenvolveron v\u00edas de actuaci\u00f3n que permiten alimentar esperanzas de que o futuro da vida no mar sexa preservado para as xeraci\u00f3ns vindeiras.<\/p>\n<p>Somos conscientes da ameaza que sup\u00f3n para o medio mari\u00f1o o aumento da explotaci\u00f3n pesqueira intensiva e por isto na nosa actividade seguimos as recomendaci\u00f3ns dos organismos cient\u00edficos e organizaci\u00f3ns ambientais tendo en conta, para al\u00e9n, que polos diferentes intereses en xogo (industria, fornecemento das poboaci\u00f3ns, comunidades mari\u00f1eiras e locais) e as dificultades para co\u00f1ecermos os estados reais das poboaci\u00f3ns de peixes afectadas, os criterios para afirmar a sustentabilidade das pescar\u00edas non son un\u00e1nimes canto aos graos de explotaci\u00f3n e nivel de ameaza, pero hai alg\u00fans pontos nos que todos concordamos:<\/p>\n<ol>\n<li>Seguranza de que todo o peixe utilizado proceda de pesca controlada, o que implica o respecto \u00e1 normativa sobre tama\u00f1os m\u00ednimos, especies protexidas, tempadas de pesca e cotas de caputar. Por esta raz\u00f3n, esiximos que a trazabilidade  de toda a cadea extractiva e produtiva estea certificada de maneira que permita identificar a procedencia de todo o peixe e os ingredientes utilizados.<\/li>\n<li>Utilizar m\u00e9todos de pesca selectiva. Xa que a pesca con anz\u00f3 e as artes de cerco son menos prexudiciais que as redes de arrasto ao reduciren a presi\u00f3n sobre os recursos pesqueiros e minimizar as devoluci\u00f3ns de especies ou tama\u00f1os sen interese comercial, o peixe que procesamos procede de embarcaci\u00f3ns que empregan artes tradicionais non depredadoras. Deste xeito, o at\u00fan que utilizamos \u00e9 pescado con cana, a rincha procede da costeira do Cant\u00e1brica, o marisco das confrar\u00edas das R\u00edas Galegas, etc.<\/li>\n<li>Favorecer a pesca local. O consumo de peixe procedente de pescar\u00edas pr\u00f3ximas non s\u00f3 axuda ao mantemento das comunidades e as s\u00faas formas de vida tradicionais sen\u00f3n que, ao evitar longos transportes de mercador\u00edas por medio mundo, contrib\u00fae \u00e1 eficiencia enerx\u00e9tica disminuindo o consumo de CO2.<\/li>\n<\/ol>\n<p class=\"videos_you\" style=\"text-align: center;\"><iframe loading=\"lazy\" src=\"\/\/www.youtube.com\/embed\/bPbNJUeHExI?feature=player_detailpage\" height=\"360\" width=\"640\" allowfullscreen=\"\" frameborder=\"0\"><\/iframe><br \/>\n<iframe loading=\"lazy\" src=\"\/\/www.youtube.com\/embed\/t6J77egLtSw?feature=player_detailpage\" height=\"360\" width=\"640\" allowfullscreen=\"\" frameborder=\"0\"><\/iframe><br \/>\n<iframe loading=\"lazy\" src=\"\/\/www.youtube.com\/embed\/YZ02_Jc5Auo?feature=player_detailpage\" height=\"360\" width=\"640\" allowfullscreen=\"\" frameborder=\"0\"><\/iframe><\/p>\n<p><\/p>","protected":false},"excerpt":{"rendered":"<p>Nos \u00faltimos anos as pescar\u00edas en todo o mundo foron sometidas a unha enorme presi\u00f3n. A continua demanda de alimentos&#8230;  <a href=\"https:\/\/pandomar.net\/gl\/pesca-sostenible\/\" class=\"more-link\" title=\"Read Pesca <span>Sustentable<\/span>&#8220;>Read more &raquo;<\/a><\/p>\n","protected":false},"author":1,"featured_media":0,"parent":0,"menu_order":0,"comment_status":"closed","ping_status":"closed","template":"","meta":{"footnotes":""},"acf":[],"yoast_head":"<!-- This site is optimized with the Yoast SEO plugin v17.6 - https:\/\/yoast.com\/wordpress\/plugins\/seo\/ -->\n<meta name=\"robots\" content=\"index, follow, max-snippet:-1, max-image-preview:large, max-video-preview:-1\" \/>\n<link rel=\"canonical\" href=\"https:\/\/pandomar.net\/gl\/pesca-sostenible\/\" \/>\n<meta property=\"og:locale\" content=\"gl_ES\" \/>\n<meta property=\"og:type\" content=\"article\" \/>\n<meta property=\"og:title\" content=\"Pesca Sustentable - Pandomar\" \/>\n<meta property=\"og:description\" content=\"Nos \u00faltimos anos as pescar\u00edas en todo o mundo foron sometidas a unha enorme presi\u00f3n. A continua demanda de alimentos... Read more &raquo;\" \/>\n<meta property=\"og:url\" content=\"https:\/\/pandomar.net\/gl\/pesca-sostenible\/\" \/>\n<meta property=\"og:site_name\" content=\"Pandomar\" \/>\n<meta property=\"article:modified_time\" content=\"2021-08-30T11:35:25+00:00\" \/>\n<meta name=\"twitter:card\" content=\"summary_large_image\" \/>\n<meta name=\"twitter:label1\" content=\"Tempo de lectura\" \/>\n\t<meta name=\"twitter:data1\" content=\"10 minutos\" \/>\n<script type=\"application\/ld+json\" class=\"yoast-schema-graph\">{\"@context\":\"https:\/\/schema.org\",\"@graph\":[{\"@type\":\"WebSite\",\"@id\":\"https:\/\/pandomar.net\/gl\/#website\",\"url\":\"https:\/\/pandomar.net\/gl\/\",\"name\":\"Pandomar\",\"description\":\"Conservas de pescado procedentes de la pesca sostenible, elaboradas de forma artesanal con ingredientes de la agricultura ecol\\u00f3gica.\",\"potentialAction\":[{\"@type\":\"SearchAction\",\"target\":{\"@type\":\"EntryPoint\",\"urlTemplate\":\"https:\/\/pandomar.net\/gl\/?s={search_term_string}\"},\"query-input\":\"required name=search_term_string\"}],\"inLanguage\":\"gl-ES\"},{\"@type\":\"WebPage\",\"@id\":\"https:\/\/pandomar.net\/gl\/pesca-sostenible\/#webpage\",\"url\":\"https:\/\/pandomar.net\/gl\/pesca-sostenible\/\",\"name\":\"Pesca Sustentable - Pandomar\",\"isPartOf\":{\"@id\":\"https:\/\/pandomar.net\/gl\/#website\"},\"datePublished\":\"2014-05-21T09:40:43+00:00\",\"dateModified\":\"2021-08-30T11:35:25+00:00\",\"breadcrumb\":{\"@id\":\"https:\/\/pandomar.net\/gl\/pesca-sostenible\/#breadcrumb\"},\"inLanguage\":\"gl-ES\",\"potentialAction\":[{\"@type\":\"ReadAction\",\"target\":[\"https:\/\/pandomar.net\/gl\/pesca-sostenible\/\"]}]},{\"@type\":\"BreadcrumbList\",\"@id\":\"https:\/\/pandomar.net\/gl\/pesca-sostenible\/#breadcrumb\",\"itemListElement\":[{\"@type\":\"ListItem\",\"position\":1,\"name\":\"Portada\",\"item\":\"https:\/\/pandomar.net\/gl\/\"},{\"@type\":\"ListItem\",\"position\":2,\"name\":\"Pesca Sustentable\"}]}]}<\/script>\n<!-- \/ Yoast SEO plugin. -->","yoast_head_json":{"robots":{"index":"index","follow":"follow","max-snippet":"max-snippet:-1","max-image-preview":"max-image-preview:large","max-video-preview":"max-video-preview:-1"},"canonical":"https:\/\/pandomar.net\/gl\/pesca-sostenible\/","og_locale":"gl_ES","og_type":"article","og_title":"Pesca Sustentable - Pandomar","og_description":"Nos \u00faltimos anos as pescar\u00edas en todo o mundo foron sometidas a unha enorme presi\u00f3n. A continua demanda de alimentos... Read more &raquo;","og_url":"https:\/\/pandomar.net\/gl\/pesca-sostenible\/","og_site_name":"Pandomar","article_modified_time":"2021-08-30T11:35:25+00:00","twitter_card":"summary_large_image","twitter_misc":{"Tempo de lectura":"10 minutos"},"schema":{"@context":"https:\/\/schema.org","@graph":[{"@type":"WebSite","@id":"https:\/\/pandomar.net\/gl\/#website","url":"https:\/\/pandomar.net\/gl\/","name":"Pandomar","description":"Conservas de pescado procedentes de la pesca sostenible, elaboradas de forma artesanal con ingredientes de la agricultura ecol\u00f3gica.","potentialAction":[{"@type":"SearchAction","target":{"@type":"EntryPoint","urlTemplate":"https:\/\/pandomar.net\/gl\/?s={search_term_string}"},"query-input":"required name=search_term_string"}],"inLanguage":"gl-ES"},{"@type":"WebPage","@id":"https:\/\/pandomar.net\/gl\/pesca-sostenible\/#webpage","url":"https:\/\/pandomar.net\/gl\/pesca-sostenible\/","name":"Pesca Sustentable - Pandomar","isPartOf":{"@id":"https:\/\/pandomar.net\/gl\/#website"},"datePublished":"2014-05-21T09:40:43+00:00","dateModified":"2021-08-30T11:35:25+00:00","breadcrumb":{"@id":"https:\/\/pandomar.net\/gl\/pesca-sostenible\/#breadcrumb"},"inLanguage":"gl-ES","potentialAction":[{"@type":"ReadAction","target":["https:\/\/pandomar.net\/gl\/pesca-sostenible\/"]}]},{"@type":"BreadcrumbList","@id":"https:\/\/pandomar.net\/gl\/pesca-sostenible\/#breadcrumb","itemListElement":[{"@type":"ListItem","position":1,"name":"Portada","item":"https:\/\/pandomar.net\/gl\/"},{"@type":"ListItem","position":2,"name":"Pesca Sustentable"}]}]}},"_links":{"self":[{"href":"https:\/\/pandomar.net\/gl\/wp-json\/wp\/v2\/pages\/9"}],"collection":[{"href":"https:\/\/pandomar.net\/gl\/wp-json\/wp\/v2\/pages"}],"about":[{"href":"https:\/\/pandomar.net\/gl\/wp-json\/wp\/v2\/types\/page"}],"author":[{"embeddable":true,"href":"https:\/\/pandomar.net\/gl\/wp-json\/wp\/v2\/users\/1"}],"replies":[{"embeddable":true,"href":"https:\/\/pandomar.net\/gl\/wp-json\/wp\/v2\/comments?post=9"}],"version-history":[{"count":52,"href":"https:\/\/pandomar.net\/gl\/wp-json\/wp\/v2\/pages\/9\/revisions"}],"predecessor-version":[{"id":1636,"href":"https:\/\/pandomar.net\/gl\/wp-json\/wp\/v2\/pages\/9\/revisions\/1636"}],"wp:attachment":[{"href":"https:\/\/pandomar.net\/gl\/wp-json\/wp\/v2\/media?parent=9"}],"curies":[{"name":"wp","href":"https:\/\/api.w.org\/{rel}","templated":true}]}}