
{"id":7,"date":"2014-05-21T09:40:28","date_gmt":"2014-05-21T09:40:28","guid":{"rendered":"http:\/\/pandomar.net\/?page_id=7"},"modified":"2025-08-19T10:30:21","modified_gmt":"2025-08-19T09:30:21","slug":"nosotros","status":"publish","type":"page","link":"https:\/\/pandomar.net\/gl\/nosotros\/","title":{"rendered":"<span>Qu\u00e9n somos, <\/span> Qu\u00e9 ofrecemos"},"content":{"rendered":"<p class=\"lead\">Conservas Antonio P\u00e9rez Lafuente \u00e9 unha empresa familiar dedicada \u00e1 elaboraci\u00f3n de conservas de produtos do mar desde comezos do s\u00e9culo pasado e que ten as s\u00faas ra\u00edces en 1892; a nosa factor\u00eda est\u00e1 ubicada en Vilanova de Arousa, vila costeira do noroeste da Pen\u00ednsula Ib\u00e9rica.<\/p>\n<div>\u201cPAN DO MAR\u201d, o nome co que presentamos os nosos produtos, quere reflectir a nosa historia e filosof\u00eda de traballo, basada no aproveitamento dos recursos mari\u00f1os de maneira racional e sustentable, procesados con m\u00e9todos tradicionais.<\/div>\n<h1>QUE FACEMOS?<\/h1>\n<p>En APL sent\u00edmonos herdeiros dunha tradici\u00f3n secular de fabricantes de conservas e por isto nos prezamos de manter os m\u00e9todos de elaboraci\u00f3n e tratamento do peixe que nos transmitiron os nosos maiores, sen renunciarmos aos avanzos t\u00e9cnicos en materia de control e seguridade alimentarias.<\/p>\n<p>Os principios que rexen a nosa actividade son:<\/p>\n<ul>\n<li>A pesca real\u00edzase con embarcaci\u00f3ns de baixura (pesca costeira) propias das comunidades locais de enraizadas tradici\u00f3ns familiares na pesca, empregando artes tradicionais non depredadoras.<\/li>\n<li><strong>Elaboraci\u00f3n artesanal:<\/strong> Todo o peixe se coce, se limpa e se fileta a man e env\u00e1sase nas nosas instalaci\u00f3ns seguindo pr\u00e1cticas e receitas tradicionais da coci\u00f1a local.<\/li>\n<li><strong>Pesca sostenible:<\/strong> Todo o peixe que se procesa na factor\u00eda procede de pescar\u00edas consideradas como sustentables e \u00e9 capturado con artes de pesca tradicionais seguindo criterios homologados pola FAO e organizaci\u00f3ns conservacionistas baseados no emprego de m\u00e9todos de pesca selectiva e controlada.<\/li>\n<li><strong>Ingredientes ecol\u00f3xicos:<\/strong> O mesmo interese na conservaci\u00f3n do medio natural rexe para a selecci\u00f3n dos ingredientes que acompa\u00f1an os nosos elaborados de peixe e mariscos, aceites de oliva extra virxe de primeira prensaxe en fr\u00edo, vexetais, especiar\u00edas e vinagres para mollos, todos provenientes de cultivos ecol\u00f3xicos e biodin\u00e1micos certificados.<\/li>\n<\/ul>\n<\/li>\n<\/ul>\n<p><strong>A noci\u00f3n que inspira o noso traballo \u00e9 a de Respecto: <\/strong><\/p>\n<p>Respecto polo ambiente, posto que acreditamos termos a obriga de deixar aos nosos fillos un mundo tan rico e variado como o que n\u00f3s recibimos. Respecto polo traballo dos nosos empregados e colaboradores. Respecto polos nosos clientes que merecen a mellor calidade que poidamos conseguir nos nosos produtos.<\/p>\n<p><strong>O equipo ao completo.<\/strong><br \/>\n<img loading=\"lazy\" decoding=\"async\" width=\"300\" height=\"199\" class=\"alignnone size-medium wp-image-681\" src=\"http:\/\/pandomar.net\/wp-content\/uploads\/2014\/05\/equipo-enteri-300x199.jpg\" alt=\"El equipo\" srcset=\"https:\/\/pandomar.net\/wp-content\/uploads\/2014\/05\/equipo-enteri-300x199.jpg 300w, https:\/\/pandomar.net\/wp-content\/uploads\/2014\/05\/equipo-enteri-150x99.jpg 150w, https:\/\/pandomar.net\/wp-content\/uploads\/2014\/05\/equipo-enteri-1024x680.jpg 1024w, https:\/\/pandomar.net\/wp-content\/uploads\/2014\/05\/equipo-enteri.jpg 1029w\" sizes=\"(max-width: 300px) 100vw, 300px\" \/><\/p>\n<p><strong>Eduardo e \u00c1lvaro a traballar coas encomendas dos clientes.<\/strong><br \/>\n<img loading=\"lazy\" decoding=\"async\" width=\"300\" height=\"199\" class=\"alignnone size-medium wp-image-678\" src=\"http:\/\/pandomar.net\/wp-content\/uploads\/2014\/05\/ALVARO-Y-EDUARDO-300x199.jpg\" alt=\"La Direcci\u00f3n General y la Comercial\" srcset=\"https:\/\/pandomar.net\/wp-content\/uploads\/2014\/05\/ALVARO-Y-EDUARDO-300x199.jpg 300w, https:\/\/pandomar.net\/wp-content\/uploads\/2014\/05\/ALVARO-Y-EDUARDO-150x99.jpg 150w, https:\/\/pandomar.net\/wp-content\/uploads\/2014\/05\/ALVARO-Y-EDUARDO-1024x680.jpg 1024w, https:\/\/pandomar.net\/wp-content\/uploads\/2014\/05\/ALVARO-Y-EDUARDO.jpg 1029w\" sizes=\"(max-width: 300px) 100vw, 300px\" \/><\/p>\n<p><strong>Chery e Jos\u00e9 Luis revisando a faturaci\u00f3n.<\/strong><br \/>\n<img loading=\"lazy\" decoding=\"async\" width=\"300\" height=\"199\" class=\"alignnone medium wp-image-679\" src=\"http:\/\/pandomar.net\/wp-content\/uploads\/2014\/05\/CHERY-Y-JOSE-LUIS-300x199.jpg\" alt=\" La Administraci\u00f3n\" srcset=\"https:\/\/pandomar.net\/wp-content\/uploads\/2014\/05\/CHERY-Y-JOSE-LUIS-300x199.jpg 300w, https:\/\/pandomar.net\/wp-content\/uploads\/2014\/05\/CHERY-Y-JOSE-LUIS-150x99.jpg 150w, https:\/\/pandomar.net\/wp-content\/uploads\/2014\/05\/CHERY-Y-JOSE-LUIS-1024x680.jpg 1024w, https:\/\/pandomar.net\/wp-content\/uploads\/2014\/05\/CHERY-Y-JOSE-LUIS.jpg 1029w\" sizes=\"(max-width: 300px) 100vw, 300px\" \/><\/p>\n<p><strong>M\u00f3nica en control de calidade.<\/strong><br \/>\n<img loading=\"lazy\" decoding=\"async\" width=\"300\" height=\"168\" class=\"alignnone size-medium wp-image-714\" src=\"http:\/\/pandomar.net\/wp-content\/uploads\/2014\/05\/Captura-de-pantalla-2014-12-15-a-las-04.01.15-300x168.png\" alt=\"Captura de pantalla 2014-12-15 a la(s) 04.01.15\" srcset=\"https:\/\/pandomar.net\/wp-content\/uploads\/2014\/05\/Captura-de-pantalla-2014-12-15-a-las-04.01.15-300x168.png 300w, https:\/\/pandomar.net\/wp-content\/uploads\/2014\/05\/Captura-de-pantalla-2014-12-15-a-las-04.01.15-150x84.png 150w, https:\/\/pandomar.net\/wp-content\/uploads\/2014\/05\/Captura-de-pantalla-2014-12-15-a-las-04.01.15.png 345w\" sizes=\"(max-width: 300px) 100vw, 300px\" \/><\/p>\n<p><strong>O equipo de almac\u00e9n.<\/strong><br \/>\n<img loading=\"lazy\" decoding=\"async\" width=\"199\" height=\"300\" class=\"alignnone medium wp-image-680\" src=\"http:\/\/pandomar.net\/wp-content\/uploads\/2014\/05\/EL-EQUIPO-DE-ALMACEN-199x300.jpg\" alt=\"La Log\u00edstica\" srcset=\"https:\/\/pandomar.net\/wp-content\/uploads\/2014\/05\/EL-EQUIPO-DE-ALMACEN-199x300.jpg 199w, https:\/\/pandomar.net\/wp-content\/uploads\/2014\/05\/EL-EQUIPO-DE-ALMACEN-99x150.jpg 99w, https:\/\/pandomar.net\/wp-content\/uploads\/2014\/05\/EL-EQUIPO-DE-ALMACEN-680x1024.jpg 680w, https:\/\/pandomar.net\/wp-content\/uploads\/2014\/05\/EL-EQUIPO-DE-ALMACEN.jpg 684w\" sizes=\"(max-width: 199px) 100vw, 199px\" \/><\/p>","protected":false},"excerpt":{"rendered":"<p>Conservas Antonio P\u00e9rez Lafuente \u00e9 unha empresa familiar dedicada \u00e1 elaboraci\u00f3n de conservas de produtos do mar desde comezos do&#8230;  <a href=\"https:\/\/pandomar.net\/gl\/nosotros\/\" class=\"more-link\" title=\"Read <span>Qu\u00e9n somos, <\/span> Qu\u00e9 ofrecemos&#8221;>Read more &raquo;<\/a><\/p>\n","protected":false},"author":1,"featured_media":61,"parent":0,"menu_order":0,"comment_status":"closed","ping_status":"closed","template":"page-full-width.php","meta":{"footnotes":""},"acf":[],"yoast_head":"<!-- This site is optimized with the Yoast SEO plugin v17.6 - https:\/\/yoast.com\/wordpress\/plugins\/seo\/ -->\n<meta name=\"robots\" content=\"index, follow, max-snippet:-1, max-image-preview:large, max-video-preview:-1\" \/>\n<link rel=\"canonical\" href=\"https:\/\/pandomar.net\/gl\/nosotros\/\" \/>\n<meta property=\"og:locale\" content=\"gl_ES\" \/>\n<meta property=\"og:type\" content=\"article\" \/>\n<meta property=\"og:title\" content=\"Qu\u00e9n somos,  Qu\u00e9 ofrecemos - Pandomar\" \/>\n<meta property=\"og:description\" content=\"Conservas Antonio P\u00e9rez Lafuente \u00e9 unha empresa familiar dedicada \u00e1 elaboraci\u00f3n de conservas de produtos do mar desde comezos do... Read more &raquo;\" \/>\n<meta property=\"og:url\" content=\"https:\/\/pandomar.net\/gl\/nosotros\/\" \/>\n<meta property=\"og:site_name\" content=\"Pandomar\" \/>\n<meta property=\"article:modified_time\" content=\"2025-08-19T09:30:21+00:00\" \/>\n<meta property=\"og:image\" content=\"https:\/\/pandomar.net\/wp-content\/uploads\/2014\/05\/interior_quienes_somos_bg.jpg\" \/>\n\t<meta property=\"og:image:width\" content=\"1920\" \/>\n\t<meta property=\"og:image:height\" content=\"1088\" \/>\n<meta name=\"twitter:card\" content=\"summary_large_image\" \/>\n<meta name=\"twitter:label1\" content=\"Tempo de lectura\" \/>\n\t<meta name=\"twitter:data1\" content=\"11 minutos\" \/>\n<script type=\"application\/ld+json\" class=\"yoast-schema-graph\">{\"@context\":\"https:\/\/schema.org\",\"@graph\":[{\"@type\":\"WebSite\",\"@id\":\"https:\/\/pandomar.net\/gl\/#website\",\"url\":\"https:\/\/pandomar.net\/gl\/\",\"name\":\"Pandomar\",\"description\":\"Conservas de pescado procedentes de la pesca sostenible, elaboradas de forma artesanal con ingredientes de la agricultura ecol\\u00f3gica.\",\"potentialAction\":[{\"@type\":\"SearchAction\",\"target\":{\"@type\":\"EntryPoint\",\"urlTemplate\":\"https:\/\/pandomar.net\/gl\/?s={search_term_string}\"},\"query-input\":\"required name=search_term_string\"}],\"inLanguage\":\"gl-ES\"},{\"@type\":\"ImageObject\",\"@id\":\"https:\/\/pandomar.net\/gl\/nosotros\/#primaryimage\",\"inLanguage\":\"gl-ES\",\"url\":\"https:\/\/pandomar.net\/wp-content\/uploads\/2014\/05\/interior_quienes_somos_bg.jpg\",\"contentUrl\":\"https:\/\/pandomar.net\/wp-content\/uploads\/2014\/05\/interior_quienes_somos_bg.jpg\",\"width\":1920,\"height\":1088},{\"@type\":\"WebPage\",\"@id\":\"https:\/\/pandomar.net\/gl\/nosotros\/#webpage\",\"url\":\"https:\/\/pandomar.net\/gl\/nosotros\/\",\"name\":\"Qu\\u00e9n somos, Qu\\u00e9 ofrecemos - Pandomar\",\"isPartOf\":{\"@id\":\"https:\/\/pandomar.net\/gl\/#website\"},\"primaryImageOfPage\":{\"@id\":\"https:\/\/pandomar.net\/gl\/nosotros\/#primaryimage\"},\"datePublished\":\"2014-05-21T09:40:28+00:00\",\"dateModified\":\"2025-08-19T09:30:21+00:00\",\"breadcrumb\":{\"@id\":\"https:\/\/pandomar.net\/gl\/nosotros\/#breadcrumb\"},\"inLanguage\":\"gl-ES\",\"potentialAction\":[{\"@type\":\"ReadAction\",\"target\":[\"https:\/\/pandomar.net\/gl\/nosotros\/\"]}]},{\"@type\":\"BreadcrumbList\",\"@id\":\"https:\/\/pandomar.net\/gl\/nosotros\/#breadcrumb\",\"itemListElement\":[{\"@type\":\"ListItem\",\"position\":1,\"name\":\"Portada\",\"item\":\"https:\/\/pandomar.net\/gl\/\"},{\"@type\":\"ListItem\",\"position\":2,\"name\":\"Qu\\u00e9n somos, Qu\\u00e9 ofrecemos\"}]}]}<\/script>\n<!-- \/ Yoast SEO plugin. -->","yoast_head_json":{"robots":{"index":"index","follow":"follow","max-snippet":"max-snippet:-1","max-image-preview":"max-image-preview:large","max-video-preview":"max-video-preview:-1"},"canonical":"https:\/\/pandomar.net\/gl\/nosotros\/","og_locale":"gl_ES","og_type":"article","og_title":"Qu\u00e9n somos,  Qu\u00e9 ofrecemos - Pandomar","og_description":"Conservas Antonio P\u00e9rez Lafuente \u00e9 unha empresa familiar dedicada \u00e1 elaboraci\u00f3n de conservas de produtos do mar desde comezos do... Read more &raquo;","og_url":"https:\/\/pandomar.net\/gl\/nosotros\/","og_site_name":"Pandomar","article_modified_time":"2025-08-19T09:30:21+00:00","og_image":[{"width":1920,"height":1088,"url":"https:\/\/pandomar.net\/wp-content\/uploads\/2014\/05\/interior_quienes_somos_bg.jpg","type":"image\/jpeg"}],"twitter_card":"summary_large_image","twitter_misc":{"Tempo de lectura":"11 minutos"},"schema":{"@context":"https:\/\/schema.org","@graph":[{"@type":"WebSite","@id":"https:\/\/pandomar.net\/gl\/#website","url":"https:\/\/pandomar.net\/gl\/","name":"Pandomar","description":"Conservas de pescado procedentes de la pesca sostenible, elaboradas de forma artesanal con ingredientes de la agricultura ecol\u00f3gica.","potentialAction":[{"@type":"SearchAction","target":{"@type":"EntryPoint","urlTemplate":"https:\/\/pandomar.net\/gl\/?s={search_term_string}"},"query-input":"required name=search_term_string"}],"inLanguage":"gl-ES"},{"@type":"ImageObject","@id":"https:\/\/pandomar.net\/gl\/nosotros\/#primaryimage","inLanguage":"gl-ES","url":"https:\/\/pandomar.net\/wp-content\/uploads\/2014\/05\/interior_quienes_somos_bg.jpg","contentUrl":"https:\/\/pandomar.net\/wp-content\/uploads\/2014\/05\/interior_quienes_somos_bg.jpg","width":1920,"height":1088},{"@type":"WebPage","@id":"https:\/\/pandomar.net\/gl\/nosotros\/#webpage","url":"https:\/\/pandomar.net\/gl\/nosotros\/","name":"Qu\u00e9n somos, Qu\u00e9 ofrecemos - Pandomar","isPartOf":{"@id":"https:\/\/pandomar.net\/gl\/#website"},"primaryImageOfPage":{"@id":"https:\/\/pandomar.net\/gl\/nosotros\/#primaryimage"},"datePublished":"2014-05-21T09:40:28+00:00","dateModified":"2025-08-19T09:30:21+00:00","breadcrumb":{"@id":"https:\/\/pandomar.net\/gl\/nosotros\/#breadcrumb"},"inLanguage":"gl-ES","potentialAction":[{"@type":"ReadAction","target":["https:\/\/pandomar.net\/gl\/nosotros\/"]}]},{"@type":"BreadcrumbList","@id":"https:\/\/pandomar.net\/gl\/nosotros\/#breadcrumb","itemListElement":[{"@type":"ListItem","position":1,"name":"Portada","item":"https:\/\/pandomar.net\/gl\/"},{"@type":"ListItem","position":2,"name":"Qu\u00e9n somos, Qu\u00e9 ofrecemos"}]}]}},"_links":{"self":[{"href":"https:\/\/pandomar.net\/gl\/wp-json\/wp\/v2\/pages\/7"}],"collection":[{"href":"https:\/\/pandomar.net\/gl\/wp-json\/wp\/v2\/pages"}],"about":[{"href":"https:\/\/pandomar.net\/gl\/wp-json\/wp\/v2\/types\/page"}],"author":[{"embeddable":true,"href":"https:\/\/pandomar.net\/gl\/wp-json\/wp\/v2\/users\/1"}],"replies":[{"embeddable":true,"href":"https:\/\/pandomar.net\/gl\/wp-json\/wp\/v2\/comments?post=7"}],"version-history":[{"count":72,"href":"https:\/\/pandomar.net\/gl\/wp-json\/wp\/v2\/pages\/7\/revisions"}],"predecessor-version":[{"id":2214,"href":"https:\/\/pandomar.net\/gl\/wp-json\/wp\/v2\/pages\/7\/revisions\/2214"}],"wp:featuredmedia":[{"embeddable":true,"href":"https:\/\/pandomar.net\/gl\/wp-json\/wp\/v2\/media\/61"}],"wp:attachment":[{"href":"https:\/\/pandomar.net\/gl\/wp-json\/wp\/v2\/media?parent=7"}],"curies":[{"name":"wp","href":"https:\/\/api.w.org\/{rel}","templated":true}]}}