
{"id":439,"date":"2014-07-16T07:59:41","date_gmt":"2014-07-16T07:59:41","guid":{"rendered":"http:\/\/pandomar.net\/?page_id=439"},"modified":"2016-04-12T04:10:01","modified_gmt":"2016-04-12T04:10:01","slug":"anchoas","status":"publish","type":"page","link":"https:\/\/pandomar.net\/gl\/anchoas\/","title":{"rendered":"Anchovas"},"content":{"rendered":"<p class=\"lead\">A especie Engraulis encrasicolus, a popular anchova, bocarte ou bocar\u00e9u, \u00e9 un peixe de 15 cm semellante na s\u00faa forma \u00e1 sardi\u00f1a, que se caracteriza por unha peculiar banda prateada nos costados e se consome principalmente en salmoira.<br \/>\nP\u00e9scanse de noite cando emerxen grandes cardumes para alimentarse de plancton, e constit\u00fae unha das fontes tradicionais de riqueza para as comunidades pesqueiras do litoral atl\u00e1ntico espa\u00f1ol ao permitir o desenvolvemento dunha importante industria de salga.<\/p>\n<p>Sometida a s\u00faa captura a estritos controles polas autoridades, as poboaci\u00f3ns desta especie non presentan problemas permitindo que a industria se estableza con regularidade.<\/p>\n<p>O consumo de anchova con orixe nesta zona de pesca \u00e9 recomendada tam\u00e9n por diferentes organizaci\u00f3ns de defensa do ambiente tais como Greenpeace pola sustentabilidade tanto desde o punto de vista da sa\u00fade do recurso como pola s\u00faa captura artesanal.<\/p>\n<p>O emprego desta especie en salmoira co\u00f1\u00e9cese no Mediterr\u00e1neo desde o tempo dos fenicios. En Espa\u00f1a popularizouse no s\u00e9culo XIX comercializ\u00e1ndose como semi-conserva polo que debe conservarse en lugar fresco e consumirse antes de un ano.<\/p>","protected":false},"excerpt":{"rendered":"<p>A especie Engraulis encrasicolus, a popular anchova, bocarte ou bocar\u00e9u, \u00e9 un peixe de 15 cm semellante na s\u00faa forma&#8230;  <a href=\"https:\/\/pandomar.net\/gl\/anchoas\/\" class=\"more-link\" title=\"Read Anchovas\">Read more &raquo;<\/a><\/p>\n","protected":false},"author":1,"featured_media":0,"parent":0,"menu_order":0,"comment_status":"closed","ping_status":"closed","template":"page-especies.php","meta":{"footnotes":""},"acf":[],"yoast_head":"<!-- This site is optimized with the Yoast SEO plugin v17.6 - https:\/\/yoast.com\/wordpress\/plugins\/seo\/ -->\n<meta name=\"robots\" content=\"index, follow, max-snippet:-1, max-image-preview:large, max-video-preview:-1\" \/>\n<link rel=\"canonical\" href=\"https:\/\/pandomar.net\/gl\/anchoas\/\" \/>\n<meta property=\"og:locale\" content=\"gl_ES\" \/>\n<meta property=\"og:type\" content=\"article\" \/>\n<meta property=\"og:title\" content=\"Anchovas - Pandomar\" \/>\n<meta property=\"og:description\" content=\"A especie Engraulis encrasicolus, a popular anchova, bocarte ou bocar\u00e9u, \u00e9 un peixe de 15 cm semellante na s\u00faa forma... Read more &raquo;\" \/>\n<meta property=\"og:url\" content=\"https:\/\/pandomar.net\/gl\/anchoas\/\" \/>\n<meta property=\"og:site_name\" content=\"Pandomar\" \/>\n<meta property=\"article:modified_time\" content=\"2016-04-12T04:10:01+00:00\" \/>\n<meta name=\"twitter:card\" content=\"summary_large_image\" \/>\n<meta name=\"twitter:label1\" content=\"Tempo de lectura\" \/>\n\t<meta name=\"twitter:data1\" content=\"5 minutos\" \/>\n<script type=\"application\/ld+json\" class=\"yoast-schema-graph\">{\"@context\":\"https:\/\/schema.org\",\"@graph\":[{\"@type\":\"WebSite\",\"@id\":\"https:\/\/pandomar.net\/gl\/#website\",\"url\":\"https:\/\/pandomar.net\/gl\/\",\"name\":\"Pandomar\",\"description\":\"Conservas de pescado procedentes de la pesca sostenible, elaboradas de forma artesanal con ingredientes de la agricultura ecol\\u00f3gica.\",\"potentialAction\":[{\"@type\":\"SearchAction\",\"target\":{\"@type\":\"EntryPoint\",\"urlTemplate\":\"https:\/\/pandomar.net\/gl\/?s={search_term_string}\"},\"query-input\":\"required name=search_term_string\"}],\"inLanguage\":\"gl-ES\"},{\"@type\":\"WebPage\",\"@id\":\"https:\/\/pandomar.net\/gl\/anchoas\/#webpage\",\"url\":\"https:\/\/pandomar.net\/gl\/anchoas\/\",\"name\":\"Anchovas - Pandomar\",\"isPartOf\":{\"@id\":\"https:\/\/pandomar.net\/gl\/#website\"},\"datePublished\":\"2014-07-16T07:59:41+00:00\",\"dateModified\":\"2016-04-12T04:10:01+00:00\",\"breadcrumb\":{\"@id\":\"https:\/\/pandomar.net\/gl\/anchoas\/#breadcrumb\"},\"inLanguage\":\"gl-ES\",\"potentialAction\":[{\"@type\":\"ReadAction\",\"target\":[\"https:\/\/pandomar.net\/gl\/anchoas\/\"]}]},{\"@type\":\"BreadcrumbList\",\"@id\":\"https:\/\/pandomar.net\/gl\/anchoas\/#breadcrumb\",\"itemListElement\":[{\"@type\":\"ListItem\",\"position\":1,\"name\":\"Portada\",\"item\":\"https:\/\/pandomar.net\/gl\/\"},{\"@type\":\"ListItem\",\"position\":2,\"name\":\"Anchovas\"}]}]}<\/script>\n<!-- \/ Yoast SEO plugin. -->","yoast_head_json":{"robots":{"index":"index","follow":"follow","max-snippet":"max-snippet:-1","max-image-preview":"max-image-preview:large","max-video-preview":"max-video-preview:-1"},"canonical":"https:\/\/pandomar.net\/gl\/anchoas\/","og_locale":"gl_ES","og_type":"article","og_title":"Anchovas - Pandomar","og_description":"A especie Engraulis encrasicolus, a popular anchova, bocarte ou bocar\u00e9u, \u00e9 un peixe de 15 cm semellante na s\u00faa forma... Read more &raquo;","og_url":"https:\/\/pandomar.net\/gl\/anchoas\/","og_site_name":"Pandomar","article_modified_time":"2016-04-12T04:10:01+00:00","twitter_card":"summary_large_image","twitter_misc":{"Tempo de lectura":"5 minutos"},"schema":{"@context":"https:\/\/schema.org","@graph":[{"@type":"WebSite","@id":"https:\/\/pandomar.net\/gl\/#website","url":"https:\/\/pandomar.net\/gl\/","name":"Pandomar","description":"Conservas de pescado procedentes de la pesca sostenible, elaboradas de forma artesanal con ingredientes de la agricultura ecol\u00f3gica.","potentialAction":[{"@type":"SearchAction","target":{"@type":"EntryPoint","urlTemplate":"https:\/\/pandomar.net\/gl\/?s={search_term_string}"},"query-input":"required name=search_term_string"}],"inLanguage":"gl-ES"},{"@type":"WebPage","@id":"https:\/\/pandomar.net\/gl\/anchoas\/#webpage","url":"https:\/\/pandomar.net\/gl\/anchoas\/","name":"Anchovas - Pandomar","isPartOf":{"@id":"https:\/\/pandomar.net\/gl\/#website"},"datePublished":"2014-07-16T07:59:41+00:00","dateModified":"2016-04-12T04:10:01+00:00","breadcrumb":{"@id":"https:\/\/pandomar.net\/gl\/anchoas\/#breadcrumb"},"inLanguage":"gl-ES","potentialAction":[{"@type":"ReadAction","target":["https:\/\/pandomar.net\/gl\/anchoas\/"]}]},{"@type":"BreadcrumbList","@id":"https:\/\/pandomar.net\/gl\/anchoas\/#breadcrumb","itemListElement":[{"@type":"ListItem","position":1,"name":"Portada","item":"https:\/\/pandomar.net\/gl\/"},{"@type":"ListItem","position":2,"name":"Anchovas"}]}]}},"_links":{"self":[{"href":"https:\/\/pandomar.net\/gl\/wp-json\/wp\/v2\/pages\/439"}],"collection":[{"href":"https:\/\/pandomar.net\/gl\/wp-json\/wp\/v2\/pages"}],"about":[{"href":"https:\/\/pandomar.net\/gl\/wp-json\/wp\/v2\/types\/page"}],"author":[{"embeddable":true,"href":"https:\/\/pandomar.net\/gl\/wp-json\/wp\/v2\/users\/1"}],"replies":[{"embeddable":true,"href":"https:\/\/pandomar.net\/gl\/wp-json\/wp\/v2\/comments?post=439"}],"version-history":[{"count":11,"href":"https:\/\/pandomar.net\/gl\/wp-json\/wp\/v2\/pages\/439\/revisions"}],"predecessor-version":[{"id":1095,"href":"https:\/\/pandomar.net\/gl\/wp-json\/wp\/v2\/pages\/439\/revisions\/1095"}],"wp:attachment":[{"href":"https:\/\/pandomar.net\/gl\/wp-json\/wp\/v2\/media?parent=439"}],"curies":[{"name":"wp","href":"https:\/\/api.w.org\/{rel}","templated":true}]}}