
{"id":431,"date":"2014-07-16T07:42:40","date_gmt":"2014-07-16T07:42:40","guid":{"rendered":"http:\/\/pandomar.net\/?page_id=431"},"modified":"2015-04-08T04:27:11","modified_gmt":"2015-04-08T04:27:11","slug":"resoponsabilidad-social-y-compromiso-con-el-entorno","status":"publish","type":"page","link":"https:\/\/pandomar.net\/gl\/resoponsabilidad-social-y-compromiso-con-el-entorno\/","title":{"rendered":"<span>Responsabilidad social y<\/span> compromiso con el entorno"},"content":{"rendered":"<p class=\"lead\">Al\u00e9n do mero cumprimento da normativa vixente, estamos implicados no desenvolvemento social e cultural da comunidade \u00e1 que pertencemos.<\/p>\n<div>\n<h1>COMPROMISO COS TRABALLADORES:<\/h1>\n<p>Na empresa sempre apostamos pola continuidade e permanencia, factor b\u00e1sico para a transmisi\u00f3n dunha cultura.<\/p>\n<p>Como empresa de marcado car\u00e1cter familiar, non \u00e9 extra\u00f1o que o posto de traballo se transmita de pais a fillos, tanto a nivel de direcci\u00f3n como de fabricaci\u00f3n. A maior\u00eda do persoal est\u00e1 composto por mulleres con unha longa experiencia, moitas delas desenvolveron toda a s\u00faa vida laboral na empresa, de maneira que algunhas levan preto de 50 anos connosco.<\/p>\n<p>\u00c9 o caso de Felisa Torrado, \u00e1 que con ocasi\u00f3n do seu retiro para se acoller \u00e1 xubilaci\u00f3n ap\u00f3s 51 anos de traballo ininterrumpido na empresa, APL lle entrega a medalla conmemorativa<\/p>\n<img loading=\"lazy\" decoding=\"async\" width=\"300\" height=\"225\" class=\"aligncenter size-medium wp-image-670\" alt=\"Felisa 001 copia\" src=\"http:\/\/pandomar.net\/wp-content\/uploads\/2014\/07\/Felisa-001-copia-300x225.jpg\" srcset=\"https:\/\/pandomar.net\/wp-content\/uploads\/2014\/07\/Felisa-001-copia-300x225.jpg 300w, https:\/\/pandomar.net\/wp-content\/uploads\/2014\/07\/Felisa-001-copia-150x112.jpg 150w, https:\/\/pandomar.net\/wp-content\/uploads\/2014\/07\/Felisa-001-copia-1024x768.jpg 1024w, https:\/\/pandomar.net\/wp-content\/uploads\/2014\/07\/Felisa-001-copia-295x220.jpg 295w\" sizes=\"(max-width: 300px) 100vw, 300px\" \/>\n<h1>COMPROMISO CO AMBIENTE:<\/h1>\n<p>A responsabilidade da empresa non se esgota no seu d\u00eda a d\u00eda. Se erguemos a vista, queda claro que todos somos copart\u00edcipes dunha empresa com\u00fan: manter a variedade e riqueza do mundo. Por esta raz\u00f3n a empresa coopera con diversas asociaci\u00f3ns apoiando o seu traballo voluntario na conservaci\u00f3n do patrimonio biol\u00f3xico e cultural do pa\u00eds<\/p>\n<p>Neste sentido ONGs tais como CEMMA, AGCT ou DROSERA reciben a nosa colaboraci\u00f3n para levar adiante os seus proxectos relacionados co ambiente<\/p>\n<p><strong>CEMMA- Coordinadora para o Estudo dos Mam\u00edferos Mari\u00f1os:<\/strong> \u00e9 unha ONG galega que ten como obxecto o estudo dos cet\u00e1ceos, tartarugas e dem\u00e1is animais mari\u00f1os que frecuentan as augas costeiras de Galicia, tendo adem\u00e1is ao seu cargo a asistencia e recuperaci\u00f3n daqueles individuos que varan nas s\u00faas costas. Na actualidade Conservas Antonio P\u00e9rez Lafuente patrocina un estudo das poboaci\u00f3ns costeiras de golfi\u00f1os mediante fotoidentificaci\u00f3n.<\/p>\n<img loading=\"lazy\" decoding=\"async\" width=\"300\" height=\"225\" class=\"aligncenter size-medium wp-image-672\" alt=\"CEMMA DVD 012\" src=\"http:\/\/pandomar.net\/wp-content\/uploads\/2014\/07\/CEMMA-DVD-012-300x225.jpg\" srcset=\"https:\/\/pandomar.net\/wp-content\/uploads\/2014\/07\/CEMMA-DVD-012-300x225.jpg 300w, https:\/\/pandomar.net\/wp-content\/uploads\/2014\/07\/CEMMA-DVD-012-150x112.jpg 150w, https:\/\/pandomar.net\/wp-content\/uploads\/2014\/07\/CEMMA-DVD-012-1024x768.jpg 1024w, https:\/\/pandomar.net\/wp-content\/uploads\/2014\/07\/CEMMA-DVD-012-295x220.jpg 295w, https:\/\/pandomar.net\/wp-content\/uploads\/2014\/07\/CEMMA-DVD-012.jpg 1200w\" sizes=\"(max-width: 300px) 100vw, 300px\" \/>\n<p><strong>Asociaci\u00f3n Galega de Custodio do Territorio:<\/strong> divisi\u00f3n local dun movemento internacional que pretende implicar aos propietarios e usuarios da terra &#8211; agricultores, gandeiros- na conservaci\u00f3n e bo uso dos recursos naturais, culturais e paisax\u00edsticos. Conservas Antonio P\u00e9rez Lafuente \u00e9 o seu primeiro socio benfeitor.<\/p>\n<img loading=\"lazy\" decoding=\"async\" width=\"300\" height=\"225\" class=\"aligncenter size-medium wp-image-673\" alt=\"OLYMPUS DIGITAL CAMERA\" src=\"http:\/\/pandomar.net\/wp-content\/uploads\/2014\/07\/Carballeira-Mar\u00edn-Bueu-046-300x225.jpg\" srcset=\"https:\/\/pandomar.net\/wp-content\/uploads\/2014\/07\/Carballeira-Mar\u00edn-Bueu-046-300x225.jpg 300w, https:\/\/pandomar.net\/wp-content\/uploads\/2014\/07\/Carballeira-Mar\u00edn-Bueu-046-150x112.jpg 150w, https:\/\/pandomar.net\/wp-content\/uploads\/2014\/07\/Carballeira-Mar\u00edn-Bueu-046-1024x768.jpg 1024w, https:\/\/pandomar.net\/wp-content\/uploads\/2014\/07\/Carballeira-Mar\u00edn-Bueu-046-295x220.jpg 295w, https:\/\/pandomar.net\/wp-content\/uploads\/2014\/07\/Carballeira-Mar\u00edn-Bueu-046.jpg 2048w\" sizes=\"(max-width: 300px) 100vw, 300px\" \/>\n<p><strong>Asociaci\u00f3n  Drosera para o estudo e conservaci\u00f3n do medio natural de Galicia:<\/strong> est\u00e1n especialmente implicados no estudo das poboaci\u00f3ns locais de morcegos. Conservas Antonio P\u00e9rez Lafuente colabora aportando fondos para a elaboraci\u00f3n un Atlas dos morcegos de Galicia.<\/p>\n<img loading=\"lazy\" decoding=\"async\" width=\"206\" height=\"300\" class=\"aligncenter size-medium wp-image-674\" alt=\"murcielagos\" src=\"http:\/\/pandomar.net\/wp-content\/uploads\/2014\/07\/murcielagos-206x300.png\" srcset=\"https:\/\/pandomar.net\/wp-content\/uploads\/2014\/07\/murcielagos-206x300.png 206w, https:\/\/pandomar.net\/wp-content\/uploads\/2014\/07\/murcielagos-103x150.png 103w, https:\/\/pandomar.net\/wp-content\/uploads\/2014\/07\/murcielagos.png 316w\" sizes=\"(max-width: 206px) 100vw, 206px\" \/>\n<\/div>\n<p><\/p>","protected":false},"excerpt":{"rendered":"<p>Al\u00e9n do mero cumprimento da normativa vixente, estamos implicados no desenvolvemento social e cultural da comunidade \u00e1 que pertencemos. COMPROMISO&#8230;  <a href=\"https:\/\/pandomar.net\/gl\/resoponsabilidad-social-y-compromiso-con-el-entorno\/\" class=\"more-link\" title=\"Read <span>Responsabilidad social y<\/span> compromiso con el entorno&#8221;>Read more &raquo;<\/a><\/p>\n","protected":false},"author":1,"featured_media":0,"parent":0,"menu_order":0,"comment_status":"closed","ping_status":"closed","template":"","meta":{"footnotes":""},"acf":[],"yoast_head":"<!-- This site is optimized with the Yoast SEO plugin v17.6 - https:\/\/yoast.com\/wordpress\/plugins\/seo\/ -->\n<meta name=\"robots\" content=\"index, follow, max-snippet:-1, max-image-preview:large, max-video-preview:-1\" \/>\n<link rel=\"canonical\" href=\"https:\/\/pandomar.net\/gl\/resoponsabilidad-social-y-compromiso-con-el-entorno\/\" \/>\n<meta property=\"og:locale\" content=\"gl_ES\" \/>\n<meta property=\"og:type\" content=\"article\" \/>\n<meta property=\"og:title\" content=\"Responsabilidad social y compromiso con el entornoResponsabilidad social y compromiso con el entornoSOCIAL RESPONSIBILITY AND COMMITMENT TO THE WORKERSSOZIALE VERANTWORTUNG UND GEGEN\u00dcBER DER UMWELT - Pandomar\" \/>\n<meta property=\"og:description\" content=\"Al\u00e9n do mero cumprimento da normativa vixente, estamos implicados no desenvolvemento social e cultural da comunidade \u00e1 que pertencemos. COMPROMISO... Read more &raquo;\" \/>\n<meta property=\"og:url\" content=\"https:\/\/pandomar.net\/gl\/resoponsabilidad-social-y-compromiso-con-el-entorno\/\" \/>\n<meta property=\"og:site_name\" content=\"Pandomar\" \/>\n<meta property=\"article:modified_time\" content=\"2015-04-08T04:27:11+00:00\" \/>\n<meta property=\"og:image\" content=\"http:\/\/pandomar.net\/wp-content\/uploads\/2014\/07\/Felisa-001-copia-300x225.jpg\" \/>\n<meta name=\"twitter:card\" content=\"summary_large_image\" \/>\n<meta name=\"twitter:label1\" content=\"Tempo de lectura\" \/>\n\t<meta name=\"twitter:data1\" content=\"8 minutos\" \/>\n<script type=\"application\/ld+json\" class=\"yoast-schema-graph\">{\"@context\":\"https:\/\/schema.org\",\"@graph\":[{\"@type\":\"WebSite\",\"@id\":\"https:\/\/pandomar.net\/gl\/#website\",\"url\":\"https:\/\/pandomar.net\/gl\/\",\"name\":\"Pandomar\",\"description\":\"Conservas de pescado procedentes de la pesca sostenible, elaboradas de forma artesanal con ingredientes de la agricultura ecol\\u00f3gica.\",\"potentialAction\":[{\"@type\":\"SearchAction\",\"target\":{\"@type\":\"EntryPoint\",\"urlTemplate\":\"https:\/\/pandomar.net\/gl\/?s={search_term_string}\"},\"query-input\":\"required name=search_term_string\"}],\"inLanguage\":\"gl-ES\"},{\"@type\":\"ImageObject\",\"@id\":\"https:\/\/pandomar.net\/gl\/resoponsabilidad-social-y-compromiso-con-el-entorno\/#primaryimage\",\"inLanguage\":\"gl-ES\",\"url\":\"http:\/\/pandomar.net\/wp-content\/uploads\/2014\/07\/Felisa-001-copia-300x225.jpg\",\"contentUrl\":\"http:\/\/pandomar.net\/wp-content\/uploads\/2014\/07\/Felisa-001-copia-300x225.jpg\"},{\"@type\":\"WebPage\",\"@id\":\"https:\/\/pandomar.net\/gl\/resoponsabilidad-social-y-compromiso-con-el-entorno\/#webpage\",\"url\":\"https:\/\/pandomar.net\/gl\/resoponsabilidad-social-y-compromiso-con-el-entorno\/\",\"name\":\"Responsabilidad social y compromiso con el entornoResponsabilidad social y compromiso con el entornoSOCIAL RESPONSIBILITY AND COMMITMENT TO THE WORKERSSOZIALE VERANTWORTUNG UND GEGEN\\u00dcBER DER UMWELT - Pandomar\",\"isPartOf\":{\"@id\":\"https:\/\/pandomar.net\/gl\/#website\"},\"primaryImageOfPage\":{\"@id\":\"https:\/\/pandomar.net\/gl\/resoponsabilidad-social-y-compromiso-con-el-entorno\/#primaryimage\"},\"datePublished\":\"2014-07-16T07:42:40+00:00\",\"dateModified\":\"2015-04-08T04:27:11+00:00\",\"breadcrumb\":{\"@id\":\"https:\/\/pandomar.net\/gl\/resoponsabilidad-social-y-compromiso-con-el-entorno\/#breadcrumb\"},\"inLanguage\":\"gl-ES\",\"potentialAction\":[{\"@type\":\"ReadAction\",\"target\":[\"https:\/\/pandomar.net\/gl\/resoponsabilidad-social-y-compromiso-con-el-entorno\/\"]}]},{\"@type\":\"BreadcrumbList\",\"@id\":\"https:\/\/pandomar.net\/gl\/resoponsabilidad-social-y-compromiso-con-el-entorno\/#breadcrumb\",\"itemListElement\":[{\"@type\":\"ListItem\",\"position\":1,\"name\":\"Portada\",\"item\":\"https:\/\/pandomar.net\/gl\/\"},{\"@type\":\"ListItem\",\"position\":2,\"name\":\"Responsabilidad social y compromiso con el entorno\"}]}]}<\/script>\n<!-- \/ Yoast SEO plugin. -->","yoast_head_json":{"robots":{"index":"index","follow":"follow","max-snippet":"max-snippet:-1","max-image-preview":"max-image-preview:large","max-video-preview":"max-video-preview:-1"},"canonical":"https:\/\/pandomar.net\/gl\/resoponsabilidad-social-y-compromiso-con-el-entorno\/","og_locale":"gl_ES","og_type":"article","og_title":"Responsabilidad social y compromiso con el entornoResponsabilidad social y compromiso con el entornoSOCIAL RESPONSIBILITY AND COMMITMENT TO THE WORKERSSOZIALE VERANTWORTUNG UND GEGEN\u00dcBER DER UMWELT - Pandomar","og_description":"Al\u00e9n do mero cumprimento da normativa vixente, estamos implicados no desenvolvemento social e cultural da comunidade \u00e1 que pertencemos. COMPROMISO... Read more &raquo;","og_url":"https:\/\/pandomar.net\/gl\/resoponsabilidad-social-y-compromiso-con-el-entorno\/","og_site_name":"Pandomar","article_modified_time":"2015-04-08T04:27:11+00:00","og_image":[{"url":"http:\/\/pandomar.net\/wp-content\/uploads\/2014\/07\/Felisa-001-copia-300x225.jpg"}],"twitter_card":"summary_large_image","twitter_misc":{"Tempo de lectura":"8 minutos"},"schema":{"@context":"https:\/\/schema.org","@graph":[{"@type":"WebSite","@id":"https:\/\/pandomar.net\/gl\/#website","url":"https:\/\/pandomar.net\/gl\/","name":"Pandomar","description":"Conservas de pescado procedentes de la pesca sostenible, elaboradas de forma artesanal con ingredientes de la agricultura ecol\u00f3gica.","potentialAction":[{"@type":"SearchAction","target":{"@type":"EntryPoint","urlTemplate":"https:\/\/pandomar.net\/gl\/?s={search_term_string}"},"query-input":"required name=search_term_string"}],"inLanguage":"gl-ES"},{"@type":"ImageObject","@id":"https:\/\/pandomar.net\/gl\/resoponsabilidad-social-y-compromiso-con-el-entorno\/#primaryimage","inLanguage":"gl-ES","url":"http:\/\/pandomar.net\/wp-content\/uploads\/2014\/07\/Felisa-001-copia-300x225.jpg","contentUrl":"http:\/\/pandomar.net\/wp-content\/uploads\/2014\/07\/Felisa-001-copia-300x225.jpg"},{"@type":"WebPage","@id":"https:\/\/pandomar.net\/gl\/resoponsabilidad-social-y-compromiso-con-el-entorno\/#webpage","url":"https:\/\/pandomar.net\/gl\/resoponsabilidad-social-y-compromiso-con-el-entorno\/","name":"Responsabilidad social y compromiso con el entornoResponsabilidad social y compromiso con el entornoSOCIAL RESPONSIBILITY AND COMMITMENT TO THE WORKERSSOZIALE VERANTWORTUNG UND GEGEN\u00dcBER DER UMWELT - Pandomar","isPartOf":{"@id":"https:\/\/pandomar.net\/gl\/#website"},"primaryImageOfPage":{"@id":"https:\/\/pandomar.net\/gl\/resoponsabilidad-social-y-compromiso-con-el-entorno\/#primaryimage"},"datePublished":"2014-07-16T07:42:40+00:00","dateModified":"2015-04-08T04:27:11+00:00","breadcrumb":{"@id":"https:\/\/pandomar.net\/gl\/resoponsabilidad-social-y-compromiso-con-el-entorno\/#breadcrumb"},"inLanguage":"gl-ES","potentialAction":[{"@type":"ReadAction","target":["https:\/\/pandomar.net\/gl\/resoponsabilidad-social-y-compromiso-con-el-entorno\/"]}]},{"@type":"BreadcrumbList","@id":"https:\/\/pandomar.net\/gl\/resoponsabilidad-social-y-compromiso-con-el-entorno\/#breadcrumb","itemListElement":[{"@type":"ListItem","position":1,"name":"Portada","item":"https:\/\/pandomar.net\/gl\/"},{"@type":"ListItem","position":2,"name":"Responsabilidad social y compromiso con el entorno"}]}]}},"_links":{"self":[{"href":"https:\/\/pandomar.net\/gl\/wp-json\/wp\/v2\/pages\/431"}],"collection":[{"href":"https:\/\/pandomar.net\/gl\/wp-json\/wp\/v2\/pages"}],"about":[{"href":"https:\/\/pandomar.net\/gl\/wp-json\/wp\/v2\/types\/page"}],"author":[{"embeddable":true,"href":"https:\/\/pandomar.net\/gl\/wp-json\/wp\/v2\/users\/1"}],"replies":[{"embeddable":true,"href":"https:\/\/pandomar.net\/gl\/wp-json\/wp\/v2\/comments?post=431"}],"version-history":[{"count":16,"href":"https:\/\/pandomar.net\/gl\/wp-json\/wp\/v2\/pages\/431\/revisions"}],"predecessor-version":[{"id":819,"href":"https:\/\/pandomar.net\/gl\/wp-json\/wp\/v2\/pages\/431\/revisions\/819"}],"wp:attachment":[{"href":"https:\/\/pandomar.net\/gl\/wp-json\/wp\/v2\/media?parent=431"}],"curies":[{"name":"wp","href":"https:\/\/api.w.org\/{rel}","templated":true}]}}