
{"id":378,"date":"2014-07-02T08:55:00","date_gmt":"2014-07-02T08:55:00","guid":{"rendered":"http:\/\/pandomar.net\/?page_id=378"},"modified":"2025-02-24T12:35:08","modified_gmt":"2025-02-24T11:35:08","slug":"mejillones","status":"publish","type":"page","link":"https:\/\/pandomar.net\/gl\/mejillones\/","title":{"rendered":"Mexill\u00f3n"},"content":{"rendered":"<p class=\"lead\">O mexill\u00f3n que envasamos pertence \u00e1 especie Mytilus galloprovincialis, \u00e9 un molusco bivalvo de concha lisa e c\u00f3r negra azulada, moi rico en prote\u00ednas e minerais. Vive fixo \u00e1s rochas na zona intermareal e o seu crecemento \u00e9 r\u00e1pido, en un ano desenvolve o seu tama\u00f1o normal.<\/p>\n<p>Cult\u00edvase desde hai anos na costa Atl\u00e1ntica da pen\u00ednsula Iberica como medio de vida alternativo para a poboaci\u00f3n das vilas marineiras co fin de evitar a sobreexplotaci\u00f3n en pesca extractiva. O cultivo do mexill\u00f3n real\u00edzase en cordas que penduran de parques flotantes usando como cr\u00eda a que nace naturalmente nas rochas do litoral. Grazas \u00e1s condici\u00f3ns de temperatura e nutrientes das augas, alcanza \u00f3ptimas condici\u00f3ns de tama\u00f1o e sabor.<\/p>\n<p>Para a certificaci\u00f3n do mexill\u00f3n como procedente da agricultura ecol\u00f3xica todo o proceso de cr\u00eda, engorda e procesado \u00e9 supervisado polo CRAEGA a partir dun estrito protocolo establecido conforme ao Reglamento Europeo 834\/2007 do que debe verificarse o seu cumprimento para poder obter a certificaci\u00f3n correspondente.<\/p>\n<p><img loading=\"lazy\" decoding=\"async\" width=\"1024\" height=\"768\" class=\"alignleft size-large wp-image-501\" src=\"http:\/\/pandomar.net\/wp-content\/uploads\/2014\/09\/CRAEGA-Recogida-de-mejillon-eco-1024x768.jpg\" alt=\"OLYMPUS DIGITAL CAMERA\" srcset=\"https:\/\/pandomar.net\/wp-content\/uploads\/2014\/09\/CRAEGA-Recogida-de-mejillon-eco-1024x768.jpg 1024w, https:\/\/pandomar.net\/wp-content\/uploads\/2014\/09\/CRAEGA-Recogida-de-mejillon-eco-150x112.jpg 150w, https:\/\/pandomar.net\/wp-content\/uploads\/2014\/09\/CRAEGA-Recogida-de-mejillon-eco-300x225.jpg 300w, https:\/\/pandomar.net\/wp-content\/uploads\/2014\/09\/CRAEGA-Recogida-de-mejillon-eco-295x220.jpg 295w, https:\/\/pandomar.net\/wp-content\/uploads\/2014\/09\/CRAEGA-Recogida-de-mejillon-eco.jpg 2048w\" sizes=\"(max-width: 1024px) 100vw, 1024px\" \/><\/p>","protected":false},"excerpt":{"rendered":"<p>O mexill\u00f3n que envasamos pertence \u00e1 especie Mytilus galloprovincialis, \u00e9 un molusco bivalvo de concha lisa e c\u00f3r negra azulada,&#8230;  <a href=\"https:\/\/pandomar.net\/gl\/mejillones\/\" class=\"more-link\" title=\"Read Mexill\u00f3n\">Read more &raquo;<\/a><\/p>\n","protected":false},"author":1,"featured_media":0,"parent":0,"menu_order":0,"comment_status":"closed","ping_status":"closed","template":"page-especies.php","meta":{"footnotes":""},"acf":[],"yoast_head":"<!-- This site is optimized with the Yoast SEO plugin v17.6 - https:\/\/yoast.com\/wordpress\/plugins\/seo\/ -->\n<meta name=\"robots\" content=\"index, follow, max-snippet:-1, max-image-preview:large, max-video-preview:-1\" \/>\n<link rel=\"canonical\" href=\"https:\/\/pandomar.net\/gl\/mejillones\/\" \/>\n<meta property=\"og:locale\" content=\"gl_ES\" \/>\n<meta property=\"og:type\" content=\"article\" \/>\n<meta property=\"og:title\" content=\"Mexill\u00f3n - Pandomar\" \/>\n<meta property=\"og:description\" content=\"O mexill\u00f3n que envasamos pertence \u00e1 especie Mytilus galloprovincialis, \u00e9 un molusco bivalvo de concha lisa e c\u00f3r negra azulada,... Read more &raquo;\" \/>\n<meta property=\"og:url\" content=\"https:\/\/pandomar.net\/gl\/mejillones\/\" \/>\n<meta property=\"og:site_name\" content=\"Pandomar\" \/>\n<meta property=\"article:modified_time\" content=\"2025-02-24T11:35:08+00:00\" \/>\n<meta property=\"og:image\" content=\"http:\/\/pandomar.net\/wp-content\/uploads\/2014\/09\/CRAEGA-Recogida-de-mejillon-eco-1024x768.jpg\" \/>\n<meta name=\"twitter:card\" content=\"summary_large_image\" \/>\n<meta name=\"twitter:label1\" content=\"Tempo de lectura\" \/>\n\t<meta name=\"twitter:data1\" content=\"4 minutos\" \/>\n<script type=\"application\/ld+json\" class=\"yoast-schema-graph\">{\"@context\":\"https:\/\/schema.org\",\"@graph\":[{\"@type\":\"WebSite\",\"@id\":\"https:\/\/pandomar.net\/gl\/#website\",\"url\":\"https:\/\/pandomar.net\/gl\/\",\"name\":\"Pandomar\",\"description\":\"Conservas de pescado procedentes de la pesca sostenible, elaboradas de forma artesanal con ingredientes de la agricultura ecol\\u00f3gica.\",\"potentialAction\":[{\"@type\":\"SearchAction\",\"target\":{\"@type\":\"EntryPoint\",\"urlTemplate\":\"https:\/\/pandomar.net\/gl\/?s={search_term_string}\"},\"query-input\":\"required name=search_term_string\"}],\"inLanguage\":\"gl-ES\"},{\"@type\":\"ImageObject\",\"@id\":\"https:\/\/pandomar.net\/gl\/mejillones\/#primaryimage\",\"inLanguage\":\"gl-ES\",\"url\":\"http:\/\/pandomar.net\/wp-content\/uploads\/2014\/09\/CRAEGA-Recogida-de-mejillon-eco-1024x768.jpg\",\"contentUrl\":\"http:\/\/pandomar.net\/wp-content\/uploads\/2014\/09\/CRAEGA-Recogida-de-mejillon-eco-1024x768.jpg\"},{\"@type\":\"WebPage\",\"@id\":\"https:\/\/pandomar.net\/gl\/mejillones\/#webpage\",\"url\":\"https:\/\/pandomar.net\/gl\/mejillones\/\",\"name\":\"Mexill\\u00f3n - Pandomar\",\"isPartOf\":{\"@id\":\"https:\/\/pandomar.net\/gl\/#website\"},\"primaryImageOfPage\":{\"@id\":\"https:\/\/pandomar.net\/gl\/mejillones\/#primaryimage\"},\"datePublished\":\"2014-07-02T08:55:00+00:00\",\"dateModified\":\"2025-02-24T11:35:08+00:00\",\"breadcrumb\":{\"@id\":\"https:\/\/pandomar.net\/gl\/mejillones\/#breadcrumb\"},\"inLanguage\":\"gl-ES\",\"potentialAction\":[{\"@type\":\"ReadAction\",\"target\":[\"https:\/\/pandomar.net\/gl\/mejillones\/\"]}]},{\"@type\":\"BreadcrumbList\",\"@id\":\"https:\/\/pandomar.net\/gl\/mejillones\/#breadcrumb\",\"itemListElement\":[{\"@type\":\"ListItem\",\"position\":1,\"name\":\"Portada\",\"item\":\"https:\/\/pandomar.net\/gl\/\"},{\"@type\":\"ListItem\",\"position\":2,\"name\":\"Mexill\\u00f3n\"}]}]}<\/script>\n<!-- \/ Yoast SEO plugin. -->","yoast_head_json":{"robots":{"index":"index","follow":"follow","max-snippet":"max-snippet:-1","max-image-preview":"max-image-preview:large","max-video-preview":"max-video-preview:-1"},"canonical":"https:\/\/pandomar.net\/gl\/mejillones\/","og_locale":"gl_ES","og_type":"article","og_title":"Mexill\u00f3n - Pandomar","og_description":"O mexill\u00f3n que envasamos pertence \u00e1 especie Mytilus galloprovincialis, \u00e9 un molusco bivalvo de concha lisa e c\u00f3r negra azulada,... Read more &raquo;","og_url":"https:\/\/pandomar.net\/gl\/mejillones\/","og_site_name":"Pandomar","article_modified_time":"2025-02-24T11:35:08+00:00","og_image":[{"url":"http:\/\/pandomar.net\/wp-content\/uploads\/2014\/09\/CRAEGA-Recogida-de-mejillon-eco-1024x768.jpg"}],"twitter_card":"summary_large_image","twitter_misc":{"Tempo de lectura":"4 minutos"},"schema":{"@context":"https:\/\/schema.org","@graph":[{"@type":"WebSite","@id":"https:\/\/pandomar.net\/gl\/#website","url":"https:\/\/pandomar.net\/gl\/","name":"Pandomar","description":"Conservas de pescado procedentes de la pesca sostenible, elaboradas de forma artesanal con ingredientes de la agricultura ecol\u00f3gica.","potentialAction":[{"@type":"SearchAction","target":{"@type":"EntryPoint","urlTemplate":"https:\/\/pandomar.net\/gl\/?s={search_term_string}"},"query-input":"required name=search_term_string"}],"inLanguage":"gl-ES"},{"@type":"ImageObject","@id":"https:\/\/pandomar.net\/gl\/mejillones\/#primaryimage","inLanguage":"gl-ES","url":"http:\/\/pandomar.net\/wp-content\/uploads\/2014\/09\/CRAEGA-Recogida-de-mejillon-eco-1024x768.jpg","contentUrl":"http:\/\/pandomar.net\/wp-content\/uploads\/2014\/09\/CRAEGA-Recogida-de-mejillon-eco-1024x768.jpg"},{"@type":"WebPage","@id":"https:\/\/pandomar.net\/gl\/mejillones\/#webpage","url":"https:\/\/pandomar.net\/gl\/mejillones\/","name":"Mexill\u00f3n - Pandomar","isPartOf":{"@id":"https:\/\/pandomar.net\/gl\/#website"},"primaryImageOfPage":{"@id":"https:\/\/pandomar.net\/gl\/mejillones\/#primaryimage"},"datePublished":"2014-07-02T08:55:00+00:00","dateModified":"2025-02-24T11:35:08+00:00","breadcrumb":{"@id":"https:\/\/pandomar.net\/gl\/mejillones\/#breadcrumb"},"inLanguage":"gl-ES","potentialAction":[{"@type":"ReadAction","target":["https:\/\/pandomar.net\/gl\/mejillones\/"]}]},{"@type":"BreadcrumbList","@id":"https:\/\/pandomar.net\/gl\/mejillones\/#breadcrumb","itemListElement":[{"@type":"ListItem","position":1,"name":"Portada","item":"https:\/\/pandomar.net\/gl\/"},{"@type":"ListItem","position":2,"name":"Mexill\u00f3n"}]}]}},"_links":{"self":[{"href":"https:\/\/pandomar.net\/gl\/wp-json\/wp\/v2\/pages\/378"}],"collection":[{"href":"https:\/\/pandomar.net\/gl\/wp-json\/wp\/v2\/pages"}],"about":[{"href":"https:\/\/pandomar.net\/gl\/wp-json\/wp\/v2\/types\/page"}],"author":[{"embeddable":true,"href":"https:\/\/pandomar.net\/gl\/wp-json\/wp\/v2\/users\/1"}],"replies":[{"embeddable":true,"href":"https:\/\/pandomar.net\/gl\/wp-json\/wp\/v2\/comments?post=378"}],"version-history":[{"count":18,"href":"https:\/\/pandomar.net\/gl\/wp-json\/wp\/v2\/pages\/378\/revisions"}],"predecessor-version":[{"id":2165,"href":"https:\/\/pandomar.net\/gl\/wp-json\/wp\/v2\/pages\/378\/revisions\/2165"}],"wp:attachment":[{"href":"https:\/\/pandomar.net\/gl\/wp-json\/wp\/v2\/media?parent=378"}],"curies":[{"name":"wp","href":"https:\/\/api.w.org\/{rel}","templated":true}]}}