
{"id":375,"date":"2014-07-02T08:52:19","date_gmt":"2014-07-02T08:52:19","guid":{"rendered":"http:\/\/pandomar.net\/?page_id=375"},"modified":"2016-04-12T04:11:35","modified_gmt":"2016-04-12T04:11:35","slug":"calamares","status":"publish","type":"page","link":"https:\/\/pandomar.net\/gl\/calamares\/","title":{"rendered":"Lura"},"content":{"rendered":"<p class=\"lead\">Na nosa marca \u201cPan do Mar\u201d envasamos a especie Dosidicus gigas, \u201clura de Humboldt\u201d, \u201cpota\u201d ou \u201cpot\u00f3n do Pac\u00edfico\u201d. \u00c9 un cefal\u00f3podo de grande tama\u00f1o que abonda nas costas do Pac\u00edfico e que constit\u00fae un dos pilares da econom\u00eda das comunidades costeiras peruanas.<\/p>\n<p>A s\u00faa pesca, moi perto da costa, por pequenos botes con m\u00ednima tripulaci\u00f3n. O aparello ou arte de pesca empregado \u00e9 a \u201cpotera\u201d. Tr\u00e1tase dun lastre de prumo provisto de ganchos pendurado dun cordel de 20 ou 25 m de lonxitude. O pescador sust\u00e9ntao coa man imprim\u00edndolle un movemento ascendente \u2013 descendente mediante cont\u00ednuos pux\u00f3ns. Este m\u00e9todo de pesca \u00e9 espec\u00edfico para esta especie limitando por tanto as capturas de especies protexidas ou non comerciais  e as devoluci\u00f3ns.<\/p>\n<p>A procedencia e m\u00e9todo extractivo est\u00e1 certificada polas autoridades pesqueiras e sanitarias peruanas. Tr\u00e1tase dunha especie moi prol\u00edfica, con unha alt\u00edsima taxa de crecemento que at\u00e9 hoxe non apresenta problemas de sobrepesca. Cremos que o apoio ao desenvolvemento das comunidades costeiras peruanas compensa o custo ambiental en termos de CO2 que sup\u00f3n o transporte da materia prima desde a orixe at\u00e9 a nosa factor\u00eda.<\/p>","protected":false},"excerpt":{"rendered":"<p>Na nosa marca \u201cPan do Mar\u201d envasamos a especie Dosidicus gigas, \u201clura de Humboldt\u201d, \u201cpota\u201d ou \u201cpot\u00f3n do Pac\u00edfico\u201d. \u00c9&#8230;  <a href=\"https:\/\/pandomar.net\/gl\/calamares\/\" class=\"more-link\" title=\"Read Lura\">Read more &raquo;<\/a><\/p>\n","protected":false},"author":1,"featured_media":0,"parent":0,"menu_order":0,"comment_status":"closed","ping_status":"closed","template":"page-especies.php","meta":{"footnotes":""},"acf":[],"yoast_head":"<!-- This site is optimized with the Yoast SEO plugin v17.6 - https:\/\/yoast.com\/wordpress\/plugins\/seo\/ -->\n<meta name=\"robots\" content=\"index, follow, max-snippet:-1, max-image-preview:large, max-video-preview:-1\" \/>\n<link rel=\"canonical\" href=\"https:\/\/pandomar.net\/gl\/calamares\/\" \/>\n<meta property=\"og:locale\" content=\"gl_ES\" \/>\n<meta property=\"og:type\" content=\"article\" \/>\n<meta property=\"og:title\" content=\"Lura - Pandomar\" \/>\n<meta property=\"og:description\" content=\"Na nosa marca \u201cPan do Mar\u201d envasamos a especie Dosidicus gigas, \u201clura de Humboldt\u201d, \u201cpota\u201d ou \u201cpot\u00f3n do Pac\u00edfico\u201d. \u00c9... Read more &raquo;\" \/>\n<meta property=\"og:url\" content=\"https:\/\/pandomar.net\/gl\/calamares\/\" \/>\n<meta property=\"og:site_name\" content=\"Pandomar\" \/>\n<meta property=\"article:modified_time\" content=\"2016-04-12T04:11:35+00:00\" \/>\n<meta name=\"twitter:card\" content=\"summary_large_image\" \/>\n<meta name=\"twitter:label1\" content=\"Tempo de lectura\" \/>\n\t<meta name=\"twitter:data1\" content=\"5 minutos\" \/>\n<script type=\"application\/ld+json\" class=\"yoast-schema-graph\">{\"@context\":\"https:\/\/schema.org\",\"@graph\":[{\"@type\":\"WebSite\",\"@id\":\"https:\/\/pandomar.net\/gl\/#website\",\"url\":\"https:\/\/pandomar.net\/gl\/\",\"name\":\"Pandomar\",\"description\":\"Conservas de pescado procedentes de la pesca sostenible, elaboradas de forma artesanal con ingredientes de la agricultura ecol\\u00f3gica.\",\"potentialAction\":[{\"@type\":\"SearchAction\",\"target\":{\"@type\":\"EntryPoint\",\"urlTemplate\":\"https:\/\/pandomar.net\/gl\/?s={search_term_string}\"},\"query-input\":\"required name=search_term_string\"}],\"inLanguage\":\"gl-ES\"},{\"@type\":\"WebPage\",\"@id\":\"https:\/\/pandomar.net\/gl\/calamares\/#webpage\",\"url\":\"https:\/\/pandomar.net\/gl\/calamares\/\",\"name\":\"Lura - Pandomar\",\"isPartOf\":{\"@id\":\"https:\/\/pandomar.net\/gl\/#website\"},\"datePublished\":\"2014-07-02T08:52:19+00:00\",\"dateModified\":\"2016-04-12T04:11:35+00:00\",\"breadcrumb\":{\"@id\":\"https:\/\/pandomar.net\/gl\/calamares\/#breadcrumb\"},\"inLanguage\":\"gl-ES\",\"potentialAction\":[{\"@type\":\"ReadAction\",\"target\":[\"https:\/\/pandomar.net\/gl\/calamares\/\"]}]},{\"@type\":\"BreadcrumbList\",\"@id\":\"https:\/\/pandomar.net\/gl\/calamares\/#breadcrumb\",\"itemListElement\":[{\"@type\":\"ListItem\",\"position\":1,\"name\":\"Portada\",\"item\":\"https:\/\/pandomar.net\/gl\/\"},{\"@type\":\"ListItem\",\"position\":2,\"name\":\"Lura\"}]}]}<\/script>\n<!-- \/ Yoast SEO plugin. -->","yoast_head_json":{"robots":{"index":"index","follow":"follow","max-snippet":"max-snippet:-1","max-image-preview":"max-image-preview:large","max-video-preview":"max-video-preview:-1"},"canonical":"https:\/\/pandomar.net\/gl\/calamares\/","og_locale":"gl_ES","og_type":"article","og_title":"Lura - Pandomar","og_description":"Na nosa marca \u201cPan do Mar\u201d envasamos a especie Dosidicus gigas, \u201clura de Humboldt\u201d, \u201cpota\u201d ou \u201cpot\u00f3n do Pac\u00edfico\u201d. \u00c9... Read more &raquo;","og_url":"https:\/\/pandomar.net\/gl\/calamares\/","og_site_name":"Pandomar","article_modified_time":"2016-04-12T04:11:35+00:00","twitter_card":"summary_large_image","twitter_misc":{"Tempo de lectura":"5 minutos"},"schema":{"@context":"https:\/\/schema.org","@graph":[{"@type":"WebSite","@id":"https:\/\/pandomar.net\/gl\/#website","url":"https:\/\/pandomar.net\/gl\/","name":"Pandomar","description":"Conservas de pescado procedentes de la pesca sostenible, elaboradas de forma artesanal con ingredientes de la agricultura ecol\u00f3gica.","potentialAction":[{"@type":"SearchAction","target":{"@type":"EntryPoint","urlTemplate":"https:\/\/pandomar.net\/gl\/?s={search_term_string}"},"query-input":"required name=search_term_string"}],"inLanguage":"gl-ES"},{"@type":"WebPage","@id":"https:\/\/pandomar.net\/gl\/calamares\/#webpage","url":"https:\/\/pandomar.net\/gl\/calamares\/","name":"Lura - Pandomar","isPartOf":{"@id":"https:\/\/pandomar.net\/gl\/#website"},"datePublished":"2014-07-02T08:52:19+00:00","dateModified":"2016-04-12T04:11:35+00:00","breadcrumb":{"@id":"https:\/\/pandomar.net\/gl\/calamares\/#breadcrumb"},"inLanguage":"gl-ES","potentialAction":[{"@type":"ReadAction","target":["https:\/\/pandomar.net\/gl\/calamares\/"]}]},{"@type":"BreadcrumbList","@id":"https:\/\/pandomar.net\/gl\/calamares\/#breadcrumb","itemListElement":[{"@type":"ListItem","position":1,"name":"Portada","item":"https:\/\/pandomar.net\/gl\/"},{"@type":"ListItem","position":2,"name":"Lura"}]}]}},"_links":{"self":[{"href":"https:\/\/pandomar.net\/gl\/wp-json\/wp\/v2\/pages\/375"}],"collection":[{"href":"https:\/\/pandomar.net\/gl\/wp-json\/wp\/v2\/pages"}],"about":[{"href":"https:\/\/pandomar.net\/gl\/wp-json\/wp\/v2\/types\/page"}],"author":[{"embeddable":true,"href":"https:\/\/pandomar.net\/gl\/wp-json\/wp\/v2\/users\/1"}],"replies":[{"embeddable":true,"href":"https:\/\/pandomar.net\/gl\/wp-json\/wp\/v2\/comments?post=375"}],"version-history":[{"count":4,"href":"https:\/\/pandomar.net\/gl\/wp-json\/wp\/v2\/pages\/375\/revisions"}],"predecessor-version":[{"id":1097,"href":"https:\/\/pandomar.net\/gl\/wp-json\/wp\/v2\/pages\/375\/revisions\/1097"}],"wp:attachment":[{"href":"https:\/\/pandomar.net\/gl\/wp-json\/wp\/v2\/media?parent=375"}],"curies":[{"name":"wp","href":"https:\/\/api.w.org\/{rel}","templated":true}]}}