
{"id":372,"date":"2014-07-02T08:48:59","date_gmt":"2014-07-02T08:48:59","guid":{"rendered":"http:\/\/pandomar.net\/?page_id=372"},"modified":"2016-04-12T04:12:50","modified_gmt":"2016-04-12T04:12:50","slug":"sardinas","status":"publish","type":"page","link":"https:\/\/pandomar.net\/gl\/sardinas\/","title":{"rendered":"Sardi\u00f1as"},"content":{"rendered":"<p class=\"lead\">As sardi\u00f1as que envasamos coa nosa marca \u201cPan do Mar\u201d pertencen \u00e1 especie Sardina pilchardus W., sardi\u00f1a europea, propia da costa noroccidental da pen\u00ednsula ib\u00e9rica que se caracteriza polo seu ventre prateado e o lombo azul.<\/p>\n<p>P\u00e9scase por embarcaci\u00f3ns da frota de baixura das numerosas vilas costeiras do litoral atl\u00e1ntico en lances de unha soa noite mediante o m\u00e9todo tradicional do cerco. Este sistema frente aos m\u00e9todos de pesca industrial de arrasto pel\u00e1xico, evita a captura de golfi\u00f1os e outras especies protexidas disminu\u00edndo sensiblemente as devoluci\u00f3ns. Mell\u00f3rase tam\u00e9n a calidade do peixe xa que non sofre a presi\u00f3n de ser arrastado pola rede en grandes volumes para al\u00e9n de reducir ao m\u00ednimo o tempo entre a captura e o procesamento.<\/p>\n<p>Toda a produci\u00f3n est\u00e1 certificada por autoridades competentes e polas confrar\u00edas de mari\u00f1eiros. Segundo os estudos cient\u00edficos e os informes das organizaci\u00f3ns conservacionistas, as especies que, como a sardi\u00f1a, ocupan a base da cadea tr\u00f3fica, sempre capturadas dentro dos limites de seguridade, costuman a estar menos ameazadas e recup\u00e9ranse mellor da sobreexplotaci\u00f3n.<\/p>","protected":false},"excerpt":{"rendered":"<p>As sardi\u00f1as que envasamos coa nosa marca \u201cPan do Mar\u201d pertencen \u00e1 especie Sardina pilchardus W., sardi\u00f1a europea, propia da&#8230;  <a href=\"https:\/\/pandomar.net\/gl\/sardinas\/\" class=\"more-link\" title=\"Read Sardi\u00f1as\">Read more &raquo;<\/a><\/p>\n","protected":false},"author":1,"featured_media":373,"parent":0,"menu_order":0,"comment_status":"closed","ping_status":"closed","template":"page-especies.php","meta":{"footnotes":""},"acf":[],"yoast_head":"<!-- This site is optimized with the Yoast SEO plugin v17.6 - https:\/\/yoast.com\/wordpress\/plugins\/seo\/ -->\n<meta name=\"robots\" content=\"index, follow, max-snippet:-1, max-image-preview:large, max-video-preview:-1\" \/>\n<link rel=\"canonical\" href=\"https:\/\/pandomar.net\/gl\/sardinas\/\" \/>\n<meta property=\"og:locale\" content=\"gl_ES\" \/>\n<meta property=\"og:type\" content=\"article\" \/>\n<meta property=\"og:title\" content=\"Sardi\u00f1as - Pandomar\" \/>\n<meta property=\"og:description\" content=\"As sardi\u00f1as que envasamos coa nosa marca \u201cPan do Mar\u201d pertencen \u00e1 especie Sardina pilchardus W., sardi\u00f1a europea, propia da... Read more &raquo;\" \/>\n<meta property=\"og:url\" content=\"https:\/\/pandomar.net\/gl\/sardinas\/\" \/>\n<meta property=\"og:site_name\" content=\"Pandomar\" \/>\n<meta property=\"article:modified_time\" content=\"2016-04-12T04:12:50+00:00\" \/>\n<meta property=\"og:image\" content=\"https:\/\/pandomar.net\/wp-content\/uploads\/2014\/07\/sardine.jpg\" \/>\n\t<meta property=\"og:image:width\" content=\"247\" \/>\n\t<meta property=\"og:image:height\" content=\"46\" \/>\n<meta name=\"twitter:card\" content=\"summary_large_image\" \/>\n<meta name=\"twitter:label1\" content=\"Tempo de lectura\" \/>\n\t<meta name=\"twitter:data1\" content=\"5 minutos\" \/>\n<script type=\"application\/ld+json\" class=\"yoast-schema-graph\">{\"@context\":\"https:\/\/schema.org\",\"@graph\":[{\"@type\":\"WebSite\",\"@id\":\"https:\/\/pandomar.net\/gl\/#website\",\"url\":\"https:\/\/pandomar.net\/gl\/\",\"name\":\"Pandomar\",\"description\":\"Conservas de pescado procedentes de la pesca sostenible, elaboradas de forma artesanal con ingredientes de la agricultura ecol\\u00f3gica.\",\"potentialAction\":[{\"@type\":\"SearchAction\",\"target\":{\"@type\":\"EntryPoint\",\"urlTemplate\":\"https:\/\/pandomar.net\/gl\/?s={search_term_string}\"},\"query-input\":\"required name=search_term_string\"}],\"inLanguage\":\"gl-ES\"},{\"@type\":\"ImageObject\",\"@id\":\"https:\/\/pandomar.net\/gl\/sardinas\/#primaryimage\",\"inLanguage\":\"gl-ES\",\"url\":\"https:\/\/pandomar.net\/wp-content\/uploads\/2014\/07\/sardine.jpg\",\"contentUrl\":\"https:\/\/pandomar.net\/wp-content\/uploads\/2014\/07\/sardine.jpg\",\"width\":247,\"height\":46},{\"@type\":\"WebPage\",\"@id\":\"https:\/\/pandomar.net\/gl\/sardinas\/#webpage\",\"url\":\"https:\/\/pandomar.net\/gl\/sardinas\/\",\"name\":\"Sardi\\u00f1as - Pandomar\",\"isPartOf\":{\"@id\":\"https:\/\/pandomar.net\/gl\/#website\"},\"primaryImageOfPage\":{\"@id\":\"https:\/\/pandomar.net\/gl\/sardinas\/#primaryimage\"},\"datePublished\":\"2014-07-02T08:48:59+00:00\",\"dateModified\":\"2016-04-12T04:12:50+00:00\",\"breadcrumb\":{\"@id\":\"https:\/\/pandomar.net\/gl\/sardinas\/#breadcrumb\"},\"inLanguage\":\"gl-ES\",\"potentialAction\":[{\"@type\":\"ReadAction\",\"target\":[\"https:\/\/pandomar.net\/gl\/sardinas\/\"]}]},{\"@type\":\"BreadcrumbList\",\"@id\":\"https:\/\/pandomar.net\/gl\/sardinas\/#breadcrumb\",\"itemListElement\":[{\"@type\":\"ListItem\",\"position\":1,\"name\":\"Portada\",\"item\":\"https:\/\/pandomar.net\/gl\/\"},{\"@type\":\"ListItem\",\"position\":2,\"name\":\"Sardi\\u00f1as\"}]}]}<\/script>\n<!-- \/ Yoast SEO plugin. -->","yoast_head_json":{"robots":{"index":"index","follow":"follow","max-snippet":"max-snippet:-1","max-image-preview":"max-image-preview:large","max-video-preview":"max-video-preview:-1"},"canonical":"https:\/\/pandomar.net\/gl\/sardinas\/","og_locale":"gl_ES","og_type":"article","og_title":"Sardi\u00f1as - Pandomar","og_description":"As sardi\u00f1as que envasamos coa nosa marca \u201cPan do Mar\u201d pertencen \u00e1 especie Sardina pilchardus W., sardi\u00f1a europea, propia da... Read more &raquo;","og_url":"https:\/\/pandomar.net\/gl\/sardinas\/","og_site_name":"Pandomar","article_modified_time":"2016-04-12T04:12:50+00:00","og_image":[{"width":247,"height":46,"url":"https:\/\/pandomar.net\/wp-content\/uploads\/2014\/07\/sardine.jpg","type":"image\/jpeg"}],"twitter_card":"summary_large_image","twitter_misc":{"Tempo de lectura":"5 minutos"},"schema":{"@context":"https:\/\/schema.org","@graph":[{"@type":"WebSite","@id":"https:\/\/pandomar.net\/gl\/#website","url":"https:\/\/pandomar.net\/gl\/","name":"Pandomar","description":"Conservas de pescado procedentes de la pesca sostenible, elaboradas de forma artesanal con ingredientes de la agricultura ecol\u00f3gica.","potentialAction":[{"@type":"SearchAction","target":{"@type":"EntryPoint","urlTemplate":"https:\/\/pandomar.net\/gl\/?s={search_term_string}"},"query-input":"required name=search_term_string"}],"inLanguage":"gl-ES"},{"@type":"ImageObject","@id":"https:\/\/pandomar.net\/gl\/sardinas\/#primaryimage","inLanguage":"gl-ES","url":"https:\/\/pandomar.net\/wp-content\/uploads\/2014\/07\/sardine.jpg","contentUrl":"https:\/\/pandomar.net\/wp-content\/uploads\/2014\/07\/sardine.jpg","width":247,"height":46},{"@type":"WebPage","@id":"https:\/\/pandomar.net\/gl\/sardinas\/#webpage","url":"https:\/\/pandomar.net\/gl\/sardinas\/","name":"Sardi\u00f1as - Pandomar","isPartOf":{"@id":"https:\/\/pandomar.net\/gl\/#website"},"primaryImageOfPage":{"@id":"https:\/\/pandomar.net\/gl\/sardinas\/#primaryimage"},"datePublished":"2014-07-02T08:48:59+00:00","dateModified":"2016-04-12T04:12:50+00:00","breadcrumb":{"@id":"https:\/\/pandomar.net\/gl\/sardinas\/#breadcrumb"},"inLanguage":"gl-ES","potentialAction":[{"@type":"ReadAction","target":["https:\/\/pandomar.net\/gl\/sardinas\/"]}]},{"@type":"BreadcrumbList","@id":"https:\/\/pandomar.net\/gl\/sardinas\/#breadcrumb","itemListElement":[{"@type":"ListItem","position":1,"name":"Portada","item":"https:\/\/pandomar.net\/gl\/"},{"@type":"ListItem","position":2,"name":"Sardi\u00f1as"}]}]}},"_links":{"self":[{"href":"https:\/\/pandomar.net\/gl\/wp-json\/wp\/v2\/pages\/372"}],"collection":[{"href":"https:\/\/pandomar.net\/gl\/wp-json\/wp\/v2\/pages"}],"about":[{"href":"https:\/\/pandomar.net\/gl\/wp-json\/wp\/v2\/types\/page"}],"author":[{"embeddable":true,"href":"https:\/\/pandomar.net\/gl\/wp-json\/wp\/v2\/users\/1"}],"replies":[{"embeddable":true,"href":"https:\/\/pandomar.net\/gl\/wp-json\/wp\/v2\/comments?post=372"}],"version-history":[{"count":10,"href":"https:\/\/pandomar.net\/gl\/wp-json\/wp\/v2\/pages\/372\/revisions"}],"predecessor-version":[{"id":1099,"href":"https:\/\/pandomar.net\/gl\/wp-json\/wp\/v2\/pages\/372\/revisions\/1099"}],"wp:featuredmedia":[{"embeddable":true,"href":"https:\/\/pandomar.net\/gl\/wp-json\/wp\/v2\/media\/373"}],"wp:attachment":[{"href":"https:\/\/pandomar.net\/gl\/wp-json\/wp\/v2\/media?parent=372"}],"curies":[{"name":"wp","href":"https:\/\/api.w.org\/{rel}","templated":true}]}}