
{"id":368,"date":"2014-07-02T08:40:20","date_gmt":"2014-07-02T08:40:20","guid":{"rendered":"http:\/\/pandomar.net\/?page_id=368"},"modified":"2016-04-12T04:11:00","modified_gmt":"2016-04-12T04:11:00","slug":"caballa","status":"publish","type":"page","link":"https:\/\/pandomar.net\/gl\/caballa\/","title":{"rendered":"Rincha"},"content":{"rendered":"<p class=\"lead\">A rincha, ou xarda, que envasamos na nosa marca \u201cPan do Mar\u201d pertence \u00e1 especie Scomber scombrus, o \u201cverdel\u201d dos mari\u00f1eiros do Cant\u00e1brico, no norte de Espa\u00f1a e que ba\u00f1a as costas das rexi\u00f3ns de Galicia, Asturias, Cantabria e Pa\u00eds Vasco.<br \/>\nA s\u00faa pesca, moi antiga, vai desde o Cabo de Bares at\u00e9 o Golfo de Biscaia e \u00e9 realizada por embarcaci\u00f3ns de baixura das numerosas vilas costeiras que poboan este litoral. Altern\u00e1ndose ao longo dos ciclos anuais de pesca coas costeiras do bocarte e o bonito, deu lugar a unha serie de costumes e modos de vida que constit\u00faen unha cultura popular mari\u00f1eira.<\/p>\n<p>O sistema de captura utilizado \u00e9 o denominado \u201cli\u00f1a de man\u201d, un cordel duns 12 a 15 m., cun prumo no extremo e provisto de varios anz\u00f3s. B\u00f3tase desde a embarcaci\u00f3n navegando devagar sobre o cardume e recoll\u00e9ndoo a man coa axuda dun carretel. <\/p>\n<p>Nalgunhas embarcaci\u00f3ns este carretel traballa de maneira mec\u00e1nica para axudar a mellorar a calidade da recollida. Este m\u00e9todo \u00e9 altamente selectivo xa que, unido ao control das capturas e a estacionalidade das campa\u00f1as, garante a sustentabilidade da pescar\u00eda reducindo ao m\u00ednimo as devoluci\u00f3ns e a captura accidental de especies non comerciais ou protexidas.<\/p>","protected":false},"excerpt":{"rendered":"<p>A rincha, ou xarda, que envasamos na nosa marca \u201cPan do Mar\u201d pertence \u00e1 especie Scomber scombrus, o \u201cverdel\u201d dos&#8230;  <a href=\"https:\/\/pandomar.net\/gl\/caballa\/\" class=\"more-link\" title=\"Read Rincha\">Read more &raquo;<\/a><\/p>\n","protected":false},"author":1,"featured_media":0,"parent":0,"menu_order":0,"comment_status":"closed","ping_status":"closed","template":"page-especies.php","meta":{"footnotes":""},"acf":[],"yoast_head":"<!-- This site is optimized with the Yoast SEO plugin v17.6 - https:\/\/yoast.com\/wordpress\/plugins\/seo\/ -->\n<meta name=\"robots\" content=\"index, follow, max-snippet:-1, max-image-preview:large, max-video-preview:-1\" \/>\n<link rel=\"canonical\" href=\"https:\/\/pandomar.net\/gl\/caballa\/\" \/>\n<meta property=\"og:locale\" content=\"gl_ES\" \/>\n<meta property=\"og:type\" content=\"article\" \/>\n<meta property=\"og:title\" content=\"Rincha - Pandomar\" \/>\n<meta property=\"og:description\" content=\"A rincha, ou xarda, que envasamos na nosa marca \u201cPan do Mar\u201d pertence \u00e1 especie Scomber scombrus, o \u201cverdel\u201d dos... Read more &raquo;\" \/>\n<meta property=\"og:url\" content=\"https:\/\/pandomar.net\/gl\/caballa\/\" \/>\n<meta property=\"og:site_name\" content=\"Pandomar\" \/>\n<meta property=\"article:modified_time\" content=\"2016-04-12T04:11:00+00:00\" \/>\n<meta name=\"twitter:card\" content=\"summary_large_image\" \/>\n<meta name=\"twitter:label1\" content=\"Tempo de lectura\" \/>\n\t<meta name=\"twitter:data1\" content=\"6 minutos\" \/>\n<script type=\"application\/ld+json\" class=\"yoast-schema-graph\">{\"@context\":\"https:\/\/schema.org\",\"@graph\":[{\"@type\":\"WebSite\",\"@id\":\"https:\/\/pandomar.net\/gl\/#website\",\"url\":\"https:\/\/pandomar.net\/gl\/\",\"name\":\"Pandomar\",\"description\":\"Conservas de pescado procedentes de la pesca sostenible, elaboradas de forma artesanal con ingredientes de la agricultura ecol\\u00f3gica.\",\"potentialAction\":[{\"@type\":\"SearchAction\",\"target\":{\"@type\":\"EntryPoint\",\"urlTemplate\":\"https:\/\/pandomar.net\/gl\/?s={search_term_string}\"},\"query-input\":\"required name=search_term_string\"}],\"inLanguage\":\"gl-ES\"},{\"@type\":\"WebPage\",\"@id\":\"https:\/\/pandomar.net\/gl\/caballa\/#webpage\",\"url\":\"https:\/\/pandomar.net\/gl\/caballa\/\",\"name\":\"Rincha - Pandomar\",\"isPartOf\":{\"@id\":\"https:\/\/pandomar.net\/gl\/#website\"},\"datePublished\":\"2014-07-02T08:40:20+00:00\",\"dateModified\":\"2016-04-12T04:11:00+00:00\",\"breadcrumb\":{\"@id\":\"https:\/\/pandomar.net\/gl\/caballa\/#breadcrumb\"},\"inLanguage\":\"gl-ES\",\"potentialAction\":[{\"@type\":\"ReadAction\",\"target\":[\"https:\/\/pandomar.net\/gl\/caballa\/\"]}]},{\"@type\":\"BreadcrumbList\",\"@id\":\"https:\/\/pandomar.net\/gl\/caballa\/#breadcrumb\",\"itemListElement\":[{\"@type\":\"ListItem\",\"position\":1,\"name\":\"Portada\",\"item\":\"https:\/\/pandomar.net\/gl\/\"},{\"@type\":\"ListItem\",\"position\":2,\"name\":\"Rincha\"}]}]}<\/script>\n<!-- \/ Yoast SEO plugin. -->","yoast_head_json":{"robots":{"index":"index","follow":"follow","max-snippet":"max-snippet:-1","max-image-preview":"max-image-preview:large","max-video-preview":"max-video-preview:-1"},"canonical":"https:\/\/pandomar.net\/gl\/caballa\/","og_locale":"gl_ES","og_type":"article","og_title":"Rincha - Pandomar","og_description":"A rincha, ou xarda, que envasamos na nosa marca \u201cPan do Mar\u201d pertence \u00e1 especie Scomber scombrus, o \u201cverdel\u201d dos... Read more &raquo;","og_url":"https:\/\/pandomar.net\/gl\/caballa\/","og_site_name":"Pandomar","article_modified_time":"2016-04-12T04:11:00+00:00","twitter_card":"summary_large_image","twitter_misc":{"Tempo de lectura":"6 minutos"},"schema":{"@context":"https:\/\/schema.org","@graph":[{"@type":"WebSite","@id":"https:\/\/pandomar.net\/gl\/#website","url":"https:\/\/pandomar.net\/gl\/","name":"Pandomar","description":"Conservas de pescado procedentes de la pesca sostenible, elaboradas de forma artesanal con ingredientes de la agricultura ecol\u00f3gica.","potentialAction":[{"@type":"SearchAction","target":{"@type":"EntryPoint","urlTemplate":"https:\/\/pandomar.net\/gl\/?s={search_term_string}"},"query-input":"required name=search_term_string"}],"inLanguage":"gl-ES"},{"@type":"WebPage","@id":"https:\/\/pandomar.net\/gl\/caballa\/#webpage","url":"https:\/\/pandomar.net\/gl\/caballa\/","name":"Rincha - Pandomar","isPartOf":{"@id":"https:\/\/pandomar.net\/gl\/#website"},"datePublished":"2014-07-02T08:40:20+00:00","dateModified":"2016-04-12T04:11:00+00:00","breadcrumb":{"@id":"https:\/\/pandomar.net\/gl\/caballa\/#breadcrumb"},"inLanguage":"gl-ES","potentialAction":[{"@type":"ReadAction","target":["https:\/\/pandomar.net\/gl\/caballa\/"]}]},{"@type":"BreadcrumbList","@id":"https:\/\/pandomar.net\/gl\/caballa\/#breadcrumb","itemListElement":[{"@type":"ListItem","position":1,"name":"Portada","item":"https:\/\/pandomar.net\/gl\/"},{"@type":"ListItem","position":2,"name":"Rincha"}]}]}},"_links":{"self":[{"href":"https:\/\/pandomar.net\/gl\/wp-json\/wp\/v2\/pages\/368"}],"collection":[{"href":"https:\/\/pandomar.net\/gl\/wp-json\/wp\/v2\/pages"}],"about":[{"href":"https:\/\/pandomar.net\/gl\/wp-json\/wp\/v2\/types\/page"}],"author":[{"embeddable":true,"href":"https:\/\/pandomar.net\/gl\/wp-json\/wp\/v2\/users\/1"}],"replies":[{"embeddable":true,"href":"https:\/\/pandomar.net\/gl\/wp-json\/wp\/v2\/comments?post=368"}],"version-history":[{"count":9,"href":"https:\/\/pandomar.net\/gl\/wp-json\/wp\/v2\/pages\/368\/revisions"}],"predecessor-version":[{"id":1096,"href":"https:\/\/pandomar.net\/gl\/wp-json\/wp\/v2\/pages\/368\/revisions\/1096"}],"wp:attachment":[{"href":"https:\/\/pandomar.net\/gl\/wp-json\/wp\/v2\/media?parent=368"}],"curies":[{"name":"wp","href":"https:\/\/api.w.org\/{rel}","templated":true}]}}