
{"id":365,"date":"2014-07-02T08:36:55","date_gmt":"2014-07-02T08:36:55","guid":{"rendered":"http:\/\/pandomar.net\/?page_id=365"},"modified":"2016-04-12T04:09:00","modified_gmt":"2016-04-12T04:09:00","slug":"atun","status":"publish","type":"page","link":"https:\/\/pandomar.net\/gl\/atun\/","title":{"rendered":"At\u00fan"},"content":{"rendered":"<p class=\"lead\">Os at\u00fans que utilizamos na nosa marca Pan do Mar pertencen \u00e1s especies Thanus albacares (At\u00fan claro), Katsowonus pelamis (Bonito listado) e Thunnus alalunga (Bonito do norte).<\/p>\n<p>O at\u00fan claro e o listado proceden do Atl\u00e1ntico medio oriental correspondente \u00e1s pescar\u00edas das Canarias, Azores e Cabo Verde. O bonito do norte adqu\u00edrese \u00e1s confrar\u00edas do Mar Cant\u00e1brico no norte de Espa\u00f1a. O aprovisionamento de materia prima procedente de pescar\u00edas relativamente pr\u00f3ximas \u00e1 factor\u00eda evita longas distancias de transporte a trav\u00e9s de medio mundo coa resultante reduci\u00f3n dos niveis de emisi\u00f3n de CO2.<\/p>\n<p>Em ambos os dous casos a pesca real\u00edzase por embarcaci\u00f3ns menores pertencentes \u00e1s comunidades costeiras locais mediante m\u00e9todos tradicionais artesanais e altamente selectivos. Os at\u00fans p\u00e9scanse con cana e anz\u00f3 (pol &#038; line), m\u00e9todo recomendado por organizaci\u00f3ns ambientalistas como Greenpeace e WWF por consideraren que \u00e9 o m\u00e9todo de pesca que garante a sustentabilidade das especies ao axudaren ao limitar as capturas, evitando a sobrepesca e minimizando o problema das devoluci\u00f3ns por capturas de tama\u00f1os non comerciais, logrando ao mesmo tempo a protecci\u00f3n de especies mari\u00f1as en perigo.<\/p>","protected":false},"excerpt":{"rendered":"<p>Os at\u00fans que utilizamos na nosa marca Pan do Mar pertencen \u00e1s especies Thanus albacares (At\u00fan claro), Katsowonus pelamis (Bonito&#8230;  <a href=\"https:\/\/pandomar.net\/gl\/atun\/\" class=\"more-link\" title=\"Read At\u00fan\">Read more &raquo;<\/a><\/p>\n","protected":false},"author":1,"featured_media":0,"parent":0,"menu_order":0,"comment_status":"closed","ping_status":"closed","template":"page-especies.php","meta":{"footnotes":""},"acf":[],"yoast_head":"<!-- This site is optimized with the Yoast SEO plugin v17.6 - https:\/\/yoast.com\/wordpress\/plugins\/seo\/ -->\n<meta name=\"robots\" content=\"index, follow, max-snippet:-1, max-image-preview:large, max-video-preview:-1\" \/>\n<link rel=\"canonical\" href=\"https:\/\/pandomar.net\/gl\/atun\/\" \/>\n<meta property=\"og:locale\" content=\"gl_ES\" \/>\n<meta property=\"og:type\" content=\"article\" \/>\n<meta property=\"og:title\" content=\"At\u00fan - Pandomar\" \/>\n<meta property=\"og:description\" content=\"Os at\u00fans que utilizamos na nosa marca Pan do Mar pertencen \u00e1s especies Thanus albacares (At\u00fan claro), Katsowonus pelamis (Bonito... Read more &raquo;\" \/>\n<meta property=\"og:url\" content=\"https:\/\/pandomar.net\/gl\/atun\/\" \/>\n<meta property=\"og:site_name\" content=\"Pandomar\" \/>\n<meta property=\"article:modified_time\" content=\"2016-04-12T04:09:00+00:00\" \/>\n<meta name=\"twitter:card\" content=\"summary_large_image\" \/>\n<meta name=\"twitter:label1\" content=\"Tempo de lectura\" \/>\n\t<meta name=\"twitter:data1\" content=\"5 minutos\" \/>\n<script type=\"application\/ld+json\" class=\"yoast-schema-graph\">{\"@context\":\"https:\/\/schema.org\",\"@graph\":[{\"@type\":\"WebSite\",\"@id\":\"https:\/\/pandomar.net\/gl\/#website\",\"url\":\"https:\/\/pandomar.net\/gl\/\",\"name\":\"Pandomar\",\"description\":\"Conservas de pescado procedentes de la pesca sostenible, elaboradas de forma artesanal con ingredientes de la agricultura ecol\\u00f3gica.\",\"potentialAction\":[{\"@type\":\"SearchAction\",\"target\":{\"@type\":\"EntryPoint\",\"urlTemplate\":\"https:\/\/pandomar.net\/gl\/?s={search_term_string}\"},\"query-input\":\"required name=search_term_string\"}],\"inLanguage\":\"gl-ES\"},{\"@type\":\"WebPage\",\"@id\":\"https:\/\/pandomar.net\/gl\/atun\/#webpage\",\"url\":\"https:\/\/pandomar.net\/gl\/atun\/\",\"name\":\"At\\u00fan - Pandomar\",\"isPartOf\":{\"@id\":\"https:\/\/pandomar.net\/gl\/#website\"},\"datePublished\":\"2014-07-02T08:36:55+00:00\",\"dateModified\":\"2016-04-12T04:09:00+00:00\",\"breadcrumb\":{\"@id\":\"https:\/\/pandomar.net\/gl\/atun\/#breadcrumb\"},\"inLanguage\":\"gl-ES\",\"potentialAction\":[{\"@type\":\"ReadAction\",\"target\":[\"https:\/\/pandomar.net\/gl\/atun\/\"]}]},{\"@type\":\"BreadcrumbList\",\"@id\":\"https:\/\/pandomar.net\/gl\/atun\/#breadcrumb\",\"itemListElement\":[{\"@type\":\"ListItem\",\"position\":1,\"name\":\"Portada\",\"item\":\"https:\/\/pandomar.net\/gl\/\"},{\"@type\":\"ListItem\",\"position\":2,\"name\":\"At\\u00fan\"}]}]}<\/script>\n<!-- \/ Yoast SEO plugin. -->","yoast_head_json":{"robots":{"index":"index","follow":"follow","max-snippet":"max-snippet:-1","max-image-preview":"max-image-preview:large","max-video-preview":"max-video-preview:-1"},"canonical":"https:\/\/pandomar.net\/gl\/atun\/","og_locale":"gl_ES","og_type":"article","og_title":"At\u00fan - Pandomar","og_description":"Os at\u00fans que utilizamos na nosa marca Pan do Mar pertencen \u00e1s especies Thanus albacares (At\u00fan claro), Katsowonus pelamis (Bonito... Read more &raquo;","og_url":"https:\/\/pandomar.net\/gl\/atun\/","og_site_name":"Pandomar","article_modified_time":"2016-04-12T04:09:00+00:00","twitter_card":"summary_large_image","twitter_misc":{"Tempo de lectura":"5 minutos"},"schema":{"@context":"https:\/\/schema.org","@graph":[{"@type":"WebSite","@id":"https:\/\/pandomar.net\/gl\/#website","url":"https:\/\/pandomar.net\/gl\/","name":"Pandomar","description":"Conservas de pescado procedentes de la pesca sostenible, elaboradas de forma artesanal con ingredientes de la agricultura ecol\u00f3gica.","potentialAction":[{"@type":"SearchAction","target":{"@type":"EntryPoint","urlTemplate":"https:\/\/pandomar.net\/gl\/?s={search_term_string}"},"query-input":"required name=search_term_string"}],"inLanguage":"gl-ES"},{"@type":"WebPage","@id":"https:\/\/pandomar.net\/gl\/atun\/#webpage","url":"https:\/\/pandomar.net\/gl\/atun\/","name":"At\u00fan - Pandomar","isPartOf":{"@id":"https:\/\/pandomar.net\/gl\/#website"},"datePublished":"2014-07-02T08:36:55+00:00","dateModified":"2016-04-12T04:09:00+00:00","breadcrumb":{"@id":"https:\/\/pandomar.net\/gl\/atun\/#breadcrumb"},"inLanguage":"gl-ES","potentialAction":[{"@type":"ReadAction","target":["https:\/\/pandomar.net\/gl\/atun\/"]}]},{"@type":"BreadcrumbList","@id":"https:\/\/pandomar.net\/gl\/atun\/#breadcrumb","itemListElement":[{"@type":"ListItem","position":1,"name":"Portada","item":"https:\/\/pandomar.net\/gl\/"},{"@type":"ListItem","position":2,"name":"At\u00fan"}]}]}},"_links":{"self":[{"href":"https:\/\/pandomar.net\/gl\/wp-json\/wp\/v2\/pages\/365"}],"collection":[{"href":"https:\/\/pandomar.net\/gl\/wp-json\/wp\/v2\/pages"}],"about":[{"href":"https:\/\/pandomar.net\/gl\/wp-json\/wp\/v2\/types\/page"}],"author":[{"embeddable":true,"href":"https:\/\/pandomar.net\/gl\/wp-json\/wp\/v2\/users\/1"}],"replies":[{"embeddable":true,"href":"https:\/\/pandomar.net\/gl\/wp-json\/wp\/v2\/comments?post=365"}],"version-history":[{"count":17,"href":"https:\/\/pandomar.net\/gl\/wp-json\/wp\/v2\/pages\/365\/revisions"}],"predecessor-version":[{"id":1094,"href":"https:\/\/pandomar.net\/gl\/wp-json\/wp\/v2\/pages\/365\/revisions\/1094"}],"wp:attachment":[{"href":"https:\/\/pandomar.net\/gl\/wp-json\/wp\/v2\/media?parent=365"}],"curies":[{"name":"wp","href":"https:\/\/api.w.org\/{rel}","templated":true}]}}