
{"id":288,"date":"2014-06-09T09:26:54","date_gmt":"2014-06-09T09:26:54","guid":{"rendered":"http:\/\/pandomar.net\/?page_id=288"},"modified":"2025-11-10T13:05:58","modified_gmt":"2025-11-10T12:05:58","slug":"aviso-legal","status":"publish","type":"page","link":"https:\/\/pandomar.net\/gl\/aviso-legal\/","title":{"rendered":"Aviso Legal"},"content":{"rendered":"<p class=\"lead\"><strong>AVISO LEGAL LEY DE SERVICIOS DE LA SOCIEDAD DE LA INFORMACI\u00d3N Y COMERCIO ELECTR\u00d3NICO<\/strong><\/p>\n<p><strong>1. DATOS IDENTIFICATIVOS<\/strong>: En cumplimiento del deber de informaci\u00f3n recogido en el art\u00edculo 10 de la Ley 34\/2002, de 11 de julio, de Servicios de la Sociedad de la Informaci\u00f3n y del Comercio electr\u00f3nico, a continuaci\u00f3n se reflejan los siguientes datos: la empresa titular de\u00a0<a href=\"http:\/\/www.pandomar.net\">www.pandomar.net<\/a>\u00a0es\u00a0<strong>CONSERVAS ANTONIO P\u00c9REZ LAFUENTE, S.L.<\/strong>., con CIF B22531834 y domicilio a estos efectos en R\u00faa Xunqueira, n\u00ba 3, 36620, Vilanova de Arousa (Pontevedra), con correo electr\u00f3nico de contacto:\u00a0<a href=\"mailto:info@perezlafuente.com\">info@perezlafuente.com<\/a><\/p>\n<p><strong>2. USUARIOS<\/strong>: El acceso y\/o uso de este portal de CONSERVAS ANTONIO P\u00c9REZ LAFUENTE, S.L. atribuye la condici\u00f3n de USUARIO, que acepta, desde dicho acceso y\/o uso, las Condiciones Generales de uso aqu\u00ed reflejadas. Las citadas condiciones ser\u00e1n de aplicaci\u00f3n independientemente de las Condiciones Generales de Contrataci\u00f3n que en su caso resulten de obligado cumplimiento.<\/p>\n<p><strong>3. USO DEL PORTAL<\/strong>:\u00a0<a href=\"http:\/\/www.pandomar.net\">www.pandomar.net<\/a>\u00a0proporciona el acceso a multitud de informaciones, servicios, programas o datos (en adelante, \u201clos contenidos\u201d) en Internet pertenecientes a\u00a0<strong>CONSERVAS ANTONIO P\u00c9REZ LAFUENTE, S.L.<\/strong>\u00a0a los que el USUARIO pueda tener acceso. EL USUARIO asume la responsabilidad de uso del portal. Dicha responsabilidad se extiende al registro que fuese necesario para acceder a determinados servicios o contenidos.<\/p>\n<p>En dicho registro el USUARIO ser\u00e1 responsable de aportar informaci\u00f3n veraz y l\u00edcita. Como consecuencia de este registro, al USUARIO se le puede proporcionar una contrase\u00f1a de la que ser\u00e1 responsable, comprometi\u00e9ndose a hacer un uso diligente y confidencial de la misma. EL USUARIO se compromete a hacer un uso adecuado de los contenidos y servicios que\u00a0<strong>CONSERVAS ANTONIO P\u00c9REZ LAFUENTE, S.L.<\/strong>\u00a0ofrece a trav\u00e9s de su p\u00e1gina Web, comprometi\u00e9ndose a no utilizarlos para actividades que puedan ser il\u00edcitas, contrarias al orden p\u00fablico, a la defensa nacional o a la salud p\u00fablica.<\/p>\n<p>En todo caso,\u00a0<strong>CONSERVAS ANTONIO P\u00c9REZ LAFUENTE, S.L.<\/strong>\u00a0se reserva el derecho de modificar unilateralmente, en cualquier momento y sin necesidad de previo aviso, la estructura y dise\u00f1o del sitio Web: modificar o eliminar servicios o contenidos, as\u00ed como las condiciones de acceso y\/o uso del sitio Web.<\/p>\n<p>Del mismo modo\u00a0<strong>CONSERVAS ANTONIO P\u00c9REZ LAFUENTE, S.L.<\/strong>\u00a0se reserva el derecho a modificar en cualquier momento las presentes condiciones de uso, as\u00ed como cualesquiera otras condiciones particulares contenidas en el sitio web\u00a0<a href=\"http:\/\/www.pandomar.net\">www.pandomar.net<\/a><\/p>\n<p><strong>4. PROTECCI\u00d3N DE DATOS DE CAR\u00c1CTER PERSONAL<\/strong><\/p>\n<p>En cumplimiento de lo establecido en el Reglamento General (UE) 2016\/679 de Protecci\u00f3n de Datos y en la Ley Org\u00e1nica 3\/2018, de 5 de diciembre, de Protecci\u00f3n de Datos Personales y garant\u00eda de los derechos digitales, comunicamos al usuario que los datos personales que nos facilite de forma voluntaria , por cualquiera de nuestros medios de recogida de informaci\u00f3n, van a ser incorporados a las Actividades de Tratamiento automatizados de datos de car\u00e1cter personal titularidad de\u00a0<strong>CONSERVAS ANTONIO P\u00c9REZ LAFUENTE, S.L.<\/strong>, con el fin de poderle prestar nuestros servicios, as\u00ed como para mantenerle informado sobre cuestiones relativas a la actividad de la empresa y sus servicios. Los campos marcados con \u201c*\u201d son de car\u00e1cter obligatorio, por lo que la no cumplimentaci\u00f3n de dichos campos impedir\u00e1 al USUARIO disfrutar de algunos de los Servicios e informaciones ofrecidas en la Web. Los datos contenidos en ellos ser\u00e1n tratados de forma confidencial.<\/p>\n<p><strong>CONSERVAS ANTONIO P\u00c9REZ LAFUENTE, S.L.<\/strong>\u00a0cumple \u00edntegramente con la legislaci\u00f3n vigente en materia de protecci\u00f3n de datos de car\u00e1cter personal, y con los compromisos de confidencialidad propios de su actividad.<\/p>\n<p><strong>CONSERVAS ANTONIO P\u00c9REZ LAFUENTE, S.L.<\/strong>\u00a0ha adoptado las medidas t\u00e9cnicas necesarias para mantener el nivel de seguridad requerido, seg\u00fan la naturaleza de los datos personales tratados y las circunstancias del tratamiento, con el objeto de evitar, en la medida de lo posible y siempre seg\u00fan el estado de la t\u00e9cnica, su alteraci\u00f3n, p\u00e9rdida, tratamiento o acceso no autorizado. Para la realizaci\u00f3n de la gesti\u00f3n antes mencionada puede ser necesario que se cedan los datos a encargados del tratamiento, empresas colaboradoras y administraciones p\u00fablicas (las cuales pueden verificar la veracidad de los datos).<\/p>\n<p>En caso de que el USUARIO facilite datos de car\u00e1cter personal, referentes a personas f\u00edsicas distintas a s\u00ed mismo, el USUARIO deber\u00e1, con car\u00e1cter previo a la inclusi\u00f3n, informarles del contenido de la presente clausula, de acuerdo con lo establecido en el Reglamento General (UE) 2016\/679 de Protecci\u00f3n de Datos y en la Ley Org\u00e1nica 3\/2018, de 5 de diciembre, de Protecci\u00f3n de Datos Personales y garant\u00eda de los derechos digitales.<\/p>\n<p><strong>CONSERVAS ANTONIO P\u00c9REZ LAFUENTE, S.L.<\/strong>\u00a0como responsable de la Actividad de Tratamiento, garantiza el ejercicio de los derechos de acceso, rectificaci\u00f3n, supresi\u00f3n, limitaci\u00f3n, oposici\u00f3n y portabilidad de los datos aportados, seg\u00fan lo dispuesto en el Reglamento General (UE) 2016\/679 de Protecci\u00f3n de Datos y en la Ley Org\u00e1nica 3\/2018, de 5 de diciembre, de Protecci\u00f3n de Datos Personales y garant\u00eda de los derechos digitales, el USUARIO podr\u00e1 ejercer en todo momento los derechos, dirigiendo un escrito al domicilio social, adjuntando copia del DNI o Pasaporte.<\/p>\n<p><strong>CONSERVAS ANTONIO P\u00c9REZ LAFUENTE, S.L.<\/strong>\u00a0garantiza que todas las comunicaciones comerciales que dirige a sus clientes cumplen la normativa vigente.<\/p>\n<p>Por ello, en cumplimiento de la Ley 34\/2002 de Servicios de la Sociedad de la Informaci\u00f3n y de Comercio Electr\u00f3nico y la Ley 9\/2014 General de Telecomunicaciones, se informa al USUARIO que\u00a0<strong>CONSERVAS ANTONIO P\u00c9REZ LAFUENTE, S.L.<\/strong>\u00a0podr\u00e1 enviarle por medios electr\u00f3nicos informaci\u00f3n acerca de productos y servicios de inter\u00e9s a lo que Ud. presta su consentimiento<\/p>\n<p>En cualquier momento podr\u00e1 revocar esta autorizaci\u00f3n en la direcci\u00f3n\u00a0<a href=\"mailto:info@perezlafuente.com\">info@perezlafuente.com<\/a><\/p>\n<p><strong>5. USO DE COOKIES:<\/strong>\u00a0Se advierte al USUARIO que este sitio Web utiliza cookies. Las cookies son peque\u00f1os archivos de texto que se instalan en el navegador del ordenador del USUARIO para registrar su actividad, enviando una identificaci\u00f3n an\u00f3nima que se almacena en el mismo, con la finalidad de que la navegaci\u00f3n sea m\u00e1s sencilla, permitiendo, por ejemplo, el acceso a los USUARIOS que se hayan registrado previamente y el acceso a las \u00e1reas, servicios, promociones o concursos reservados exclusivamente a ellos sin tener que registrarse en cada visita. Se pueden utilizar tambi\u00e9n para medir la audiencia, par\u00e1metros del tr\u00e1fico y navegaci\u00f3n, tiempo de sesi\u00f3n, y\/o controlar el progreso y n\u00famero de entradas.\u00a0<strong>CONSERVAS ANTONIO P\u00c9REZ LAFUENTE, S.L.<\/strong>\u00a0procurar\u00e1 en todo momento establecer mecanismos adecuados para obtener el consentimiento del USUARIO para la instalaci\u00f3n de cookies que lo requieran. No obstante, lo anterior, deber\u00e1 tenerse en cuenta que, de conformidad con la ley, se entender\u00e1 que (i)el USUARIO ha dado su consentimiento si modifica la configuraci\u00f3n del navegador deshabilitando las restricciones que impiden la entrada de cookies y (ii)que el referido consentimiento no ser\u00e1 preciso para la instalaci\u00f3n de aquellas cookies que sean estrictamente necesarias para la prestaci\u00f3n de un servicio expresamente solicitado por el USUARIO (mediante registro previo).<\/p>\n<p>Puede ocurrir que algunas cookies utilizadas en este sitio Web no est\u00e9n relacionadas con\u00a0<strong>CONSERVAS ANTONIO P\u00c9REZ LAFUENTE, S.L.<\/strong>. Ello se debe a que algunas p\u00e1ginas del sitio Web tienen insertado contenido procedente de webs de terceras partes (como por ejemplo un video de YouTube).<\/p>\n<p>Debido a que el referido contenido procede de otra web,\u00a0<strong>CONSERVAS ANTONIO P\u00c9REZ LAFUENTE, S.L.<\/strong>\u00a0no controla la configuraci\u00f3n de dichas cookies. Si usted quiere cambiar sus preferencias de configuraci\u00f3n de cookies, deber\u00e1 consultar los sitios Web de dichas terceras partes para obtener informaci\u00f3n.<\/p>\n<p><strong>6. PROPIEDAD INTELECTUAL E INDUSTRIAL:\u00a0CONSERVAS ANTONIO P\u00c9REZ LAFUENTE, S.L.<\/strong>por s\u00ed o como cesionaria, es titular de todos los derechos de propiedad intelectual e industrial de su p\u00e1gina Web, as\u00ed como de los elementos contenidos en la misma (a t\u00edtulo enunciativo, im\u00e1genes, sonido, audio, video, software o textos; marcas o logotipos, combinaciones de colores, estructura y dise\u00f1o..), quedando expresamente prohibidas su reproducci\u00f3n, distribuci\u00f3n y comunicaci\u00f3n p\u00fablica, incluida la modalidad de puesta a disposici\u00f3n de la totalidad o parte de los contenidos de esta p\u00e1gina Web, en cualquier soporte y por cualquier medio t\u00e9cnico, sin la autorizaci\u00f3n de\u00a0<strong>CONSERVAS ANTONIO P\u00c9REZ LAFUENTE, S.L.<\/strong><\/p>\n<p>El USUARIO se compromete a respetar los derechos de Propiedad intelectual e Industrial titularidad de\u00a0<strong>CONSERVAS ANTONIO P\u00c9REZ LAFUENTE, S.L.<\/strong>. El USUARIO deber\u00e1 abstenerse de suprimir, alterar, eludir o manipular cualquier dispositivo de protecci\u00f3n o sistema de seguridad que estuviera instalado en la p\u00e1gina Web.<\/p>\n<p><strong>7. EXCLUSI\u00d3N DE GARANT\u00cdAS Y RESPONSABILIDAD: CONSERVAS ANTONIO P\u00c9REZ LAFUENTE, S.L.\u00a0<\/strong>no se hace responsable, en ning\u00fan caso, de los da\u00f1os y perjuicios de cualquier naturaleza que pudieran ocasionar, a t\u00edtulo enunciativo: errores u omisiones en los contenidos, falta de disponibilidad del sitio Web o la trasmisi\u00f3n de virus o programas maliciosos o lesivos en los contenidos, a pesar de haber adoptado todas las medidas tecnol\u00f3gicas necesarias para evitarlo.<\/p>\n<p>Deficiencias del servicio, de las redes de comunicaci\u00f3n, de los problemas resultantes del mal funcionamiento o uso de versiones no optimizadas de cualquier navegador, posibles errores de seguridad que se pueden producir ni de los posibles da\u00f1os que se puedan causar en el sistema inform\u00e1tico del USUARIO, a los ficheros o documentos almacenados en el mismo, como consecuencia de la presencia de virus en el ordenador del USUARIO utilizado para la conexi\u00f3n a los servicios y contenidos del sitio Web, aver\u00edas telef\u00f3nicas, interferencias, omisiones o desconexiones en el funcionamiento operativo del sistema electr\u00f3nico motivados por causas ajenas a CONSERVAS ANTONIO P\u00c9REZ LAFUENTE, S.L.; del conocimiento que puedan tener terceros no autorizados de la clase, condiciones, caracter\u00edsticas y circunstancias de acceso y uso que los USUARIOS hacen del sitio Web y de las informaciones y servicios. Del uso il\u00edcito, negligente, fraudulento, contrario a las presentes Condiciones Generales, a la buena fe, a los usos generales aceptados o al orden p\u00fablico, del sitio Web, sus servicios o contenidos, por parte de los USUARIOS<\/p>\n<p><strong>8. MODIFICACIONES: CONSERVAS ANTONIO P\u00c9REZ LAFUENTE, S.L.\u00a0<\/strong>se reserva el derecho a efectuar sin previo aviso las modificaciones que considere oportunas en la p\u00e1gina web, pudiendo cambiar, suprimir o a\u00f1adir tanto contenidos y servicios que se presten a trav\u00e9s de la misma como la forma en la que estos aparezcan presentados o localizados en su portal.<\/p>\n<p><strong>9. ENLACES:<\/strong>\u00a0En el caso de que en\u00a0<a href=\"http:\/\/www.pandomar.net\">www.pandomar.net<\/a>\u00a0se dispusiesen enlaces o hiperv\u00ednculos hacia otros sitios de internet, CONSERVAS ANTONIO P\u00c9REZ LAFUENTE, S.L. no ejercer\u00e1 ning\u00fan tipo de control sobre dichos sitios y contenido. Bajo ninguna circunstancia,\u00a0<strong>CONSERVAS ANTONIO P\u00c9REZ LAFUENTE, S.L.<\/strong>\u00a0asumir\u00e1 responsabilidad alguna por los contenidos de alg\u00fan enlace perteneciente a un sitio web ajeno, ni garantizar\u00e1 la disponibilidad t\u00e9cnica, calidad fiabilidad, exactitud, amplitud, veracidad, validez y constitucionalidad de cualquier material o informaci\u00f3n contenida en ninguno de dichos hiperv\u00ednculos u otros sitios de internet. Igualmente, la inclusi\u00f3n de estas conexiones externas no implicar\u00e1 ning\u00fan tipo de asociaci\u00f3n, fusi\u00f3n o participaci\u00f3n con las entidades conectadas.<\/p>\n<p><strong>10. DERECHO DE EXCLUSI\u00d3N:<\/strong>\u00a0<strong>CONSERVAS ANTONIO P\u00c9REZ LAFUENTE, S.L.\u00a0<\/strong>se reserva el derecho de bloquear el acceso de un USUARIO ante cualquier indicio de utilizaci\u00f3n fraudulenta de los servicios ofrecidos sin necesidad de preaviso, a instancia propia o de un tercero, a aquellos usuarios que incumplan las presentes condiciones Generales de Uso.<\/p>\n<p><strong>11. GENERALIDADES: CONSERVAS ANTONIO P\u00c9REZ LAFUENTE, S.L.<\/strong>\u00a0perseguir\u00e1 el incumplimiento de las presentes condiciones, as\u00ed como cualquier utilizaci\u00f3n indebida de su portal ejerciendo todas las acciones civiles y penales que le pueden corresponder en derecho<\/p>\n<p><strong>12. MODIFICACI\u00d3N DE LAS PRESENTES CONDICIONES Y DURACI\u00d3N: CONSERVAS ANTONIO P\u00c9REZ LAFUENTE, S.L.<\/strong>\u00a0podr\u00e1 modificar en cualquier momento las condiciones aqu\u00ed determinadas, siendo debidamente publicadas como aqu\u00ed aparecen. La vigencia de las citadas condiciones ir\u00e1 en funci\u00f3n de su exposici\u00f3n y estar\u00e1n vigentes hasta que sean modificadas por otras debidamente publicadas.<\/p>\n<p><strong>13. LEGISLACI\u00d3N APLICABLE Y JURISDICCI\u00d3N: La relaci\u00f3n entre CONSERVAS ANTONIO P\u00c9REZ LAFUENTE, S.L.<\/strong>\u00a0y el USUARIO se regir\u00e1 por la normativa espa\u00f1ola vigente y cualquier controversia se someter\u00e1 a los Juzgados y Tribunales de Villagarc\u00eda de Arousa.<\/p>","protected":false},"excerpt":{"rendered":"<p>AVISO LEGAL LEY DE SERVICIOS DE LA SOCIEDAD DE LA INFORMACI\u00d3N Y COMERCIO ELECTR\u00d3NICO 1. DATOS IDENTIFICATIVOS: En cumplimiento del&#8230;  <a href=\"https:\/\/pandomar.net\/gl\/aviso-legal\/\" class=\"more-link\" title=\"Read Aviso Legal\">Read more &raquo;<\/a><\/p>\n","protected":false},"author":1,"featured_media":0,"parent":0,"menu_order":0,"comment_status":"closed","ping_status":"closed","template":"","meta":{"footnotes":""},"acf":[],"yoast_head":"<!-- This site is optimized with the Yoast SEO plugin v17.6 - https:\/\/yoast.com\/wordpress\/plugins\/seo\/ -->\n<meta name=\"robots\" content=\"index, follow, max-snippet:-1, max-image-preview:large, max-video-preview:-1\" \/>\n<link rel=\"canonical\" href=\"https:\/\/pandomar.net\/gl\/aviso-legal\/\" \/>\n<meta property=\"og:locale\" content=\"gl_ES\" \/>\n<meta property=\"og:type\" content=\"article\" \/>\n<meta property=\"og:title\" content=\"Aviso Legal - Pandomar\" \/>\n<meta property=\"og:description\" content=\"AVISO LEGAL LEY DE SERVICIOS DE LA SOCIEDAD DE LA INFORMACI\u00d3N Y COMERCIO ELECTR\u00d3NICO 1. DATOS IDENTIFICATIVOS: En cumplimiento del... Read more &raquo;\" \/>\n<meta property=\"og:url\" content=\"https:\/\/pandomar.net\/gl\/aviso-legal\/\" \/>\n<meta property=\"og:site_name\" content=\"Pandomar\" \/>\n<meta property=\"article:modified_time\" content=\"2025-11-10T12:05:58+00:00\" \/>\n<meta name=\"twitter:card\" content=\"summary_large_image\" \/>\n<meta name=\"twitter:label1\" content=\"Tempo de lectura\" \/>\n\t<meta name=\"twitter:data1\" content=\"50 minutos\" \/>\n<script type=\"application\/ld+json\" class=\"yoast-schema-graph\">{\"@context\":\"https:\/\/schema.org\",\"@graph\":[{\"@type\":\"WebSite\",\"@id\":\"https:\/\/pandomar.net\/gl\/#website\",\"url\":\"https:\/\/pandomar.net\/gl\/\",\"name\":\"Pandomar\",\"description\":\"Conservas de pescado procedentes de la pesca sostenible, elaboradas de forma artesanal con ingredientes de la agricultura ecol\\u00f3gica.\",\"potentialAction\":[{\"@type\":\"SearchAction\",\"target\":{\"@type\":\"EntryPoint\",\"urlTemplate\":\"https:\/\/pandomar.net\/gl\/?s={search_term_string}\"},\"query-input\":\"required name=search_term_string\"}],\"inLanguage\":\"gl-ES\"},{\"@type\":\"WebPage\",\"@id\":\"https:\/\/pandomar.net\/gl\/aviso-legal\/#webpage\",\"url\":\"https:\/\/pandomar.net\/gl\/aviso-legal\/\",\"name\":\"Aviso Legal - Pandomar\",\"isPartOf\":{\"@id\":\"https:\/\/pandomar.net\/gl\/#website\"},\"datePublished\":\"2014-06-09T09:26:54+00:00\",\"dateModified\":\"2025-11-10T12:05:58+00:00\",\"breadcrumb\":{\"@id\":\"https:\/\/pandomar.net\/gl\/aviso-legal\/#breadcrumb\"},\"inLanguage\":\"gl-ES\",\"potentialAction\":[{\"@type\":\"ReadAction\",\"target\":[\"https:\/\/pandomar.net\/gl\/aviso-legal\/\"]}]},{\"@type\":\"BreadcrumbList\",\"@id\":\"https:\/\/pandomar.net\/gl\/aviso-legal\/#breadcrumb\",\"itemListElement\":[{\"@type\":\"ListItem\",\"position\":1,\"name\":\"Portada\",\"item\":\"https:\/\/pandomar.net\/gl\/\"},{\"@type\":\"ListItem\",\"position\":2,\"name\":\"Aviso Legal\"}]}]}<\/script>\n<!-- \/ Yoast SEO plugin. -->","yoast_head_json":{"robots":{"index":"index","follow":"follow","max-snippet":"max-snippet:-1","max-image-preview":"max-image-preview:large","max-video-preview":"max-video-preview:-1"},"canonical":"https:\/\/pandomar.net\/gl\/aviso-legal\/","og_locale":"gl_ES","og_type":"article","og_title":"Aviso Legal - Pandomar","og_description":"AVISO LEGAL LEY DE SERVICIOS DE LA SOCIEDAD DE LA INFORMACI\u00d3N Y COMERCIO ELECTR\u00d3NICO 1. DATOS IDENTIFICATIVOS: En cumplimiento del... Read more &raquo;","og_url":"https:\/\/pandomar.net\/gl\/aviso-legal\/","og_site_name":"Pandomar","article_modified_time":"2025-11-10T12:05:58+00:00","twitter_card":"summary_large_image","twitter_misc":{"Tempo de lectura":"50 minutos"},"schema":{"@context":"https:\/\/schema.org","@graph":[{"@type":"WebSite","@id":"https:\/\/pandomar.net\/gl\/#website","url":"https:\/\/pandomar.net\/gl\/","name":"Pandomar","description":"Conservas de pescado procedentes de la pesca sostenible, elaboradas de forma artesanal con ingredientes de la agricultura ecol\u00f3gica.","potentialAction":[{"@type":"SearchAction","target":{"@type":"EntryPoint","urlTemplate":"https:\/\/pandomar.net\/gl\/?s={search_term_string}"},"query-input":"required name=search_term_string"}],"inLanguage":"gl-ES"},{"@type":"WebPage","@id":"https:\/\/pandomar.net\/gl\/aviso-legal\/#webpage","url":"https:\/\/pandomar.net\/gl\/aviso-legal\/","name":"Aviso Legal - Pandomar","isPartOf":{"@id":"https:\/\/pandomar.net\/gl\/#website"},"datePublished":"2014-06-09T09:26:54+00:00","dateModified":"2025-11-10T12:05:58+00:00","breadcrumb":{"@id":"https:\/\/pandomar.net\/gl\/aviso-legal\/#breadcrumb"},"inLanguage":"gl-ES","potentialAction":[{"@type":"ReadAction","target":["https:\/\/pandomar.net\/gl\/aviso-legal\/"]}]},{"@type":"BreadcrumbList","@id":"https:\/\/pandomar.net\/gl\/aviso-legal\/#breadcrumb","itemListElement":[{"@type":"ListItem","position":1,"name":"Portada","item":"https:\/\/pandomar.net\/gl\/"},{"@type":"ListItem","position":2,"name":"Aviso Legal"}]}]}},"_links":{"self":[{"href":"https:\/\/pandomar.net\/gl\/wp-json\/wp\/v2\/pages\/288"}],"collection":[{"href":"https:\/\/pandomar.net\/gl\/wp-json\/wp\/v2\/pages"}],"about":[{"href":"https:\/\/pandomar.net\/gl\/wp-json\/wp\/v2\/types\/page"}],"author":[{"embeddable":true,"href":"https:\/\/pandomar.net\/gl\/wp-json\/wp\/v2\/users\/1"}],"replies":[{"embeddable":true,"href":"https:\/\/pandomar.net\/gl\/wp-json\/wp\/v2\/comments?post=288"}],"version-history":[{"count":75,"href":"https:\/\/pandomar.net\/gl\/wp-json\/wp\/v2\/pages\/288\/revisions"}],"predecessor-version":[{"id":2322,"href":"https:\/\/pandomar.net\/gl\/wp-json\/wp\/v2\/pages\/288\/revisions\/2322"}],"wp:attachment":[{"href":"https:\/\/pandomar.net\/gl\/wp-json\/wp\/v2\/media?parent=288"}],"curies":[{"name":"wp","href":"https:\/\/api.w.org\/{rel}","templated":true}]}}