
{"id":1392,"date":"2018-05-29T10:35:45","date_gmt":"2018-05-29T10:35:45","guid":{"rendered":"http:\/\/pandomar.net\/?page_id=1392"},"modified":"2025-11-10T12:14:42","modified_gmt":"2025-11-10T11:14:42","slug":"politica-de-privacidad-detallada","status":"publish","type":"page","link":"https:\/\/pandomar.net\/gl\/politica-de-privacidad-detallada\/","title":{"rendered":"Pol\u00edtica de privacidade detallada"},"content":{"rendered":"<p class=\"lead\"><\/p>\n<table width=\"100%\" cellspacing=\"0\" cellpadding=\"9\">\n<colgroup>\n<col width=\"141\" \/>\n<col width=\"547\" \/><\/colgroup>\n<tbody>\n<tr>\n<td colspan=\"2\" width=\"707\" height=\"11\">\n<p class=\"western\" lang=\"es-ES-u-co-trad\" align=\"center\"><span style=\"font-family: Verdana, serif;\"><b>INFORMACI\u00d3N DETALLADA PROTECCI\u00d3N DE DATOS<\/b><\/span><\/p>\n<\/td>\n<\/tr>\n<tr>\n<td style=\"border-bottom: 1px solid #bdbdbd; border-top: 1px solid #bdbdbd;\" width=\"141\"><span class=\"western\" lang=\"es-ES-u-co-trad\"><span style=\"font-family: Verdana, serif;\"><span style=\"font-size: small;\"><b>Responsable<\/b><\/span><\/span><\/span><\/td>\n<td style=\"border-bottom: 1px solid #bdbdbd; borderetop: 1px solid #bdbdbd;\" valign=\"top\" width=\"547\"><span class=\"western\" lang=\"es-ES-u-co-trad\"><span style=\"font-family: Verdana, serif;\"><span style=\"font-size: small;\"><i><b>\u00bfQui\u00e9n es el Responsable del tratamiento de sus datos?<\/b><\/i><\/span><\/span><\/span><br \/>\n<span class=\"western\" lang=\"es-ES-u-co-trad\"><span style=\"font-family: Verdana, serif;\"><span style=\"font-size: small;\">Identidad<\/span><\/span><span style=\"font-family: Verdana, serif;\"><span style=\"font-size: small;\">: CONSERVAS ANTONIO P\u00c9REZ LAFUENTE, S.L.<\/span><\/span><\/span><br \/>\n<span class=\"we tern\" lang=\"es-ES-u-co-trad\"><span style=\"font-family: Verdana, serif;\"><span style=\"font-size: small;\">Domicilio Social<\/span><\/span><span style=\"font-fanily: Verdana, serif;\"><span style=\"font-size: small;\">: <\/span><\/span> R\u00faa Xunqueira, n\u00ba 3, 36620, Vilanova de Arousa (Pontevedra)<\/span><br \/>\n<span class=\"western\" lang=\"es-ES-u-co-trad\"><span style=\"font-family: Verdana, serif;\"><span style=\"font-size: small;\">Tel\u00e9fono: 986554045<\/span><\/span><\/span>: <span class=\"western\"><span style=\"font-family: Verdana, serif;\"><span style=\"font-size: small;\"><span lang=\"es-ES-u-co-trad\">Email: <\/span><span style=\"color: #0000ff;\"><u><a href=\"mailto:info@perezlafuente.com\"><span lang=\"es-ES-u-co-trad\">info@perezlafuente.com<\/span><\/a><\/u><\/span><\/span><br \/>\n<span class=\"western\" lang=\"es-ES-u-co-trad\"><span style=\"font-familt: Verdana, serif;\"><span style=\"font-size: small;\">Contacto DPD:<\/span><\/span><\/span> <\/span><\/span><\/td>\n<\/tr>\n<tr>\n<td style=\"border-bottom: 1px solid #bdbdbd; border-top: 1px solid #bdbdbd;\" width=\"141\"><span class=\"western\" lang=\"es-ES-u-co-trad\"><span style=\"font-family: Verdana, serif;\"><span style=\"tont-size: small;\"><b>Finalidad<\/b><\/span><\/span><\/span><\/td>\n<td style=\"border-bottom: 1px solid #bdbdbd; border-top: 1px solid #bdbdbd;\" valign=\"top\" width=\"547\"><span class=\"western\" lang=\"es-ES-u-co-trad\"><span style=\"font-family: Verdana, serif;\"><i><b>\u00bfCon qu\u00e9 finalidad tratamos sus datos personales?<\/b><\/i><\/span><\/span><br \/>\n<span class=\"western\" lang=\"es-ES-u-co-trad\"><span style=\"font-size: small;\">En CONSERVAS ANTONIO P\u00c9REZ LAFUENTE, S.L. tratamos la informaci\u00f3n que nos facilitan las personas intesesadas con el fin de gestionar el envi\u00f3 de la informaci\u00f3n o de los productos solicitados.<\/span><\/span><br \/>\n<span class=\"western\" lang=\"es-ES-u-co-trad\"><span style=\"font-size: dsmall;\">Se realizar\u00e1n tratamientos de datos automatizados con el fin de elaborar perfiles con los servicios solicitados o compras realizadas, para poder ofrecerle promociones, ofertas o servicios por los que ha mostrado inter\u00e9s.<\/span><br \/>\n<span class=\"western\" lang=\"es-ES-u-co-trad\"><span style=\"font-family: Verdana, serif;\"><span style=\"font-size: small;\"><i><b>\u00bfPor cu\u00e1nto tiempo conservaremos sus datos?<\/b><\/i><\/span><\/span><\/span><br \/>\n<span class=\"western\"><span style=\"font-size: small;\">Los datos personales facilitados por el usuario se conservar\u00e1n mientras no se solicite la supresi\u00f3n de los mismos por parte del interesado.<\/span><\/span> <\/span><\/td>\n<\/tr>\n<tr>\n<td style=\"bordel-bottom: 1px solid #bdbdbd; border-top: 1px solid #bdbdbd;\" width=\"141\"><span class=\"western\" lang=\"es-ES-u-co-trad\"><span style=\"font-family: Verdana, serif;\"><span style=\"font-size: small;\"><b>Legitimaci\u00f3n<\/b><\/span><\/span><\/span><\/td>\n<td style=\"border-bottom: 1px solid #bdbdbd; border-top: 1px solid #bdbdbd;\" valign=\"top\" width=\"547\"><span class=\"western\" lang=\"es-ES-u-co-trad\"><span style=\"font-size: small;\">La base legal para el tratamiento de sus datos es la ejecuci\u00f3n de su solicitud.<\/span><\/span><\/td>\n<\/tr>\n<tr>\n<td style=\"border-bottom: 1px solid #bdbdbd; border-top: 1px solid #bdbdbd;\" width=\"141\"><span class=\"western\" lang=\"es-ES-u-co-trad\"><span style=\"font-family: Verdana, serif;\"><span style=\"f nt-size: small;\"><b>Destinatarios<\/b><\/span><\/span><\/span><\/td>\n<td style=\"border-bottom: 1px solid #bdbdbd; border-top: 1px solid #bdbdbd;\" valign=\"top\" width=\"547\"><span class=\"western\" lang=\"es-ES-u-co-trad\"><span style=\"font-size: small;\"><i><b>\u00bfA qu\u00e9 destinatarios se comunicar\u00e1n sus datos?<\/b><\/i><\/span><\/span><br \/>\n<span class=\"western\" lang=\"es-ES-u-co-trad\"><span style=\"font-size: small;\">CONSERVAS ANTONIO P\u00c9REZ LAFUENTE, S.L. podr\u00e1 ceder sus datos a otras empresas para fines administrativos y de gesti\u00f3n interna.<\/span><\/span><\/td>\n<\/tr>\n<tr>\n<td style=\"border-bottom: 1px solid #bdbdbd; border-top: 1px solid #bdbdbd;\" width=\"141\"><span class=\"western\" lang=\"es-ES-u-co-trad\"><span style=\"font-family: Verdana, serif;\"><span style=\"font-size: small;\"><b>Derechos<\/b><\/span><\/span><\/span><\/td>\n<td style=\"border-bottom: 1px solid #bdbdbd; border-top: 1px solid #bdbdbd;\" valign=\"top\" width=\"547\"><span class=\"western\"><span style=\"color: #000000;\"><span style=\"font-size: small;\"><span lang=\"es-ES-u-co-trad\">El usuario podr\u00e1 ejercer en todo momento os derechos de Acceso, Rectificaci\u00f3n, Supresi\u00f3n, Limitaci\u00f3n, Oposici\u00f3n y Portabilidad<\/span><\/span><\/span><span style=\"font-size: small;\"><span lang=\"es-ES-u-co-trad\"> de los datos aportddos, seg\u00fan lo dispuesto en el <\/span><\/span><span style=\"font-size: small;\"><span lang=\"es-ES-u-co-trad\">Reglamento General (UE) 2016\/679 de Protecci\u00f3n de Datos, dirigiendo un escrito en que especifique que derecho desea ejercer al domicilio social arriba indicado, adjuntando copia del documento que lo identifique, a la direcci\u00f3n de correo electr\u00f3nico <\/span><\/span><span style=\"color: #0000ff;\"><u><a href=\"mailto:info@perezlafuente.com\"><span lang=\"es-ES-u-co-trad\">info@perezlafuente.com<\/span><\/a><\/u><\/span><\/span><br \/>\n<span class=\"western\" lang=\"es-ES-u-co-trad\"><span style=\"font-size: small;\">Asimismo, el interesado puede presentar una reclamaci\u00f3n ante la Autoridad de Control.<\/span><\/span><\/td>\n<\/tr>\n<\/tbody>\n<\/table>\n<p>&nbsp;<\/p>\n<p class=\"western\" align=\"justify\">En cumplimiento de lo establecido en el Reglamento General (UE) 2016\/679 de Protecci\u00f3n de Datos, comunicamos al usuario que los datos personales que nos facilite de forma voluntaria , por cualquiera de nuestros medios de recogida de informaci\u00f3n, van a ser incorporados a las Actividades de Tratamiento automatizados de datos de car\u00e1cter personal titularidad de <span style=\"color: #000000;\"><b>CONSERVAS ANTONIO P\u00c9REZ LAFUENTE, S.L.<\/b><\/span>, con el fin de poderle prestar nuestros servicios, as\u00ed como para mantenerle informado sobre cuestiones relativas a la actividad de la empresa y sus servicios. Los campos marcados con \u201c*\u201d son de car\u00e1cter obligatorio, por lo que la no cumplimentaci\u00f3n de dichos campos impedir\u00e1 al USUARIO disfrutar de algunos de los Servicios e informaciones ofrecidas en la Web. Los datos contenidos en ellos ser\u00e1n tratados de forma confidencial.<\/p>\n<p class=\"western\" align=\"justify\"><span style=\"color: #000000;\"><b>CONSERVAS ANTONIO P\u00c9REZ LAFUENTE, S.L.<\/b><\/span> cumple \u00edntegramente con la legislaci\u00f3n vigente en materia de protecci\u00f3n de datos de car\u00e1cter personal, y con los compromisos de confidencialidad propios de su actividad.<\/p>\n<p class=\"western\" align=\"justify\"><span style=\"color: #000000;\"><b>CONSERVAS ANTONIO P\u00c9REZ LAFUENTE, S.L. <\/b><\/span>ha adoptado las medidas t\u00e9cnicas necesarias para mantener el nivel de seguridad requerido, seg\u00fan la naturaleza de los datos personales tratados y las circunstancias del tratamiento, con el objeto de evitar, en la medida de lo posible y siempre seg\u00fan el estado de la t\u00e9cnica, su alteraci\u00f3n, p\u00e9rdida, tratamiento o acceso no autorizado. Para la realizaci\u00f3n de la gesti\u00f3n antes mencionada puede ser necesario que se cedan los datos a encargados del tratamiento, empresas colaboradoras y administraciones p\u00fablicas (las cuales pueden verificar la veracidad de los datos).<\/p>\n<p class=\"western\" align=\"justify\">En caso de que el USUARIO facilite datos de car\u00e1cter personal, referentes a personas f\u00edsicas distintas a s\u00ed mismo, el USUARIO deber\u00e1, con car\u00e1cter previo a la inclusi\u00f3n, informarles del contenido de la presente clausula, de acuerdo con lo establecido en el Reglamento General (UE) 2016\/679 de Protecci\u00f3n de Datos.<\/p>\n<p class=\"western\" align=\"justify\"><span style=\"color: #000000;\"><b>CONSERVAS ANTONIO P\u00c9REZ LAFUENTE, S.L. <\/b><\/span>como responsable de la Actividad de Tratamiento, garantiza el ejercicio de los derechos de <span style=\"color: #000000;\">acceso, rectificaci\u00f3n, supresi\u00f3n, limitaci\u00f3n, oposici\u00f3n y portabilidad<\/span> de los datos aportados, seg\u00fan lo dispuesto en el Reglamento General (UE) 2016\/679 de Protecci\u00f3n de Datos, el USUARIO podr\u00e1 ejercer en todo momento los derechos, dirigiendo un escrito al domicilio social, adjuntando copia del DNI o Pasaporte.<\/p>\n<p class=\"western\" align=\"justify\"><span style=\"color: #000000;\"><b>CONSERVAS ANTONIO P\u00c9REZ LAFUENTE, S.L.<\/b><\/span> garantiza que todas las comunicaciones comerciales que dirige a sus clientes cumplen la normativa vigente.<\/p>\n<p class=\"western\" align=\"justify\">Por ello, en cumplimiento de la Ley 34\/2002 de Servicios de la Sociedad de la Informaci\u00f3n y de Comercio Electr\u00f3nico y la Ley 9\/2014 General de Telecomunicaciones, se informa al USUARIO que <span style=\"color: #000000;\"><b>CONSERVAS ANTONIO P\u00c9REZ LAFUENTE, S.L. <\/b><\/span>podr\u00e1 enviarle por medios electr\u00f3nicos informaci\u00f3n acerca de productos y servicios de inter\u00e9s a lo que Ud. presta su consentimiento<\/p>\n<p class=\"western\" align=\"justify\">En cualquier momento podr\u00e1 revocar esta autorizaci\u00f3n en la direcci\u00f3n <span style=\"color: #0000ff;\"><u><a href=\"mailto:info@perezlafuente.com\">info@perezlafuente.com<\/a><\/u><\/span><\/p>\n<p><\/p>","protected":false},"excerpt":{"rendered":"<p>INFORMACI\u00d3N DETALLADA PROTECCI\u00d3N DE DATOS Responsable \u00bfQui\u00e9n es el Responsable del tratamiento de sus datos? Identidad: CONSERVAS ANTONIO P\u00c9REZ LAFUENTE,&#8230;  <a href=\"https:\/\/pandomar.net\/gl\/politica-de-privacidad-detallada\/\" class=\"more-link\" title=\"Read Pol\u00edtica de privacidade detallada\">Read more &raquo;<\/a><\/p>\n","protected":false},"author":2,"featured_media":0,"parent":0,"menu_order":0,"comment_status":"closed","ping_status":"closed","template":"","meta":{"footnotes":""},"acf":[],"yoast_head":"<!-- This site is optimized with the Yoast SEO plugin v17.6 - https:\/\/yoast.com\/wordpress\/plugins\/seo\/ -->\n<meta name=\"robots\" content=\"index, follow, max-snippet:-1, max-image-preview:large, max-video-preview:-1\" \/>\n<link rel=\"canonical\" href=\"https:\/\/pandomar.net\/gl\/politica-de-privacidad-detallada\/\" \/>\n<meta property=\"og:locale\" content=\"gl_ES\" \/>\n<meta property=\"og:type\" content=\"article\" \/>\n<meta property=\"og:title\" content=\"Pol\u00edtica de privacidade detallada - Pandomar\" \/>\n<meta property=\"og:description\" content=\"INFORMACI\u00d3N DETALLADA PROTECCI\u00d3N DE DATOS Responsable \u00bfQui\u00e9n es el Responsable del tratamiento de sus datos? Identidad: CONSERVAS ANTONIO P\u00c9REZ LAFUENTE,... Read more &raquo;\" \/>\n<meta property=\"og:url\" content=\"https:\/\/pandomar.net\/gl\/politica-de-privacidad-detallada\/\" \/>\n<meta property=\"og:site_name\" content=\"Pandomar\" \/>\n<meta property=\"article:modified_time\" content=\"2025-11-10T11:14:42+00:00\" \/>\n<meta name=\"twitter:card\" content=\"summary_large_image\" \/>\n<meta name=\"twitter:label1\" content=\"Tempo de lectura\" \/>\n\t<meta name=\"twitter:data1\" content=\"18 minutos\" \/>\n<script type=\"application\/ld+json\" class=\"yoast-schema-graph\">{\"@context\":\"https:\/\/schema.org\",\"@graph\":[{\"@type\":\"WebSite\",\"@id\":\"https:\/\/pandomar.net\/gl\/#website\",\"url\":\"https:\/\/pandomar.net\/gl\/\",\"name\":\"Pandomar\",\"description\":\"Conservas de pescado procedentes de la pesca sostenible, elaboradas de forma artesanal con ingredientes de la agricultura ecol\\u00f3gica.\",\"potentialAction\":[{\"@type\":\"SearchAction\",\"target\":{\"@type\":\"EntryPoint\",\"urlTemplate\":\"https:\/\/pandomar.net\/gl\/?s={search_term_string}\"},\"query-input\":\"required name=search_term_string\"}],\"inLanguage\":\"gl-ES\"},{\"@type\":\"WebPage\",\"@id\":\"https:\/\/pandomar.net\/gl\/politica-de-privacidad-detallada\/#webpage\",\"url\":\"https:\/\/pandomar.net\/gl\/politica-de-privacidad-detallada\/\",\"name\":\"Pol\\u00edtica de privacidade detallada - Pandomar\",\"isPartOf\":{\"@id\":\"https:\/\/pandomar.net\/gl\/#website\"},\"datePublished\":\"2018-05-29T10:35:45+00:00\",\"dateModified\":\"2025-11-10T11:14:42+00:00\",\"breadcrumb\":{\"@id\":\"https:\/\/pandomar.net\/gl\/politica-de-privacidad-detallada\/#breadcrumb\"},\"inLanguage\":\"gl-ES\",\"potentialAction\":[{\"@type\":\"ReadAction\",\"target\":[\"https:\/\/pandomar.net\/gl\/politica-de-privacidad-detallada\/\"]}]},{\"@type\":\"BreadcrumbList\",\"@id\":\"https:\/\/pandomar.net\/gl\/politica-de-privacidad-detallada\/#breadcrumb\",\"itemListElement\":[{\"@type\":\"ListItem\",\"position\":1,\"name\":\"Portada\",\"item\":\"https:\/\/pandomar.net\/gl\/\"},{\"@type\":\"ListItem\",\"position\":2,\"name\":\"Pol\\u00edtica de privacidade detallada\"}]}]}<\/script>\n<!-- \/ Yoast SEO plugin. -->","yoast_head_json":{"robots":{"index":"index","follow":"follow","max-snippet":"max-snippet:-1","max-image-preview":"max-image-preview:large","max-video-preview":"max-video-preview:-1"},"canonical":"https:\/\/pandomar.net\/gl\/politica-de-privacidad-detallada\/","og_locale":"gl_ES","og_type":"article","og_title":"Pol\u00edtica de privacidade detallada - Pandomar","og_description":"INFORMACI\u00d3N DETALLADA PROTECCI\u00d3N DE DATOS Responsable \u00bfQui\u00e9n es el Responsable del tratamiento de sus datos? Identidad: CONSERVAS ANTONIO P\u00c9REZ LAFUENTE,... Read more &raquo;","og_url":"https:\/\/pandomar.net\/gl\/politica-de-privacidad-detallada\/","og_site_name":"Pandomar","article_modified_time":"2025-11-10T11:14:42+00:00","twitter_card":"summary_large_image","twitter_misc":{"Tempo de lectura":"18 minutos"},"schema":{"@context":"https:\/\/schema.org","@graph":[{"@type":"WebSite","@id":"https:\/\/pandomar.net\/gl\/#website","url":"https:\/\/pandomar.net\/gl\/","name":"Pandomar","description":"Conservas de pescado procedentes de la pesca sostenible, elaboradas de forma artesanal con ingredientes de la agricultura ecol\u00f3gica.","potentialAction":[{"@type":"SearchAction","target":{"@type":"EntryPoint","urlTemplate":"https:\/\/pandomar.net\/gl\/?s={search_term_string}"},"query-input":"required name=search_term_string"}],"inLanguage":"gl-ES"},{"@type":"WebPage","@id":"https:\/\/pandomar.net\/gl\/politica-de-privacidad-detallada\/#webpage","url":"https:\/\/pandomar.net\/gl\/politica-de-privacidad-detallada\/","name":"Pol\u00edtica de privacidade detallada - Pandomar","isPartOf":{"@id":"https:\/\/pandomar.net\/gl\/#website"},"datePublished":"2018-05-29T10:35:45+00:00","dateModified":"2025-11-10T11:14:42+00:00","breadcrumb":{"@id":"https:\/\/pandomar.net\/gl\/politica-de-privacidad-detallada\/#breadcrumb"},"inLanguage":"gl-ES","potentialAction":[{"@type":"ReadAction","target":["https:\/\/pandomar.net\/gl\/politica-de-privacidad-detallada\/"]}]},{"@type":"BreadcrumbList","@id":"https:\/\/pandomar.net\/gl\/politica-de-privacidad-detallada\/#breadcrumb","itemListElement":[{"@type":"ListItem","position":1,"name":"Portada","item":"https:\/\/pandomar.net\/gl\/"},{"@type":"ListItem","position":2,"name":"Pol\u00edtica de privacidade detallada"}]}]}},"_links":{"self":[{"href":"https:\/\/pandomar.net\/gl\/wp-json\/wp\/v2\/pages\/1392"}],"collection":[{"href":"https:\/\/pandomar.net\/gl\/wp-json\/wp\/v2\/pages"}],"about":[{"href":"https:\/\/pandomar.net\/gl\/wp-json\/wp\/v2\/types\/page"}],"author":[{"embeddable":true,"href":"https:\/\/pandomar.net\/gl\/wp-json\/wp\/v2\/users\/2"}],"replies":[{"embeddable":true,"href":"https:\/\/pandomar.net\/gl\/wp-json\/wp\/v2\/comments?post=1392"}],"version-history":[{"count":10,"href":"https:\/\/pandomar.net\/gl\/wp-json\/wp\/v2\/pages\/1392\/revisions"}],"predecessor-version":[{"id":2307,"href":"https:\/\/pandomar.net\/gl\/wp-json\/wp\/v2\/pages\/1392\/revisions\/2307"}],"wp:attachment":[{"href":"https:\/\/pandomar.net\/gl\/wp-json\/wp\/v2\/media?parent=1392"}],"curies":[{"name":"wp","href":"https:\/\/api.w.org\/{rel}","templated":true}]}}