
{"id":1380,"date":"2018-05-29T09:53:00","date_gmt":"2018-05-29T09:53:00","guid":{"rendered":"http:\/\/pandomar.net\/?page_id=1380"},"modified":"2025-11-10T13:37:11","modified_gmt":"2025-11-10T12:37:11","slug":"politica-de-privacidad","status":"publish","type":"page","link":"https:\/\/pandomar.net\/gl\/politica-de-privacidad\/","title":{"rendered":"Pol\u00edtica de privacidade"},"content":{"rendered":"<p class=\"lead\"><\/p>\n<p style=\"text-align: left;\" align=\"center\"><strong>POL\u00cdTICA DE PRIVACIDAD<\/strong><\/p>\n<p>&nbsp;<\/p>\n<p align=\"justify\"><strong><span class=\"TextRun SCXW47309158 BCX0\" lang=\"ES-ES\" xml:lang=\"ES-ES\" data-contrast=\"auto\"><span class=\"NormalTextRun SCXW47309158 BCX0\">1<\/span><\/span><\/strong><span class=\"TextRun SCXW47309158 BCX0\" lang=\"ES-ES\" xml:lang=\"ES-ES\" data-contrast=\"auto\"><span class=\"NormalTextRun SCXW47309158 BCX0\"><strong>. DATOS IDENTIFICATIVOS<\/strong>:\u00a0<\/span><\/span><span class=\"TextRun SCXW47309158 BCX0\" lang=\"ES-ES\" xml:lang=\"ES-ES\" data-contrast=\"auto\"><span class=\"NormalTextRun SCXW47309158 BCX0\">En\u00a0<\/span><\/span><span class=\"TextRun SCXW47309158 BCX0\" lang=\"ES-ES\" xml:lang=\"ES-ES\" data-contrast=\"auto\"><span class=\"NormalTextRun SCXW47309158 BCX0\">cumplimiento del deber de informaci\u00f3n recogido en el art\u00edculo 10 de la Ley 34\/2002, de 11 de julio, de Servicios de la Sociedad de la Informaci\u00f3n y del Comercio electr\u00f3nico, a\u00a0<\/span><span class=\"ContextualSpellingAndGrammarError SCXW47309158 BCX0\">continuaci\u00f3n<\/span><span class=\"NormalTextRun SCXW47309158 BCX0\">\u00a0se reflejan los siguientes datos: la empresa titular de\u00a0<\/span><\/span><a class=\"Hyperlink SCXW47309158 BCX0\" href=\"\/Users\/AYS%20innova%201\/Dropbox\/AYS%20LOPD\/PLANTILLAS\/Documento%20Completo%20RGPD\/CL%C3%81USULAS%20RGPD\/Web\/www.XXXXX.com\" target=\"_blank\" rel=\"noreferrer noopener\"><span class=\"TextRun Underlined SCXW47309158 BCX0\" lang=\"ES-ES\" xml:lang=\"ES-ES\" data-contrast=\"none\"><span class=\"NormalTextRun SCXW47309158 BCX0\" data-ccp-charstyle=\"Hyperlink\">www.pandomar.net<\/span><\/span><\/a><span class=\"TextRun SCXW47309158 BCX0\" lang=\"ES-ES\" xml:lang=\"ES-ES\" data-contrast=\"auto\"><span class=\"NormalTextRun SCXW47309158 BCX0\">\u00a0es\u00a0<\/span><\/span><span class=\"TextRun SCXW47309158 BCX0\" lang=\"ES-ES\" xml:lang=\"ES-ES\" data-contrast=\"none\"><span class=\"NormalTextRun SCXW47309158 BCX0\">CONSERVAS ANTONIO P\u00c9REZ LAFUENTE, S.L.<\/span><\/span><span class=\"TextRun SCXW47309158 BCX0\" lang=\"ES-ES\" xml:lang=\"ES-ES\" data-contrast=\"auto\"><span class=\"NormalTextRun SCXW47309158 BCX0\">,\u00a0<\/span><\/span><span class=\"TextRun SCXW47309158 BCX0\" lang=\"ES-ES\" xml:lang=\"ES-ES\" data-contrast=\"auto\"><span class=\"NormalTextRun SCXW47309158 BCX0\">con CIF B<\/span><\/span><span class=\"TextRun SCXW47309158 BCX0\" lang=\"ES-ES\" xml:lang=\"ES-ES\" data-contrast=\"auto\"><span class=\"NormalTextRun SCXW47309158 BCX0\">\u00a0<\/span><\/span><span class=\"TextRun SCXW47309158 BCX0\" lang=\"ES-ES\" xml:lang=\"ES-ES\" data-contrast=\"auto\"><span class=\"NormalTextRun SCXW47309158 BCX0\">22<\/span><\/span><span class=\"TextRun SCXW47309158 BCX0\" lang=\"ES-ES\" xml:lang=\"ES-ES\" data-contrast=\"auto\"><span class=\"NormalTextRun SCXW47309158 BCX0\">.<\/span><\/span><span class=\"TextRun SCXW47309158 BCX0\" lang=\"ES-ES\" xml:lang=\"ES-ES\" data-contrast=\"auto\"><span class=\"NormalTextRun SCXW47309158 BCX0\">531<\/span><\/span><span class=\"TextRun SCXW47309158 BCX0\" lang=\"ES-ES\" xml:lang=\"ES-ES\" data-contrast=\"auto\"><span class=\"NormalTextRun SCXW47309158 BCX0\">.<\/span><\/span><span class=\"TextRun SCXW47309158 BCX0\" lang=\"ES-ES\" xml:lang=\"ES-ES\" data-contrast=\"auto\"><span class=\"NormalTextRun SCXW47309158 BCX0\">834 y domicilio a estos efectos en<\/span><\/span><span class=\"TextRun SCXW47309158 BCX0\" lang=\"ES-ES\" xml:lang=\"ES-ES\" data-contrast=\"auto\"><span class=\"NormalTextRun SCXW47309158 BCX0\">\u00a0<\/span><\/span><span class=\"TextRun SCXW47309158 BCX0\" lang=\"ES-ES\" xml:lang=\"ES-ES\" data-contrast=\"auto\"><span class=\"NormalTextRun SCXW47309158 BCX0\">R\u00faa Xunqueira,\u00a0<\/span><span class=\"SpellingError SCXW47309158 BCX0\">n\u00ba<\/span><span class=\"NormalTextRun SCXW47309158 BCX0\">\u00a03, 36620, Vilanova de Arousa (Pontevedra)<\/span><\/span><span class=\"TextRun SCXW47309158 BCX0\" lang=\"ES-ES\" xml:lang=\"ES-ES\" data-contrast=\"auto\"><span class=\"NormalTextRun SCXW47309158 BCX0\">\u00a0con correo electr\u00f3nico de contacto:\u00a0<\/span><\/span><a class=\"Hyperlink SCXW47309158 BCX0\" href=\"mailto:info@perezlafuente.com\" target=\"_blank\" rel=\"noreferrer noopener\"><span class=\"TextRun Underlined SCXW47309158 BCX0\" lang=\"ES-ES\" xml:lang=\"ES-ES\" data-contrast=\"none\"><span class=\"NormalTextRun SCXW47309158 BCX0\" data-ccp-charstyle=\"Hyperlink\">info@perezlafuente.com<\/span><\/span><\/a><\/p>\n<p align=\"justify\"><span class=\"TextRun SCXW234388547 BCX0\" lang=\"ES-ES\" xml:lang=\"ES-ES\" data-contrast=\"auto\"><span class=\"NormalTextRun SCXW234388547 BCX0\"><strong>2. USUARIOS:<\/strong>\u00a0<\/span><\/span><span class=\"TextRun SCXW234388547 BCX0\" lang=\"ES-ES\" xml:lang=\"ES-ES\" data-contrast=\"auto\"><span class=\"NormalTextRun SCXW234388547 BCX0\">El acceso y\/o uso de este portal de\u00a0<\/span><\/span><span class=\"TextRun SCXW234388547 BCX0\" lang=\"ES-ES\" xml:lang=\"ES-ES\" data-contrast=\"none\"><span class=\"NormalTextRun SCXW234388547 BCX0\">CONSERVAS ANTONIO P\u00c9REZ LAFUENTE, S.L.<\/span><\/span><span class=\"TextRun SCXW234388547 BCX0\" lang=\"ES-ES\" xml:lang=\"ES-ES\" data-contrast=\"none\"><span class=\"NormalTextRun SCXW234388547 BCX0\">\u00a0<\/span><\/span><span class=\"TextRun SCXW234388547 BCX0\" lang=\"ES-ES\" xml:lang=\"ES-ES\" data-contrast=\"auto\"><span class=\"NormalTextRun SCXW234388547 BCX0\">atribuye la condici\u00f3n de USUARIO, que acepta, desde dicho acceso y\/o uso, las Condiciones Generales de uso aqu\u00ed reflejadas. Las citadas condiciones ser\u00e1n de aplicaci\u00f3n independientemente de las Condiciones Generales de Contrataci\u00f3n que en su caso resulten de obligado cumplimiento.<\/span><\/span><\/p>\n<p align=\"justify\"><strong>3. PROTECCI\u00d3N DE DATOS DE CAR\u00c1CTER PERSONAL<\/strong><\/p>\n<table style=\"height: 321px;\" width=\"100%\" cellspacing=\"0\" cellpadding=\"9\">\n<tbody>\n<tr>\n<td style=\"border-bottom: 1px solid #bdbdbd; border-top: 1px solid #bdbdbd;\" width=\"142\"><span lang=\"es-ES-u-co-trad\"><strong>Responsable<\/strong><\/span><\/td>\n<td style=\"border-bottom: 1px solid #bdbdbd; border-top: 1px solid #bdbdbd;\" valign=\"top\" width=\"546\"><b><span data-contrast=\"auto\">\u00bfQui\u00e9n es el Responsable del tratamiento de sus datos?<\/span><\/b><span data-ccp-props=\"{&quot;201341983&quot;:0,&quot;335551550&quot;:6,&quot;335551620&quot;:6,&quot;335559739&quot;:200,&quot;335559740&quot;:276}\">\u00a0<\/span><\/p>\n<p><span data-contrast=\"auto\">Identidad<\/span><span data-contrast=\"auto\">:\u00a0<\/span><b><span data-contrast=\"auto\">CONSERVAS ANTONIO P\u00c9REZ LAFUENTE, S.L.<\/span><\/b><b><span data-contrast=\"auto\">.<\/span><\/b><span data-ccp-props=\"{&quot;201341983&quot;:0,&quot;335551550&quot;:6,&quot;335551620&quot;:6,&quot;335559739&quot;:200,&quot;335559740&quot;:276}\">\u00a0<\/span><\/p>\n<p><span data-contrast=\"auto\">Domicilio Social<\/span><span data-contrast=\"auto\">:\u00a0<\/span><span data-contrast=\"auto\">\u00a0R\u00faa Xunqueira,\u00a0n\u00ba\u00a03, 36620, Vilanova de Arousa (Pontevedra)<\/span><span data-ccp-props=\"{&quot;201341983&quot;:0,&quot;335551550&quot;:6,&quot;335551620&quot;:6,&quot;335559739&quot;:200,&quot;335559740&quot;:276}\">\u00a0<\/span><\/p>\n<p><span data-contrast=\"auto\">Tel\u00e9fono:\u00a0<\/span><span data-contrast=\"auto\">986554045<\/span><span data-ccp-props=\"{&quot;201341983&quot;:0,&quot;335551550&quot;:6,&quot;335551620&quot;:6,&quot;335559739&quot;:200,&quot;335559740&quot;:276}\">\u00a0<\/span><\/p>\n<p><span data-contrast=\"auto\">Email:<\/span><span data-contrast=\"auto\">\u00a0<\/span><a href=\"mailto:info@perezlafuente.com\"><span data-contrast=\"none\"><span data-ccp-charstyle=\"Hyperlink\">info@perezlafuente.com<\/span><\/span><\/a><\/td>\n<\/tr>\n<tr>\n<td style=\"border-bottom: 1px solid #bdbdbd; border-top: 1px solid #bdbdbd;\" width=\"142\"><span lang=\"es-ES-u-co-trad\"><strong>Finalidad<\/strong><\/span><\/td>\n<td style=\"border-bottom: 1px solid #bdbdbd; border-top: 1px solid #bdbdbd;\" valign=\"top\" width=\"546\"><b><span data-contrast=\"auto\">\u00bfCon qu\u00e9 finalidad tratamos sus datos personales?<\/span><\/b><span data-ccp-props=\"{&quot;201341983&quot;:0,&quot;335551550&quot;:6,&quot;335551620&quot;:6,&quot;335559731&quot;:34,&quot;335559739&quot;:200,&quot;335559740&quot;:276}\">\u00a0<\/span><\/p>\n<p><span data-contrast=\"auto\">En\u00a0<\/span><b><span data-contrast=\"auto\">CONSERVAS ANTONIO P\u00c9REZ LAFUENTE, S.L.<\/span><\/b><span data-contrast=\"auto\">.<\/span><span data-contrast=\"auto\">\u00a0tratamos la informaci\u00f3n que nos facilitan las personas interesadas con el fin de gestionar\u00a0<\/span><span data-contrast=\"auto\">\u00e9l<\/span><span data-contrast=\"auto\">\u00a0envi\u00f3 de la informaci\u00f3n o de los productos solicitados.<\/span><span data-ccp-props=\"{&quot;201341983&quot;:0,&quot;335551550&quot;:6,&quot;335551620&quot;:6,&quot;335559739&quot;:200,&quot;335559740&quot;:276}\">\u00a0<\/span><\/p>\n<p><span data-contrast=\"auto\">Se realizar\u00e1n tratamientos de datos automatizados con el fin de elaborar perfiles con los servicios solicitados o compras realizadas, para poder ofrecerle\u00a0<\/span><span data-contrast=\"auto\">promociones, ofertas o servicios<\/span><span data-contrast=\"auto\">\u00a0por los que ha mostrado inter\u00e9s.<\/span><span data-ccp-props=\"{&quot;201341983&quot;:0,&quot;335551550&quot;:6,&quot;335551620&quot;:6,&quot;335559739&quot;:200,&quot;335559740&quot;:276}\">\u00a0<\/span><\/p>\n<p><span data-ccp-props=\"{&quot;201341983&quot;:0,&quot;335551550&quot;:6,&quot;335551620&quot;:6,&quot;335559739&quot;:200,&quot;335559740&quot;:276}\">\u00a0<\/span><b><span data-contrast=\"auto\">\u00bfPor cu\u00e1nto tiempo conservaremos sus datos?<\/span><\/b><span data-ccp-props=\"{&quot;201341983&quot;:0,&quot;335551550&quot;:6,&quot;335551620&quot;:6,&quot;335559739&quot;:200,&quot;335559740&quot;:276}\">\u00a0<\/span><\/p>\n<p><span data-ccp-props=\"{&quot;201341983&quot;:0,&quot;335551550&quot;:6,&quot;335551620&quot;:6,&quot;335559739&quot;:200,&quot;335559740&quot;:276}\">\u00a0<\/span><span data-contrast=\"auto\">Los datos personales facilitados por el usuario se conservar\u00e1n mientras no se solicite la supresi\u00f3n de los mismos por parte del interesado.<\/span><span data-ccp-props=\"{&quot;201341983&quot;:0,&quot;335551550&quot;:6,&quot;335551620&quot;:6,&quot;335559739&quot;:200,&quot;335559740&quot;:276}\">\u00a0<\/span><\/td>\n<\/tr>\n<tr>\n<td style=\"border-bottom: 1px solid #bdbdbd; border-top: 1px solid #bdbdbd;\" width=\"142\"><span lang=\"es-ES-u-co-trad\"><strong>Legitimaci\u00f3n<\/strong><\/span><\/td>\n<td style=\"border-bottom: 1px solid #bdbdbd; border-top: 1px solid #bdbdbd;\" valign=\"top\" width=\"546\"><span class=\"TextRun SCXW252165290 BCX0\" lang=\"ES-ES\" xml:lang=\"ES-ES\" data-contrast=\"auto\"><span class=\"NormalTextRun SCXW252165290 BCX0\">La base legal para el tratamiento de sus datos es la ejecuci\u00f3n de su solicitud, el desarrollo y ejecuci\u00f3n de las relaciones contractuales y precontractuales establecidas con usted, as\u00ed como el cumplimiento de obligaciones legales que le son de aplicaci\u00f3n a<\/span><\/span><span class=\"TextRun SCXW252165290 BCX0\" lang=\"ES-ES\" xml:lang=\"ES-ES\" data-contrast=\"auto\"><span class=\"NormalTextRun SCXW252165290 BCX0\">\u00a0<\/span><\/span><span class=\"TextRun SCXW252165290 BCX0\" lang=\"ES-ES\" xml:lang=\"ES-ES\" data-contrast=\"auto\"><span class=\"NormalTextRun SCXW252165290 BCX0\">CONSERVAS ANTONIO P\u00c9REZ LAFUENTE, S.L.<\/span><\/span><\/td>\n<\/tr>\n<tr>\n<td style=\"border-bottom: 1px solid #bdbdbd; border-top: 1px solid #bdbdbd;\" width=\"142\"><span lang=\"es-ES-u-co-trad\"><strong>Destinatarios<\/strong><\/span><\/td>\n<td style=\"border-bottom: 1px solid #bdbdbd; border-top: 1px solid #bdbdbd;\" valign=\"top\" width=\"546\"><b><span data-contrast=\"auto\">\u00bfA qu\u00e9 destinatarios se comunicar\u00e1n sus datos?<\/span><\/b><span data-ccp-props=\"{&quot;201341983&quot;:0,&quot;335551550&quot;:6,&quot;335551620&quot;:6,&quot;335559739&quot;:200,&quot;335559740&quot;:276}\">\u00a0<\/span><\/p>\n<p><b><span data-contrast=\"auto\">CONSERVAS ANTONIO P\u00c9REZ LAFUENTE, S.L.<\/span><\/b><span data-contrast=\"auto\">.\u00a0<\/span><span data-contrast=\"auto\">no realice cesiones de datos<\/span><span data-contrast=\"auto\">\u00a0a otra<\/span><span data-contrast=\"auto\">s empresas<\/span><span data-contrast=\"auto\">, salvo a\u00a0<\/span><span data-contrast=\"auto\">las Administraciones P\u00fablicas a las que se encuentre obligado por Ley.<\/span><\/td>\n<\/tr>\n<tr>\n<td style=\"border-bottom: 1px solid #bdbdbd; border-top: 1px solid #bdbdbd;\" width=\"142\"><span lang=\"es-ES-u-co-trad\"><strong>Derechos<\/strong><\/span><\/td>\n<td style=\"border-bottom: 1px solid #bdbdbd; border-top: 1px solid #bdbdbd;\" valign=\"top\" width=\"546\"><span lang=\"es-ES-u-co-trad\">Puede ejercitar los Acceso, rectificaci\u00f3n, supresi\u00f3n, limitaci\u00f3n, oposici\u00f3n y portabilidad\u00a0de los datos aportados, como se indica en la informaci\u00f3n adicional.<\/span><\/td>\n<\/tr>\n<tr>\n<td style=\"border-bottom: 1px solid #bdbdbd; border-top: 1px solid #bdbdbd;\" width=\"142\"><span lang=\"es-ES-u-co-trad\"><strong>Informaci\u00f3n Adicional<\/strong><\/span><\/td>\n<td style=\"border-bottom: 1px solid #bdbdbd; border-top: 1px solid #bdbdbd;\" valign=\"top\" width=\"546\"><span data-contrast=\"none\">El usuario podr\u00e1 ejercer en todo momento los derechos de Acceso, Rectificaci\u00f3n, Supresi\u00f3n, Limitaci\u00f3n, Oposici\u00f3n y Portabilidad de los datos aportados, seg\u00fan lo dispuesto en el\u00a0<\/span><span data-contrast=\"none\">Reglamento General (UE) 2016\/679 de Protecci\u00f3n de Datos y en la Ley Org\u00e1nica 3\/2018, de 5 de diciembre, de Protecci\u00f3n de Datos Personales y garant\u00eda de los derechos digitales, dirigiendo un escrito en que especifique que derecho desea ejercer y adjuntando copia de documento oficial que lo identifique dirigido a la direcci\u00f3n arriba indicada o al correo electr\u00f3nico\u00a0<\/span><a href=\"mailto:info@perezlafuente.com\"><span data-contrast=\"none\"><span data-ccp-charstyle=\"Hyperlink\">info@perezlafuente.com<\/span><\/span><\/a><span data-ccp-props=\"{&quot;201341983&quot;:0,&quot;335551550&quot;:6,&quot;335551620&quot;:6,&quot;335559739&quot;:200,&quot;335559740&quot;:276}\">\u00a0<\/span><\/p>\n<p><span data-contrast=\"auto\">Asimismo, el interesado puede presentar una reclamaci\u00f3n ante la Autoridad de Control.<\/span><\/td>\n<\/tr>\n<\/tbody>\n<\/table>\n<p>En cumplimiento de lo establecido en el Reglamento General (UE) 2016\/679 de Protecci\u00f3n de Datos y en la Ley Org\u00e1nica 3\/2018, de 5 de diciembre, de Protecci\u00f3n de Datos Personales y garant\u00eda de los derechos digitales, comunicamos al usuario que los datos personales que nos facilite de forma voluntaria, por cualquiera de nuestros medios de recogida de informaci\u00f3n, van a ser incorporados a las Actividades de Tratamiento automatizados de datos de car\u00e1cter personal titularidad de CONSERVAS ANTONIO P\u00c9REZ LAFUENTE, S.L., con el fin de poderle prestar nuestros servicios, as\u00ed como para mantenerle informado sobre cuestiones relativas a la actividad de la empresa y sus servicios. Los campos marcados con \u201c*\u201d son de car\u00e1cter obligatorio, por lo que la no cumplimentaci\u00f3n de dichos campos impedir\u00e1 al USUARIO disfrutar de algunos de los Servicios e informaciones ofrecidas en la Web. Los datos contenidos en ellos ser\u00e1n tratados de forma confidencial.<\/p>\n<p>CONSERVAS ANTONIO P\u00c9REZ LAFUENTE, S.L. cumple \u00edntegramente con la legislaci\u00f3n vigente en materia de protecci\u00f3n de datos de car\u00e1cter personal, y con los compromisos de confidencialidad propios de su actividad.<\/p>\n<p>CONSERVAS ANTONIO P\u00c9REZ LAFUENTE, S.L. ha adoptado las medidas t\u00e9cnicas necesarias para mantener el nivel de seguridad requerido, seg\u00fan la naturaleza de los datos personales tratados y las circunstancias del tratamiento, con el objeto de evitar, en la medida de lo posible y siempre seg\u00fan el estado de la t\u00e9cnica, su alteraci\u00f3n, p\u00e9rdida, tratamiento o acceso no autorizado. Para la realizaci\u00f3n de la gesti\u00f3n antes mencionada puede ser necesario que se cedan los datos a encargados del tratamiento, empresas colaboradoras y administraciones p\u00fablicas (las cuales pueden verificar la veracidad de los datos).<\/p>\n<p>En caso de que el USUARIO facilite datos de car\u00e1cter personal, referentes a personas f\u00edsicas distintas a s\u00ed mismo, el USUARIO deber\u00e1, con car\u00e1cter previo a la inclusi\u00f3n, informarles del contenido de la presente clausula, de acuerdo con lo establecido en el Reglamento General (UE) 2016\/679 de Protecci\u00f3n de Datos y en la Ley Org\u00e1nica 3\/2018, de 5 de diciembre, de Protecci\u00f3n de Datos Personales y garant\u00eda de los derechos digitales.<\/p>\n<p>CONSERVAS ANTONIO P\u00c9REZ LAFUENTE, S.L. como responsable de la Actividad de Tratamiento, garantiza el ejercicio de los derechos de acceso, rectificaci\u00f3n, supresi\u00f3n, limitaci\u00f3n, oposici\u00f3n y portabilidad de los datos aportados, seg\u00fan lo dispuesto en el Reglamento General (UE) 2016\/679 de Protecci\u00f3n de Datos y en la Ley Org\u00e1nica 3\/2018, de 5 de diciembre, de Protecci\u00f3n de Datos Personales y garant\u00eda de los derechos digitales, el USUARIO podr\u00e1 ejercer en todo momento los derechos, dirigiendo un escrito al domicilio social, adjuntando copia del DNI o Pasaporte.<\/p>\n<p>CONSERVAS ANTONIO P\u00c9REZ LAFUENTE, S.L. garantiza que todas las comunicaciones comerciales que dirige a sus clientes cumplen la normativa vigente.<\/p>\n<p>Por ello, en cumplimiento de la Ley 34\/2002 de Servicios de la Sociedad de la Informaci\u00f3n y de Comercio Electr\u00f3nico y la Ley 9\/2014 General de Telecomunicaciones, se informa al USUARIO que CONSERVAS ANTONIO P\u00c9REZ LAFUENTE, S.L. podr\u00e1 enviarle por medios electr\u00f3nicos informaci\u00f3n acerca de productos y servicios de inter\u00e9s a lo que Ud. presta su consentimiento<\/p>\n<p>En cualquier momento podr\u00e1 revocar esta autorizaci\u00f3n en la direcci\u00f3n\u00a0<a href=\"mailto:info@perezlafuente.com\">info@perezlafuente.com<\/a><\/p>\n<p align=\"center\">\n<p><\/p>","protected":false},"excerpt":{"rendered":"<p>POL\u00cdTICA DE PRIVACIDAD &nbsp; 1. DATOS IDENTIFICATIVOS:\u00a0En\u00a0cumplimiento del deber de informaci\u00f3n recogido en el art\u00edculo 10 de la Ley 34\/2002,&#8230;  <a href=\"https:\/\/pandomar.net\/gl\/politica-de-privacidad\/\" class=\"more-link\" title=\"Read Pol\u00edtica de privacidade\">Read more &raquo;<\/a><\/p>\n","protected":false},"author":2,"featured_media":0,"parent":0,"menu_order":0,"comment_status":"closed","ping_status":"closed","template":"","meta":{"footnotes":""},"acf":[],"yoast_head":"<!-- This site is optimized with the Yoast SEO plugin v17.6 - https:\/\/yoast.com\/wordpress\/plugins\/seo\/ -->\n<meta name=\"robots\" content=\"index, follow, max-snippet:-1, max-image-preview:large, max-video-preview:-1\" \/>\n<link rel=\"canonical\" href=\"https:\/\/pandomar.net\/gl\/politica-de-privacidad\/\" \/>\n<meta property=\"og:locale\" content=\"gl_ES\" \/>\n<meta property=\"og:type\" content=\"article\" \/>\n<meta property=\"og:title\" content=\"Pol\u00edtica de privacidade - Pandomar\" \/>\n<meta property=\"og:description\" content=\"POL\u00cdTICA DE PRIVACIDAD &nbsp; 1. DATOS IDENTIFICATIVOS:\u00a0En\u00a0cumplimiento del deber de informaci\u00f3n recogido en el art\u00edculo 10 de la Ley 34\/2002,... Read more &raquo;\" \/>\n<meta property=\"og:url\" content=\"https:\/\/pandomar.net\/gl\/politica-de-privacidad\/\" \/>\n<meta property=\"og:site_name\" content=\"Pandomar\" \/>\n<meta property=\"article:modified_time\" content=\"2025-11-10T12:37:11+00:00\" \/>\n<meta name=\"twitter:card\" content=\"summary_large_image\" \/>\n<meta name=\"twitter:label1\" content=\"Tempo de lectura\" \/>\n\t<meta name=\"twitter:data1\" content=\"25 minutos\" \/>\n<script type=\"application\/ld+json\" class=\"yoast-schema-graph\">{\"@context\":\"https:\/\/schema.org\",\"@graph\":[{\"@type\":\"WebSite\",\"@id\":\"https:\/\/pandomar.net\/gl\/#website\",\"url\":\"https:\/\/pandomar.net\/gl\/\",\"name\":\"Pandomar\",\"description\":\"Conservas de pescado procedentes de la pesca sostenible, elaboradas de forma artesanal con ingredientes de la agricultura ecol\\u00f3gica.\",\"potentialAction\":[{\"@type\":\"SearchAction\",\"target\":{\"@type\":\"EntryPoint\",\"urlTemplate\":\"https:\/\/pandomar.net\/gl\/?s={search_term_string}\"},\"query-input\":\"required name=search_term_string\"}],\"inLanguage\":\"gl-ES\"},{\"@type\":\"WebPage\",\"@id\":\"https:\/\/pandomar.net\/gl\/politica-de-privacidad\/#webpage\",\"url\":\"https:\/\/pandomar.net\/gl\/politica-de-privacidad\/\",\"name\":\"Pol\\u00edtica de privacidade - Pandomar\",\"isPartOf\":{\"@id\":\"https:\/\/pandomar.net\/gl\/#website\"},\"datePublished\":\"2018-05-29T09:53:00+00:00\",\"dateModified\":\"2025-11-10T12:37:11+00:00\",\"breadcrumb\":{\"@id\":\"https:\/\/pandomar.net\/gl\/politica-de-privacidad\/#breadcrumb\"},\"inLanguage\":\"gl-ES\",\"potentialAction\":[{\"@type\":\"ReadAction\",\"target\":[\"https:\/\/pandomar.net\/gl\/politica-de-privacidad\/\"]}]},{\"@type\":\"BreadcrumbList\",\"@id\":\"https:\/\/pandomar.net\/gl\/politica-de-privacidad\/#breadcrumb\",\"itemListElement\":[{\"@type\":\"ListItem\",\"position\":1,\"name\":\"Portada\",\"item\":\"https:\/\/pandomar.net\/gl\/\"},{\"@type\":\"ListItem\",\"position\":2,\"name\":\"Pol\\u00edtica de privacidade\"}]}]}<\/script>\n<!-- \/ Yoast SEO plugin. -->","yoast_head_json":{"robots":{"index":"index","follow":"follow","max-snippet":"max-snippet:-1","max-image-preview":"max-image-preview:large","max-video-preview":"max-video-preview:-1"},"canonical":"https:\/\/pandomar.net\/gl\/politica-de-privacidad\/","og_locale":"gl_ES","og_type":"article","og_title":"Pol\u00edtica de privacidade - Pandomar","og_description":"POL\u00cdTICA DE PRIVACIDAD &nbsp; 1. DATOS IDENTIFICATIVOS:\u00a0En\u00a0cumplimiento del deber de informaci\u00f3n recogido en el art\u00edculo 10 de la Ley 34\/2002,... Read more &raquo;","og_url":"https:\/\/pandomar.net\/gl\/politica-de-privacidad\/","og_site_name":"Pandomar","article_modified_time":"2025-11-10T12:37:11+00:00","twitter_card":"summary_large_image","twitter_misc":{"Tempo de lectura":"25 minutos"},"schema":{"@context":"https:\/\/schema.org","@graph":[{"@type":"WebSite","@id":"https:\/\/pandomar.net\/gl\/#website","url":"https:\/\/pandomar.net\/gl\/","name":"Pandomar","description":"Conservas de pescado procedentes de la pesca sostenible, elaboradas de forma artesanal con ingredientes de la agricultura ecol\u00f3gica.","potentialAction":[{"@type":"SearchAction","target":{"@type":"EntryPoint","urlTemplate":"https:\/\/pandomar.net\/gl\/?s={search_term_string}"},"query-input":"required name=search_term_string"}],"inLanguage":"gl-ES"},{"@type":"WebPage","@id":"https:\/\/pandomar.net\/gl\/politica-de-privacidad\/#webpage","url":"https:\/\/pandomar.net\/gl\/politica-de-privacidad\/","name":"Pol\u00edtica de privacidade - Pandomar","isPartOf":{"@id":"https:\/\/pandomar.net\/gl\/#website"},"datePublished":"2018-05-29T09:53:00+00:00","dateModified":"2025-11-10T12:37:11+00:00","breadcrumb":{"@id":"https:\/\/pandomar.net\/gl\/politica-de-privacidad\/#breadcrumb"},"inLanguage":"gl-ES","potentialAction":[{"@type":"ReadAction","target":["https:\/\/pandomar.net\/gl\/politica-de-privacidad\/"]}]},{"@type":"BreadcrumbList","@id":"https:\/\/pandomar.net\/gl\/politica-de-privacidad\/#breadcrumb","itemListElement":[{"@type":"ListItem","position":1,"name":"Portada","item":"https:\/\/pandomar.net\/gl\/"},{"@type":"ListItem","position":2,"name":"Pol\u00edtica de privacidade"}]}]}},"_links":{"self":[{"href":"https:\/\/pandomar.net\/gl\/wp-json\/wp\/v2\/pages\/1380"}],"collection":[{"href":"https:\/\/pandomar.net\/gl\/wp-json\/wp\/v2\/pages"}],"about":[{"href":"https:\/\/pandomar.net\/gl\/wp-json\/wp\/v2\/types\/page"}],"author":[{"embeddable":true,"href":"https:\/\/pandomar.net\/gl\/wp-json\/wp\/v2\/users\/2"}],"replies":[{"embeddable":true,"href":"https:\/\/pandomar.net\/gl\/wp-json\/wp\/v2\/comments?post=1380"}],"version-history":[{"count":48,"href":"https:\/\/pandomar.net\/gl\/wp-json\/wp\/v2\/pages\/1380\/revisions"}],"predecessor-version":[{"id":2335,"href":"https:\/\/pandomar.net\/gl\/wp-json\/wp\/v2\/pages\/1380\/revisions\/2335"}],"wp:attachment":[{"href":"https:\/\/pandomar.net\/gl\/wp-json\/wp\/v2\/media?parent=1380"}],"curies":[{"name":"wp","href":"https:\/\/api.w.org\/{rel}","templated":true}]}}