
{"id":1314,"date":"2017-07-27T06:21:45","date_gmt":"2017-07-27T06:21:45","guid":{"rendered":"http:\/\/pandomar.net\/politica-de-cookies\/"},"modified":"2025-11-10T12:17:16","modified_gmt":"2025-11-10T11:17:16","slug":"politica-de-cookies","status":"publish","type":"page","link":"https:\/\/pandomar.net\/gl\/politica-de-cookies\/","title":{"rendered":"Pol\u00edtica de cookies"},"content":{"rendered":"<p class=\"lead\"><strong>POL\u00cdTICA DE PRIVACIDADE<\/strong><\/p>\n<p>De conformidad con la normativa espa\u00f1ola que regula el uso de cookies en relaci\u00f3n a la prestaci\u00f3n de servicios de la sociedad de la informaci\u00f3n, recogida en el apartado segundo del art\u00edculo 22 de la Ley 34\/2002, de 11 de julio, de servicios de la sociedad de la informaci\u00f3n y de comercio electr\u00f3nico, tras su modificaci\u00f3n por el Real Decreto Ley 13\/2012 del 30 de marzo, le informamos sobre las cookies utilizadas en el sitio web www.pandomar.net y el motivo de su uso. Asimismo, le informamos que de conformidad con la ley (i) el USUARIO da su consentimiento para poder utilizarlas si modifica la configuraci\u00f3n de su navegador deshabilitando las restricciones que impiden la entrada de cookies y (ii) que el referido consentimiento no ser\u00e1 preciso para la instalaci\u00f3n de aquellas cookies que sean estrictamente necesarias para la prestaci\u00f3n de un servicio expresamente solicitado por el USUARIO<\/p>\n<h2>\u00bfQUE SON LAS COOKIES?<\/h2>\n<p>Las cookies son peque\u00f1os archivos de texto que se instalan en el navegador del ordenador del USUARIO para registrar su actividad enviando una identificaci\u00f3n an\u00f3nima que se almacena en el mismo, con la finalidad de que la navegaci\u00f3n sea m\u00e1s sencilla, permitiendo por ejemplo, el acceso a los USUARIOS que se hayan registrado previamente, el acceso a las \u00e1reas, servicios o promociones reservados exclusivamente a ellos sin tener que registrarse en cada visita. Se pueden utilizar tambi\u00e9n para medir la audiencia, par\u00e1metros del tr\u00e1fico y navegaci\u00f3n, tiempo de sesi\u00f3n, y\/o controlar el progreso y n\u00famero de entradas. Las cookies se asocian \u00fanicamente a un usuario an\u00f3nimo y su ordenador o dispositivo y no proporcionan referencias que permitan conocer sus datos personales.<\/p>\n<h2>TIPOS DE COOKIES<\/h2>\n<p>1.- Cookies propias: Son aqu\u00e9llas que se env\u00edan al equipo terminal del usuario desde un equipo o dominio gestionado por el propio editor y desde el que se presta el servicio Solicitado por el usuario.<\/p>\n<p>2.- Cookies de terceros: Son aqu\u00e9llas que se env\u00edan al equipo terminal del usuario desde un equipo o dominio que no es gestionado por el editor, sino por otra entidad que trata los datos obtenidos trav\u00e9s de las cookies.<\/p>\n<p>3.- Cookies de sesi\u00f3n: Son un tipo de cookies dise\u00f1adas para recabar y almacenar datos mientras el usuario accede a una p\u00e1gina web.<\/p>\n<p>4.- Cookies persistentes: Son un tipo de cookies en el que los datos siguen almacenados en el terminal y pueden ser accedidos y tratados durante un periodo definido por el responsable de la cookie, y que puede ir de unos minutos a varios a\u00f1os.<\/p>\n<p>5.-Cookies t\u00e9cnicas: Son aquellas que permiten al usuario la navegaci\u00f3n a trav\u00e9s de una p\u00e1gina web y la utilizaci\u00f3n de las diferentes opciones o servicios que en ella existan como, por ejemplo, controlar el tr\u00e1fico y la comunicaci\u00f3n de datos, identificar la sesi\u00f3n, acceder a partes de acceso restringido, recordar los elementos que integran un pedido, almacenar contenidos para la difusi\u00f3n de videos o sonido o compartir contenidos a trav\u00e9s de redes sociales<\/p>\n<p>6.- Cookies de personalizaci\u00f3n: Son aquellas que permiten al usuario acceder al servicio con algunas caracter\u00edsticas de car\u00e1cter general predefinidas en funci\u00f3n de una serie de criterios en el terminal del usuario como por ejemplo ser\u00edan el idioma, el tipo de navegador a trav\u00e9s del cual accede al servicio, etc<\/p>\n<p>7.- Cookies de an\u00e1lisis: Son aqu\u00e9llas que bien tratadas por nosotros o por terceros, nos permiten cuantificar el n\u00famero de usuarios y as\u00ed realizar la medici\u00f3n y an\u00e1lisis estad\u00edstico de la utilizaci\u00f3n que hacen los usuarios del servicio ofertado. Para ello se analiza su navegaci\u00f3n en nuestra p\u00e1gina web con el fin de mejorar la oferta de productos o servicios que le ofrecemos.<\/p>\n<p>8.- Cookies publicitarias: Son aqu\u00e9llas que permiten la gesti\u00f3n, de la forma m\u00e1s eficaz posible, de los espacios publicitarios que, en su caso, el editor haya incluido en una p\u00e1gina web, aplicaci\u00f3n o plataforma desde la que presta el servicio solicitado en base a criterios como el contenido editado o la frecuencia en la que se muestran los anuncios.<\/p>\n<p>9.- Cookies de publicidad comportamental: Son aqu\u00e9llas que permiten la gesti\u00f3n, de la forma m\u00e1s eficaz posible, de los espacios publicitarios que, en su caso, el editor haya incluido en una p\u00e1gina web, aplicaci\u00f3n o plataforma desde la que presta el servicio solicitado. Estas cookies almacenan informaci\u00f3n del comportamiento de los usuarios obtenida a trav\u00e9s de la observaci\u00f3n continuada de sus h\u00e1bitos de navegaci\u00f3n, lo que permite desarrollar un perfil espec\u00edfico para mostrar publicidad en funci\u00f3n del mismo.<\/p>\n<p>&#8211; TIPOS DE COOKIES UTILIZADAS POR ESTE SITIO WEB<\/p>\n<p>Las cookies utilizadas en nuestro sitio web, son de sesi\u00f3n y de terceros, y nos permiten almacenar y acceder a informaci\u00f3n relativa al idioma, el tipo de navegador utilizado, y otras caracter\u00edsticas generales predefinidas por el usuario, as\u00ed como, seguir y analizar la actividad que lleva a cabo, con el objeto de introducir mejoras y prestar nuestros servicios de una manera m\u00e1s eficiente y personalizada CONSERVAS ANTONIO P\u00c9REZ LAFUENTE, S.L. no utiliza cookies publicitarias o de publicidad comportamental.<\/p>\n<p>La utilizaci\u00f3n de las\u202fcookies\u202fofrece ventajas en la prestaci\u00f3n de servicios, puesto que, facilita al usuario la navegaci\u00f3n y el acceso a los diferentes servicios que ofrece este sitio web; evita al usuario tener que configurar las caracter\u00edsticas generales predefinidas cada vez que accede al sitio web; favorece la mejora del funcionamiento y de los servicios prestados a trav\u00e9s de este sitio web, tras el correspondiente an\u00e1lisis de la informaci\u00f3n obtenida a trav\u00e9s de las\u202fcookies\u202finstaladas.<\/p>\n<table style=\"font-size: 12px !important;\" border=\"1\" width=\"600\" bgcolor=\"#efefef\">\n<tbody>\n<tr>\n<td><strong>Cookie<\/strong><\/td>\n<td><strong>Nombre<\/strong><\/td>\n<td><strong>Tipo<\/strong><\/td>\n<td><strong>Finalidad<\/strong><\/td>\n<td><strong>Duraci\u00f3n<\/strong><\/td>\n<td><strong>M\u00e1s informaci\u00f3n<\/strong><\/td>\n<\/tr>\n<tr>\n<td colspan=\"1\" rowspan=\"7\">Pandomar.net<\/td>\n<td>_ga<\/td>\n<td colspan=\"1\" rowspan=\"3\">De terceros<\/p>\n<p>GooogleAnalytics<\/td>\n<td>Esta cookie habilita la funci\u00f3n de control de visitas \u00fanicas.<br \/>\nLa primera vez que un usuario entre en el sitio web a trav\u00e9s de<br \/>\nun navegador se instalar\u00e1 esta cookie. Cuando este usuario<br \/>\nvuelva a entrar en la web con el mismo navegador, la cookie<br \/>\nconsiderar\u00e1 que es el mismo usuario. Solo en el caso de que el<br \/>\nusuario cambie de navegador, se considerar\u00e1 otro usuario<\/td>\n<td>2 a\u00f1os<\/td>\n<td colspan=\"1\" rowspan=\"3\"><a href=\"https:\/\/developers.google.com\/analytics\/devguides\/collection\/analyticsjs\/cookie-usage?hl=es\"><br \/>\nhttps:\/\/developers.google.com\/analytics\/devguides\/collection\/analyticsjs\/cookie-usage?hl=es<br \/>\n<\/a><\/td>\n<\/tr>\n<tr>\n<td>_gat<\/td>\n<td>Se utiliza para limitar la velocidad de petici\u00f3n \u2013 la<br \/>\nlimitaci\u00f3n de la recogida de datos en los sitios de alto<br \/>\ntr\u00e1fico.<\/td>\n<td>10 minuto<\/td>\n<\/tr>\n<tr>\n<td>_gid<\/td>\n<td>Se utiliza para distinguir a los usuarios<\/td>\n<td>1 d\u00eda<\/td>\n<\/tr>\n<tr>\n<td>qtrans_front_language<\/td>\n<td>Propia<\/td>\n<td>Esta cookies es utilizada para la traducci\u00f3n del idioma<\/td>\n<td>2 a\u00f1os<\/td>\n<td><\/td>\n<\/tr>\n<tr>\n<td>viewed_cookie_policy<\/td>\n<td colspan=\"1\" rowspan=\"3\">T\u00e9cnica<\/td>\n<td colspan=\"1\" rowspan=\"3\">T\u00e9cnicas y estrictamente necesaria que contiene el valor de si<br \/>\nse ha aceptado la pol\u00edtica de cooikes.<\/td>\n<td>1 a\u00f1o<\/td>\n<td><\/td>\n<\/tr>\n<tr>\n<td>cookielawinfo-checkbox-necessary<\/td>\n<td>30 minutos<\/td>\n<td><\/td>\n<\/tr>\n<tr>\n<td>cookielawinfo-checkbox-non-necessary<\/td>\n<td>30 minutos<\/td>\n<td><\/td>\n<\/tr>\n<\/tbody>\n<\/table>\n<p>NOTA: En alguna p\u00e1gina de este sitio web se muestra contenido embebido o invocado a trav\u00e9s del cual se pueden estar instalando cookies de terceros. Aunque la p\u00e1gina es revisada cada cierto tiempo puede ser que el listado de cookies no est\u00e9 actualizado. Si desea hacer alguna pregunta sobre las cookies que se instalan a trav\u00e9s de este sitio web, contacte con nosotros.<\/p>\n<h2>DESHABILITACI\u00d3N DE LAS COOKIES<\/h2>\n<p>Como usuario en todo momento podr\u00e1 acceder a la configuraci\u00f3n de su navegador\u202faceptando o rechazando todas las cookies, o bien seleccionar aqu\u00e9llas cuya instalaci\u00f3n admite y cu\u00e1les no, siguiendo uno de los siguientes procedimientos, que depende del navegador que utilice:<\/p>\n<p>Dado que cada navegador utiliza una manera diferente, la funci\u00f3n ayuda de su navegador le indicar\u00e1 como hacerlo<\/p>\n<ul>\n<li>InternetExplorer:\u202fwindows.microsoft.com\/es-xl\/internet-explorer\/delete-manage-cookies#ie=&#8221;ie-10&#8243;<\/li>\n<li>FireFox:\u202fsupport.mozilla.org\/es\/kb\/Borrar%20cookies<\/li>\n<li>Chrome:\u202fsupport.google.com\/chrome\/answer\/95647?hl=&#8221;es&#8221;<\/li>\n<li>Safari:\u202fwww.apple.com\/es\/privacy\/use-of-cookies\/<\/li>\n<\/ul>\n<p>Todos los navegadores permiten cambiar la configuraci\u00f3n de Cookies. Estos ajustes normalmente se encuentran en las &#8216;opciones&#8217; o &#8216;Preferencias&#8217; del men\u00fa de su navegador.<\/p>\n<p>A continuaci\u00f3n se ofrece informaci\u00f3n sobre los pasos para acceder al men\u00fade configuraci\u00f3n de las cookies y, en su caso,de la navegaci\u00f3n privada en cada uno de los navegadores principales:<\/p>\n<ul>\n<li><strong>Internet Explorer:\u00a0<\/strong>Herramientas -&gt; Opciones de Internet -&gt; Privacidad -&gt; Configuraci\u00f3n.\n<ul>\n<li>Para m\u00e1s informaci\u00f3n, puede consultar el\u202fsoporte de Microsoft\u202f\u202fo la Ayuda del navegador.<\/li>\n<\/ul>\n<\/li>\n<li><strong>Firefox:<\/strong>\u00a0Herramientas -&gt; Opciones -&gt; Privacidad -&gt; Historial -&gt; Configuraci\u00f3n Personalizada.\n<ul>\n<li>Para m\u00e1s informaci\u00f3n, puede consultar el\u202fsoporte de Mozilla\u202f\u202fo la Ayuda del navegador.<\/li>\n<\/ul>\n<\/li>\n<li><strong>Chrome:<\/strong>\u00a0Configuraci\u00f3n -&gt; Mostrar opciones avanzadas -&gt; Privacidad -&gt; Configuraci\u00f3n de contenido.\n<ul>\n<li>Para m\u00e1s informaci\u00f3n, puede consultarel\u202fsoporte de Google\u202f\u202fo la Ayuda del navegador.<\/li>\n<\/ul>\n<\/li>\n<li><strong>Safari:<\/strong>\u00a0Preferencias-&gt;Seguridad.\n<ul>\n<li>Para m\u00e1s informaci\u00f3n, puede consultar el\u202fsoporte de Apple\u202f\u202fo la Ayuda del navegador.<\/li>\n<\/ul>\n<\/li>\n<\/ul>\n<p>Para cualquier consulta puede ponerse en contacto con nosotros en la siguiente direcci\u00f3n de correo: info@perezlafuente.com<\/p>","protected":false},"excerpt":{"rendered":"<p>POL\u00cdTICA DE PRIVACIDADE De conformidad con la normativa espa\u00f1ola que regula el uso de cookies en relaci\u00f3n a la prestaci\u00f3n&#8230;  <a href=\"https:\/\/pandomar.net\/gl\/politica-de-cookies\/\" class=\"more-link\" title=\"Read Pol\u00edtica de cookies\">Read more &raquo;<\/a><\/p>\n","protected":false},"author":2,"featured_media":0,"parent":0,"menu_order":0,"comment_status":"closed","ping_status":"closed","template":"","meta":{"footnotes":""},"acf":[],"yoast_head":"<!-- This site is optimized with the Yoast SEO plugin v17.6 - https:\/\/yoast.com\/wordpress\/plugins\/seo\/ -->\n<meta name=\"robots\" content=\"index, follow, max-snippet:-1, max-image-preview:large, max-video-preview:-1\" \/>\n<link rel=\"canonical\" href=\"https:\/\/pandomar.net\/gl\/politica-de-cookies\/\" \/>\n<meta property=\"og:locale\" content=\"gl_ES\" \/>\n<meta property=\"og:type\" content=\"article\" \/>\n<meta property=\"og:title\" content=\"Pol\u00edtica de cookies - Pandomar\" \/>\n<meta property=\"og:description\" content=\"POL\u00cdTICA DE PRIVACIDADE De conformidad con la normativa espa\u00f1ola que regula el uso de cookies en relaci\u00f3n a la prestaci\u00f3n... Read more &raquo;\" \/>\n<meta property=\"og:url\" content=\"https:\/\/pandomar.net\/gl\/politica-de-cookies\/\" \/>\n<meta property=\"og:site_name\" content=\"Pandomar\" \/>\n<meta property=\"article:modified_time\" content=\"2025-11-10T11:17:16+00:00\" \/>\n<meta name=\"twitter:card\" content=\"summary_large_image\" \/>\n<meta name=\"twitter:label1\" content=\"Tempo de lectura\" \/>\n\t<meta name=\"twitter:data1\" content=\"35 minutos\" \/>\n<script type=\"application\/ld+json\" class=\"yoast-schema-graph\">{\"@context\":\"https:\/\/schema.org\",\"@graph\":[{\"@type\":\"WebSite\",\"@id\":\"https:\/\/pandomar.net\/gl\/#website\",\"url\":\"https:\/\/pandomar.net\/gl\/\",\"name\":\"Pandomar\",\"description\":\"Conservas de pescado procedentes de la pesca sostenible, elaboradas de forma artesanal con ingredientes de la agricultura ecol\\u00f3gica.\",\"potentialAction\":[{\"@type\":\"SearchAction\",\"target\":{\"@type\":\"EntryPoint\",\"urlTemplate\":\"https:\/\/pandomar.net\/gl\/?s={search_term_string}\"},\"query-input\":\"required name=search_term_string\"}],\"inLanguage\":\"gl-ES\"},{\"@type\":\"WebPage\",\"@id\":\"https:\/\/pandomar.net\/gl\/politica-de-cookies\/#webpage\",\"url\":\"https:\/\/pandomar.net\/gl\/politica-de-cookies\/\",\"name\":\"Pol\\u00edtica de cookies - Pandomar\",\"isPartOf\":{\"@id\":\"https:\/\/pandomar.net\/gl\/#website\"},\"datePublished\":\"2017-07-27T06:21:45+00:00\",\"dateModified\":\"2025-11-10T11:17:16+00:00\",\"breadcrumb\":{\"@id\":\"https:\/\/pandomar.net\/gl\/politica-de-cookies\/#breadcrumb\"},\"inLanguage\":\"gl-ES\",\"potentialAction\":[{\"@type\":\"ReadAction\",\"target\":[\"https:\/\/pandomar.net\/gl\/politica-de-cookies\/\"]}]},{\"@type\":\"BreadcrumbList\",\"@id\":\"https:\/\/pandomar.net\/gl\/politica-de-cookies\/#breadcrumb\",\"itemListElement\":[{\"@type\":\"ListItem\",\"position\":1,\"name\":\"Portada\",\"item\":\"https:\/\/pandomar.net\/gl\/\"},{\"@type\":\"ListItem\",\"position\":2,\"name\":\"Pol\\u00edtica de cookies\"}]}]}<\/script>\n<!-- \/ Yoast SEO plugin. -->","yoast_head_json":{"robots":{"index":"index","follow":"follow","max-snippet":"max-snippet:-1","max-image-preview":"max-image-preview:large","max-video-preview":"max-video-preview:-1"},"canonical":"https:\/\/pandomar.net\/gl\/politica-de-cookies\/","og_locale":"gl_ES","og_type":"article","og_title":"Pol\u00edtica de cookies - Pandomar","og_description":"POL\u00cdTICA DE PRIVACIDADE De conformidad con la normativa espa\u00f1ola que regula el uso de cookies en relaci\u00f3n a la prestaci\u00f3n... Read more &raquo;","og_url":"https:\/\/pandomar.net\/gl\/politica-de-cookies\/","og_site_name":"Pandomar","article_modified_time":"2025-11-10T11:17:16+00:00","twitter_card":"summary_large_image","twitter_misc":{"Tempo de lectura":"35 minutos"},"schema":{"@context":"https:\/\/schema.org","@graph":[{"@type":"WebSite","@id":"https:\/\/pandomar.net\/gl\/#website","url":"https:\/\/pandomar.net\/gl\/","name":"Pandomar","description":"Conservas de pescado procedentes de la pesca sostenible, elaboradas de forma artesanal con ingredientes de la agricultura ecol\u00f3gica.","potentialAction":[{"@type":"SearchAction","target":{"@type":"EntryPoint","urlTemplate":"https:\/\/pandomar.net\/gl\/?s={search_term_string}"},"query-input":"required name=search_term_string"}],"inLanguage":"gl-ES"},{"@type":"WebPage","@id":"https:\/\/pandomar.net\/gl\/politica-de-cookies\/#webpage","url":"https:\/\/pandomar.net\/gl\/politica-de-cookies\/","name":"Pol\u00edtica de cookies - Pandomar","isPartOf":{"@id":"https:\/\/pandomar.net\/gl\/#website"},"datePublished":"2017-07-27T06:21:45+00:00","dateModified":"2025-11-10T11:17:16+00:00","breadcrumb":{"@id":"https:\/\/pandomar.net\/gl\/politica-de-cookies\/#breadcrumb"},"inLanguage":"gl-ES","potentialAction":[{"@type":"ReadAction","target":["https:\/\/pandomar.net\/gl\/politica-de-cookies\/"]}]},{"@type":"BreadcrumbList","@id":"https:\/\/pandomar.net\/gl\/politica-de-cookies\/#breadcrumb","itemListElement":[{"@type":"ListItem","position":1,"name":"Portada","item":"https:\/\/pandomar.net\/gl\/"},{"@type":"ListItem","position":2,"name":"Pol\u00edtica de cookies"}]}]}},"_links":{"self":[{"href":"https:\/\/pandomar.net\/gl\/wp-json\/wp\/v2\/pages\/1314"}],"collection":[{"href":"https:\/\/pandomar.net\/gl\/wp-json\/wp\/v2\/pages"}],"about":[{"href":"https:\/\/pandomar.net\/gl\/wp-json\/wp\/v2\/types\/page"}],"author":[{"embeddable":true,"href":"https:\/\/pandomar.net\/gl\/wp-json\/wp\/v2\/users\/2"}],"replies":[{"embeddable":true,"href":"https:\/\/pandomar.net\/gl\/wp-json\/wp\/v2\/comments?post=1314"}],"version-history":[{"count":12,"href":"https:\/\/pandomar.net\/gl\/wp-json\/wp\/v2\/pages\/1314\/revisions"}],"predecessor-version":[{"id":2312,"href":"https:\/\/pandomar.net\/gl\/wp-json\/wp\/v2\/pages\/1314\/revisions\/2312"}],"wp:attachment":[{"href":"https:\/\/pandomar.net\/gl\/wp-json\/wp\/v2\/media?parent=1314"}],"curies":[{"name":"wp","href":"https:\/\/api.w.org\/{rel}","templated":true}]}}