
{"id":11,"date":"2014-05-21T09:41:03","date_gmt":"2014-05-21T09:41:03","guid":{"rendered":"http:\/\/pandomar.net\/?page_id=11"},"modified":"2024-03-11T12:43:19","modified_gmt":"2024-03-11T11:43:19","slug":"productos","status":"publish","type":"page","link":"https:\/\/pandomar.net\/gl\/productos\/","title":{"rendered":"A nosa <span>proposta<\/span>"},"content":{"rendered":"<p class=\"lead\"><strong>Pan do Mar ofrece conservas de peixe e mariscos de pesca sustentable e controlada, con aceites, mollos e escabeches elaborados con ingredientes procedentes da agricultura org\u00e1nica: unha ampla gama de produtos para satisfacer os diferentes gustos dos nosos clientes. Conservas Antonio P\u00e9rez Lafuente, unha compa\u00f1\u00eda con preto de 100 anos de tradici\u00f3n e experiencia. Alta calidade e sabor natural combinados cun razoable equilibrio e respecto pola natureza.<\/strong><\/p>","protected":false},"excerpt":{"rendered":"<p>Pan do Mar ofrece conservas de peixe e mariscos de pesca sustentable e controlada, con aceites, mollos e escabeches elaborados&#8230;  <a href=\"https:\/\/pandomar.net\/gl\/productos\/\" class=\"more-link\" title=\"Read A nosa <span>proposta<\/span>&#8220;>Read more &raquo;<\/a><\/p>\n","protected":false},"author":1,"featured_media":0,"parent":0,"menu_order":0,"comment_status":"open","ping_status":"open","template":"page-product.php","meta":{"footnotes":""},"acf":[],"yoast_head":"<!-- This site is optimized with the Yoast SEO plugin v17.6 - https:\/\/yoast.com\/wordpress\/plugins\/seo\/ -->\n<meta name=\"robots\" content=\"index, follow, max-snippet:-1, max-image-preview:large, max-video-preview:-1\" \/>\n<link rel=\"canonical\" href=\"https:\/\/pandomar.net\/gl\/productos\/\" \/>\n<meta property=\"og:locale\" content=\"gl_ES\" \/>\n<meta property=\"og:type\" content=\"article\" \/>\n<meta property=\"og:title\" content=\"A nosa proposta - Pandomar\" \/>\n<meta property=\"og:description\" content=\"Pan do Mar ofrece conservas de peixe e mariscos de pesca sustentable e controlada, con aceites, mollos e escabeches elaborados... Read more &raquo;\" \/>\n<meta property=\"og:url\" content=\"https:\/\/pandomar.net\/gl\/productos\/\" \/>\n<meta property=\"og:site_name\" content=\"Pandomar\" \/>\n<meta property=\"article:modified_time\" content=\"2024-03-11T11:43:19+00:00\" \/>\n<meta name=\"twitter:card\" content=\"summary_large_image\" \/>\n<meta name=\"twitter:label1\" content=\"Tempo de lectura\" \/>\n\t<meta name=\"twitter:data1\" content=\"2 minutos\" \/>\n<script type=\"application\/ld+json\" class=\"yoast-schema-graph\">{\"@context\":\"https:\/\/schema.org\",\"@graph\":[{\"@type\":\"WebSite\",\"@id\":\"https:\/\/pandomar.net\/gl\/#website\",\"url\":\"https:\/\/pandomar.net\/gl\/\",\"name\":\"Pandomar\",\"description\":\"Conservas de pescado procedentes de la pesca sostenible, elaboradas de forma artesanal con ingredientes de la agricultura ecol\\u00f3gica.\",\"potentialAction\":[{\"@type\":\"SearchAction\",\"target\":{\"@type\":\"EntryPoint\",\"urlTemplate\":\"https:\/\/pandomar.net\/gl\/?s={search_term_string}\"},\"query-input\":\"required name=search_term_string\"}],\"inLanguage\":\"gl-ES\"},{\"@type\":\"WebPage\",\"@id\":\"https:\/\/pandomar.net\/gl\/productos\/#webpage\",\"url\":\"https:\/\/pandomar.net\/gl\/productos\/\",\"name\":\"A nosa proposta - Pandomar\",\"isPartOf\":{\"@id\":\"https:\/\/pandomar.net\/gl\/#website\"},\"datePublished\":\"2014-05-21T09:41:03+00:00\",\"dateModified\":\"2024-03-11T11:43:19+00:00\",\"breadcrumb\":{\"@id\":\"https:\/\/pandomar.net\/gl\/productos\/#breadcrumb\"},\"inLanguage\":\"gl-ES\",\"potentialAction\":[{\"@type\":\"ReadAction\",\"target\":[\"https:\/\/pandomar.net\/gl\/productos\/\"]}]},{\"@type\":\"BreadcrumbList\",\"@id\":\"https:\/\/pandomar.net\/gl\/productos\/#breadcrumb\",\"itemListElement\":[{\"@type\":\"ListItem\",\"position\":1,\"name\":\"Portada\",\"item\":\"https:\/\/pandomar.net\/gl\/\"},{\"@type\":\"ListItem\",\"position\":2,\"name\":\"A nosa proposta\"}]}]}<\/script>\n<!-- \/ Yoast SEO plugin. -->","yoast_head_json":{"robots":{"index":"index","follow":"follow","max-snippet":"max-snippet:-1","max-image-preview":"max-image-preview:large","max-video-preview":"max-video-preview:-1"},"canonical":"https:\/\/pandomar.net\/gl\/productos\/","og_locale":"gl_ES","og_type":"article","og_title":"A nosa proposta - Pandomar","og_description":"Pan do Mar ofrece conservas de peixe e mariscos de pesca sustentable e controlada, con aceites, mollos e escabeches elaborados... Read more &raquo;","og_url":"https:\/\/pandomar.net\/gl\/productos\/","og_site_name":"Pandomar","article_modified_time":"2024-03-11T11:43:19+00:00","twitter_card":"summary_large_image","twitter_misc":{"Tempo de lectura":"2 minutos"},"schema":{"@context":"https:\/\/schema.org","@graph":[{"@type":"WebSite","@id":"https:\/\/pandomar.net\/gl\/#website","url":"https:\/\/pandomar.net\/gl\/","name":"Pandomar","description":"Conservas de pescado procedentes de la pesca sostenible, elaboradas de forma artesanal con ingredientes de la agricultura ecol\u00f3gica.","potentialAction":[{"@type":"SearchAction","target":{"@type":"EntryPoint","urlTemplate":"https:\/\/pandomar.net\/gl\/?s={search_term_string}"},"query-input":"required name=search_term_string"}],"inLanguage":"gl-ES"},{"@type":"WebPage","@id":"https:\/\/pandomar.net\/gl\/productos\/#webpage","url":"https:\/\/pandomar.net\/gl\/productos\/","name":"A nosa proposta - Pandomar","isPartOf":{"@id":"https:\/\/pandomar.net\/gl\/#website"},"datePublished":"2014-05-21T09:41:03+00:00","dateModified":"2024-03-11T11:43:19+00:00","breadcrumb":{"@id":"https:\/\/pandomar.net\/gl\/productos\/#breadcrumb"},"inLanguage":"gl-ES","potentialAction":[{"@type":"ReadAction","target":["https:\/\/pandomar.net\/gl\/productos\/"]}]},{"@type":"BreadcrumbList","@id":"https:\/\/pandomar.net\/gl\/productos\/#breadcrumb","itemListElement":[{"@type":"ListItem","position":1,"name":"Portada","item":"https:\/\/pandomar.net\/gl\/"},{"@type":"ListItem","position":2,"name":"A nosa proposta"}]}]}},"_links":{"self":[{"href":"https:\/\/pandomar.net\/gl\/wp-json\/wp\/v2\/pages\/11"}],"collection":[{"href":"https:\/\/pandomar.net\/gl\/wp-json\/wp\/v2\/pages"}],"about":[{"href":"https:\/\/pandomar.net\/gl\/wp-json\/wp\/v2\/types\/page"}],"author":[{"embeddable":true,"href":"https:\/\/pandomar.net\/gl\/wp-json\/wp\/v2\/users\/1"}],"replies":[{"embeddable":true,"href":"https:\/\/pandomar.net\/gl\/wp-json\/wp\/v2\/comments?post=11"}],"version-history":[{"count":33,"href":"https:\/\/pandomar.net\/gl\/wp-json\/wp\/v2\/pages\/11\/revisions"}],"predecessor-version":[{"id":1982,"href":"https:\/\/pandomar.net\/gl\/wp-json\/wp\/v2\/pages\/11\/revisions\/1982"}],"wp:attachment":[{"href":"https:\/\/pandomar.net\/gl\/wp-json\/wp\/v2\/media?parent=11"}],"curies":[{"name":"wp","href":"https:\/\/api.w.org\/{rel}","templated":true}]}}