
{"id":9,"date":"2014-05-21T09:40:43","date_gmt":"2014-05-21T09:40:43","guid":{"rendered":"http:\/\/pandomar.net\/?page_id=9"},"modified":"2021-08-30T11:35:25","modified_gmt":"2021-08-30T11:35:25","slug":"pesca-sostenible","status":"publish","type":"page","link":"https:\/\/pandomar.net\/fr\/pesca-sostenible\/","title":{"rendered":"P\u00caCHE DURABLE"},"content":{"rendered":"<p class=\"lead\"><\/p>\n<p class=\"lead\">La p\u00eache \u00e0 travers le monde entier ces derni\u00e8res ann\u00e9es a \u00e9t\u00e9 soumise \u00e0 une pression \u00e9norme pour satisfaire les besoins en alimentation d&#8217;une population en perp\u00e9tuelle croissance. A force, le recours \u00e0 la p\u00eache de haut niveau, devenue difficilement soutenable et \u00e0 l&#8217;exploitation intensive des oc\u00e9ans menacent de d\u00e9passer leur capacit\u00e9 \u00e0 maintenir la vie marine telle que nous la connaissons.<\/p>\n<p>Pour cela, il est plus que jamais n\u00e9cessaire de promouvoir et appuyer la gestion responsable de la p\u00eache au niveau mondial. Les organisations \u00e9cologistes comme WWF et Greenpeace ont jou\u00e9 un r\u00f4le important en r\u00e9veillant la conscience de chacun \u00e0 ce probl\u00e8me et en collaboration avec les autorit\u00e9s locales et organisations internationales comme la (FAO) ont d\u00e9velopp\u00e9s de fa\u00e7ons d\u2019agir qui donnent lieu d&#8217;esp\u00e9rer que l&#8217;avenir de la vie en mer sera pr\u00e9serv\u00e9e pour les g\u00e9n\u00e9rations futures.<br \/>\nConscients des menaces pos\u00e9es au milieu marin par l&#8217;augmentation de la p\u00eache intensive nous suivons dans nos activit\u00e9s les recommandations des agences de scientifiques et des organisations environnementales en tenant compte que diff\u00e9rents int\u00e9r\u00eats sont en jeu (L&#8217;industrie, L&#8217; approvisionnement de la population, les communaut\u00e9s marines locales) , ainsi que les difficult\u00e9s \u00e0 avoir une vision r\u00e9elles de la population de poissons concern\u00e9s. Les crit\u00e8res pour maintenir le d\u00e9veloppement de la p\u00e8che ne sont pas unanimes tenu en compte des degr\u00e9s d&#8217;exploitation exploitations et de leur niveau de menace mais sur certains points nous sommes d\u2019accord:<\/p>\n<ul>\n<li>La s\u00e9curit\u00e9 que tout le poisson utilis\u00e9 provient de la p\u00eache contr\u00f4l\u00e9e, ce qui impliques de respecter les normes sur les tailles minimum, les esp\u00e8ces prot\u00e9g\u00e9es, l&#8217; \u00e9poque de p\u00eache et les comptes de capture. Pour cela nous exigeons que le tra\u00e7abilit\u00e9 de la chaine extractive et productive soit certifi\u00e9e d&#8217;une fa\u00e7on qui permette d&#8217;indentifier la provenance de tous les poissons et ingr\u00e9dients utilis\u00e9s.<\/li>\n<li>Utilisation des m\u00e9thodes de p\u00eache s\u00e9lectives. Etant donn\u00e9 que la p\u00eache avec hame\u00e7on et la p\u00eache \u00e0 la senne sont moins nuisibles que les r\u00e9seaux de trainage, apr\u00e8s avoir r\u00e9duit la pression sur les lieux de p\u00eache et apr\u00e8s avoir mi miser les s\u00e9parations d&#8217;esp\u00e8ces ou de tailles sans int\u00e9r\u00eat commercial, le poisson que nous traitons est p\u00eaches avec des embarcations traditionnels. Comme le thon que nous utilisons est p\u00each\u00e9 \u00e0 la ligne, le maquereau provient de la c\u00f4te Cantabrique, les fruits de mer des confr\u00e9ries de la Rias Galicienne, etc.<\/li>\n<li>Favoriser la p\u00eache locale. La consommation de poisson originaire de p\u00eache voisine n&#8217;aide pas seulement au maintien des communaut\u00e9s et de leur formes traditionnelle de vie, ma\u00efs en \u00e9vitant un long transport de la marchandise \u00e0 travers la moiti\u00e9 du monde, contribue a l&#8217;efficacit\u00e9 \u00e9nerg\u00e9tique et la diminution de l&#8217;empreint de Carbonne.<\/li>\n<\/ul>\n<p class=\"videos_you\" style=\"text-align: center;\"><iframe loading=\"lazy\" src=\"\/\/www.youtube.com\/embed\/bPbNJUeHExI?feature=player_detailpage\" width=\"640\" height=\"360\" frameborder=\"0\" allowfullscreen=\"allowfullscreen\"><\/iframe><br \/>\n<iframe loading=\"lazy\" src=\"\/\/www.youtube.com\/embed\/t6J77egLtSw?feature=player_detailpage\" width=\"640\" height=\"360\" frameborder=\"0\" allowfullscreen=\"allowfullscreen\"><\/iframe><br \/>\n<iframe loading=\"lazy\" src=\"\/\/www.youtube.com\/embed\/YZ02_Jc5Auo?feature=player_detailpage\" width=\"640\" height=\"360\" frameborder=\"0\" allowfullscreen=\"allowfullscreen\"><\/iframe><\/p>\n<p><\/p>","protected":false},"excerpt":{"rendered":"<p>La p\u00eache \u00e0 travers le monde entier ces derni\u00e8res ann\u00e9es a \u00e9t\u00e9 soumise \u00e0 une pression \u00e9norme pour satisfaire les&#8230;  <a href=\"https:\/\/pandomar.net\/fr\/pesca-sostenible\/\" class=\"more-link\" title=\"Read P\u00caCHE DURABLE\">Read more &raquo;<\/a><\/p>\n","protected":false},"author":1,"featured_media":0,"parent":0,"menu_order":0,"comment_status":"closed","ping_status":"closed","template":"","meta":{"footnotes":""},"acf":[],"yoast_head":"<!-- This site is optimized with the Yoast SEO plugin v17.6 - https:\/\/yoast.com\/wordpress\/plugins\/seo\/ -->\n<meta name=\"robots\" content=\"index, follow, max-snippet:-1, max-image-preview:large, max-video-preview:-1\" \/>\n<link rel=\"canonical\" href=\"https:\/\/pandomar.net\/fr\/pesca-sostenible\/\" \/>\n<meta property=\"og:locale\" content=\"fr_FR\" \/>\n<meta property=\"og:type\" content=\"article\" \/>\n<meta property=\"og:title\" content=\"P\u00caCHE DURABLE - Pandomar\" \/>\n<meta property=\"og:description\" content=\"La p\u00eache \u00e0 travers le monde entier ces derni\u00e8res ann\u00e9es a \u00e9t\u00e9 soumise \u00e0 une pression \u00e9norme pour satisfaire les... Read more &raquo;\" \/>\n<meta property=\"og:url\" content=\"https:\/\/pandomar.net\/fr\/pesca-sostenible\/\" \/>\n<meta property=\"og:site_name\" content=\"Pandomar\" \/>\n<meta property=\"article:modified_time\" content=\"2021-08-30T11:35:25+00:00\" \/>\n<meta name=\"twitter:card\" content=\"summary_large_image\" \/>\n<meta name=\"twitter:label1\" content=\"Dur\u00e9e de lecture estim\u00e9e\" \/>\n\t<meta name=\"twitter:data1\" content=\"10 minutes\" \/>\n<script type=\"application\/ld+json\" class=\"yoast-schema-graph\">{\"@context\":\"https:\/\/schema.org\",\"@graph\":[{\"@type\":\"WebSite\",\"@id\":\"https:\/\/pandomar.net\/fr\/#website\",\"url\":\"https:\/\/pandomar.net\/fr\/\",\"name\":\"Pandomar\",\"description\":\"Conservas de pescado procedentes de la pesca sostenible, elaboradas de forma artesanal con ingredientes de la agricultura ecol\\u00f3gica.\",\"potentialAction\":[{\"@type\":\"SearchAction\",\"target\":{\"@type\":\"EntryPoint\",\"urlTemplate\":\"https:\/\/pandomar.net\/fr\/?s={search_term_string}\"},\"query-input\":\"required name=search_term_string\"}],\"inLanguage\":\"fr-FR\"},{\"@type\":\"WebPage\",\"@id\":\"https:\/\/pandomar.net\/fr\/pesca-sostenible\/#webpage\",\"url\":\"https:\/\/pandomar.net\/fr\/pesca-sostenible\/\",\"name\":\"P\\u00caCHE DURABLE - Pandomar\",\"isPartOf\":{\"@id\":\"https:\/\/pandomar.net\/fr\/#website\"},\"datePublished\":\"2014-05-21T09:40:43+00:00\",\"dateModified\":\"2021-08-30T11:35:25+00:00\",\"breadcrumb\":{\"@id\":\"https:\/\/pandomar.net\/fr\/pesca-sostenible\/#breadcrumb\"},\"inLanguage\":\"fr-FR\",\"potentialAction\":[{\"@type\":\"ReadAction\",\"target\":[\"https:\/\/pandomar.net\/fr\/pesca-sostenible\/\"]}]},{\"@type\":\"BreadcrumbList\",\"@id\":\"https:\/\/pandomar.net\/fr\/pesca-sostenible\/#breadcrumb\",\"itemListElement\":[{\"@type\":\"ListItem\",\"position\":1,\"name\":\"Portada\",\"item\":\"https:\/\/pandomar.net\/fr\/\"},{\"@type\":\"ListItem\",\"position\":2,\"name\":\"P\\u00caCHE DURABLE\"}]}]}<\/script>\n<!-- \/ Yoast SEO plugin. -->","yoast_head_json":{"robots":{"index":"index","follow":"follow","max-snippet":"max-snippet:-1","max-image-preview":"max-image-preview:large","max-video-preview":"max-video-preview:-1"},"canonical":"https:\/\/pandomar.net\/fr\/pesca-sostenible\/","og_locale":"fr_FR","og_type":"article","og_title":"P\u00caCHE DURABLE - Pandomar","og_description":"La p\u00eache \u00e0 travers le monde entier ces derni\u00e8res ann\u00e9es a \u00e9t\u00e9 soumise \u00e0 une pression \u00e9norme pour satisfaire les... Read more &raquo;","og_url":"https:\/\/pandomar.net\/fr\/pesca-sostenible\/","og_site_name":"Pandomar","article_modified_time":"2021-08-30T11:35:25+00:00","twitter_card":"summary_large_image","twitter_misc":{"Dur\u00e9e de lecture estim\u00e9e":"10 minutes"},"schema":{"@context":"https:\/\/schema.org","@graph":[{"@type":"WebSite","@id":"https:\/\/pandomar.net\/fr\/#website","url":"https:\/\/pandomar.net\/fr\/","name":"Pandomar","description":"Conservas de pescado procedentes de la pesca sostenible, elaboradas de forma artesanal con ingredientes de la agricultura ecol\u00f3gica.","potentialAction":[{"@type":"SearchAction","target":{"@type":"EntryPoint","urlTemplate":"https:\/\/pandomar.net\/fr\/?s={search_term_string}"},"query-input":"required name=search_term_string"}],"inLanguage":"fr-FR"},{"@type":"WebPage","@id":"https:\/\/pandomar.net\/fr\/pesca-sostenible\/#webpage","url":"https:\/\/pandomar.net\/fr\/pesca-sostenible\/","name":"P\u00caCHE DURABLE - Pandomar","isPartOf":{"@id":"https:\/\/pandomar.net\/fr\/#website"},"datePublished":"2014-05-21T09:40:43+00:00","dateModified":"2021-08-30T11:35:25+00:00","breadcrumb":{"@id":"https:\/\/pandomar.net\/fr\/pesca-sostenible\/#breadcrumb"},"inLanguage":"fr-FR","potentialAction":[{"@type":"ReadAction","target":["https:\/\/pandomar.net\/fr\/pesca-sostenible\/"]}]},{"@type":"BreadcrumbList","@id":"https:\/\/pandomar.net\/fr\/pesca-sostenible\/#breadcrumb","itemListElement":[{"@type":"ListItem","position":1,"name":"Portada","item":"https:\/\/pandomar.net\/fr\/"},{"@type":"ListItem","position":2,"name":"P\u00caCHE DURABLE"}]}]}},"_links":{"self":[{"href":"https:\/\/pandomar.net\/fr\/wp-json\/wp\/v2\/pages\/9"}],"collection":[{"href":"https:\/\/pandomar.net\/fr\/wp-json\/wp\/v2\/pages"}],"about":[{"href":"https:\/\/pandomar.net\/fr\/wp-json\/wp\/v2\/types\/page"}],"author":[{"embeddable":true,"href":"https:\/\/pandomar.net\/fr\/wp-json\/wp\/v2\/users\/1"}],"replies":[{"embeddable":true,"href":"https:\/\/pandomar.net\/fr\/wp-json\/wp\/v2\/comments?post=9"}],"version-history":[{"count":13,"href":"https:\/\/pandomar.net\/fr\/wp-json\/wp\/v2\/pages\/9\/revisions"}],"predecessor-version":[{"id":1636,"href":"https:\/\/pandomar.net\/fr\/wp-json\/wp\/v2\/pages\/9\/revisions\/1636"}],"wp:attachment":[{"href":"https:\/\/pandomar.net\/fr\/wp-json\/wp\/v2\/media?parent=9"}],"curies":[{"name":"wp","href":"https:\/\/api.w.org\/{rel}","templated":true}]}}