
{"id":7,"date":"2014-05-21T09:40:28","date_gmt":"2014-05-21T09:40:28","guid":{"rendered":"http:\/\/pandomar.net\/?page_id=7"},"modified":"2025-08-19T10:30:21","modified_gmt":"2025-08-19T09:30:21","slug":"nosotros","status":"publish","type":"page","link":"https:\/\/pandomar.net\/fr\/nosotros\/","title":{"rendered":"<span>Qui sommes <span>nous"},"content":{"rendered":"<p class=\"lead\">Conserves Antonio Perez Lafuente est une entreprise familiale qui se consacre \u00e0 la fabrication des produits de la mer en conserve selon les principes du si\u00e8cle dernier et qui a ses racines en 1892 ; notre manufacture se situe \u00e0 Vilanova de Arousa, ville qui se trouve sur la c\u00f4te nord-ouest de la p\u00e9ninsule Ib\u00e9rique.<\/p>\n<div>&#8220;PAN DO MAR\u201d, est le nom sous lequel nous pr\u00e9sentons nos produits, qui refl\u00e8te notre histoire et philosophie de travail, bas\u00e9 sur des ressources de forme rationnelle et durable trait\u00e9s celons les m\u00e9thodes traditionnels.<\/div>\n<h1>QUE FAISONS-NOUS ?<\/h1>\n<p>Dans APL nous nous sentons les h\u00e9ritiers d&#8217;une tradition s\u00e9culaire de fabricants de conserves et pour cela nous avons l&#8217;orgueil de maintenir les m\u00e9thodes d&#8217;\u00e9laboration et de traitement du poisson que nos anc\u00eatres nous ont transmis, sans renoncer aux avanc\u00e9es techniques en mati\u00e8re de contr\u00f4le et s\u00e9curit\u00e9 alimentaires. Les principes qui r\u00e9gissent notre activit\u00e9 :<\/p>\n<ul>\n<li><strong>LA P\u00caCHE<\/strong> est r\u00e9alis\u00e9e par des embarcations de p\u00eache c\u00f4ti\u00e8re propres aux communaut\u00e9s locales, \u00e0 traditions famili\u00e8res enracin\u00e9es dans la p\u00eache et l&#8217;\u00e9quipage, utilisant des arts traditionnels sans abuser.<\/li>\n<li><strong>ELABORATION ARTISANAL:<\/strong> Tout le poisson est cuit, nettoy\u00e9, les filets \u00e9labor\u00e9s \u00e0 la main et mis en conserve dans notre manufacture selon les pratiques et les recettes traditionnelles de la cuisine locale.<\/li>\n<li><strong>LA PECHE DURABLE:<\/strong> Le poisson trait\u00e9 dans notre manufacture vient de la p\u00eache consid\u00e9r\u00e9 comme durable selon l&#8217;art de la p\u00eache traditionnelle et les crit\u00e8res homologu\u00e9s par la FAO et les organisations \u00e9cologistes, bas\u00e9e sur l&#8217;utilisation des m\u00e9thodes s\u00e9lectives et contr\u00f4l\u00e9es.<\/li>\n<li><strong>INGREDIENTS ECOLOGIQUES:<\/strong> Le m\u00eame int\u00e9r\u00eat pour la protection de l&#8217;environnement se retrouve dans la s\u00e9lection des ingr\u00e9dients avec lequel s&#8217;accompagne notre \u00e9laboration de poisson et de fruits de mer: Huile d&#8217;olive extra-vierge de premi\u00e8re pression \u00e0 froid, v\u00e9g\u00e9taux, \u00e9pices et vinaigre pour les sauces tous issus de cultures \u00e9cologique et biodynamiques certifi\u00e9es.<\/li>\n<\/ul>\n<\/li>\n<\/ul>\n<p><strong>LA NOTION QUI NOUS INSPIRE DANS NOTRE TRAVAIL EST C&#8217;ELLE DU REPECT: <\/strong><\/p>\n<p>Respect pour l\u2019environnement, puisque nous avons le sentiment et obligation de laisser \u00e0 nos enfants un monde riche et vari\u00e9 tel que nous l&#8217;avons re\u00e7us. Respecter le travail de nos employ\u00e9s et collaborateurs. Respecter notre client\u00e8le qui m\u00e9rite la meilleure qualit\u00e9 que nous trouvons dans nos produits.<\/p>\n<p><strong>L\u00b4\u00e9quipe de production.<\/strong><br \/>\n<img loading=\"lazy\" decoding=\"async\" width=\"300\" height=\"199\" class=\"alignnone size-medium wp-image-681\" src=\"http:\/\/pandomar.net\/wp-content\/uploads\/2014\/05\/equipo-enteri-300x199.jpg\" alt=\"El equipo\" srcset=\"https:\/\/pandomar.net\/wp-content\/uploads\/2014\/05\/equipo-enteri-300x199.jpg 300w, https:\/\/pandomar.net\/wp-content\/uploads\/2014\/05\/equipo-enteri-150x99.jpg 150w, https:\/\/pandomar.net\/wp-content\/uploads\/2014\/05\/equipo-enteri-1024x680.jpg 1024w, https:\/\/pandomar.net\/wp-content\/uploads\/2014\/05\/equipo-enteri.jpg 1029w\" sizes=\"(max-width: 300px) 100vw, 300px\" \/><\/p>\n<p><strong>La Direction et le service comercial.<\/strong><br \/>\n<img loading=\"lazy\" decoding=\"async\" width=\"300\" height=\"199\" class=\"alignnone size-medium wp-image-678\" src=\"http:\/\/pandomar.net\/wp-content\/uploads\/2014\/05\/ALVARO-Y-EDUARDO-300x199.jpg\" alt=\"La Direcci\u00f3n General y la Comercial\" srcset=\"https:\/\/pandomar.net\/wp-content\/uploads\/2014\/05\/ALVARO-Y-EDUARDO-300x199.jpg 300w, https:\/\/pandomar.net\/wp-content\/uploads\/2014\/05\/ALVARO-Y-EDUARDO-150x99.jpg 150w, https:\/\/pandomar.net\/wp-content\/uploads\/2014\/05\/ALVARO-Y-EDUARDO-1024x680.jpg 1024w, https:\/\/pandomar.net\/wp-content\/uploads\/2014\/05\/ALVARO-Y-EDUARDO.jpg 1029w\" sizes=\"(max-width: 300px) 100vw, 300px\" \/><\/p>\n<p><strong>L\u00b4\u00e9quipe administrative.<\/strong><br \/>\n<img loading=\"lazy\" decoding=\"async\" width=\"300\" height=\"199\" class=\"alignnone medium wp-image-679\" src=\"http:\/\/pandomar.net\/wp-content\/uploads\/2014\/05\/CHERY-Y-JOSE-LUIS-300x199.jpg\" alt=\" La Administraci\u00f3n\" srcset=\"https:\/\/pandomar.net\/wp-content\/uploads\/2014\/05\/CHERY-Y-JOSE-LUIS-300x199.jpg 300w, https:\/\/pandomar.net\/wp-content\/uploads\/2014\/05\/CHERY-Y-JOSE-LUIS-150x99.jpg 150w, https:\/\/pandomar.net\/wp-content\/uploads\/2014\/05\/CHERY-Y-JOSE-LUIS-1024x680.jpg 1024w, https:\/\/pandomar.net\/wp-content\/uploads\/2014\/05\/CHERY-Y-JOSE-LUIS.jpg 1029w\" sizes=\"(max-width: 300px) 100vw, 300px\" \/><\/p>\n<p><strong>Le service qualit\u00e9.<\/strong><br \/>\n<img loading=\"lazy\" decoding=\"async\" width=\"300\" height=\"168\" class=\"alignnone size-medium wp-image-714\" src=\"http:\/\/pandomar.net\/wp-content\/uploads\/2014\/05\/Captura-de-pantalla-2014-12-15-a-las-04.01.15-300x168.png\" alt=\"Captura de pantalla 2014-12-15 a la(s) 04.01.15\" srcset=\"https:\/\/pandomar.net\/wp-content\/uploads\/2014\/05\/Captura-de-pantalla-2014-12-15-a-las-04.01.15-300x168.png 300w, https:\/\/pandomar.net\/wp-content\/uploads\/2014\/05\/Captura-de-pantalla-2014-12-15-a-las-04.01.15-150x84.png 150w, https:\/\/pandomar.net\/wp-content\/uploads\/2014\/05\/Captura-de-pantalla-2014-12-15-a-las-04.01.15.png 345w\" sizes=\"(max-width: 300px) 100vw, 300px\" \/><\/p>\n<p><strong>L\u00b4\u00e9quipe logistique.<\/strong><br \/>\n<img loading=\"lazy\" decoding=\"async\" width=\"199\" height=\"300\" class=\"alignnone medium wp-image-680\" src=\"http:\/\/pandomar.net\/wp-content\/uploads\/2014\/05\/EL-EQUIPO-DE-ALMACEN-199x300.jpg\" alt=\"La Log\u00edstica\" srcset=\"https:\/\/pandomar.net\/wp-content\/uploads\/2014\/05\/EL-EQUIPO-DE-ALMACEN-199x300.jpg 199w, https:\/\/pandomar.net\/wp-content\/uploads\/2014\/05\/EL-EQUIPO-DE-ALMACEN-99x150.jpg 99w, https:\/\/pandomar.net\/wp-content\/uploads\/2014\/05\/EL-EQUIPO-DE-ALMACEN-680x1024.jpg 680w, https:\/\/pandomar.net\/wp-content\/uploads\/2014\/05\/EL-EQUIPO-DE-ALMACEN.jpg 684w\" sizes=\"(max-width: 199px) 100vw, 199px\" \/><\/p>","protected":false},"excerpt":{"rendered":"<p>Conserves Antonio Perez Lafuente est une entreprise familiale qui se consacre \u00e0 la fabrication des produits de la mer en&#8230;  <a href=\"https:\/\/pandomar.net\/fr\/nosotros\/\" class=\"more-link\" title=\"Read <span>Qui sommes <span>nous&#8221;>Read more &raquo;<\/a><\/p>\n","protected":false},"author":1,"featured_media":61,"parent":0,"menu_order":0,"comment_status":"closed","ping_status":"closed","template":"page-full-width.php","meta":{"footnotes":""},"acf":[],"yoast_head":"<!-- This site is optimized with the Yoast SEO plugin v17.6 - https:\/\/yoast.com\/wordpress\/plugins\/seo\/ -->\n<meta name=\"robots\" content=\"index, follow, max-snippet:-1, max-image-preview:large, max-video-preview:-1\" \/>\n<link rel=\"canonical\" href=\"https:\/\/pandomar.net\/fr\/nosotros\/\" \/>\n<meta property=\"og:locale\" content=\"fr_FR\" \/>\n<meta property=\"og:type\" content=\"article\" \/>\n<meta property=\"og:title\" content=\"Qui sommes nous - Pandomar\" \/>\n<meta property=\"og:description\" content=\"Conserves Antonio Perez Lafuente est une entreprise familiale qui se consacre \u00e0 la fabrication des produits de la mer en... Read more &raquo;\" \/>\n<meta property=\"og:url\" content=\"https:\/\/pandomar.net\/fr\/nosotros\/\" \/>\n<meta property=\"og:site_name\" content=\"Pandomar\" \/>\n<meta property=\"article:modified_time\" content=\"2025-08-19T09:30:21+00:00\" \/>\n<meta property=\"og:image\" content=\"https:\/\/pandomar.net\/wp-content\/uploads\/2014\/05\/interior_quienes_somos_bg.jpg\" \/>\n\t<meta property=\"og:image:width\" content=\"1920\" \/>\n\t<meta property=\"og:image:height\" content=\"1088\" \/>\n<meta name=\"twitter:card\" content=\"summary_large_image\" \/>\n<meta name=\"twitter:label1\" content=\"Dur\u00e9e de lecture estim\u00e9e\" \/>\n\t<meta name=\"twitter:data1\" content=\"11 minutes\" \/>\n<script type=\"application\/ld+json\" class=\"yoast-schema-graph\">{\"@context\":\"https:\/\/schema.org\",\"@graph\":[{\"@type\":\"WebSite\",\"@id\":\"https:\/\/pandomar.net\/fr\/#website\",\"url\":\"https:\/\/pandomar.net\/fr\/\",\"name\":\"Pandomar\",\"description\":\"Conservas de pescado procedentes de la pesca sostenible, elaboradas de forma artesanal con ingredientes de la agricultura ecol\\u00f3gica.\",\"potentialAction\":[{\"@type\":\"SearchAction\",\"target\":{\"@type\":\"EntryPoint\",\"urlTemplate\":\"https:\/\/pandomar.net\/fr\/?s={search_term_string}\"},\"query-input\":\"required name=search_term_string\"}],\"inLanguage\":\"fr-FR\"},{\"@type\":\"ImageObject\",\"@id\":\"https:\/\/pandomar.net\/fr\/nosotros\/#primaryimage\",\"inLanguage\":\"fr-FR\",\"url\":\"https:\/\/pandomar.net\/wp-content\/uploads\/2014\/05\/interior_quienes_somos_bg.jpg\",\"contentUrl\":\"https:\/\/pandomar.net\/wp-content\/uploads\/2014\/05\/interior_quienes_somos_bg.jpg\",\"width\":1920,\"height\":1088},{\"@type\":\"WebPage\",\"@id\":\"https:\/\/pandomar.net\/fr\/nosotros\/#webpage\",\"url\":\"https:\/\/pandomar.net\/fr\/nosotros\/\",\"name\":\"Qui sommes nous - Pandomar\",\"isPartOf\":{\"@id\":\"https:\/\/pandomar.net\/fr\/#website\"},\"primaryImageOfPage\":{\"@id\":\"https:\/\/pandomar.net\/fr\/nosotros\/#primaryimage\"},\"datePublished\":\"2014-05-21T09:40:28+00:00\",\"dateModified\":\"2025-08-19T09:30:21+00:00\",\"breadcrumb\":{\"@id\":\"https:\/\/pandomar.net\/fr\/nosotros\/#breadcrumb\"},\"inLanguage\":\"fr-FR\",\"potentialAction\":[{\"@type\":\"ReadAction\",\"target\":[\"https:\/\/pandomar.net\/fr\/nosotros\/\"]}]},{\"@type\":\"BreadcrumbList\",\"@id\":\"https:\/\/pandomar.net\/fr\/nosotros\/#breadcrumb\",\"itemListElement\":[{\"@type\":\"ListItem\",\"position\":1,\"name\":\"Portada\",\"item\":\"https:\/\/pandomar.net\/fr\/\"},{\"@type\":\"ListItem\",\"position\":2,\"name\":\"Qui sommes nous\"}]}]}<\/script>\n<!-- \/ Yoast SEO plugin. -->","yoast_head_json":{"robots":{"index":"index","follow":"follow","max-snippet":"max-snippet:-1","max-image-preview":"max-image-preview:large","max-video-preview":"max-video-preview:-1"},"canonical":"https:\/\/pandomar.net\/fr\/nosotros\/","og_locale":"fr_FR","og_type":"article","og_title":"Qui sommes nous - Pandomar","og_description":"Conserves Antonio Perez Lafuente est une entreprise familiale qui se consacre \u00e0 la fabrication des produits de la mer en... Read more &raquo;","og_url":"https:\/\/pandomar.net\/fr\/nosotros\/","og_site_name":"Pandomar","article_modified_time":"2025-08-19T09:30:21+00:00","og_image":[{"width":1920,"height":1088,"url":"https:\/\/pandomar.net\/wp-content\/uploads\/2014\/05\/interior_quienes_somos_bg.jpg","type":"image\/jpeg"}],"twitter_card":"summary_large_image","twitter_misc":{"Dur\u00e9e de lecture estim\u00e9e":"11 minutes"},"schema":{"@context":"https:\/\/schema.org","@graph":[{"@type":"WebSite","@id":"https:\/\/pandomar.net\/fr\/#website","url":"https:\/\/pandomar.net\/fr\/","name":"Pandomar","description":"Conservas de pescado procedentes de la pesca sostenible, elaboradas de forma artesanal con ingredientes de la agricultura ecol\u00f3gica.","potentialAction":[{"@type":"SearchAction","target":{"@type":"EntryPoint","urlTemplate":"https:\/\/pandomar.net\/fr\/?s={search_term_string}"},"query-input":"required name=search_term_string"}],"inLanguage":"fr-FR"},{"@type":"ImageObject","@id":"https:\/\/pandomar.net\/fr\/nosotros\/#primaryimage","inLanguage":"fr-FR","url":"https:\/\/pandomar.net\/wp-content\/uploads\/2014\/05\/interior_quienes_somos_bg.jpg","contentUrl":"https:\/\/pandomar.net\/wp-content\/uploads\/2014\/05\/interior_quienes_somos_bg.jpg","width":1920,"height":1088},{"@type":"WebPage","@id":"https:\/\/pandomar.net\/fr\/nosotros\/#webpage","url":"https:\/\/pandomar.net\/fr\/nosotros\/","name":"Qui sommes nous - Pandomar","isPartOf":{"@id":"https:\/\/pandomar.net\/fr\/#website"},"primaryImageOfPage":{"@id":"https:\/\/pandomar.net\/fr\/nosotros\/#primaryimage"},"datePublished":"2014-05-21T09:40:28+00:00","dateModified":"2025-08-19T09:30:21+00:00","breadcrumb":{"@id":"https:\/\/pandomar.net\/fr\/nosotros\/#breadcrumb"},"inLanguage":"fr-FR","potentialAction":[{"@type":"ReadAction","target":["https:\/\/pandomar.net\/fr\/nosotros\/"]}]},{"@type":"BreadcrumbList","@id":"https:\/\/pandomar.net\/fr\/nosotros\/#breadcrumb","itemListElement":[{"@type":"ListItem","position":1,"name":"Portada","item":"https:\/\/pandomar.net\/fr\/"},{"@type":"ListItem","position":2,"name":"Qui sommes nous"}]}]}},"_links":{"self":[{"href":"https:\/\/pandomar.net\/fr\/wp-json\/wp\/v2\/pages\/7"}],"collection":[{"href":"https:\/\/pandomar.net\/fr\/wp-json\/wp\/v2\/pages"}],"about":[{"href":"https:\/\/pandomar.net\/fr\/wp-json\/wp\/v2\/types\/page"}],"author":[{"embeddable":true,"href":"https:\/\/pandomar.net\/fr\/wp-json\/wp\/v2\/users\/1"}],"replies":[{"embeddable":true,"href":"https:\/\/pandomar.net\/fr\/wp-json\/wp\/v2\/comments?post=7"}],"version-history":[{"count":31,"href":"https:\/\/pandomar.net\/fr\/wp-json\/wp\/v2\/pages\/7\/revisions"}],"predecessor-version":[{"id":2214,"href":"https:\/\/pandomar.net\/fr\/wp-json\/wp\/v2\/pages\/7\/revisions\/2214"}],"wp:featuredmedia":[{"embeddable":true,"href":"https:\/\/pandomar.net\/fr\/wp-json\/wp\/v2\/media\/61"}],"wp:attachment":[{"href":"https:\/\/pandomar.net\/fr\/wp-json\/wp\/v2\/media?parent=7"}],"curies":[{"name":"wp","href":"https:\/\/api.w.org\/{rel}","templated":true}]}}