
{"id":431,"date":"2014-07-16T07:42:40","date_gmt":"2014-07-16T07:42:40","guid":{"rendered":"http:\/\/pandomar.net\/?page_id=431"},"modified":"2015-04-08T04:27:11","modified_gmt":"2015-04-08T04:27:11","slug":"resoponsabilidad-social-y-compromiso-con-el-entorno","status":"publish","type":"page","link":"https:\/\/pandomar.net\/fr\/resoponsabilidad-social-y-compromiso-con-el-entorno\/","title":{"rendered":"<span>Responsabilidad social y<\/span> compromiso con el entorno"},"content":{"rendered":"<p class=\"qtranxs-available-languages-message qtranxs-available-languages-message-fr\">D\u00e9sol\u00e9, cet article est seulement disponible en <a href=\"https:\/\/pandomar.net\/es\/wp-json\/wp\/v2\/pages\/431\" class=\"qtranxs-available-language-link qtranxs-available-language-link-es\" title=\"ES\">Espagnol Europ\u00e9en<\/a>, <a href=\"https:\/\/pandomar.net\/gl\/wp-json\/wp\/v2\/pages\/431\" class=\"qtranxs-available-language-link qtranxs-available-language-link-gl\" title=\"GL\">Galicien<\/a>, <a href=\"https:\/\/pandomar.net\/en\/wp-json\/wp\/v2\/pages\/431\" class=\"qtranxs-available-language-link qtranxs-available-language-link-en\" title=\"EN\">Anglais Am\u00e9ricain<\/a> et <a href=\"https:\/\/pandomar.net\/de\/wp-json\/wp\/v2\/pages\/431\" class=\"qtranxs-available-language-link qtranxs-available-language-link-de\" title=\"DE\">Allemand<\/a>.<\/p>","protected":false},"excerpt":{"rendered":"<p>D\u00e9sol\u00e9, cet article est seulement disponible en Espagnol Europ\u00e9en, Galicien, Anglais Am\u00e9ricain et Allemand.<\/p>\n","protected":false},"author":1,"featured_media":0,"parent":0,"menu_order":0,"comment_status":"closed","ping_status":"closed","template":"","meta":{"footnotes":""},"acf":[],"yoast_head":"<!-- This site is optimized with the Yoast SEO plugin v17.6 - https:\/\/yoast.com\/wordpress\/plugins\/seo\/ -->\n<meta name=\"robots\" content=\"index, follow, max-snippet:-1, max-image-preview:large, max-video-preview:-1\" \/>\n<link rel=\"canonical\" href=\"https:\/\/pandomar.net\/fr\/resoponsabilidad-social-y-compromiso-con-el-entorno\/\" \/>\n<meta property=\"og:locale\" content=\"fr_FR\" \/>\n<meta property=\"og:type\" content=\"article\" \/>\n<meta property=\"og:title\" content=\"Responsabilidad social y compromiso con el entornoResponsabilidad social y compromiso con el entornoSOCIAL RESPONSIBILITY AND COMMITMENT TO THE WORKERSSOZIALE VERANTWORTUNG UND GEGEN\u00dcBER DER UMWELT - Pandomar\" \/>\n<meta property=\"og:description\" content=\"D\u00e9sol\u00e9, cet article est seulement disponible en Espagnol Europ\u00e9en, Galicien, Anglais Am\u00e9ricain et Allemand.\" \/>\n<meta property=\"og:url\" content=\"https:\/\/pandomar.net\/fr\/resoponsabilidad-social-y-compromiso-con-el-entorno\/\" \/>\n<meta property=\"og:site_name\" content=\"Pandomar\" \/>\n<meta property=\"article:modified_time\" content=\"2015-04-08T04:27:11+00:00\" \/>\n<meta property=\"og:image\" content=\"http:\/\/pandomar.net\/wp-content\/uploads\/2014\/07\/Felisa-001-copia-300x225.jpg\" \/>\n<meta name=\"twitter:card\" content=\"summary_large_image\" \/>\n<meta name=\"twitter:label1\" content=\"Dur\u00e9e de lecture estim\u00e9e\" \/>\n\t<meta name=\"twitter:data1\" content=\"8 minutes\" \/>\n<script type=\"application\/ld+json\" class=\"yoast-schema-graph\">{\"@context\":\"https:\/\/schema.org\",\"@graph\":[{\"@type\":\"WebSite\",\"@id\":\"https:\/\/pandomar.net\/fr\/#website\",\"url\":\"https:\/\/pandomar.net\/fr\/\",\"name\":\"Pandomar\",\"description\":\"Conservas de pescado procedentes de la pesca sostenible, elaboradas de forma artesanal con ingredientes de la agricultura ecol\\u00f3gica.\",\"potentialAction\":[{\"@type\":\"SearchAction\",\"target\":{\"@type\":\"EntryPoint\",\"urlTemplate\":\"https:\/\/pandomar.net\/fr\/?s={search_term_string}\"},\"query-input\":\"required name=search_term_string\"}],\"inLanguage\":\"fr-FR\"},{\"@type\":\"ImageObject\",\"@id\":\"https:\/\/pandomar.net\/fr\/resoponsabilidad-social-y-compromiso-con-el-entorno\/#primaryimage\",\"inLanguage\":\"fr-FR\",\"url\":\"http:\/\/pandomar.net\/wp-content\/uploads\/2014\/07\/Felisa-001-copia-300x225.jpg\",\"contentUrl\":\"http:\/\/pandomar.net\/wp-content\/uploads\/2014\/07\/Felisa-001-copia-300x225.jpg\"},{\"@type\":\"WebPage\",\"@id\":\"https:\/\/pandomar.net\/fr\/resoponsabilidad-social-y-compromiso-con-el-entorno\/#webpage\",\"url\":\"https:\/\/pandomar.net\/fr\/resoponsabilidad-social-y-compromiso-con-el-entorno\/\",\"name\":\"Responsabilidad social y compromiso con el entornoResponsabilidad social y compromiso con el entornoSOCIAL RESPONSIBILITY AND COMMITMENT TO THE WORKERSSOZIALE VERANTWORTUNG UND GEGEN\\u00dcBER DER UMWELT - Pandomar\",\"isPartOf\":{\"@id\":\"https:\/\/pandomar.net\/fr\/#website\"},\"primaryImageOfPage\":{\"@id\":\"https:\/\/pandomar.net\/fr\/resoponsabilidad-social-y-compromiso-con-el-entorno\/#primaryimage\"},\"datePublished\":\"2014-07-16T07:42:40+00:00\",\"dateModified\":\"2015-04-08T04:27:11+00:00\",\"breadcrumb\":{\"@id\":\"https:\/\/pandomar.net\/fr\/resoponsabilidad-social-y-compromiso-con-el-entorno\/#breadcrumb\"},\"inLanguage\":\"fr-FR\",\"potentialAction\":[{\"@type\":\"ReadAction\",\"target\":[\"https:\/\/pandomar.net\/fr\/resoponsabilidad-social-y-compromiso-con-el-entorno\/\"]}]},{\"@type\":\"BreadcrumbList\",\"@id\":\"https:\/\/pandomar.net\/fr\/resoponsabilidad-social-y-compromiso-con-el-entorno\/#breadcrumb\",\"itemListElement\":[{\"@type\":\"ListItem\",\"position\":1,\"name\":\"Portada\",\"item\":\"https:\/\/pandomar.net\/fr\/\"},{\"@type\":\"ListItem\",\"position\":2,\"name\":\"Responsabilidad social y compromiso con el entorno\"}]}]}<\/script>\n<!-- \/ Yoast SEO plugin. -->","yoast_head_json":{"robots":{"index":"index","follow":"follow","max-snippet":"max-snippet:-1","max-image-preview":"max-image-preview:large","max-video-preview":"max-video-preview:-1"},"canonical":"https:\/\/pandomar.net\/fr\/resoponsabilidad-social-y-compromiso-con-el-entorno\/","og_locale":"fr_FR","og_type":"article","og_title":"Responsabilidad social y compromiso con el entornoResponsabilidad social y compromiso con el entornoSOCIAL RESPONSIBILITY AND COMMITMENT TO THE WORKERSSOZIALE VERANTWORTUNG UND GEGEN\u00dcBER DER UMWELT - Pandomar","og_description":"D\u00e9sol\u00e9, cet article est seulement disponible en Espagnol Europ\u00e9en, Galicien, Anglais Am\u00e9ricain et Allemand.","og_url":"https:\/\/pandomar.net\/fr\/resoponsabilidad-social-y-compromiso-con-el-entorno\/","og_site_name":"Pandomar","article_modified_time":"2015-04-08T04:27:11+00:00","og_image":[{"url":"http:\/\/pandomar.net\/wp-content\/uploads\/2014\/07\/Felisa-001-copia-300x225.jpg"}],"twitter_card":"summary_large_image","twitter_misc":{"Dur\u00e9e de lecture estim\u00e9e":"8 minutes"},"schema":{"@context":"https:\/\/schema.org","@graph":[{"@type":"WebSite","@id":"https:\/\/pandomar.net\/fr\/#website","url":"https:\/\/pandomar.net\/fr\/","name":"Pandomar","description":"Conservas de pescado procedentes de la pesca sostenible, elaboradas de forma artesanal con ingredientes de la agricultura ecol\u00f3gica.","potentialAction":[{"@type":"SearchAction","target":{"@type":"EntryPoint","urlTemplate":"https:\/\/pandomar.net\/fr\/?s={search_term_string}"},"query-input":"required name=search_term_string"}],"inLanguage":"fr-FR"},{"@type":"ImageObject","@id":"https:\/\/pandomar.net\/fr\/resoponsabilidad-social-y-compromiso-con-el-entorno\/#primaryimage","inLanguage":"fr-FR","url":"http:\/\/pandomar.net\/wp-content\/uploads\/2014\/07\/Felisa-001-copia-300x225.jpg","contentUrl":"http:\/\/pandomar.net\/wp-content\/uploads\/2014\/07\/Felisa-001-copia-300x225.jpg"},{"@type":"WebPage","@id":"https:\/\/pandomar.net\/fr\/resoponsabilidad-social-y-compromiso-con-el-entorno\/#webpage","url":"https:\/\/pandomar.net\/fr\/resoponsabilidad-social-y-compromiso-con-el-entorno\/","name":"Responsabilidad social y compromiso con el entornoResponsabilidad social y compromiso con el entornoSOCIAL RESPONSIBILITY AND COMMITMENT TO THE WORKERSSOZIALE VERANTWORTUNG UND GEGEN\u00dcBER DER UMWELT - Pandomar","isPartOf":{"@id":"https:\/\/pandomar.net\/fr\/#website"},"primaryImageOfPage":{"@id":"https:\/\/pandomar.net\/fr\/resoponsabilidad-social-y-compromiso-con-el-entorno\/#primaryimage"},"datePublished":"2014-07-16T07:42:40+00:00","dateModified":"2015-04-08T04:27:11+00:00","breadcrumb":{"@id":"https:\/\/pandomar.net\/fr\/resoponsabilidad-social-y-compromiso-con-el-entorno\/#breadcrumb"},"inLanguage":"fr-FR","potentialAction":[{"@type":"ReadAction","target":["https:\/\/pandomar.net\/fr\/resoponsabilidad-social-y-compromiso-con-el-entorno\/"]}]},{"@type":"BreadcrumbList","@id":"https:\/\/pandomar.net\/fr\/resoponsabilidad-social-y-compromiso-con-el-entorno\/#breadcrumb","itemListElement":[{"@type":"ListItem","position":1,"name":"Portada","item":"https:\/\/pandomar.net\/fr\/"},{"@type":"ListItem","position":2,"name":"Responsabilidad social y compromiso con el entorno"}]}]}},"_links":{"self":[{"href":"https:\/\/pandomar.net\/fr\/wp-json\/wp\/v2\/pages\/431"}],"collection":[{"href":"https:\/\/pandomar.net\/fr\/wp-json\/wp\/v2\/pages"}],"about":[{"href":"https:\/\/pandomar.net\/fr\/wp-json\/wp\/v2\/types\/page"}],"author":[{"embeddable":true,"href":"https:\/\/pandomar.net\/fr\/wp-json\/wp\/v2\/users\/1"}],"replies":[{"embeddable":true,"href":"https:\/\/pandomar.net\/fr\/wp-json\/wp\/v2\/comments?post=431"}],"version-history":[{"count":1,"href":"https:\/\/pandomar.net\/fr\/wp-json\/wp\/v2\/pages\/431\/revisions"}],"predecessor-version":[{"id":432,"href":"https:\/\/pandomar.net\/fr\/wp-json\/wp\/v2\/pages\/431\/revisions\/432"}],"wp:attachment":[{"href":"https:\/\/pandomar.net\/fr\/wp-json\/wp\/v2\/media?parent=431"}],"curies":[{"name":"wp","href":"https:\/\/api.w.org\/{rel}","templated":true}]}}