
{"id":378,"date":"2014-07-02T08:55:00","date_gmt":"2014-07-02T08:55:00","guid":{"rendered":"http:\/\/pandomar.net\/?page_id=378"},"modified":"2025-02-24T12:35:08","modified_gmt":"2025-02-24T11:35:08","slug":"mejillones","status":"publish","type":"page","link":"https:\/\/pandomar.net\/fr\/mejillones\/","title":{"rendered":"Les moules"},"content":{"rendered":"<p class=\"lead\">Les moules que nous utilisons appartiennent \u00e0 l&#8217;esp\u00e8ce Mytilus galloprovincialis: mollusque bivalve \u00e0 coquille lisse de couleur noir bleut\u00e9, tr\u00e8s riche en prot\u00e9ines et min\u00e9raux qui vit fix\u00e9 aux rochers en zone de marnage .Leur croissance est rapide: en un an elles atteignent un d\u00e9veloppement normal dans cote atlantique de la peninsule ib\u00e9rique, gr\u00e2ce aux conditions\u00a0 de temp\u00e9rature et aux nutriments de ses eaux, atteignant ainsi des conditions optimales de\u00a0 taille et de saveur.<\/p>\n<p>Sur la c\u00f4te atlantique de la p\u00e9ninsule ib\u00e9rique elles sont cultiv\u00e9es depuis des ann\u00e9es comme moyen de vie alternative par les habitants des villes marines \u00e9vitant ainsi la surexploitation par la p\u00eache extractive. La mytiliculture s&#8217;effectue avec\u00a0 des cordes suspendues aux parcs flottants utilisant pour leur reproduction celles qui naissent naturellement dans les roches du littoral.<\/p>\n<p>Pour pouvoir obtenir la certification comme production \u00e9cologique\u00a0 la reproduction, l&#8217;engraissement et le traitement sont surveill\u00e9s par (CRAEGA), qui v\u00e9rifie la conformit\u00e9 de la r\u00e9alisation par le d\u00e9marrage d&#8217;un protocole rigoureux mis en place conform\u00e9ment au R\u00e8glement Europ\u00e9en 834\/2007.<\/p>\n<p><img loading=\"lazy\" decoding=\"async\" width=\"1024\" height=\"768\" class=\"alignleft size-large wp-image-501\" src=\"http:\/\/pandomar.net\/wp-content\/uploads\/2014\/09\/CRAEGA-Recogida-de-mejillon-eco-1024x768.jpg\" alt=\"OLYMPUS DIGITAL CAMERA\" srcset=\"https:\/\/pandomar.net\/wp-content\/uploads\/2014\/09\/CRAEGA-Recogida-de-mejillon-eco-1024x768.jpg 1024w, https:\/\/pandomar.net\/wp-content\/uploads\/2014\/09\/CRAEGA-Recogida-de-mejillon-eco-150x112.jpg 150w, https:\/\/pandomar.net\/wp-content\/uploads\/2014\/09\/CRAEGA-Recogida-de-mejillon-eco-300x225.jpg 300w, https:\/\/pandomar.net\/wp-content\/uploads\/2014\/09\/CRAEGA-Recogida-de-mejillon-eco-295x220.jpg 295w, https:\/\/pandomar.net\/wp-content\/uploads\/2014\/09\/CRAEGA-Recogida-de-mejillon-eco.jpg 2048w\" sizes=\"(max-width: 1024px) 100vw, 1024px\" \/><\/p>","protected":false},"excerpt":{"rendered":"<p>Les moules que nous utilisons appartiennent \u00e0 l&#8217;esp\u00e8ce Mytilus galloprovincialis: mollusque bivalve \u00e0 coquille lisse de couleur noir bleut\u00e9, tr\u00e8s&#8230;  <a href=\"https:\/\/pandomar.net\/fr\/mejillones\/\" class=\"more-link\" title=\"Read Les moules\">Read more &raquo;<\/a><\/p>\n","protected":false},"author":1,"featured_media":0,"parent":0,"menu_order":0,"comment_status":"closed","ping_status":"closed","template":"page-especies.php","meta":{"footnotes":""},"acf":[],"yoast_head":"<!-- This site is optimized with the Yoast SEO plugin v17.6 - https:\/\/yoast.com\/wordpress\/plugins\/seo\/ -->\n<meta name=\"robots\" content=\"index, follow, max-snippet:-1, max-image-preview:large, max-video-preview:-1\" \/>\n<link rel=\"canonical\" href=\"https:\/\/pandomar.net\/fr\/mejillones\/\" \/>\n<meta property=\"og:locale\" content=\"fr_FR\" \/>\n<meta property=\"og:type\" content=\"article\" \/>\n<meta property=\"og:title\" content=\"Les moules - Pandomar\" \/>\n<meta property=\"og:description\" content=\"Les moules que nous utilisons appartiennent \u00e0 l&#8217;esp\u00e8ce Mytilus galloprovincialis: mollusque bivalve \u00e0 coquille lisse de couleur noir bleut\u00e9, tr\u00e8s... Read more &raquo;\" \/>\n<meta property=\"og:url\" content=\"https:\/\/pandomar.net\/fr\/mejillones\/\" \/>\n<meta property=\"og:site_name\" content=\"Pandomar\" \/>\n<meta property=\"article:modified_time\" content=\"2025-02-24T11:35:08+00:00\" \/>\n<meta property=\"og:image\" content=\"http:\/\/pandomar.net\/wp-content\/uploads\/2014\/09\/CRAEGA-Recogida-de-mejillon-eco-1024x768.jpg\" \/>\n<meta name=\"twitter:card\" content=\"summary_large_image\" \/>\n<meta name=\"twitter:label1\" content=\"Dur\u00e9e de lecture estim\u00e9e\" \/>\n\t<meta name=\"twitter:data1\" content=\"4 minutes\" \/>\n<script type=\"application\/ld+json\" class=\"yoast-schema-graph\">{\"@context\":\"https:\/\/schema.org\",\"@graph\":[{\"@type\":\"WebSite\",\"@id\":\"https:\/\/pandomar.net\/fr\/#website\",\"url\":\"https:\/\/pandomar.net\/fr\/\",\"name\":\"Pandomar\",\"description\":\"Conservas de pescado procedentes de la pesca sostenible, elaboradas de forma artesanal con ingredientes de la agricultura ecol\\u00f3gica.\",\"potentialAction\":[{\"@type\":\"SearchAction\",\"target\":{\"@type\":\"EntryPoint\",\"urlTemplate\":\"https:\/\/pandomar.net\/fr\/?s={search_term_string}\"},\"query-input\":\"required name=search_term_string\"}],\"inLanguage\":\"fr-FR\"},{\"@type\":\"ImageObject\",\"@id\":\"https:\/\/pandomar.net\/fr\/mejillones\/#primaryimage\",\"inLanguage\":\"fr-FR\",\"url\":\"http:\/\/pandomar.net\/wp-content\/uploads\/2014\/09\/CRAEGA-Recogida-de-mejillon-eco-1024x768.jpg\",\"contentUrl\":\"http:\/\/pandomar.net\/wp-content\/uploads\/2014\/09\/CRAEGA-Recogida-de-mejillon-eco-1024x768.jpg\"},{\"@type\":\"WebPage\",\"@id\":\"https:\/\/pandomar.net\/fr\/mejillones\/#webpage\",\"url\":\"https:\/\/pandomar.net\/fr\/mejillones\/\",\"name\":\"Les moules - Pandomar\",\"isPartOf\":{\"@id\":\"https:\/\/pandomar.net\/fr\/#website\"},\"primaryImageOfPage\":{\"@id\":\"https:\/\/pandomar.net\/fr\/mejillones\/#primaryimage\"},\"datePublished\":\"2014-07-02T08:55:00+00:00\",\"dateModified\":\"2025-02-24T11:35:08+00:00\",\"breadcrumb\":{\"@id\":\"https:\/\/pandomar.net\/fr\/mejillones\/#breadcrumb\"},\"inLanguage\":\"fr-FR\",\"potentialAction\":[{\"@type\":\"ReadAction\",\"target\":[\"https:\/\/pandomar.net\/fr\/mejillones\/\"]}]},{\"@type\":\"BreadcrumbList\",\"@id\":\"https:\/\/pandomar.net\/fr\/mejillones\/#breadcrumb\",\"itemListElement\":[{\"@type\":\"ListItem\",\"position\":1,\"name\":\"Portada\",\"item\":\"https:\/\/pandomar.net\/fr\/\"},{\"@type\":\"ListItem\",\"position\":2,\"name\":\"Les moules\"}]}]}<\/script>\n<!-- \/ Yoast SEO plugin. -->","yoast_head_json":{"robots":{"index":"index","follow":"follow","max-snippet":"max-snippet:-1","max-image-preview":"max-image-preview:large","max-video-preview":"max-video-preview:-1"},"canonical":"https:\/\/pandomar.net\/fr\/mejillones\/","og_locale":"fr_FR","og_type":"article","og_title":"Les moules - Pandomar","og_description":"Les moules que nous utilisons appartiennent \u00e0 l&#8217;esp\u00e8ce Mytilus galloprovincialis: mollusque bivalve \u00e0 coquille lisse de couleur noir bleut\u00e9, tr\u00e8s... Read more &raquo;","og_url":"https:\/\/pandomar.net\/fr\/mejillones\/","og_site_name":"Pandomar","article_modified_time":"2025-02-24T11:35:08+00:00","og_image":[{"url":"http:\/\/pandomar.net\/wp-content\/uploads\/2014\/09\/CRAEGA-Recogida-de-mejillon-eco-1024x768.jpg"}],"twitter_card":"summary_large_image","twitter_misc":{"Dur\u00e9e de lecture estim\u00e9e":"4 minutes"},"schema":{"@context":"https:\/\/schema.org","@graph":[{"@type":"WebSite","@id":"https:\/\/pandomar.net\/fr\/#website","url":"https:\/\/pandomar.net\/fr\/","name":"Pandomar","description":"Conservas de pescado procedentes de la pesca sostenible, elaboradas de forma artesanal con ingredientes de la agricultura ecol\u00f3gica.","potentialAction":[{"@type":"SearchAction","target":{"@type":"EntryPoint","urlTemplate":"https:\/\/pandomar.net\/fr\/?s={search_term_string}"},"query-input":"required name=search_term_string"}],"inLanguage":"fr-FR"},{"@type":"ImageObject","@id":"https:\/\/pandomar.net\/fr\/mejillones\/#primaryimage","inLanguage":"fr-FR","url":"http:\/\/pandomar.net\/wp-content\/uploads\/2014\/09\/CRAEGA-Recogida-de-mejillon-eco-1024x768.jpg","contentUrl":"http:\/\/pandomar.net\/wp-content\/uploads\/2014\/09\/CRAEGA-Recogida-de-mejillon-eco-1024x768.jpg"},{"@type":"WebPage","@id":"https:\/\/pandomar.net\/fr\/mejillones\/#webpage","url":"https:\/\/pandomar.net\/fr\/mejillones\/","name":"Les moules - Pandomar","isPartOf":{"@id":"https:\/\/pandomar.net\/fr\/#website"},"primaryImageOfPage":{"@id":"https:\/\/pandomar.net\/fr\/mejillones\/#primaryimage"},"datePublished":"2014-07-02T08:55:00+00:00","dateModified":"2025-02-24T11:35:08+00:00","breadcrumb":{"@id":"https:\/\/pandomar.net\/fr\/mejillones\/#breadcrumb"},"inLanguage":"fr-FR","potentialAction":[{"@type":"ReadAction","target":["https:\/\/pandomar.net\/fr\/mejillones\/"]}]},{"@type":"BreadcrumbList","@id":"https:\/\/pandomar.net\/fr\/mejillones\/#breadcrumb","itemListElement":[{"@type":"ListItem","position":1,"name":"Portada","item":"https:\/\/pandomar.net\/fr\/"},{"@type":"ListItem","position":2,"name":"Les moules"}]}]}},"_links":{"self":[{"href":"https:\/\/pandomar.net\/fr\/wp-json\/wp\/v2\/pages\/378"}],"collection":[{"href":"https:\/\/pandomar.net\/fr\/wp-json\/wp\/v2\/pages"}],"about":[{"href":"https:\/\/pandomar.net\/fr\/wp-json\/wp\/v2\/types\/page"}],"author":[{"embeddable":true,"href":"https:\/\/pandomar.net\/fr\/wp-json\/wp\/v2\/users\/1"}],"replies":[{"embeddable":true,"href":"https:\/\/pandomar.net\/fr\/wp-json\/wp\/v2\/comments?post=378"}],"version-history":[{"count":11,"href":"https:\/\/pandomar.net\/fr\/wp-json\/wp\/v2\/pages\/378\/revisions"}],"predecessor-version":[{"id":2165,"href":"https:\/\/pandomar.net\/fr\/wp-json\/wp\/v2\/pages\/378\/revisions\/2165"}],"wp:attachment":[{"href":"https:\/\/pandomar.net\/fr\/wp-json\/wp\/v2\/media?parent=378"}],"curies":[{"name":"wp","href":"https:\/\/api.w.org\/{rel}","templated":true}]}}