
{"id":375,"date":"2014-07-02T08:52:19","date_gmt":"2014-07-02T08:52:19","guid":{"rendered":"http:\/\/pandomar.net\/?page_id=375"},"modified":"2016-04-12T04:11:35","modified_gmt":"2016-04-12T04:11:35","slug":"calamares","status":"publish","type":"page","link":"https:\/\/pandomar.net\/fr\/calamares\/","title":{"rendered":"Les calmars"},"content":{"rendered":"<p class=\"lead\"><b>Dans notre marque &#8220;PAIN de MER&#8221; nous conditionnons l&#8217;esp\u00e8ce Dosidicus gigas, des &#8220;Calamar de Humboldt&#8221;\u00a0 &#8220;Giant Squid&#8221;, ou &#8220;Calmar g\u00e9ant du Pacifique\u201d. Cest un &#8220;C\u00e9phalopode&#8221; de grande taille, dans les profondeurs et dans les courants de Humboldt sur les c\u00f4tes Sud-Am\u00e9ricaines du Pacifique. La p\u00eache surtout pratiqu\u00e9e au large du Perou. Au Perou cette esp\u00e8ce constitue un des piliers pour l&#8217;\u00e9conomie des communit\u00e9s P\u00e9ruviennes.<\/b><\/p>\n<p>Le calmar se p\u00eache pr\u00e8s de la c\u00f4te avec des petites embarcations et avec un \u00e9quipage minimal. La pr\u00e9paration et l&#8217;art de p\u00eache utilis\u00e9 est &#8220;LE JIG&#8221;.Il s&#8217;agit d&#8217;un lest de plomb muni d&#8217;une ficelle d&#8217;environ 20 \u00e0 25 m\u00e8tres de logueur le p\u00eacheur le tient \u00e0 l&#8217;aide de la main lui donnant un mouvement ascendant-descendant g\u00e2ce aux coups continus. Cette m\u00e9thode de p\u00eache est sp\u00e9cifique pour cette esp\u00e8ce en limitant les captures d&#8217;esp\u00e8ces prot\u00e9g\u00e9es non commerciales en tant qu&#8217;on \u00e9vite les captures des regets.<\/p>\n<p>La provenance et la m\u00e9thode recueillie est certifi\u00e9e par les autorit\u00e9s de la p\u00eache et sanitaires P\u00e9ruviennes. C\u2019est une esp\u00e8ce tr\u00e8s prolifique, avec un taux de croissance tr\u00e8s \u00e9lev\u00e9 et \u00e0 ce jour ne pr\u00e9sente pas de probl\u00e8mes de surp\u00eache. Nous pensons que le soutien au d\u00e9veloppement des communaut\u00e9s c\u00f4ti\u00e8res P\u00e9ruviennes compense le co\u00fbt \u00e9cologique au termes Co2 qui comporte le transport de la mati\u00e8re premi\u00e8re depuis le lieu d&#8217;origine \u00e0 notre usine .<\/p>","protected":false},"excerpt":{"rendered":"<p>Dans notre marque &#8220;PAIN de MER&#8221; nous conditionnons l&#8217;esp\u00e8ce Dosidicus gigas, des &#8220;Calamar de Humboldt&#8221;\u00a0 &#8220;Giant Squid&#8221;, ou &#8220;Calmar g\u00e9ant&#8230;  <a href=\"https:\/\/pandomar.net\/fr\/calamares\/\" class=\"more-link\" title=\"Read Les calmars\">Read more &raquo;<\/a><\/p>\n","protected":false},"author":1,"featured_media":0,"parent":0,"menu_order":0,"comment_status":"closed","ping_status":"closed","template":"page-especies.php","meta":{"footnotes":""},"acf":[],"yoast_head":"<!-- This site is optimized with the Yoast SEO plugin v17.6 - https:\/\/yoast.com\/wordpress\/plugins\/seo\/ -->\n<meta name=\"robots\" content=\"index, follow, max-snippet:-1, max-image-preview:large, max-video-preview:-1\" \/>\n<link rel=\"canonical\" href=\"https:\/\/pandomar.net\/fr\/calamares\/\" \/>\n<meta property=\"og:locale\" content=\"fr_FR\" \/>\n<meta property=\"og:type\" content=\"article\" \/>\n<meta property=\"og:title\" content=\"Les calmars - Pandomar\" \/>\n<meta property=\"og:description\" content=\"Dans notre marque &#8220;PAIN de MER&#8221; nous conditionnons l&#8217;esp\u00e8ce Dosidicus gigas, des &#8220;Calamar de Humboldt&#8221;\u00a0 &#8220;Giant Squid&#8221;, ou &#8220;Calmar g\u00e9ant... Read more &raquo;\" \/>\n<meta property=\"og:url\" content=\"https:\/\/pandomar.net\/fr\/calamares\/\" \/>\n<meta property=\"og:site_name\" content=\"Pandomar\" \/>\n<meta property=\"article:modified_time\" content=\"2016-04-12T04:11:35+00:00\" \/>\n<meta name=\"twitter:card\" content=\"summary_large_image\" \/>\n<meta name=\"twitter:label1\" content=\"Dur\u00e9e de lecture estim\u00e9e\" \/>\n\t<meta name=\"twitter:data1\" content=\"5 minutes\" \/>\n<script type=\"application\/ld+json\" class=\"yoast-schema-graph\">{\"@context\":\"https:\/\/schema.org\",\"@graph\":[{\"@type\":\"WebSite\",\"@id\":\"https:\/\/pandomar.net\/fr\/#website\",\"url\":\"https:\/\/pandomar.net\/fr\/\",\"name\":\"Pandomar\",\"description\":\"Conservas de pescado procedentes de la pesca sostenible, elaboradas de forma artesanal con ingredientes de la agricultura ecol\\u00f3gica.\",\"potentialAction\":[{\"@type\":\"SearchAction\",\"target\":{\"@type\":\"EntryPoint\",\"urlTemplate\":\"https:\/\/pandomar.net\/fr\/?s={search_term_string}\"},\"query-input\":\"required name=search_term_string\"}],\"inLanguage\":\"fr-FR\"},{\"@type\":\"WebPage\",\"@id\":\"https:\/\/pandomar.net\/fr\/calamares\/#webpage\",\"url\":\"https:\/\/pandomar.net\/fr\/calamares\/\",\"name\":\"Les calmars - Pandomar\",\"isPartOf\":{\"@id\":\"https:\/\/pandomar.net\/fr\/#website\"},\"datePublished\":\"2014-07-02T08:52:19+00:00\",\"dateModified\":\"2016-04-12T04:11:35+00:00\",\"breadcrumb\":{\"@id\":\"https:\/\/pandomar.net\/fr\/calamares\/#breadcrumb\"},\"inLanguage\":\"fr-FR\",\"potentialAction\":[{\"@type\":\"ReadAction\",\"target\":[\"https:\/\/pandomar.net\/fr\/calamares\/\"]}]},{\"@type\":\"BreadcrumbList\",\"@id\":\"https:\/\/pandomar.net\/fr\/calamares\/#breadcrumb\",\"itemListElement\":[{\"@type\":\"ListItem\",\"position\":1,\"name\":\"Portada\",\"item\":\"https:\/\/pandomar.net\/fr\/\"},{\"@type\":\"ListItem\",\"position\":2,\"name\":\"Les calmars\"}]}]}<\/script>\n<!-- \/ Yoast SEO plugin. -->","yoast_head_json":{"robots":{"index":"index","follow":"follow","max-snippet":"max-snippet:-1","max-image-preview":"max-image-preview:large","max-video-preview":"max-video-preview:-1"},"canonical":"https:\/\/pandomar.net\/fr\/calamares\/","og_locale":"fr_FR","og_type":"article","og_title":"Les calmars - Pandomar","og_description":"Dans notre marque &#8220;PAIN de MER&#8221; nous conditionnons l&#8217;esp\u00e8ce Dosidicus gigas, des &#8220;Calamar de Humboldt&#8221;\u00a0 &#8220;Giant Squid&#8221;, ou &#8220;Calmar g\u00e9ant... Read more &raquo;","og_url":"https:\/\/pandomar.net\/fr\/calamares\/","og_site_name":"Pandomar","article_modified_time":"2016-04-12T04:11:35+00:00","twitter_card":"summary_large_image","twitter_misc":{"Dur\u00e9e de lecture estim\u00e9e":"5 minutes"},"schema":{"@context":"https:\/\/schema.org","@graph":[{"@type":"WebSite","@id":"https:\/\/pandomar.net\/fr\/#website","url":"https:\/\/pandomar.net\/fr\/","name":"Pandomar","description":"Conservas de pescado procedentes de la pesca sostenible, elaboradas de forma artesanal con ingredientes de la agricultura ecol\u00f3gica.","potentialAction":[{"@type":"SearchAction","target":{"@type":"EntryPoint","urlTemplate":"https:\/\/pandomar.net\/fr\/?s={search_term_string}"},"query-input":"required name=search_term_string"}],"inLanguage":"fr-FR"},{"@type":"WebPage","@id":"https:\/\/pandomar.net\/fr\/calamares\/#webpage","url":"https:\/\/pandomar.net\/fr\/calamares\/","name":"Les calmars - Pandomar","isPartOf":{"@id":"https:\/\/pandomar.net\/fr\/#website"},"datePublished":"2014-07-02T08:52:19+00:00","dateModified":"2016-04-12T04:11:35+00:00","breadcrumb":{"@id":"https:\/\/pandomar.net\/fr\/calamares\/#breadcrumb"},"inLanguage":"fr-FR","potentialAction":[{"@type":"ReadAction","target":["https:\/\/pandomar.net\/fr\/calamares\/"]}]},{"@type":"BreadcrumbList","@id":"https:\/\/pandomar.net\/fr\/calamares\/#breadcrumb","itemListElement":[{"@type":"ListItem","position":1,"name":"Portada","item":"https:\/\/pandomar.net\/fr\/"},{"@type":"ListItem","position":2,"name":"Les calmars"}]}]}},"_links":{"self":[{"href":"https:\/\/pandomar.net\/fr\/wp-json\/wp\/v2\/pages\/375"}],"collection":[{"href":"https:\/\/pandomar.net\/fr\/wp-json\/wp\/v2\/pages"}],"about":[{"href":"https:\/\/pandomar.net\/fr\/wp-json\/wp\/v2\/types\/page"}],"author":[{"embeddable":true,"href":"https:\/\/pandomar.net\/fr\/wp-json\/wp\/v2\/users\/1"}],"replies":[{"embeddable":true,"href":"https:\/\/pandomar.net\/fr\/wp-json\/wp\/v2\/comments?post=375"}],"version-history":[{"count":1,"href":"https:\/\/pandomar.net\/fr\/wp-json\/wp\/v2\/pages\/375\/revisions"}],"predecessor-version":[{"id":1097,"href":"https:\/\/pandomar.net\/fr\/wp-json\/wp\/v2\/pages\/375\/revisions\/1097"}],"wp:attachment":[{"href":"https:\/\/pandomar.net\/fr\/wp-json\/wp\/v2\/media?parent=375"}],"curies":[{"name":"wp","href":"https:\/\/api.w.org\/{rel}","templated":true}]}}