
{"id":372,"date":"2014-07-02T08:48:59","date_gmt":"2014-07-02T08:48:59","guid":{"rendered":"http:\/\/pandomar.net\/?page_id=372"},"modified":"2016-04-12T04:12:50","modified_gmt":"2016-04-12T04:12:50","slug":"sardinas","status":"publish","type":"page","link":"https:\/\/pandomar.net\/fr\/sardinas\/","title":{"rendered":"Les sardines"},"content":{"rendered":"<p class=\"lead\"><b>Les sardines que nous emballons dans notre marque,\u00a0 \u00b4\u00b4Pain de Mer\u00a0\u00a8 appartiennent \u00e0 l&#8217;esp\u00e8ce Sardine pilchardus W. , la \u00a0 typique \u00b4\u00b4Sardine europ\u00e9enne\u201d, qui se caract\u00e9rise par son ventre argent\u00e9 et le bleu de ses longes et proviennent des c\u00f4tes\u00a0 du Golfe de Gascogne et du Canal de la Manche.<\/b><\/p>\n<p>&nbsp;<\/p>\n<p>Elles sont p\u00each\u00e9es avec des bateaux de la flotte c\u00f4ti\u00e8re des nombreux villages de la c\u00f4te de la Bretagne et du Pays Basque en une nuit par la m\u00e9thode traditionnelle de la bolinche. Ce syst\u00e8me par rapport aux m\u00e9thodes de p\u00eache industrielles au chalut p\u00e9lagique emp\u00eache la capture de dauphins et autres esp\u00e8ces prot\u00e9g\u00e9es tout en r\u00e9duisant consid\u00e9rablement les rejets. La qualit\u00e9 du poisson est \u00e9galement am\u00e9lior\u00e9e puisqu&#8217;il ne souffre pas de la pression d&#8217;\u00eatre tra\u00een\u00e9 en grandes quantit\u00e9s par de grands filets, afin de r\u00e9duire au m\u00ednimum les\u00a0 temps entre la capture et le traitement.<\/p>\n<p>Toute la production est certifi\u00e9e par les autorit\u00e9s comp\u00e9tentes et les associations de p\u00eacheurs, et sont certifi\u00e9es comme durable, par le MSC. Selon des \u00e9tudes scientifiques et les rapports des organismes de conservation, les esp\u00e8ces qui, comme les sardines occupent la base de la cha\u00eene alimentaire sont toujours captur\u00e9es dans des limites de s\u00e9curit\u00e9. Elles sont moins menac\u00e9es et se r\u00e9cup\u00e8rent plus facilement de la surexploitation. Il est donc recommand\u00e9 de donner la priorit\u00e9 \u00e0 leur consommation\u00a0 pa rapport aux\u00a0 autres esp\u00e8ces.<\/p>","protected":false},"excerpt":{"rendered":"<p>Les sardines que nous emballons dans notre marque,\u00a0 \u00b4\u00b4Pain de Mer\u00a0\u00a8 appartiennent \u00e0 l&#8217;esp\u00e8ce Sardine pilchardus W. , la \u00a0&#8230;  <a href=\"https:\/\/pandomar.net\/fr\/sardinas\/\" class=\"more-link\" title=\"Read Les sardines\">Read more &raquo;<\/a><\/p>\n","protected":false},"author":1,"featured_media":373,"parent":0,"menu_order":0,"comment_status":"closed","ping_status":"closed","template":"page-especies.php","meta":{"footnotes":""},"acf":[],"yoast_head":"<!-- This site is optimized with the Yoast SEO plugin v17.6 - https:\/\/yoast.com\/wordpress\/plugins\/seo\/ -->\n<meta name=\"robots\" content=\"index, follow, max-snippet:-1, max-image-preview:large, max-video-preview:-1\" \/>\n<link rel=\"canonical\" href=\"https:\/\/pandomar.net\/fr\/sardinas\/\" \/>\n<meta property=\"og:locale\" content=\"fr_FR\" \/>\n<meta property=\"og:type\" content=\"article\" \/>\n<meta property=\"og:title\" content=\"Les sardines - Pandomar\" \/>\n<meta property=\"og:description\" content=\"Les sardines que nous emballons dans notre marque,\u00a0 \u00b4\u00b4Pain de Mer\u00a0\u00a8 appartiennent \u00e0 l&#8217;esp\u00e8ce Sardine pilchardus W. , la \u00a0... Read more &raquo;\" \/>\n<meta property=\"og:url\" content=\"https:\/\/pandomar.net\/fr\/sardinas\/\" \/>\n<meta property=\"og:site_name\" content=\"Pandomar\" \/>\n<meta property=\"article:modified_time\" content=\"2016-04-12T04:12:50+00:00\" \/>\n<meta property=\"og:image\" content=\"https:\/\/pandomar.net\/wp-content\/uploads\/2014\/07\/sardine.jpg\" \/>\n\t<meta property=\"og:image:width\" content=\"247\" \/>\n\t<meta property=\"og:image:height\" content=\"46\" \/>\n<meta name=\"twitter:card\" content=\"summary_large_image\" \/>\n<meta name=\"twitter:label1\" content=\"Dur\u00e9e de lecture estim\u00e9e\" \/>\n\t<meta name=\"twitter:data1\" content=\"5 minutes\" \/>\n<script type=\"application\/ld+json\" class=\"yoast-schema-graph\">{\"@context\":\"https:\/\/schema.org\",\"@graph\":[{\"@type\":\"WebSite\",\"@id\":\"https:\/\/pandomar.net\/fr\/#website\",\"url\":\"https:\/\/pandomar.net\/fr\/\",\"name\":\"Pandomar\",\"description\":\"Conservas de pescado procedentes de la pesca sostenible, elaboradas de forma artesanal con ingredientes de la agricultura ecol\\u00f3gica.\",\"potentialAction\":[{\"@type\":\"SearchAction\",\"target\":{\"@type\":\"EntryPoint\",\"urlTemplate\":\"https:\/\/pandomar.net\/fr\/?s={search_term_string}\"},\"query-input\":\"required name=search_term_string\"}],\"inLanguage\":\"fr-FR\"},{\"@type\":\"ImageObject\",\"@id\":\"https:\/\/pandomar.net\/fr\/sardinas\/#primaryimage\",\"inLanguage\":\"fr-FR\",\"url\":\"https:\/\/pandomar.net\/wp-content\/uploads\/2014\/07\/sardine.jpg\",\"contentUrl\":\"https:\/\/pandomar.net\/wp-content\/uploads\/2014\/07\/sardine.jpg\",\"width\":247,\"height\":46},{\"@type\":\"WebPage\",\"@id\":\"https:\/\/pandomar.net\/fr\/sardinas\/#webpage\",\"url\":\"https:\/\/pandomar.net\/fr\/sardinas\/\",\"name\":\"Les sardines - Pandomar\",\"isPartOf\":{\"@id\":\"https:\/\/pandomar.net\/fr\/#website\"},\"primaryImageOfPage\":{\"@id\":\"https:\/\/pandomar.net\/fr\/sardinas\/#primaryimage\"},\"datePublished\":\"2014-07-02T08:48:59+00:00\",\"dateModified\":\"2016-04-12T04:12:50+00:00\",\"breadcrumb\":{\"@id\":\"https:\/\/pandomar.net\/fr\/sardinas\/#breadcrumb\"},\"inLanguage\":\"fr-FR\",\"potentialAction\":[{\"@type\":\"ReadAction\",\"target\":[\"https:\/\/pandomar.net\/fr\/sardinas\/\"]}]},{\"@type\":\"BreadcrumbList\",\"@id\":\"https:\/\/pandomar.net\/fr\/sardinas\/#breadcrumb\",\"itemListElement\":[{\"@type\":\"ListItem\",\"position\":1,\"name\":\"Portada\",\"item\":\"https:\/\/pandomar.net\/fr\/\"},{\"@type\":\"ListItem\",\"position\":2,\"name\":\"Les sardines\"}]}]}<\/script>\n<!-- \/ Yoast SEO plugin. -->","yoast_head_json":{"robots":{"index":"index","follow":"follow","max-snippet":"max-snippet:-1","max-image-preview":"max-image-preview:large","max-video-preview":"max-video-preview:-1"},"canonical":"https:\/\/pandomar.net\/fr\/sardinas\/","og_locale":"fr_FR","og_type":"article","og_title":"Les sardines - Pandomar","og_description":"Les sardines que nous emballons dans notre marque,\u00a0 \u00b4\u00b4Pain de Mer\u00a0\u00a8 appartiennent \u00e0 l&#8217;esp\u00e8ce Sardine pilchardus W. , la \u00a0... Read more &raquo;","og_url":"https:\/\/pandomar.net\/fr\/sardinas\/","og_site_name":"Pandomar","article_modified_time":"2016-04-12T04:12:50+00:00","og_image":[{"width":247,"height":46,"url":"https:\/\/pandomar.net\/wp-content\/uploads\/2014\/07\/sardine.jpg","type":"image\/jpeg"}],"twitter_card":"summary_large_image","twitter_misc":{"Dur\u00e9e de lecture estim\u00e9e":"5 minutes"},"schema":{"@context":"https:\/\/schema.org","@graph":[{"@type":"WebSite","@id":"https:\/\/pandomar.net\/fr\/#website","url":"https:\/\/pandomar.net\/fr\/","name":"Pandomar","description":"Conservas de pescado procedentes de la pesca sostenible, elaboradas de forma artesanal con ingredientes de la agricultura ecol\u00f3gica.","potentialAction":[{"@type":"SearchAction","target":{"@type":"EntryPoint","urlTemplate":"https:\/\/pandomar.net\/fr\/?s={search_term_string}"},"query-input":"required name=search_term_string"}],"inLanguage":"fr-FR"},{"@type":"ImageObject","@id":"https:\/\/pandomar.net\/fr\/sardinas\/#primaryimage","inLanguage":"fr-FR","url":"https:\/\/pandomar.net\/wp-content\/uploads\/2014\/07\/sardine.jpg","contentUrl":"https:\/\/pandomar.net\/wp-content\/uploads\/2014\/07\/sardine.jpg","width":247,"height":46},{"@type":"WebPage","@id":"https:\/\/pandomar.net\/fr\/sardinas\/#webpage","url":"https:\/\/pandomar.net\/fr\/sardinas\/","name":"Les sardines - Pandomar","isPartOf":{"@id":"https:\/\/pandomar.net\/fr\/#website"},"primaryImageOfPage":{"@id":"https:\/\/pandomar.net\/fr\/sardinas\/#primaryimage"},"datePublished":"2014-07-02T08:48:59+00:00","dateModified":"2016-04-12T04:12:50+00:00","breadcrumb":{"@id":"https:\/\/pandomar.net\/fr\/sardinas\/#breadcrumb"},"inLanguage":"fr-FR","potentialAction":[{"@type":"ReadAction","target":["https:\/\/pandomar.net\/fr\/sardinas\/"]}]},{"@type":"BreadcrumbList","@id":"https:\/\/pandomar.net\/fr\/sardinas\/#breadcrumb","itemListElement":[{"@type":"ListItem","position":1,"name":"Portada","item":"https:\/\/pandomar.net\/fr\/"},{"@type":"ListItem","position":2,"name":"Les sardines"}]}]}},"_links":{"self":[{"href":"https:\/\/pandomar.net\/fr\/wp-json\/wp\/v2\/pages\/372"}],"collection":[{"href":"https:\/\/pandomar.net\/fr\/wp-json\/wp\/v2\/pages"}],"about":[{"href":"https:\/\/pandomar.net\/fr\/wp-json\/wp\/v2\/types\/page"}],"author":[{"embeddable":true,"href":"https:\/\/pandomar.net\/fr\/wp-json\/wp\/v2\/users\/1"}],"replies":[{"embeddable":true,"href":"https:\/\/pandomar.net\/fr\/wp-json\/wp\/v2\/comments?post=372"}],"version-history":[{"count":1,"href":"https:\/\/pandomar.net\/fr\/wp-json\/wp\/v2\/pages\/372\/revisions"}],"predecessor-version":[{"id":1099,"href":"https:\/\/pandomar.net\/fr\/wp-json\/wp\/v2\/pages\/372\/revisions\/1099"}],"wp:featuredmedia":[{"embeddable":true,"href":"https:\/\/pandomar.net\/fr\/wp-json\/wp\/v2\/media\/373"}],"wp:attachment":[{"href":"https:\/\/pandomar.net\/fr\/wp-json\/wp\/v2\/media?parent=372"}],"curies":[{"name":"wp","href":"https:\/\/api.w.org\/{rel}","templated":true}]}}