
{"id":365,"date":"2014-07-02T08:36:55","date_gmt":"2014-07-02T08:36:55","guid":{"rendered":"http:\/\/pandomar.net\/?page_id=365"},"modified":"2016-04-12T04:09:00","modified_gmt":"2016-04-12T04:09:00","slug":"atun","status":"publish","type":"page","link":"https:\/\/pandomar.net\/fr\/atun\/","title":{"rendered":"Le thon"},"content":{"rendered":"<p class=\"lead\"><b>Les thons que nous utilisons pour notre marque PAIN DE MER sont de la famille Thnnus Albacares (Thon Clair &#8211; Albacore), Katsuwonus Pelamis (Listado &#8211; Thon de ventre ray\u00e9) et Thunus alalunga (Bonit\u00e9 du Nord \u2013 Thon Germon) .<\/b><\/p>\n<p>Le Thon Claire (Albacore) et le Listado (Thon de ventre ray\u00e9) sont originaires du Centre &#8211; Est de l&#8217;Atlantique, correspondant \u00e0 les\u00a0 p\u00eaches des c\u00f4tes des \u00celes Canaries , des \u00celes A\u00e7ores et du S\u00e9n\u00e9gal. Ces p\u00eacheries sont certifi\u00e9es comme durables pour \u00b4\u00b4 Friend of the sea\u00b4\u00b4. Le Bonit\u00e9 du Nord (Thon Germon) provient de la p\u00eache des c\u00f4tes de le Golfe de Gascogne. Tous les thons\u00a0 provenant de ces p\u00eacheries sont captur\u00e9s \u00e0 la canne. L&#8217;approvisionnement en mati\u00e8re premi\u00e8re de la p\u00eache de l&#8217;Atlantique se fait relativement\u00a0 \u00e1 la plus grande proximit\u00e9 de la manufacture a fin d&#8217;\u00e9viter les transports sur de trop longues distances \u00e0 travers de la moiti\u00e9 du monde avec le r\u00e9sultat d\u00b4une \u00e9conomie d&#8217;\u00e9nergie et d\u00b4une r\u00e9duction des niveaux de CO2.<\/p>\n<p>Dans tous les cas, la p\u00eache se fait avec des petites navires,\u00a0 de forme artisanale et traditionnelle, appartenant \u00e0 des communaut\u00e9s c\u00f4ti\u00e8res utilisant des m\u00e9thodes hautement s\u00e9lectives . Les Thons sont p\u00each\u00e9s avec des cannes et hame\u00e7ons (pole &amp; line), m\u00e9thode recommand\u00e9e par les organisations de\u00a0 d\u00e9fense de l&#8217;environnement telles comme Greenpeace et WWF, pour consid\u00e9rer que c&#8217;est une m\u00e9thode de p\u00eache qui assure la p\u00e9rennit\u00e9 de l&#8217;esp\u00e8ce en contribuant \u00e0 limiter les captures, qui \u00e9vite la surp\u00eache et\u00a0 minimise le probl\u00e8me des rejets de capture d&#8217;esp\u00e8ces et de tailles non\u00a0 \u00e9changeables et participe \u00e0 la protection des esp\u00e8ces marines en voie de disparition.<\/p>","protected":false},"excerpt":{"rendered":"<p>Les thons que nous utilisons pour notre marque PAIN DE MER sont de la famille Thnnus Albacares (Thon Clair &#8211;&#8230;  <a href=\"https:\/\/pandomar.net\/fr\/atun\/\" class=\"more-link\" title=\"Read Le thon\">Read more &raquo;<\/a><\/p>\n","protected":false},"author":1,"featured_media":0,"parent":0,"menu_order":0,"comment_status":"closed","ping_status":"closed","template":"page-especies.php","meta":{"footnotes":""},"acf":[],"yoast_head":"<!-- This site is optimized with the Yoast SEO plugin v17.6 - https:\/\/yoast.com\/wordpress\/plugins\/seo\/ -->\n<meta name=\"robots\" content=\"index, follow, max-snippet:-1, max-image-preview:large, max-video-preview:-1\" \/>\n<link rel=\"canonical\" href=\"https:\/\/pandomar.net\/fr\/atun\/\" \/>\n<meta property=\"og:locale\" content=\"fr_FR\" \/>\n<meta property=\"og:type\" content=\"article\" \/>\n<meta property=\"og:title\" content=\"Le thon - Pandomar\" \/>\n<meta property=\"og:description\" content=\"Les thons que nous utilisons pour notre marque PAIN DE MER sont de la famille Thnnus Albacares (Thon Clair &#8211;... Read more &raquo;\" \/>\n<meta property=\"og:url\" content=\"https:\/\/pandomar.net\/fr\/atun\/\" \/>\n<meta property=\"og:site_name\" content=\"Pandomar\" \/>\n<meta property=\"article:modified_time\" content=\"2016-04-12T04:09:00+00:00\" \/>\n<meta name=\"twitter:card\" content=\"summary_large_image\" \/>\n<meta name=\"twitter:label1\" content=\"Dur\u00e9e de lecture estim\u00e9e\" \/>\n\t<meta name=\"twitter:data1\" content=\"5 minutes\" \/>\n<script type=\"application\/ld+json\" class=\"yoast-schema-graph\">{\"@context\":\"https:\/\/schema.org\",\"@graph\":[{\"@type\":\"WebSite\",\"@id\":\"https:\/\/pandomar.net\/fr\/#website\",\"url\":\"https:\/\/pandomar.net\/fr\/\",\"name\":\"Pandomar\",\"description\":\"Conservas de pescado procedentes de la pesca sostenible, elaboradas de forma artesanal con ingredientes de la agricultura ecol\\u00f3gica.\",\"potentialAction\":[{\"@type\":\"SearchAction\",\"target\":{\"@type\":\"EntryPoint\",\"urlTemplate\":\"https:\/\/pandomar.net\/fr\/?s={search_term_string}\"},\"query-input\":\"required name=search_term_string\"}],\"inLanguage\":\"fr-FR\"},{\"@type\":\"WebPage\",\"@id\":\"https:\/\/pandomar.net\/fr\/atun\/#webpage\",\"url\":\"https:\/\/pandomar.net\/fr\/atun\/\",\"name\":\"Le thon - Pandomar\",\"isPartOf\":{\"@id\":\"https:\/\/pandomar.net\/fr\/#website\"},\"datePublished\":\"2014-07-02T08:36:55+00:00\",\"dateModified\":\"2016-04-12T04:09:00+00:00\",\"breadcrumb\":{\"@id\":\"https:\/\/pandomar.net\/fr\/atun\/#breadcrumb\"},\"inLanguage\":\"fr-FR\",\"potentialAction\":[{\"@type\":\"ReadAction\",\"target\":[\"https:\/\/pandomar.net\/fr\/atun\/\"]}]},{\"@type\":\"BreadcrumbList\",\"@id\":\"https:\/\/pandomar.net\/fr\/atun\/#breadcrumb\",\"itemListElement\":[{\"@type\":\"ListItem\",\"position\":1,\"name\":\"Portada\",\"item\":\"https:\/\/pandomar.net\/fr\/\"},{\"@type\":\"ListItem\",\"position\":2,\"name\":\"Le thon\"}]}]}<\/script>\n<!-- \/ Yoast SEO plugin. -->","yoast_head_json":{"robots":{"index":"index","follow":"follow","max-snippet":"max-snippet:-1","max-image-preview":"max-image-preview:large","max-video-preview":"max-video-preview:-1"},"canonical":"https:\/\/pandomar.net\/fr\/atun\/","og_locale":"fr_FR","og_type":"article","og_title":"Le thon - Pandomar","og_description":"Les thons que nous utilisons pour notre marque PAIN DE MER sont de la famille Thnnus Albacares (Thon Clair &#8211;... Read more &raquo;","og_url":"https:\/\/pandomar.net\/fr\/atun\/","og_site_name":"Pandomar","article_modified_time":"2016-04-12T04:09:00+00:00","twitter_card":"summary_large_image","twitter_misc":{"Dur\u00e9e de lecture estim\u00e9e":"5 minutes"},"schema":{"@context":"https:\/\/schema.org","@graph":[{"@type":"WebSite","@id":"https:\/\/pandomar.net\/fr\/#website","url":"https:\/\/pandomar.net\/fr\/","name":"Pandomar","description":"Conservas de pescado procedentes de la pesca sostenible, elaboradas de forma artesanal con ingredientes de la agricultura ecol\u00f3gica.","potentialAction":[{"@type":"SearchAction","target":{"@type":"EntryPoint","urlTemplate":"https:\/\/pandomar.net\/fr\/?s={search_term_string}"},"query-input":"required name=search_term_string"}],"inLanguage":"fr-FR"},{"@type":"WebPage","@id":"https:\/\/pandomar.net\/fr\/atun\/#webpage","url":"https:\/\/pandomar.net\/fr\/atun\/","name":"Le thon - Pandomar","isPartOf":{"@id":"https:\/\/pandomar.net\/fr\/#website"},"datePublished":"2014-07-02T08:36:55+00:00","dateModified":"2016-04-12T04:09:00+00:00","breadcrumb":{"@id":"https:\/\/pandomar.net\/fr\/atun\/#breadcrumb"},"inLanguage":"fr-FR","potentialAction":[{"@type":"ReadAction","target":["https:\/\/pandomar.net\/fr\/atun\/"]}]},{"@type":"BreadcrumbList","@id":"https:\/\/pandomar.net\/fr\/atun\/#breadcrumb","itemListElement":[{"@type":"ListItem","position":1,"name":"Portada","item":"https:\/\/pandomar.net\/fr\/"},{"@type":"ListItem","position":2,"name":"Le thon"}]}]}},"_links":{"self":[{"href":"https:\/\/pandomar.net\/fr\/wp-json\/wp\/v2\/pages\/365"}],"collection":[{"href":"https:\/\/pandomar.net\/fr\/wp-json\/wp\/v2\/pages"}],"about":[{"href":"https:\/\/pandomar.net\/fr\/wp-json\/wp\/v2\/types\/page"}],"author":[{"embeddable":true,"href":"https:\/\/pandomar.net\/fr\/wp-json\/wp\/v2\/users\/1"}],"replies":[{"embeddable":true,"href":"https:\/\/pandomar.net\/fr\/wp-json\/wp\/v2\/comments?post=365"}],"version-history":[{"count":2,"href":"https:\/\/pandomar.net\/fr\/wp-json\/wp\/v2\/pages\/365\/revisions"}],"predecessor-version":[{"id":1094,"href":"https:\/\/pandomar.net\/fr\/wp-json\/wp\/v2\/pages\/365\/revisions\/1094"}],"wp:attachment":[{"href":"https:\/\/pandomar.net\/fr\/wp-json\/wp\/v2\/media?parent=365"}],"curies":[{"name":"wp","href":"https:\/\/api.w.org\/{rel}","templated":true}]}}