
{"id":2,"date":"2014-05-19T10:42:41","date_gmt":"2014-05-19T10:42:41","guid":{"rendered":"http:\/\/pandomar.net\/?page_id=2"},"modified":"2024-03-21T17:36:35","modified_gmt":"2024-03-21T16:36:35","slug":"novedades","status":"publish","type":"page","link":"https:\/\/pandomar.net\/fr\/novedades\/","title":{"rendered":"Nouvelles"},"content":{"rendered":"<p class=\"qtranxs-available-languages-message qtranxs-available-languages-message-fr\">D\u00e9sol\u00e9, cet article est seulement disponible en <a href=\"https:\/\/pandomar.net\/es\/wp-json\/wp\/v2\/pages\/2\" class=\"qtranxs-available-language-link qtranxs-available-language-link-es\" title=\"ES\">Espagnol Europ\u00e9en<\/a> et <a href=\"https:\/\/pandomar.net\/en\/wp-json\/wp\/v2\/pages\/2\" class=\"qtranxs-available-language-link qtranxs-available-language-link-en\" title=\"EN\">Anglais Am\u00e9ricain<\/a>.<\/p>","protected":false},"excerpt":{"rendered":"<p>D\u00e9sol\u00e9, cet article est seulement disponible en Espagnol Europ\u00e9en et Anglais Am\u00e9ricain.<\/p>\n","protected":false},"author":1,"featured_media":1904,"parent":0,"menu_order":0,"comment_status":"closed","ping_status":"closed","template":"page-novedades.php","meta":{"footnotes":""},"acf":[],"yoast_head":"<!-- This site is optimized with the Yoast SEO plugin v17.6 - https:\/\/yoast.com\/wordpress\/plugins\/seo\/ -->\n<meta name=\"robots\" content=\"index, follow, max-snippet:-1, max-image-preview:large, max-video-preview:-1\" \/>\n<link rel=\"canonical\" href=\"https:\/\/pandomar.net\/fr\/novedades\/\" \/>\n<meta property=\"og:locale\" content=\"fr_FR\" \/>\n<meta property=\"og:type\" content=\"article\" \/>\n<meta property=\"og:title\" content=\"Nouvelles - Pandomar\" \/>\n<meta property=\"og:description\" content=\"D\u00e9sol\u00e9, cet article est seulement disponible en Espagnol Europ\u00e9en et Anglais Am\u00e9ricain.\" \/>\n<meta property=\"og:url\" content=\"https:\/\/pandomar.net\/fr\/novedades\/\" \/>\n<meta property=\"og:site_name\" content=\"Pandomar\" \/>\n<meta property=\"article:modified_time\" content=\"2024-03-21T16:36:35+00:00\" \/>\n<meta name=\"twitter:card\" content=\"summary_large_image\" \/>\n<meta name=\"twitter:image\" content=\"https:\/\/pandomar.net\/wp-content\/uploads\/2023\/02\/CERTIFICADO-BCORP-1-pdf.jpg\" \/>\n<script type=\"application\/ld+json\" class=\"yoast-schema-graph\">{\"@context\":\"https:\/\/schema.org\",\"@graph\":[{\"@type\":\"WebSite\",\"@id\":\"https:\/\/pandomar.net\/fr\/#website\",\"url\":\"https:\/\/pandomar.net\/fr\/\",\"name\":\"Pandomar\",\"description\":\"Conservas de pescado procedentes de la pesca sostenible, elaboradas de forma artesanal con ingredientes de la agricultura ecol\\u00f3gica.\",\"potentialAction\":[{\"@type\":\"SearchAction\",\"target\":{\"@type\":\"EntryPoint\",\"urlTemplate\":\"https:\/\/pandomar.net\/fr\/?s={search_term_string}\"},\"query-input\":\"required name=search_term_string\"}],\"inLanguage\":\"fr-FR\"},{\"@type\":\"ImageObject\",\"@id\":\"https:\/\/pandomar.net\/fr\/novedades\/#primaryimage\",\"inLanguage\":\"fr-FR\",\"url\":\"https:\/\/pandomar.net\/wp-content\/uploads\/2023\/02\/CERTIFICADO-BCORP-1-pdf.jpg\",\"contentUrl\":\"https:\/\/pandomar.net\/wp-content\/uploads\/2023\/02\/CERTIFICADO-BCORP-1-pdf.jpg\"},{\"@type\":\"WebPage\",\"@id\":\"https:\/\/pandomar.net\/fr\/novedades\/#webpage\",\"url\":\"https:\/\/pandomar.net\/fr\/novedades\/\",\"name\":\"Nouvelles - Pandomar\",\"isPartOf\":{\"@id\":\"https:\/\/pandomar.net\/fr\/#website\"},\"primaryImageOfPage\":{\"@id\":\"https:\/\/pandomar.net\/fr\/novedades\/#primaryimage\"},\"datePublished\":\"2014-05-19T10:42:41+00:00\",\"dateModified\":\"2024-03-21T16:36:35+00:00\",\"breadcrumb\":{\"@id\":\"https:\/\/pandomar.net\/fr\/novedades\/#breadcrumb\"},\"inLanguage\":\"fr-FR\",\"potentialAction\":[{\"@type\":\"ReadAction\",\"target\":[\"https:\/\/pandomar.net\/fr\/novedades\/\"]}]},{\"@type\":\"BreadcrumbList\",\"@id\":\"https:\/\/pandomar.net\/fr\/novedades\/#breadcrumb\",\"itemListElement\":[{\"@type\":\"ListItem\",\"position\":1,\"name\":\"Portada\",\"item\":\"https:\/\/pandomar.net\/fr\/\"},{\"@type\":\"ListItem\",\"position\":2,\"name\":\"Nouvelles\"}]}]}<\/script>\n<!-- \/ Yoast SEO plugin. -->","yoast_head_json":{"robots":{"index":"index","follow":"follow","max-snippet":"max-snippet:-1","max-image-preview":"max-image-preview:large","max-video-preview":"max-video-preview:-1"},"canonical":"https:\/\/pandomar.net\/fr\/novedades\/","og_locale":"fr_FR","og_type":"article","og_title":"Nouvelles - Pandomar","og_description":"D\u00e9sol\u00e9, cet article est seulement disponible en Espagnol Europ\u00e9en et Anglais Am\u00e9ricain.","og_url":"https:\/\/pandomar.net\/fr\/novedades\/","og_site_name":"Pandomar","article_modified_time":"2024-03-21T16:36:35+00:00","twitter_card":"summary_large_image","twitter_image":"https:\/\/pandomar.net\/wp-content\/uploads\/2023\/02\/CERTIFICADO-BCORP-1-pdf.jpg","schema":{"@context":"https:\/\/schema.org","@graph":[{"@type":"WebSite","@id":"https:\/\/pandomar.net\/fr\/#website","url":"https:\/\/pandomar.net\/fr\/","name":"Pandomar","description":"Conservas de pescado procedentes de la pesca sostenible, elaboradas de forma artesanal con ingredientes de la agricultura ecol\u00f3gica.","potentialAction":[{"@type":"SearchAction","target":{"@type":"EntryPoint","urlTemplate":"https:\/\/pandomar.net\/fr\/?s={search_term_string}"},"query-input":"required name=search_term_string"}],"inLanguage":"fr-FR"},{"@type":"ImageObject","@id":"https:\/\/pandomar.net\/fr\/novedades\/#primaryimage","inLanguage":"fr-FR","url":"https:\/\/pandomar.net\/wp-content\/uploads\/2023\/02\/CERTIFICADO-BCORP-1-pdf.jpg","contentUrl":"https:\/\/pandomar.net\/wp-content\/uploads\/2023\/02\/CERTIFICADO-BCORP-1-pdf.jpg"},{"@type":"WebPage","@id":"https:\/\/pandomar.net\/fr\/novedades\/#webpage","url":"https:\/\/pandomar.net\/fr\/novedades\/","name":"Nouvelles - Pandomar","isPartOf":{"@id":"https:\/\/pandomar.net\/fr\/#website"},"primaryImageOfPage":{"@id":"https:\/\/pandomar.net\/fr\/novedades\/#primaryimage"},"datePublished":"2014-05-19T10:42:41+00:00","dateModified":"2024-03-21T16:36:35+00:00","breadcrumb":{"@id":"https:\/\/pandomar.net\/fr\/novedades\/#breadcrumb"},"inLanguage":"fr-FR","potentialAction":[{"@type":"ReadAction","target":["https:\/\/pandomar.net\/fr\/novedades\/"]}]},{"@type":"BreadcrumbList","@id":"https:\/\/pandomar.net\/fr\/novedades\/#breadcrumb","itemListElement":[{"@type":"ListItem","position":1,"name":"Portada","item":"https:\/\/pandomar.net\/fr\/"},{"@type":"ListItem","position":2,"name":"Nouvelles"}]}]}},"_links":{"self":[{"href":"https:\/\/pandomar.net\/fr\/wp-json\/wp\/v2\/pages\/2"}],"collection":[{"href":"https:\/\/pandomar.net\/fr\/wp-json\/wp\/v2\/pages"}],"about":[{"href":"https:\/\/pandomar.net\/fr\/wp-json\/wp\/v2\/types\/page"}],"author":[{"embeddable":true,"href":"https:\/\/pandomar.net\/fr\/wp-json\/wp\/v2\/users\/1"}],"replies":[{"embeddable":true,"href":"https:\/\/pandomar.net\/fr\/wp-json\/wp\/v2\/comments?post=2"}],"version-history":[{"count":11,"href":"https:\/\/pandomar.net\/fr\/wp-json\/wp\/v2\/pages\/2\/revisions"}],"predecessor-version":[{"id":1137,"href":"https:\/\/pandomar.net\/fr\/wp-json\/wp\/v2\/pages\/2\/revisions\/1137"}],"wp:featuredmedia":[{"embeddable":true,"href":"https:\/\/pandomar.net\/fr\/wp-json\/wp\/v2\/media\/1904"}],"wp:attachment":[{"href":"https:\/\/pandomar.net\/fr\/wp-json\/wp\/v2\/media?parent=2"}],"curies":[{"name":"wp","href":"https:\/\/api.w.org\/{rel}","templated":true}]}}