
{"id":1665,"date":"2021-11-19T11:18:08","date_gmt":"2021-11-19T10:18:08","guid":{"rendered":"https:\/\/pandomar.net\/?page_id=1665"},"modified":"2024-03-25T14:09:37","modified_gmt":"2024-03-25T13:09:37","slug":"certificados","status":"publish","type":"page","link":"https:\/\/pandomar.net\/fr\/certificados\/","title":{"rendered":"Certificados"},"content":{"rendered":"<p class=\"qtranxs-available-languages-message qtranxs-available-languages-message-fr\">D\u00e9sol\u00e9, cet article est seulement disponible en <a href=\"https:\/\/pandomar.net\/es\/wp-json\/wp\/v2\/pages\/1665\" class=\"qtranxs-available-language-link qtranxs-available-language-link-es\" title=\"ES\">Espagnol Europ\u00e9en<\/a> et <a href=\"https:\/\/pandomar.net\/de\/wp-json\/wp\/v2\/pages\/1665\" class=\"qtranxs-available-language-link qtranxs-available-language-link-de\" title=\"DE\">Allemand<\/a>.<\/p>","protected":false},"excerpt":{"rendered":"<p>D\u00e9sol\u00e9, cet article est seulement disponible en Espagnol Europ\u00e9en et Allemand.<\/p>\n","protected":false},"author":2,"featured_media":1654,"parent":0,"menu_order":0,"comment_status":"closed","ping_status":"closed","template":"page-full-width.php","meta":{"footnotes":""},"acf":[],"yoast_head":"<!-- This site is optimized with the Yoast SEO plugin v17.6 - https:\/\/yoast.com\/wordpress\/plugins\/seo\/ -->\n<meta name=\"robots\" content=\"index, follow, max-snippet:-1, max-image-preview:large, max-video-preview:-1\" \/>\n<link rel=\"canonical\" href=\"https:\/\/pandomar.net\/fr\/certificados\/\" \/>\n<meta property=\"og:locale\" content=\"fr_FR\" \/>\n<meta property=\"og:type\" content=\"article\" \/>\n<meta property=\"og:title\" content=\"Certificados - Pandomar\" \/>\n<meta property=\"og:description\" content=\"D\u00e9sol\u00e9, cet article est seulement disponible en Espagnol Europ\u00e9en et Allemand.\" \/>\n<meta property=\"og:url\" content=\"https:\/\/pandomar.net\/fr\/certificados\/\" \/>\n<meta property=\"og:site_name\" content=\"Pandomar\" \/>\n<meta property=\"article:modified_time\" content=\"2024-03-25T13:09:37+00:00\" \/>\n<meta property=\"og:image\" content=\"https:\/\/pandomar.net\/wp-content\/uploads\/2021\/09\/fos.jpg\" \/>\n\t<meta property=\"og:image:width\" content=\"282\" \/>\n\t<meta property=\"og:image:height\" content=\"278\" \/>\n<meta name=\"twitter:card\" content=\"summary_large_image\" \/>\n<meta name=\"twitter:label1\" content=\"Dur\u00e9e de lecture estim\u00e9e\" \/>\n\t<meta name=\"twitter:data1\" content=\"3 minutes\" \/>\n<script type=\"application\/ld+json\" class=\"yoast-schema-graph\">{\"@context\":\"https:\/\/schema.org\",\"@graph\":[{\"@type\":\"WebSite\",\"@id\":\"https:\/\/pandomar.net\/fr\/#website\",\"url\":\"https:\/\/pandomar.net\/fr\/\",\"name\":\"Pandomar\",\"description\":\"Conservas de pescado procedentes de la pesca sostenible, elaboradas de forma artesanal con ingredientes de la agricultura ecol\\u00f3gica.\",\"potentialAction\":[{\"@type\":\"SearchAction\",\"target\":{\"@type\":\"EntryPoint\",\"urlTemplate\":\"https:\/\/pandomar.net\/fr\/?s={search_term_string}\"},\"query-input\":\"required name=search_term_string\"}],\"inLanguage\":\"fr-FR\"},{\"@type\":\"ImageObject\",\"@id\":\"https:\/\/pandomar.net\/fr\/certificados\/#primaryimage\",\"inLanguage\":\"fr-FR\",\"url\":\"https:\/\/pandomar.net\/wp-content\/uploads\/2021\/09\/fos.jpg\",\"contentUrl\":\"https:\/\/pandomar.net\/wp-content\/uploads\/2021\/09\/fos.jpg\",\"width\":282,\"height\":278},{\"@type\":\"WebPage\",\"@id\":\"https:\/\/pandomar.net\/fr\/certificados\/#webpage\",\"url\":\"https:\/\/pandomar.net\/fr\/certificados\/\",\"name\":\"Certificados - Pandomar\",\"isPartOf\":{\"@id\":\"https:\/\/pandomar.net\/fr\/#website\"},\"primaryImageOfPage\":{\"@id\":\"https:\/\/pandomar.net\/fr\/certificados\/#primaryimage\"},\"datePublished\":\"2021-11-19T10:18:08+00:00\",\"dateModified\":\"2024-03-25T13:09:37+00:00\",\"breadcrumb\":{\"@id\":\"https:\/\/pandomar.net\/fr\/certificados\/#breadcrumb\"},\"inLanguage\":\"fr-FR\",\"potentialAction\":[{\"@type\":\"ReadAction\",\"target\":[\"https:\/\/pandomar.net\/fr\/certificados\/\"]}]},{\"@type\":\"BreadcrumbList\",\"@id\":\"https:\/\/pandomar.net\/fr\/certificados\/#breadcrumb\",\"itemListElement\":[{\"@type\":\"ListItem\",\"position\":1,\"name\":\"Portada\",\"item\":\"https:\/\/pandomar.net\/fr\/\"},{\"@type\":\"ListItem\",\"position\":2,\"name\":\"Certificados\"}]}]}<\/script>\n<!-- \/ Yoast SEO plugin. -->","yoast_head_json":{"robots":{"index":"index","follow":"follow","max-snippet":"max-snippet:-1","max-image-preview":"max-image-preview:large","max-video-preview":"max-video-preview:-1"},"canonical":"https:\/\/pandomar.net\/fr\/certificados\/","og_locale":"fr_FR","og_type":"article","og_title":"Certificados - Pandomar","og_description":"D\u00e9sol\u00e9, cet article est seulement disponible en Espagnol Europ\u00e9en et Allemand.","og_url":"https:\/\/pandomar.net\/fr\/certificados\/","og_site_name":"Pandomar","article_modified_time":"2024-03-25T13:09:37+00:00","og_image":[{"width":282,"height":278,"url":"https:\/\/pandomar.net\/wp-content\/uploads\/2021\/09\/fos.jpg","type":"image\/jpeg"}],"twitter_card":"summary_large_image","twitter_misc":{"Dur\u00e9e de lecture estim\u00e9e":"3 minutes"},"schema":{"@context":"https:\/\/schema.org","@graph":[{"@type":"WebSite","@id":"https:\/\/pandomar.net\/fr\/#website","url":"https:\/\/pandomar.net\/fr\/","name":"Pandomar","description":"Conservas de pescado procedentes de la pesca sostenible, elaboradas de forma artesanal con ingredientes de la agricultura ecol\u00f3gica.","potentialAction":[{"@type":"SearchAction","target":{"@type":"EntryPoint","urlTemplate":"https:\/\/pandomar.net\/fr\/?s={search_term_string}"},"query-input":"required name=search_term_string"}],"inLanguage":"fr-FR"},{"@type":"ImageObject","@id":"https:\/\/pandomar.net\/fr\/certificados\/#primaryimage","inLanguage":"fr-FR","url":"https:\/\/pandomar.net\/wp-content\/uploads\/2021\/09\/fos.jpg","contentUrl":"https:\/\/pandomar.net\/wp-content\/uploads\/2021\/09\/fos.jpg","width":282,"height":278},{"@type":"WebPage","@id":"https:\/\/pandomar.net\/fr\/certificados\/#webpage","url":"https:\/\/pandomar.net\/fr\/certificados\/","name":"Certificados - Pandomar","isPartOf":{"@id":"https:\/\/pandomar.net\/fr\/#website"},"primaryImageOfPage":{"@id":"https:\/\/pandomar.net\/fr\/certificados\/#primaryimage"},"datePublished":"2021-11-19T10:18:08+00:00","dateModified":"2024-03-25T13:09:37+00:00","breadcrumb":{"@id":"https:\/\/pandomar.net\/fr\/certificados\/#breadcrumb"},"inLanguage":"fr-FR","potentialAction":[{"@type":"ReadAction","target":["https:\/\/pandomar.net\/fr\/certificados\/"]}]},{"@type":"BreadcrumbList","@id":"https:\/\/pandomar.net\/fr\/certificados\/#breadcrumb","itemListElement":[{"@type":"ListItem","position":1,"name":"Portada","item":"https:\/\/pandomar.net\/fr\/"},{"@type":"ListItem","position":2,"name":"Certificados"}]}]}},"_links":{"self":[{"href":"https:\/\/pandomar.net\/fr\/wp-json\/wp\/v2\/pages\/1665"}],"collection":[{"href":"https:\/\/pandomar.net\/fr\/wp-json\/wp\/v2\/pages"}],"about":[{"href":"https:\/\/pandomar.net\/fr\/wp-json\/wp\/v2\/types\/page"}],"author":[{"embeddable":true,"href":"https:\/\/pandomar.net\/fr\/wp-json\/wp\/v2\/users\/2"}],"replies":[{"embeddable":true,"href":"https:\/\/pandomar.net\/fr\/wp-json\/wp\/v2\/comments?post=1665"}],"version-history":[{"count":0,"href":"https:\/\/pandomar.net\/fr\/wp-json\/wp\/v2\/pages\/1665\/revisions"}],"wp:featuredmedia":[{"embeddable":true,"href":"https:\/\/pandomar.net\/fr\/wp-json\/wp\/v2\/media\/1654"}],"wp:attachment":[{"href":"https:\/\/pandomar.net\/fr\/wp-json\/wp\/v2\/media?parent=1665"}],"curies":[{"name":"wp","href":"https:\/\/api.w.org\/{rel}","templated":true}]}}