
{"id":1392,"date":"2018-05-29T10:35:45","date_gmt":"2018-05-29T10:35:45","guid":{"rendered":"http:\/\/pandomar.net\/?page_id=1392"},"modified":"2025-11-10T12:14:42","modified_gmt":"2025-11-10T11:14:42","slug":"politica-de-privacidad-detallada","status":"publish","type":"page","link":"https:\/\/pandomar.net\/fr\/politica-de-privacidad-detallada\/","title":{"rendered":"Politique de confidentialit\u00e9 d\u00e9taill\u00e9e"},"content":{"rendered":"<p class=\"lead\"><\/p>\n<table width=\"100%\" cellspacing=\"0\" cellpadding=\"9\">\n<colgroup>\n<col width=\"141\" \/>\n<col width=\"547\" \/> <\/colgroup>\n<tbody>\n<tr>\n<td style=\"border-bottom: 1px solid #bdbdbd; text-align: center;\" colspan=\"2\" width=\"707\" height=\"11\">\n<p class=\"western\" lang=\"es-ES-u-co-trad\"><b>INFORMACI\u00d3N DETALLADA PROTECCI\u00d3N DE DATOS<\/b><\/p>\n<\/td>\n<\/tr>\n<tr>\n<td style=\"border-bottom: 1px solid #bdbdbd; border-top: 1px solid #bdbdbd;\" width=\"141\"><span class=\"western\" lang=\"es-ES-u-co-trad\"><b>Responsable<\/b><\/span><\/td>\n<td style=\"border-bottom: 1px solid #bdbdbd; border-top: 1px solid #bdbdbd;\" valign=\"top\" width=\"547\"><span class=\"western\" lang=\"es-ES-u-co-trad\"><i><b>Who is responsible for the processing of your data?<\/b><\/i><\/span><br \/>\n<span class=\"western\" lang=\"es-ES-u-co-trad\"><a name=\"_GoBack\"><\/a> Identity : CONSERVAS ANTONIO P\u00c9REZ LAFUENTE, S.L.<\/span><br \/>\n<span class=\"western\" lang=\"es-ES-u-co-trad\">Registered Office : R\u00faa Xunqueira, n\u00ba 3, 36620, Vilanova de Arousa (Pontevedra)<\/span><br \/>\n<span class=\"western\" lang=\"es-ES-u-co-trad\">Phone : 986554045<\/span><br \/>\n<span class=\"western\"><span lang=\"es-ES-u-co-trad\">E-mail : <\/span><u><a href=\"mailto:info@perezlafuente.com\"><span lang=\"es-ES-u-co-trad\">info@perezlafuente.com<\/span><\/a><\/u><\/span><br \/>\n<span class=\"western\" lang=\"es-ES-u-co-trad\">Contact DPO:<\/span><\/td>\n<\/tr>\n<tr>\n<td style=\"border-bottom: 1px solid #bdbdbd; border-top: 1px solid #bdbdbd;\" width=\"141\"><span class=\"western\" lang=\"es-ES-u-co-trad\"><b>Purpose<\/b><\/span><\/td>\n<td style=\"border-bottom: 1px solid #bdbdbd; border-top: 1px solid #bdbdbd;\" valign=\"top\" width=\"547\"><span class=\"western\" lang=\"es-ES-u-co-trad\"><i><b>For what purpose do we treat your personal data?<\/b><\/i><\/span><br \/>\n<span class=\"western\" lang=\"es-ES-u-co-trad\">In CONSERVAS ANTONIO P\u00c9REZ LAFUENTE, S.L. we treat the information provided by the interested persons in order to manage the delivery of the information or the products requested.<\/span><br \/>\n<span class=\"western\" lang=\"es-ES-u-co-trad\">Automated data processing will be carried out in order to develop profiles with the services requested or purchases made, in order to offer promotions, offers or services for which you have shown interest.<\/span><br \/>\n<span class=\"western\" lang=\"es-ES-u-co-trad\"><i><b>How long will we keep your data?<\/b><\/i><\/span><br \/>\n<span class=\"western\" lang=\"es-ES-u-co-trad\">The personal data provided by the user will be kept while the deletion of the same by the interested party is not requested. .<\/span><\/td>\n<\/tr>\n<tr>\n<td style=\"border-bottom: 1px solid #bdbdbd; border-top: 1px solid #bdbdbd;\" width=\"141\"><span class=\"western\" lang=\"es-ES-u-co-trad\"><b>Legitimation<\/b><\/span><\/td>\n<td style=\"border-bottom: 1px solid #bdbdbd; border-top: 1px solid #bdbdbd;\" valign=\"top\" width=\"547\"><span class=\"western\" lang=\"es-ES-u-co-trad\">The legal basis for the processing of your data is the execution of your request.<\/span><\/td>\n<\/tr>\n<tr>\n<td style=\"border-bottom: 1px solid #bdbdbd; border-top: 1px solid #bdbdbd;\" width=\"141\"><span class=\"western\" lang=\"es-ES-u-co-trad\"><b>Recipients<\/b><\/span><\/td>\n<td style=\"border-bottom: 1px solid #bdbdbd; border-top: 1px solid #bdbdbd;\" valign=\"top\" width=\"547\"><span class=\"western\" lang=\"es-ES-u-co-trad\"><i><b>To which recipients will your data be communicated?<\/b><\/i><\/span><br \/>\n<span class=\"western\" lang=\"es-ES-u-co-trad\">CONSERVAS ANTONIO P\u00c9REZ LAFUENTE, S.L. You may assign your data to other companies for administrative and internal management purposes.<\/span><\/td>\n<\/tr>\n<tr>\n<td style=\"border-bottom: 1px solid #bdbdbd; border-top: 1px solid #bdbdbd;\" width=\"141\"><span class=\"western\" lang=\"es-ES-u-co-trad\"><b>Rights<\/b><\/span><\/td>\n<td style=\"border-bottom: 1px solid #bdbdbd; border-top: 1px solid #bdbdbd;\" valign=\"top\" width=\"547\"><span class=\"western\"><span lang=\"es-ES-u-co-trad\">The user may at any time exercise the rights of Access, Rectification, Deletion, Limitation, Opposition and Portability of the data provided, as provided in the General Regulation (EU) 2016\/679 on Data Protection, by writing a letter specifying what right do you wish to exercise to the above-mentioned registered office, attaching a copy of the document that identifies you, to the e-mail address <\/span><u><a href=\"mailto:info@perezlafuente.com\"><span lang=\"es-ES-u-co-trad\">info@perezlafuente.com<\/span><\/a><\/u><\/span><br \/>\n<span class=\"western\" lang=\"es-ES-u-co-trad\">Likewise, the interested party may submit a claim to the Control Authority.<\/span><\/td>\n<\/tr>\n<\/tbody>\n<\/table>\n<p>&nbsp;<\/p>\n<p class=\"western\" align=\"justify\">In compliance with the provisions of the General Regulation (EU) 2016\/679 on Data Protection, we inform the user that the personal data that you provide us voluntarily, by any of our means of information collection, will be incorporated into the Automated processing activities of personal data owned by <b>CONSERVAS ANTONIO P\u00c9REZ LAFUENTE, S.L.<\/b>, in order to be able to provide our services, as well as to keep you informed about matters relating to the activity of the company and its services. The fields marked with &#8220;*&#8221; are mandatory, so the failure to fill in these fields will prevent the USER from enjoying some of the Services and information offered on the Web. The data contained in them will be treated confidentially.<\/p>\n<p class=\"western\" align=\"justify\"><b>CONSERVAS ANTONIO P\u00c9REZ LAFUENTE, S.L. <\/b>complies fully with current legislation on the protection of personal data, and confidentiality commitments specific to its activity.<\/p>\n<p class=\"western\" align=\"justify\"><b>CONSERVAS ANTONIO P\u00c9REZ LAFUENTE, S.L.<\/b> has adopted the necessary technical measures to maintain the level of security required, according to the nature of the personal data processed and the circumstances of the treatment, in order to avoid, as far as possible and always according to the state of the art, its alteration, loss, treatment or unauthorized access. In order to carry out the aforementioned management, it may be necessary to transfer the data to the data processors, collaborating companies and public administrations (which can verify the accuracy of the data).<\/p>\n<p class=\"western\" align=\"justify\">In the event that the USER provides personal data, referring to individuals other than himself, the USER must, prior to the inclusion, inform them of the contents of this clause, in accordance with the provisions of the General Regulations (UE) 2016\/679 of Data Protection.<\/p>\n<p class=\"western\" align=\"justify\"><b>CONSERVAS ANTONIO P\u00c9REZ LAFUENTE, S.L.<\/b> as responsible for the Treatment Activity, guarantees the exercise of the rights of access, rectification, deletion, limitation, opposition and portability of the data provided, as provided in the General Regulation (EU) 2016\/679 on Data Protection, the USER may exercise the rights at any time, writing a letter to the registered office, attaching a copy of the DNI or Passport.<\/p>\n<p class=\"western\" align=\"justify\"><b>CONSERVAS ANTONIO P\u00c9REZ LAFUENTE, S.L.<\/b> guarantees that all commercial communications directed to its customers comply with current regulations.<\/p>\n<p class=\"western\" align=\"justify\">Therefore, in compliance with Law 34\/2002 on Services of the Information Society and Electronic Commerce and the General Telecommunications Act 9\/2014, the USER is informed that <b>CONSERVAS ANTONIO P\u00c9REZ LAFUENTE, S.L.<\/b> can send you electronically information about products and services of interest to which you give your consent<\/p>\n<p class=\"western\" align=\"justify\">At any time you may revoke this authorization at the address <u><a href=\"mailto:info@perezlafuente.com\">info@perezlafuente.com<\/a><\/u><\/p>\n<p><\/p>","protected":false},"excerpt":{"rendered":"<p>INFORMACI\u00d3N DETALLADA PROTECCI\u00d3N DE DATOS Responsable Who is responsible for the processing of your data? Identity : CONSERVAS ANTONIO P\u00c9REZ&#8230;  <a href=\"https:\/\/pandomar.net\/fr\/politica-de-privacidad-detallada\/\" class=\"more-link\" title=\"Read Politique de confidentialit\u00e9 d\u00e9taill\u00e9e\">Read more &raquo;<\/a><\/p>\n","protected":false},"author":2,"featured_media":0,"parent":0,"menu_order":0,"comment_status":"closed","ping_status":"closed","template":"","meta":{"footnotes":""},"acf":[],"yoast_head":"<!-- This site is optimized with the Yoast SEO plugin v17.6 - https:\/\/yoast.com\/wordpress\/plugins\/seo\/ -->\n<meta name=\"robots\" content=\"index, follow, max-snippet:-1, max-image-preview:large, max-video-preview:-1\" \/>\n<link rel=\"canonical\" href=\"https:\/\/pandomar.net\/fr\/politica-de-privacidad-detallada\/\" \/>\n<meta property=\"og:locale\" content=\"fr_FR\" \/>\n<meta property=\"og:type\" content=\"article\" \/>\n<meta property=\"og:title\" content=\"Politique de confidentialit\u00e9 d\u00e9taill\u00e9e - Pandomar\" \/>\n<meta property=\"og:description\" content=\"INFORMACI\u00d3N DETALLADA PROTECCI\u00d3N DE DATOS Responsable Who is responsible for the processing of your data? Identity : CONSERVAS ANTONIO P\u00c9REZ... Read more &raquo;\" \/>\n<meta property=\"og:url\" content=\"https:\/\/pandomar.net\/fr\/politica-de-privacidad-detallada\/\" \/>\n<meta property=\"og:site_name\" content=\"Pandomar\" \/>\n<meta property=\"article:modified_time\" content=\"2025-11-10T11:14:42+00:00\" \/>\n<meta name=\"twitter:card\" content=\"summary_large_image\" \/>\n<meta name=\"twitter:label1\" content=\"Dur\u00e9e de lecture estim\u00e9e\" \/>\n\t<meta name=\"twitter:data1\" content=\"18 minutes\" \/>\n<script type=\"application\/ld+json\" class=\"yoast-schema-graph\">{\"@context\":\"https:\/\/schema.org\",\"@graph\":[{\"@type\":\"WebSite\",\"@id\":\"https:\/\/pandomar.net\/fr\/#website\",\"url\":\"https:\/\/pandomar.net\/fr\/\",\"name\":\"Pandomar\",\"description\":\"Conservas de pescado procedentes de la pesca sostenible, elaboradas de forma artesanal con ingredientes de la agricultura ecol\\u00f3gica.\",\"potentialAction\":[{\"@type\":\"SearchAction\",\"target\":{\"@type\":\"EntryPoint\",\"urlTemplate\":\"https:\/\/pandomar.net\/fr\/?s={search_term_string}\"},\"query-input\":\"required name=search_term_string\"}],\"inLanguage\":\"fr-FR\"},{\"@type\":\"WebPage\",\"@id\":\"https:\/\/pandomar.net\/fr\/politica-de-privacidad-detallada\/#webpage\",\"url\":\"https:\/\/pandomar.net\/fr\/politica-de-privacidad-detallada\/\",\"name\":\"Politique de confidentialit\\u00e9 d\\u00e9taill\\u00e9e - Pandomar\",\"isPartOf\":{\"@id\":\"https:\/\/pandomar.net\/fr\/#website\"},\"datePublished\":\"2018-05-29T10:35:45+00:00\",\"dateModified\":\"2025-11-10T11:14:42+00:00\",\"breadcrumb\":{\"@id\":\"https:\/\/pandomar.net\/fr\/politica-de-privacidad-detallada\/#breadcrumb\"},\"inLanguage\":\"fr-FR\",\"potentialAction\":[{\"@type\":\"ReadAction\",\"target\":[\"https:\/\/pandomar.net\/fr\/politica-de-privacidad-detallada\/\"]}]},{\"@type\":\"BreadcrumbList\",\"@id\":\"https:\/\/pandomar.net\/fr\/politica-de-privacidad-detallada\/#breadcrumb\",\"itemListElement\":[{\"@type\":\"ListItem\",\"position\":1,\"name\":\"Portada\",\"item\":\"https:\/\/pandomar.net\/fr\/\"},{\"@type\":\"ListItem\",\"position\":2,\"name\":\"Politique de confidentialit\\u00e9 d\\u00e9taill\\u00e9e\"}]}]}<\/script>\n<!-- \/ Yoast SEO plugin. -->","yoast_head_json":{"robots":{"index":"index","follow":"follow","max-snippet":"max-snippet:-1","max-image-preview":"max-image-preview:large","max-video-preview":"max-video-preview:-1"},"canonical":"https:\/\/pandomar.net\/fr\/politica-de-privacidad-detallada\/","og_locale":"fr_FR","og_type":"article","og_title":"Politique de confidentialit\u00e9 d\u00e9taill\u00e9e - Pandomar","og_description":"INFORMACI\u00d3N DETALLADA PROTECCI\u00d3N DE DATOS Responsable Who is responsible for the processing of your data? Identity : CONSERVAS ANTONIO P\u00c9REZ... Read more &raquo;","og_url":"https:\/\/pandomar.net\/fr\/politica-de-privacidad-detallada\/","og_site_name":"Pandomar","article_modified_time":"2025-11-10T11:14:42+00:00","twitter_card":"summary_large_image","twitter_misc":{"Dur\u00e9e de lecture estim\u00e9e":"18 minutes"},"schema":{"@context":"https:\/\/schema.org","@graph":[{"@type":"WebSite","@id":"https:\/\/pandomar.net\/fr\/#website","url":"https:\/\/pandomar.net\/fr\/","name":"Pandomar","description":"Conservas de pescado procedentes de la pesca sostenible, elaboradas de forma artesanal con ingredientes de la agricultura ecol\u00f3gica.","potentialAction":[{"@type":"SearchAction","target":{"@type":"EntryPoint","urlTemplate":"https:\/\/pandomar.net\/fr\/?s={search_term_string}"},"query-input":"required name=search_term_string"}],"inLanguage":"fr-FR"},{"@type":"WebPage","@id":"https:\/\/pandomar.net\/fr\/politica-de-privacidad-detallada\/#webpage","url":"https:\/\/pandomar.net\/fr\/politica-de-privacidad-detallada\/","name":"Politique de confidentialit\u00e9 d\u00e9taill\u00e9e - Pandomar","isPartOf":{"@id":"https:\/\/pandomar.net\/fr\/#website"},"datePublished":"2018-05-29T10:35:45+00:00","dateModified":"2025-11-10T11:14:42+00:00","breadcrumb":{"@id":"https:\/\/pandomar.net\/fr\/politica-de-privacidad-detallada\/#breadcrumb"},"inLanguage":"fr-FR","potentialAction":[{"@type":"ReadAction","target":["https:\/\/pandomar.net\/fr\/politica-de-privacidad-detallada\/"]}]},{"@type":"BreadcrumbList","@id":"https:\/\/pandomar.net\/fr\/politica-de-privacidad-detallada\/#breadcrumb","itemListElement":[{"@type":"ListItem","position":1,"name":"Portada","item":"https:\/\/pandomar.net\/fr\/"},{"@type":"ListItem","position":2,"name":"Politique de confidentialit\u00e9 d\u00e9taill\u00e9e"}]}]}},"_links":{"self":[{"href":"https:\/\/pandomar.net\/fr\/wp-json\/wp\/v2\/pages\/1392"}],"collection":[{"href":"https:\/\/pandomar.net\/fr\/wp-json\/wp\/v2\/pages"}],"about":[{"href":"https:\/\/pandomar.net\/fr\/wp-json\/wp\/v2\/types\/page"}],"author":[{"embeddable":true,"href":"https:\/\/pandomar.net\/fr\/wp-json\/wp\/v2\/users\/2"}],"replies":[{"embeddable":true,"href":"https:\/\/pandomar.net\/fr\/wp-json\/wp\/v2\/comments?post=1392"}],"version-history":[{"count":32,"href":"https:\/\/pandomar.net\/fr\/wp-json\/wp\/v2\/pages\/1392\/revisions"}],"predecessor-version":[{"id":2307,"href":"https:\/\/pandomar.net\/fr\/wp-json\/wp\/v2\/pages\/1392\/revisions\/2307"}],"wp:attachment":[{"href":"https:\/\/pandomar.net\/fr\/wp-json\/wp\/v2\/media?parent=1392"}],"curies":[{"name":"wp","href":"https:\/\/api.w.org\/{rel}","templated":true}]}}