
{"id":11,"date":"2014-05-21T09:41:03","date_gmt":"2014-05-21T09:41:03","guid":{"rendered":"http:\/\/pandomar.net\/?page_id=11"},"modified":"2024-03-11T12:43:19","modified_gmt":"2024-03-11T11:43:19","slug":"productos","status":"publish","type":"page","link":"https:\/\/pandomar.net\/fr\/productos\/","title":{"rendered":"Nos <span>produits<\/span>"},"content":{"rendered":"<p class=\"lead\">Pain de Mer offre conserves de poissons et fruits de mer provenant de la p\u00eache durable et contr\u00f4l\u00e9e, \u00e9labor\u00e9es avec des huiles, sauces et escab\u00e8ches, ingr\u00e9dients tous provenant de l&#8217;agriculture biologique certifi\u00e9e. Une large gamme de produits pour satisfaire les diff\u00e9rents go\u00fbts de nos clients. Conserves Antonio P\u00e9rez Lafuente, une compagnie avec pr\u00e8s de 100 ans de tradition et d&#8217;exp\u00e9rience. Haute qualit\u00e9 et go\u00fbt naturel combin\u00e9s avec un \u00e9quilibre raisonnable et de respect de la nature.<\/p>","protected":false},"excerpt":{"rendered":"<p>Pain de Mer offre conserves de poissons et fruits de mer provenant de la p\u00eache durable et contr\u00f4l\u00e9e, \u00e9labor\u00e9es avec&#8230;  <a href=\"https:\/\/pandomar.net\/fr\/productos\/\" class=\"more-link\" title=\"Read Nos <span>produits<\/span>&#8220;>Read more &raquo;<\/a><\/p>\n","protected":false},"author":1,"featured_media":0,"parent":0,"menu_order":0,"comment_status":"open","ping_status":"open","template":"page-product.php","meta":{"footnotes":""},"acf":[],"yoast_head":"<!-- This site is optimized with the Yoast SEO plugin v17.6 - https:\/\/yoast.com\/wordpress\/plugins\/seo\/ -->\n<meta name=\"robots\" content=\"index, follow, max-snippet:-1, max-image-preview:large, max-video-preview:-1\" \/>\n<link rel=\"canonical\" href=\"https:\/\/pandomar.net\/fr\/productos\/\" \/>\n<meta property=\"og:locale\" content=\"fr_FR\" \/>\n<meta property=\"og:type\" content=\"article\" \/>\n<meta property=\"og:title\" content=\"Nos produits - Pandomar\" \/>\n<meta property=\"og:description\" content=\"Pain de Mer offre conserves de poissons et fruits de mer provenant de la p\u00eache durable et contr\u00f4l\u00e9e, \u00e9labor\u00e9es avec... Read more &raquo;\" \/>\n<meta property=\"og:url\" content=\"https:\/\/pandomar.net\/fr\/productos\/\" \/>\n<meta property=\"og:site_name\" content=\"Pandomar\" \/>\n<meta property=\"article:modified_time\" content=\"2024-03-11T11:43:19+00:00\" \/>\n<meta name=\"twitter:card\" content=\"summary_large_image\" \/>\n<meta name=\"twitter:label1\" content=\"Dur\u00e9e de lecture estim\u00e9e\" \/>\n\t<meta name=\"twitter:data1\" content=\"2 minutes\" \/>\n<script type=\"application\/ld+json\" class=\"yoast-schema-graph\">{\"@context\":\"https:\/\/schema.org\",\"@graph\":[{\"@type\":\"WebSite\",\"@id\":\"https:\/\/pandomar.net\/fr\/#website\",\"url\":\"https:\/\/pandomar.net\/fr\/\",\"name\":\"Pandomar\",\"description\":\"Conservas de pescado procedentes de la pesca sostenible, elaboradas de forma artesanal con ingredientes de la agricultura ecol\\u00f3gica.\",\"potentialAction\":[{\"@type\":\"SearchAction\",\"target\":{\"@type\":\"EntryPoint\",\"urlTemplate\":\"https:\/\/pandomar.net\/fr\/?s={search_term_string}\"},\"query-input\":\"required name=search_term_string\"}],\"inLanguage\":\"fr-FR\"},{\"@type\":\"WebPage\",\"@id\":\"https:\/\/pandomar.net\/fr\/productos\/#webpage\",\"url\":\"https:\/\/pandomar.net\/fr\/productos\/\",\"name\":\"Nos produits - Pandomar\",\"isPartOf\":{\"@id\":\"https:\/\/pandomar.net\/fr\/#website\"},\"datePublished\":\"2014-05-21T09:41:03+00:00\",\"dateModified\":\"2024-03-11T11:43:19+00:00\",\"breadcrumb\":{\"@id\":\"https:\/\/pandomar.net\/fr\/productos\/#breadcrumb\"},\"inLanguage\":\"fr-FR\",\"potentialAction\":[{\"@type\":\"ReadAction\",\"target\":[\"https:\/\/pandomar.net\/fr\/productos\/\"]}]},{\"@type\":\"BreadcrumbList\",\"@id\":\"https:\/\/pandomar.net\/fr\/productos\/#breadcrumb\",\"itemListElement\":[{\"@type\":\"ListItem\",\"position\":1,\"name\":\"Portada\",\"item\":\"https:\/\/pandomar.net\/fr\/\"},{\"@type\":\"ListItem\",\"position\":2,\"name\":\"Nos produits\"}]}]}<\/script>\n<!-- \/ Yoast SEO plugin. -->","yoast_head_json":{"robots":{"index":"index","follow":"follow","max-snippet":"max-snippet:-1","max-image-preview":"max-image-preview:large","max-video-preview":"max-video-preview:-1"},"canonical":"https:\/\/pandomar.net\/fr\/productos\/","og_locale":"fr_FR","og_type":"article","og_title":"Nos produits - Pandomar","og_description":"Pain de Mer offre conserves de poissons et fruits de mer provenant de la p\u00eache durable et contr\u00f4l\u00e9e, \u00e9labor\u00e9es avec... Read more &raquo;","og_url":"https:\/\/pandomar.net\/fr\/productos\/","og_site_name":"Pandomar","article_modified_time":"2024-03-11T11:43:19+00:00","twitter_card":"summary_large_image","twitter_misc":{"Dur\u00e9e de lecture estim\u00e9e":"2 minutes"},"schema":{"@context":"https:\/\/schema.org","@graph":[{"@type":"WebSite","@id":"https:\/\/pandomar.net\/fr\/#website","url":"https:\/\/pandomar.net\/fr\/","name":"Pandomar","description":"Conservas de pescado procedentes de la pesca sostenible, elaboradas de forma artesanal con ingredientes de la agricultura ecol\u00f3gica.","potentialAction":[{"@type":"SearchAction","target":{"@type":"EntryPoint","urlTemplate":"https:\/\/pandomar.net\/fr\/?s={search_term_string}"},"query-input":"required name=search_term_string"}],"inLanguage":"fr-FR"},{"@type":"WebPage","@id":"https:\/\/pandomar.net\/fr\/productos\/#webpage","url":"https:\/\/pandomar.net\/fr\/productos\/","name":"Nos produits - Pandomar","isPartOf":{"@id":"https:\/\/pandomar.net\/fr\/#website"},"datePublished":"2014-05-21T09:41:03+00:00","dateModified":"2024-03-11T11:43:19+00:00","breadcrumb":{"@id":"https:\/\/pandomar.net\/fr\/productos\/#breadcrumb"},"inLanguage":"fr-FR","potentialAction":[{"@type":"ReadAction","target":["https:\/\/pandomar.net\/fr\/productos\/"]}]},{"@type":"BreadcrumbList","@id":"https:\/\/pandomar.net\/fr\/productos\/#breadcrumb","itemListElement":[{"@type":"ListItem","position":1,"name":"Portada","item":"https:\/\/pandomar.net\/fr\/"},{"@type":"ListItem","position":2,"name":"Nos produits"}]}]}},"_links":{"self":[{"href":"https:\/\/pandomar.net\/fr\/wp-json\/wp\/v2\/pages\/11"}],"collection":[{"href":"https:\/\/pandomar.net\/fr\/wp-json\/wp\/v2\/pages"}],"about":[{"href":"https:\/\/pandomar.net\/fr\/wp-json\/wp\/v2\/types\/page"}],"author":[{"embeddable":true,"href":"https:\/\/pandomar.net\/fr\/wp-json\/wp\/v2\/users\/1"}],"replies":[{"embeddable":true,"href":"https:\/\/pandomar.net\/fr\/wp-json\/wp\/v2\/comments?post=11"}],"version-history":[{"count":16,"href":"https:\/\/pandomar.net\/fr\/wp-json\/wp\/v2\/pages\/11\/revisions"}],"predecessor-version":[{"id":1982,"href":"https:\/\/pandomar.net\/fr\/wp-json\/wp\/v2\/pages\/11\/revisions\/1982"}],"wp:attachment":[{"href":"https:\/\/pandomar.net\/fr\/wp-json\/wp\/v2\/media?parent=11"}],"curies":[{"name":"wp","href":"https:\/\/api.w.org\/{rel}","templated":true}]}}