
{"id":9,"date":"2014-05-21T09:40:43","date_gmt":"2014-05-21T09:40:43","guid":{"rendered":"http:\/\/pandomar.net\/?page_id=9"},"modified":"2021-08-30T11:35:25","modified_gmt":"2021-08-30T11:35:25","slug":"pesca-sostenible","status":"publish","type":"page","link":"https:\/\/pandomar.net\/de\/pesca-sostenible\/","title":{"rendered":"NACHHALTIGER <span>FANG<\/span>"},"content":{"rendered":"<p class=\"lead\"><\/p>\n<p class=\"lead\">Wir bei Conservas Antonio Perez-Lafuente sind uns bewusst, dass von der intensiven Befischung eine Bedrohung f\u00fcr die Meere und deren Bewohner ausgeht. Aufgrund dessen richten wir unseren Fischfang an den Empfehlungen und Vorgaben von wissenschaftlichen Instituten und Umweltorganisationen aus.<\/p>\n<ul>\n<li>R\u00fcckverfolgbarkeit. Wir gew\u00e4hrleisten, dass der gesamte von uns verarbeitete Fisch aus nachhaltigem und kontrolliertem Fischfang stammt bei dem die Vorgaben zu Mindestgr\u00f6\u00dfen, den Schutz gef\u00e4hrdeter Arten, Fangzeiten und -quoten eingehalten werden.<\/li>\n<li>Selektiver Fischfang. Selektive Fischfangmethoden schonen die Fischbest\u00e4nde, indem der Beifang verhindert wird und damit die Ausrottung ganzer Arten. Unser Fisch stammt ausschlie\u00dflich von Booten, die traditionelle Fangmethoden anwenden, wie den Einzelfang mit der Angelrute (Thunfisch) oder den Fang mit der Leine (Makrele).<\/li>\n<li>K\u00fcstennahe Kleinfischerei f\u00f6rdern. In dem wir ausschlie\u00dflich mit k\u00fcstennaher Kleinfischerei zusammenarbeiten unterst\u00fctzen wir zum einen die kleinen traditionellen Fischer und ihre Familien vor Ort und verringern zum anderen die CO\u00b2 Emissionen durch kurze Transportwege.<\/li>\n<\/ul>\n<p><iframe loading=\"lazy\" title=\"Pesca de at\u00fan con ca\u00f1a (espa\u00f1ol con subt\u00edtulos en ingl\u00e9s)\" width=\"580\" height=\"326\" src=\"https:\/\/www.youtube.com\/embed\/0lL6YoKWvik?feature=oembed\" frameborder=\"0\" allow=\"accelerometer; autoplay; clipboard-write; encrypted-media; gyroscope; picture-in-picture\" allowfullscreen><\/iframe><\/p>","protected":false},"excerpt":{"rendered":"<p>Wir bei Conservas Antonio Perez-Lafuente sind uns bewusst, dass von der intensiven Befischung eine Bedrohung f\u00fcr die Meere und deren&#8230;  <a href=\"https:\/\/pandomar.net\/de\/pesca-sostenible\/\" class=\"more-link\" title=\"Read NACHHALTIGER <span>FANG<\/span>&#8220;>Read more &raquo;<\/a><\/p>\n","protected":false},"author":1,"featured_media":0,"parent":0,"menu_order":0,"comment_status":"closed","ping_status":"closed","template":"","meta":{"footnotes":""},"acf":[],"yoast_head":"<!-- This site is optimized with the Yoast SEO plugin v17.6 - https:\/\/yoast.com\/wordpress\/plugins\/seo\/ -->\n<meta name=\"robots\" content=\"index, follow, max-snippet:-1, max-image-preview:large, max-video-preview:-1\" \/>\n<link rel=\"canonical\" href=\"https:\/\/pandomar.net\/de\/pesca-sostenible\/\" \/>\n<meta property=\"og:locale\" content=\"de_DE\" \/>\n<meta property=\"og:type\" content=\"article\" \/>\n<meta property=\"og:title\" content=\"NACHHALTIGER FANG - Pandomar\" \/>\n<meta property=\"og:description\" content=\"Wir bei Conservas Antonio Perez-Lafuente sind uns bewusst, dass von der intensiven Befischung eine Bedrohung f\u00fcr die Meere und deren... Read more &raquo;\" \/>\n<meta property=\"og:url\" content=\"https:\/\/pandomar.net\/de\/pesca-sostenible\/\" \/>\n<meta property=\"og:site_name\" content=\"Pandomar\" \/>\n<meta property=\"article:modified_time\" content=\"2021-08-30T11:35:25+00:00\" \/>\n<meta name=\"twitter:card\" content=\"summary_large_image\" \/>\n<meta name=\"twitter:label1\" content=\"Gesch\u00e4tzte Lesezeit\" \/>\n\t<meta name=\"twitter:data1\" content=\"10 Minuten\" \/>\n<script type=\"application\/ld+json\" class=\"yoast-schema-graph\">{\"@context\":\"https:\/\/schema.org\",\"@graph\":[{\"@type\":\"WebSite\",\"@id\":\"https:\/\/pandomar.net\/de\/#website\",\"url\":\"https:\/\/pandomar.net\/de\/\",\"name\":\"Pandomar\",\"description\":\"Conservas de pescado procedentes de la pesca sostenible, elaboradas de forma artesanal con ingredientes de la agricultura ecol\\u00f3gica.\",\"potentialAction\":[{\"@type\":\"SearchAction\",\"target\":{\"@type\":\"EntryPoint\",\"urlTemplate\":\"https:\/\/pandomar.net\/de\/?s={search_term_string}\"},\"query-input\":\"required name=search_term_string\"}],\"inLanguage\":\"de-DE\"},{\"@type\":\"WebPage\",\"@id\":\"https:\/\/pandomar.net\/de\/pesca-sostenible\/#webpage\",\"url\":\"https:\/\/pandomar.net\/de\/pesca-sostenible\/\",\"name\":\"NACHHALTIGER FANG - Pandomar\",\"isPartOf\":{\"@id\":\"https:\/\/pandomar.net\/de\/#website\"},\"datePublished\":\"2014-05-21T09:40:43+00:00\",\"dateModified\":\"2021-08-30T11:35:25+00:00\",\"breadcrumb\":{\"@id\":\"https:\/\/pandomar.net\/de\/pesca-sostenible\/#breadcrumb\"},\"inLanguage\":\"de-DE\",\"potentialAction\":[{\"@type\":\"ReadAction\",\"target\":[\"https:\/\/pandomar.net\/de\/pesca-sostenible\/\"]}]},{\"@type\":\"BreadcrumbList\",\"@id\":\"https:\/\/pandomar.net\/de\/pesca-sostenible\/#breadcrumb\",\"itemListElement\":[{\"@type\":\"ListItem\",\"position\":1,\"name\":\"Portada\",\"item\":\"https:\/\/pandomar.net\/de\/\"},{\"@type\":\"ListItem\",\"position\":2,\"name\":\"NACHHALTIGER FANG\"}]}]}<\/script>\n<!-- \/ Yoast SEO plugin. -->","yoast_head_json":{"robots":{"index":"index","follow":"follow","max-snippet":"max-snippet:-1","max-image-preview":"max-image-preview:large","max-video-preview":"max-video-preview:-1"},"canonical":"https:\/\/pandomar.net\/de\/pesca-sostenible\/","og_locale":"de_DE","og_type":"article","og_title":"NACHHALTIGER FANG - Pandomar","og_description":"Wir bei Conservas Antonio Perez-Lafuente sind uns bewusst, dass von der intensiven Befischung eine Bedrohung f\u00fcr die Meere und deren... Read more &raquo;","og_url":"https:\/\/pandomar.net\/de\/pesca-sostenible\/","og_site_name":"Pandomar","article_modified_time":"2021-08-30T11:35:25+00:00","twitter_card":"summary_large_image","twitter_misc":{"Gesch\u00e4tzte Lesezeit":"10 Minuten"},"schema":{"@context":"https:\/\/schema.org","@graph":[{"@type":"WebSite","@id":"https:\/\/pandomar.net\/de\/#website","url":"https:\/\/pandomar.net\/de\/","name":"Pandomar","description":"Conservas de pescado procedentes de la pesca sostenible, elaboradas de forma artesanal con ingredientes de la agricultura ecol\u00f3gica.","potentialAction":[{"@type":"SearchAction","target":{"@type":"EntryPoint","urlTemplate":"https:\/\/pandomar.net\/de\/?s={search_term_string}"},"query-input":"required name=search_term_string"}],"inLanguage":"de-DE"},{"@type":"WebPage","@id":"https:\/\/pandomar.net\/de\/pesca-sostenible\/#webpage","url":"https:\/\/pandomar.net\/de\/pesca-sostenible\/","name":"NACHHALTIGER FANG - Pandomar","isPartOf":{"@id":"https:\/\/pandomar.net\/de\/#website"},"datePublished":"2014-05-21T09:40:43+00:00","dateModified":"2021-08-30T11:35:25+00:00","breadcrumb":{"@id":"https:\/\/pandomar.net\/de\/pesca-sostenible\/#breadcrumb"},"inLanguage":"de-DE","potentialAction":[{"@type":"ReadAction","target":["https:\/\/pandomar.net\/de\/pesca-sostenible\/"]}]},{"@type":"BreadcrumbList","@id":"https:\/\/pandomar.net\/de\/pesca-sostenible\/#breadcrumb","itemListElement":[{"@type":"ListItem","position":1,"name":"Portada","item":"https:\/\/pandomar.net\/de\/"},{"@type":"ListItem","position":2,"name":"NACHHALTIGER FANG"}]}]}},"_links":{"self":[{"href":"https:\/\/pandomar.net\/de\/wp-json\/wp\/v2\/pages\/9"}],"collection":[{"href":"https:\/\/pandomar.net\/de\/wp-json\/wp\/v2\/pages"}],"about":[{"href":"https:\/\/pandomar.net\/de\/wp-json\/wp\/v2\/types\/page"}],"author":[{"embeddable":true,"href":"https:\/\/pandomar.net\/de\/wp-json\/wp\/v2\/users\/1"}],"replies":[{"embeddable":true,"href":"https:\/\/pandomar.net\/de\/wp-json\/wp\/v2\/comments?post=9"}],"version-history":[{"count":52,"href":"https:\/\/pandomar.net\/de\/wp-json\/wp\/v2\/pages\/9\/revisions"}],"predecessor-version":[{"id":1636,"href":"https:\/\/pandomar.net\/de\/wp-json\/wp\/v2\/pages\/9\/revisions\/1636"}],"wp:attachment":[{"href":"https:\/\/pandomar.net\/de\/wp-json\/wp\/v2\/media?parent=9"}],"curies":[{"name":"wp","href":"https:\/\/api.w.org\/{rel}","templated":true}]}}