
{"id":7,"date":"2014-05-21T09:40:28","date_gmt":"2014-05-21T09:40:28","guid":{"rendered":"http:\/\/pandomar.net\/?page_id=7"},"modified":"2025-08-19T10:30:21","modified_gmt":"2025-08-19T09:30:21","slug":"nosotros","status":"publish","type":"page","link":"https:\/\/pandomar.net\/de\/nosotros\/","title":{"rendered":"<span>Wer wir <\/span>sind"},"content":{"rendered":"<p class=\"lead\">Conservas Antonio Perez Lafuente ist ein kleiner Familienbetrieb, der sich seit Anfang des letzten Jahrhunderts der handwerklichen Herstellung von hochwertigen Fischkonserven widmet. Seine Wurzeln reichen jedoch bis ins Jahr 1882 zur\u00fcck. Unsere Manufaktur befindet sich in Vilanova de Arousa, einem kleinen malerisch gelegenem K\u00fcstenort im Nordwesten der Iberischen Halbinsel.<\/p>\n<div class=\"\">&#8220;Pan do Mar\u201c ist ein Gemeinschaftsprojekt mit der Demeter-Felderzeugnisse GmbH in Deutschland. Mit \u201ePan do Mar\u201c, der Name unserer Marke soll unsere Geschichte und unsere Philosophie widerspiegeln, die auf einer respektvollen und nachhaltigen Nutzung der Meeresressourcen und deren Verarbeitung nach traditionellen Methoden basiert.<\/div>\n<h1>WAS MACHEN WIR?<\/h1>\n<div class=\"row\">\n<div class=\"col-md-6\">\n<p>Wir bei Conservas Antonio Perez Lafuente sind stolz, das Erbe einer einzigartigen und traditionellen Herstellung von Fischkonserven fortzuf\u00fchren. Dabei verbinden wir die Erfahrung der alten handwerklichen Fertigkeiten unserer Vorfahren mit den technischen Fortschritten und Standards von heute.<br \/>\nPrinzipien die unser Handeln bestimmen:<\/p>\n<ul>\n<li><strong>Handwerkliche Fertigung:<\/strong> Der Fisch wird sorgf\u00e4ltig von Hand ges\u00e4ubert, filetiert und nach traditionellen Rezepturen der heimischen K\u00fcche zubereitet.<\/li>\n<li><strong>Nachhaltiger Fischfang:<\/strong> In unserem Betrieb stammt der gesamte zu verarbeitende Fisch von Kleinfischern, die mit nachhaltigen Fangmethoden, gem\u00e4\u00df den Kriterien der FAO und Umweltschutzorganisationen, arbeiten.<\/li>\n<li><strong>Zutaten aus \u00f6kologischer Landwirtschaft:<\/strong> Ebenso gr\u00f6\u00dfte Sorgfalt gilt der Auswahl der \u00f6kologischen Zutaten und ihrer Hersteller. Unsere Produkte aus Fisch, Miesmuscheln und Meeresfr\u00fcchten werden je nach Produkt mit extra nativem Oliven\u00f6l aus erster Kaltpressung, Gem\u00fcse, Gew\u00fcrzen und Essig aus biologischem und biodynamischem Anbau veredelt.<\/li>\n<\/ul>\n<\/li>\n<\/ul>\n<p><strong>Unser Leitbild basiert auf Respekt: <\/strong><\/p>\n<p>Respekt f\u00fcr die Umwelt. Wir f\u00fchlen uns verpflichtet unseren Kindern die gleiche reiche und vielf\u00e4ltige Welt zu hinterlassen, die wir vorgefunden haben.\u2028 Respekt vor der Arbeit unserer Mitarbeiter und Partner. Respekt unseren Kunden gegen\u00fcber, welche die beste Qualit\u00e4t verdienen und mit unseren Produkten erhalten.<\/p>\n<p><strong>Das Mitarbeiter-Team.<\/strong><br \/>\n<img loading=\"lazy\" decoding=\"async\" width=\"300\" height=\"199\" class=\"alignnone size-medium wp-image-681\" src=\"http:\/\/pandomar.net\/wp-content\/uploads\/2014\/05\/equipo-enteri-300x199.jpg\" alt=\"El equipo\" srcset=\"https:\/\/pandomar.net\/wp-content\/uploads\/2014\/05\/equipo-enteri-300x199.jpg 300w, https:\/\/pandomar.net\/wp-content\/uploads\/2014\/05\/equipo-enteri-150x99.jpg 150w, https:\/\/pandomar.net\/wp-content\/uploads\/2014\/05\/equipo-enteri-1024x680.jpg 1024w, https:\/\/pandomar.net\/wp-content\/uploads\/2014\/05\/equipo-enteri.jpg 1029w\" sizes=\"(max-width: 300px) 100vw, 300px\" \/><\/p>\n<p><strong>Gesch\u00e4ftsf\u00fchrung und Vertrieb.<\/strong><br \/>\n<img loading=\"lazy\" decoding=\"async\" width=\"300\" height=\"199\" class=\"alignnone size-medium wp-image-678\" src=\"http:\/\/pandomar.net\/wp-content\/uploads\/2014\/05\/ALVARO-Y-EDUARDO-300x199.jpg\" alt=\"La Direcci\u00f3n General y la Comercial\" srcset=\"https:\/\/pandomar.net\/wp-content\/uploads\/2014\/05\/ALVARO-Y-EDUARDO-300x199.jpg 300w, https:\/\/pandomar.net\/wp-content\/uploads\/2014\/05\/ALVARO-Y-EDUARDO-150x99.jpg 150w, https:\/\/pandomar.net\/wp-content\/uploads\/2014\/05\/ALVARO-Y-EDUARDO-1024x680.jpg 1024w, https:\/\/pandomar.net\/wp-content\/uploads\/2014\/05\/ALVARO-Y-EDUARDO.jpg 1029w\" sizes=\"(max-width: 300px) 100vw, 300px\" \/><\/p>\n<p><strong>Das Verwaltungsteam.<\/strong><br \/>\n<img loading=\"lazy\" decoding=\"async\" width=\"300\" height=\"199\" class=\"alignnone medium wp-image-679\" src=\"http:\/\/pandomar.net\/wp-content\/uploads\/2014\/05\/CHERY-Y-JOSE-LUIS-300x199.jpg\" alt=\" La Administraci\u00f3n\" srcset=\"https:\/\/pandomar.net\/wp-content\/uploads\/2014\/05\/CHERY-Y-JOSE-LUIS-300x199.jpg 300w, https:\/\/pandomar.net\/wp-content\/uploads\/2014\/05\/CHERY-Y-JOSE-LUIS-150x99.jpg 150w, https:\/\/pandomar.net\/wp-content\/uploads\/2014\/05\/CHERY-Y-JOSE-LUIS-1024x680.jpg 1024w, https:\/\/pandomar.net\/wp-content\/uploads\/2014\/05\/CHERY-Y-JOSE-LUIS.jpg 1029w\" sizes=\"(max-width: 300px) 100vw, 300px\" \/><\/p>\n<p><strong> Qualit\u00e4tssicherung.<\/strong><br \/>\n<img loading=\"lazy\" decoding=\"async\" width=\"300\" height=\"168\" class=\"alignnone size-medium wp-image-714\" src=\"http:\/\/pandomar.net\/wp-content\/uploads\/2014\/05\/Captura-de-pantalla-2014-12-15-a-las-04.01.15-300x168.png\" alt=\"Captura de pantalla 2014-12-15 a la(s) 04.01.15\" srcset=\"https:\/\/pandomar.net\/wp-content\/uploads\/2014\/05\/Captura-de-pantalla-2014-12-15-a-las-04.01.15-300x168.png 300w, https:\/\/pandomar.net\/wp-content\/uploads\/2014\/05\/Captura-de-pantalla-2014-12-15-a-las-04.01.15-150x84.png 150w, https:\/\/pandomar.net\/wp-content\/uploads\/2014\/05\/Captura-de-pantalla-2014-12-15-a-las-04.01.15.png 345w\" sizes=\"(max-width: 300px) 100vw, 300px\" \/><\/p>\n<p><strong>Das Lagerteam.<\/strong><br \/>\n<img loading=\"lazy\" decoding=\"async\" width=\"199\" height=\"300\" class=\"alignnone medium wp-image-680\" src=\"http:\/\/pandomar.net\/wp-content\/uploads\/2014\/05\/EL-EQUIPO-DE-ALMACEN-199x300.jpg\" alt=\"La Log\u00edstica\" srcset=\"https:\/\/pandomar.net\/wp-content\/uploads\/2014\/05\/EL-EQUIPO-DE-ALMACEN-199x300.jpg 199w, https:\/\/pandomar.net\/wp-content\/uploads\/2014\/05\/EL-EQUIPO-DE-ALMACEN-99x150.jpg 99w, https:\/\/pandomar.net\/wp-content\/uploads\/2014\/05\/EL-EQUIPO-DE-ALMACEN-680x1024.jpg 680w, https:\/\/pandomar.net\/wp-content\/uploads\/2014\/05\/EL-EQUIPO-DE-ALMACEN.jpg 684w\" sizes=\"(max-width: 199px) 100vw, 199px\" \/><\/p>\n<\/div>\n<\/div>\n<p><\/p>","protected":false},"excerpt":{"rendered":"<p>Conservas Antonio Perez Lafuente ist ein kleiner Familienbetrieb, der sich seit Anfang des letzten Jahrhunderts der handwerklichen Herstellung von hochwertigen&#8230;  <a href=\"https:\/\/pandomar.net\/de\/nosotros\/\" class=\"more-link\" title=\"Read <span>Wer wir <\/span>sind&#8221;>Read more &raquo;<\/a><\/p>\n","protected":false},"author":1,"featured_media":61,"parent":0,"menu_order":0,"comment_status":"closed","ping_status":"closed","template":"page-full-width.php","meta":{"footnotes":""},"acf":[],"yoast_head":"<!-- This site is optimized with the Yoast SEO plugin v17.6 - https:\/\/yoast.com\/wordpress\/plugins\/seo\/ -->\n<meta name=\"robots\" content=\"index, follow, max-snippet:-1, max-image-preview:large, max-video-preview:-1\" \/>\n<link rel=\"canonical\" href=\"https:\/\/pandomar.net\/de\/nosotros\/\" \/>\n<meta property=\"og:locale\" content=\"de_DE\" \/>\n<meta property=\"og:type\" content=\"article\" \/>\n<meta property=\"og:title\" content=\"Wer wir sind - Pandomar\" \/>\n<meta property=\"og:description\" content=\"Conservas Antonio Perez Lafuente ist ein kleiner Familienbetrieb, der sich seit Anfang des letzten Jahrhunderts der handwerklichen Herstellung von hochwertigen... Read more &raquo;\" \/>\n<meta property=\"og:url\" content=\"https:\/\/pandomar.net\/de\/nosotros\/\" \/>\n<meta property=\"og:site_name\" content=\"Pandomar\" \/>\n<meta property=\"article:modified_time\" content=\"2025-08-19T09:30:21+00:00\" \/>\n<meta property=\"og:image\" content=\"https:\/\/pandomar.net\/wp-content\/uploads\/2014\/05\/interior_quienes_somos_bg.jpg\" \/>\n\t<meta property=\"og:image:width\" content=\"1920\" \/>\n\t<meta property=\"og:image:height\" content=\"1088\" \/>\n<meta name=\"twitter:card\" content=\"summary_large_image\" \/>\n<meta name=\"twitter:label1\" content=\"Gesch\u00e4tzte Lesezeit\" \/>\n\t<meta name=\"twitter:data1\" content=\"11 Minuten\" \/>\n<script type=\"application\/ld+json\" class=\"yoast-schema-graph\">{\"@context\":\"https:\/\/schema.org\",\"@graph\":[{\"@type\":\"WebSite\",\"@id\":\"https:\/\/pandomar.net\/de\/#website\",\"url\":\"https:\/\/pandomar.net\/de\/\",\"name\":\"Pandomar\",\"description\":\"Conservas de pescado procedentes de la pesca sostenible, elaboradas de forma artesanal con ingredientes de la agricultura ecol\\u00f3gica.\",\"potentialAction\":[{\"@type\":\"SearchAction\",\"target\":{\"@type\":\"EntryPoint\",\"urlTemplate\":\"https:\/\/pandomar.net\/de\/?s={search_term_string}\"},\"query-input\":\"required name=search_term_string\"}],\"inLanguage\":\"de-DE\"},{\"@type\":\"ImageObject\",\"@id\":\"https:\/\/pandomar.net\/de\/nosotros\/#primaryimage\",\"inLanguage\":\"de-DE\",\"url\":\"https:\/\/pandomar.net\/wp-content\/uploads\/2014\/05\/interior_quienes_somos_bg.jpg\",\"contentUrl\":\"https:\/\/pandomar.net\/wp-content\/uploads\/2014\/05\/interior_quienes_somos_bg.jpg\",\"width\":1920,\"height\":1088},{\"@type\":\"WebPage\",\"@id\":\"https:\/\/pandomar.net\/de\/nosotros\/#webpage\",\"url\":\"https:\/\/pandomar.net\/de\/nosotros\/\",\"name\":\"Wer wir sind - Pandomar\",\"isPartOf\":{\"@id\":\"https:\/\/pandomar.net\/de\/#website\"},\"primaryImageOfPage\":{\"@id\":\"https:\/\/pandomar.net\/de\/nosotros\/#primaryimage\"},\"datePublished\":\"2014-05-21T09:40:28+00:00\",\"dateModified\":\"2025-08-19T09:30:21+00:00\",\"breadcrumb\":{\"@id\":\"https:\/\/pandomar.net\/de\/nosotros\/#breadcrumb\"},\"inLanguage\":\"de-DE\",\"potentialAction\":[{\"@type\":\"ReadAction\",\"target\":[\"https:\/\/pandomar.net\/de\/nosotros\/\"]}]},{\"@type\":\"BreadcrumbList\",\"@id\":\"https:\/\/pandomar.net\/de\/nosotros\/#breadcrumb\",\"itemListElement\":[{\"@type\":\"ListItem\",\"position\":1,\"name\":\"Portada\",\"item\":\"https:\/\/pandomar.net\/de\/\"},{\"@type\":\"ListItem\",\"position\":2,\"name\":\"Wer wir sind\"}]}]}<\/script>\n<!-- \/ Yoast SEO plugin. -->","yoast_head_json":{"robots":{"index":"index","follow":"follow","max-snippet":"max-snippet:-1","max-image-preview":"max-image-preview:large","max-video-preview":"max-video-preview:-1"},"canonical":"https:\/\/pandomar.net\/de\/nosotros\/","og_locale":"de_DE","og_type":"article","og_title":"Wer wir sind - Pandomar","og_description":"Conservas Antonio Perez Lafuente ist ein kleiner Familienbetrieb, der sich seit Anfang des letzten Jahrhunderts der handwerklichen Herstellung von hochwertigen... Read more &raquo;","og_url":"https:\/\/pandomar.net\/de\/nosotros\/","og_site_name":"Pandomar","article_modified_time":"2025-08-19T09:30:21+00:00","og_image":[{"width":1920,"height":1088,"url":"https:\/\/pandomar.net\/wp-content\/uploads\/2014\/05\/interior_quienes_somos_bg.jpg","type":"image\/jpeg"}],"twitter_card":"summary_large_image","twitter_misc":{"Gesch\u00e4tzte Lesezeit":"11 Minuten"},"schema":{"@context":"https:\/\/schema.org","@graph":[{"@type":"WebSite","@id":"https:\/\/pandomar.net\/de\/#website","url":"https:\/\/pandomar.net\/de\/","name":"Pandomar","description":"Conservas de pescado procedentes de la pesca sostenible, elaboradas de forma artesanal con ingredientes de la agricultura ecol\u00f3gica.","potentialAction":[{"@type":"SearchAction","target":{"@type":"EntryPoint","urlTemplate":"https:\/\/pandomar.net\/de\/?s={search_term_string}"},"query-input":"required name=search_term_string"}],"inLanguage":"de-DE"},{"@type":"ImageObject","@id":"https:\/\/pandomar.net\/de\/nosotros\/#primaryimage","inLanguage":"de-DE","url":"https:\/\/pandomar.net\/wp-content\/uploads\/2014\/05\/interior_quienes_somos_bg.jpg","contentUrl":"https:\/\/pandomar.net\/wp-content\/uploads\/2014\/05\/interior_quienes_somos_bg.jpg","width":1920,"height":1088},{"@type":"WebPage","@id":"https:\/\/pandomar.net\/de\/nosotros\/#webpage","url":"https:\/\/pandomar.net\/de\/nosotros\/","name":"Wer wir sind - Pandomar","isPartOf":{"@id":"https:\/\/pandomar.net\/de\/#website"},"primaryImageOfPage":{"@id":"https:\/\/pandomar.net\/de\/nosotros\/#primaryimage"},"datePublished":"2014-05-21T09:40:28+00:00","dateModified":"2025-08-19T09:30:21+00:00","breadcrumb":{"@id":"https:\/\/pandomar.net\/de\/nosotros\/#breadcrumb"},"inLanguage":"de-DE","potentialAction":[{"@type":"ReadAction","target":["https:\/\/pandomar.net\/de\/nosotros\/"]}]},{"@type":"BreadcrumbList","@id":"https:\/\/pandomar.net\/de\/nosotros\/#breadcrumb","itemListElement":[{"@type":"ListItem","position":1,"name":"Portada","item":"https:\/\/pandomar.net\/de\/"},{"@type":"ListItem","position":2,"name":"Wer wir sind"}]}]}},"_links":{"self":[{"href":"https:\/\/pandomar.net\/de\/wp-json\/wp\/v2\/pages\/7"}],"collection":[{"href":"https:\/\/pandomar.net\/de\/wp-json\/wp\/v2\/pages"}],"about":[{"href":"https:\/\/pandomar.net\/de\/wp-json\/wp\/v2\/types\/page"}],"author":[{"embeddable":true,"href":"https:\/\/pandomar.net\/de\/wp-json\/wp\/v2\/users\/1"}],"replies":[{"embeddable":true,"href":"https:\/\/pandomar.net\/de\/wp-json\/wp\/v2\/comments?post=7"}],"version-history":[{"count":75,"href":"https:\/\/pandomar.net\/de\/wp-json\/wp\/v2\/pages\/7\/revisions"}],"predecessor-version":[{"id":2214,"href":"https:\/\/pandomar.net\/de\/wp-json\/wp\/v2\/pages\/7\/revisions\/2214"}],"wp:featuredmedia":[{"embeddable":true,"href":"https:\/\/pandomar.net\/de\/wp-json\/wp\/v2\/media\/61"}],"wp:attachment":[{"href":"https:\/\/pandomar.net\/de\/wp-json\/wp\/v2\/media?parent=7"}],"curies":[{"name":"wp","href":"https:\/\/api.w.org\/{rel}","templated":true}]}}