
{"id":439,"date":"2014-07-16T07:59:41","date_gmt":"2014-07-16T07:59:41","guid":{"rendered":"http:\/\/pandomar.net\/?page_id=439"},"modified":"2016-04-12T04:10:01","modified_gmt":"2016-04-12T04:10:01","slug":"anchoas","status":"publish","type":"page","link":"https:\/\/pandomar.net\/de\/anchoas\/","title":{"rendered":"Sardellen"},"content":{"rendered":"<p class=\"lead\"><b>Die europ\u00e4ische Sardelle, die beliebte Anchovis, welche im Norden Spaniens Boqueron oder Bocarte genannt wird, ist ein etwa 15 cm langer Fisch und \u00e4hnelt der Sardine. Er ist durch einen besonderen Silberstreifen an den Seiten gekennzeichnet und wird haupts\u00e4chlich in Salz eingelegt verzehrt.<br \/>\n<\/b><\/p>\n<p>Sardellen werden in der Nacht gefangen, wenn sie in gro\u00dfen Schw\u00e4rmen erscheinen um sich von Plankton zu ern\u00e4hren. Der Sardellen-Fang ist eine der traditionellen Einkommensquellen der Fischereigemeinden an der spanischen Atlantikk\u00fcste und dar\u00fcber hinaus enorm wichtig f\u00fcr das Bestehen der ans\u00e4ssigen Salzproduktion.<\/p>\n<p>Die von uns verarbeiteten Sardellen stammen aus den Gew\u00e4ssern des Kantabrischen Meeres (Golf von Biskaya). Der Fang wird streng durch die Beh\u00f6rden kontrolliert, wodurch Populationsprobleme dieser Fischart durch \u00dcberfischung vermieden werden und eine regelm\u00e4\u00dfige Belieferung der Verarbeiter gesichert ist.<\/p>\n<p>Der Verzehr von Sardellen, mit Ursprung in dieser speziellen Fischereizone, wird Aufgrund des \u00f6kologisch nachhaltigen Umgangs mit Ressourcen und dem handwerklichen Charakter der Fangmethode auch von verschiedenen Organisationen wie z.B. Greenpeace empfohlen.<\/p>\n<p>Der Genuss von gesalzenen Sardellen geht im Mittelmeerraum bis auf die Zeit der Ph\u00f6nizier zur\u00fcck. In Spanien wurden sie im 19. Jahrhundert beliebt als Halbkonserven. Die gesalzenen Sardellen sollen in dieser Form an einem k\u00fchlen Ort gelagert und innerhalb eines Jahres verzehrt werden.<\/p>","protected":false},"excerpt":{"rendered":"<p>Die europ\u00e4ische Sardelle, die beliebte Anchovis, welche im Norden Spaniens Boqueron oder Bocarte genannt wird, ist ein etwa 15 cm&#8230;  <a href=\"https:\/\/pandomar.net\/de\/anchoas\/\" class=\"more-link\" title=\"Read Sardellen\">Read more &raquo;<\/a><\/p>\n","protected":false},"author":1,"featured_media":0,"parent":0,"menu_order":0,"comment_status":"closed","ping_status":"closed","template":"page-especies.php","meta":{"footnotes":""},"acf":[],"yoast_head":"<!-- This site is optimized with the Yoast SEO plugin v17.6 - https:\/\/yoast.com\/wordpress\/plugins\/seo\/ -->\n<meta name=\"robots\" content=\"index, follow, max-snippet:-1, max-image-preview:large, max-video-preview:-1\" \/>\n<link rel=\"canonical\" href=\"https:\/\/pandomar.net\/de\/anchoas\/\" \/>\n<meta property=\"og:locale\" content=\"de_DE\" \/>\n<meta property=\"og:type\" content=\"article\" \/>\n<meta property=\"og:title\" content=\"Sardellen - Pandomar\" \/>\n<meta property=\"og:description\" content=\"Die europ\u00e4ische Sardelle, die beliebte Anchovis, welche im Norden Spaniens Boqueron oder Bocarte genannt wird, ist ein etwa 15 cm... Read more &raquo;\" \/>\n<meta property=\"og:url\" content=\"https:\/\/pandomar.net\/de\/anchoas\/\" \/>\n<meta property=\"og:site_name\" content=\"Pandomar\" \/>\n<meta property=\"article:modified_time\" content=\"2016-04-12T04:10:01+00:00\" \/>\n<meta name=\"twitter:card\" content=\"summary_large_image\" \/>\n<meta name=\"twitter:label1\" content=\"Gesch\u00e4tzte Lesezeit\" \/>\n\t<meta name=\"twitter:data1\" content=\"5 Minuten\" \/>\n<script type=\"application\/ld+json\" class=\"yoast-schema-graph\">{\"@context\":\"https:\/\/schema.org\",\"@graph\":[{\"@type\":\"WebSite\",\"@id\":\"https:\/\/pandomar.net\/de\/#website\",\"url\":\"https:\/\/pandomar.net\/de\/\",\"name\":\"Pandomar\",\"description\":\"Conservas de pescado procedentes de la pesca sostenible, elaboradas de forma artesanal con ingredientes de la agricultura ecol\\u00f3gica.\",\"potentialAction\":[{\"@type\":\"SearchAction\",\"target\":{\"@type\":\"EntryPoint\",\"urlTemplate\":\"https:\/\/pandomar.net\/de\/?s={search_term_string}\"},\"query-input\":\"required name=search_term_string\"}],\"inLanguage\":\"de-DE\"},{\"@type\":\"WebPage\",\"@id\":\"https:\/\/pandomar.net\/de\/anchoas\/#webpage\",\"url\":\"https:\/\/pandomar.net\/de\/anchoas\/\",\"name\":\"Sardellen - Pandomar\",\"isPartOf\":{\"@id\":\"https:\/\/pandomar.net\/de\/#website\"},\"datePublished\":\"2014-07-16T07:59:41+00:00\",\"dateModified\":\"2016-04-12T04:10:01+00:00\",\"breadcrumb\":{\"@id\":\"https:\/\/pandomar.net\/de\/anchoas\/#breadcrumb\"},\"inLanguage\":\"de-DE\",\"potentialAction\":[{\"@type\":\"ReadAction\",\"target\":[\"https:\/\/pandomar.net\/de\/anchoas\/\"]}]},{\"@type\":\"BreadcrumbList\",\"@id\":\"https:\/\/pandomar.net\/de\/anchoas\/#breadcrumb\",\"itemListElement\":[{\"@type\":\"ListItem\",\"position\":1,\"name\":\"Portada\",\"item\":\"https:\/\/pandomar.net\/de\/\"},{\"@type\":\"ListItem\",\"position\":2,\"name\":\"Sardellen\"}]}]}<\/script>\n<!-- \/ Yoast SEO plugin. -->","yoast_head_json":{"robots":{"index":"index","follow":"follow","max-snippet":"max-snippet:-1","max-image-preview":"max-image-preview:large","max-video-preview":"max-video-preview:-1"},"canonical":"https:\/\/pandomar.net\/de\/anchoas\/","og_locale":"de_DE","og_type":"article","og_title":"Sardellen - Pandomar","og_description":"Die europ\u00e4ische Sardelle, die beliebte Anchovis, welche im Norden Spaniens Boqueron oder Bocarte genannt wird, ist ein etwa 15 cm... Read more &raquo;","og_url":"https:\/\/pandomar.net\/de\/anchoas\/","og_site_name":"Pandomar","article_modified_time":"2016-04-12T04:10:01+00:00","twitter_card":"summary_large_image","twitter_misc":{"Gesch\u00e4tzte Lesezeit":"5 Minuten"},"schema":{"@context":"https:\/\/schema.org","@graph":[{"@type":"WebSite","@id":"https:\/\/pandomar.net\/de\/#website","url":"https:\/\/pandomar.net\/de\/","name":"Pandomar","description":"Conservas de pescado procedentes de la pesca sostenible, elaboradas de forma artesanal con ingredientes de la agricultura ecol\u00f3gica.","potentialAction":[{"@type":"SearchAction","target":{"@type":"EntryPoint","urlTemplate":"https:\/\/pandomar.net\/de\/?s={search_term_string}"},"query-input":"required name=search_term_string"}],"inLanguage":"de-DE"},{"@type":"WebPage","@id":"https:\/\/pandomar.net\/de\/anchoas\/#webpage","url":"https:\/\/pandomar.net\/de\/anchoas\/","name":"Sardellen - Pandomar","isPartOf":{"@id":"https:\/\/pandomar.net\/de\/#website"},"datePublished":"2014-07-16T07:59:41+00:00","dateModified":"2016-04-12T04:10:01+00:00","breadcrumb":{"@id":"https:\/\/pandomar.net\/de\/anchoas\/#breadcrumb"},"inLanguage":"de-DE","potentialAction":[{"@type":"ReadAction","target":["https:\/\/pandomar.net\/de\/anchoas\/"]}]},{"@type":"BreadcrumbList","@id":"https:\/\/pandomar.net\/de\/anchoas\/#breadcrumb","itemListElement":[{"@type":"ListItem","position":1,"name":"Portada","item":"https:\/\/pandomar.net\/de\/"},{"@type":"ListItem","position":2,"name":"Sardellen"}]}]}},"_links":{"self":[{"href":"https:\/\/pandomar.net\/de\/wp-json\/wp\/v2\/pages\/439"}],"collection":[{"href":"https:\/\/pandomar.net\/de\/wp-json\/wp\/v2\/pages"}],"about":[{"href":"https:\/\/pandomar.net\/de\/wp-json\/wp\/v2\/types\/page"}],"author":[{"embeddable":true,"href":"https:\/\/pandomar.net\/de\/wp-json\/wp\/v2\/users\/1"}],"replies":[{"embeddable":true,"href":"https:\/\/pandomar.net\/de\/wp-json\/wp\/v2\/comments?post=439"}],"version-history":[{"count":3,"href":"https:\/\/pandomar.net\/de\/wp-json\/wp\/v2\/pages\/439\/revisions"}],"predecessor-version":[{"id":1095,"href":"https:\/\/pandomar.net\/de\/wp-json\/wp\/v2\/pages\/439\/revisions\/1095"}],"wp:attachment":[{"href":"https:\/\/pandomar.net\/de\/wp-json\/wp\/v2\/media?parent=439"}],"curies":[{"name":"wp","href":"https:\/\/api.w.org\/{rel}","templated":true}]}}