
{"id":431,"date":"2014-07-16T07:42:40","date_gmt":"2014-07-16T07:42:40","guid":{"rendered":"http:\/\/pandomar.net\/?page_id=431"},"modified":"2015-04-08T04:27:11","modified_gmt":"2015-04-08T04:27:11","slug":"resoponsabilidad-social-y-compromiso-con-el-entorno","status":"publish","type":"page","link":"https:\/\/pandomar.net\/de\/resoponsabilidad-social-y-compromiso-con-el-entorno\/","title":{"rendered":"<span>SOZIALE VERANTWORTUNG<\/span> UND GEGEN\u00dcBER DER UMWELT"},"content":{"rendered":"<p class=\"lead\"><\/p>\n<div>\n<h1>SOZIALE VERANTWORTUNG: GEGEN\u00dcBER MITARBEITERN:<\/h1>\n<p>In unserem Unternehmen setzen wir seit jeher auf Kontinuit\u00e4t und Dauerhaftigkeit; ein wesentlicher Faktor f\u00fcr die Vermittlung von Werten.<br \/>\nIn unserem Familienunternehmen ist es nicht ungew\u00f6hnlich, dass die Arbeit der Eltern sowohl auf Leitungs- als auch auf Verarbeitungs-Ebene von den Kindern weiter getragen wird.<br \/>\nEin Gro\u00dfteil der Belegschaft sind Frauen mit langj\u00e4hriger Berufsfahrung, die sie seit Jahrzehnten in unserer Firma gewonnen haben. Felisa Torrado geht dieses Jahr nach 51 Jahren Firmenzugeh\u00f6rigkeit in Pension. Sie belegte als Jugendliche Auszubildende den freigewordenen Arbeitsplatz ihrer Schwester, die nach Deutschland auswanderte.<\/p>\n<p>Alvaro Perez Lafuente verabschiedet und bedankt sich mit einer Ehrenmedaille bei Felisa Torrado f\u00fcr die langj\u00e4hrige Zusammenarbeit.<\/p>\n<img loading=\"lazy\" decoding=\"async\" width=\"300\" height=\"225\" class=\"aligncenter size-medium wp-image-670\" alt=\"Felisa 001 copia\" src=\"http:\/\/pandomar.net\/wp-content\/uploads\/2014\/07\/Felisa-001-copia-300x225.jpg\" srcset=\"https:\/\/pandomar.net\/wp-content\/uploads\/2014\/07\/Felisa-001-copia-300x225.jpg 300w, https:\/\/pandomar.net\/wp-content\/uploads\/2014\/07\/Felisa-001-copia-150x112.jpg 150w, https:\/\/pandomar.net\/wp-content\/uploads\/2014\/07\/Felisa-001-copia-1024x768.jpg 1024w, https:\/\/pandomar.net\/wp-content\/uploads\/2014\/07\/Felisa-001-copia-295x220.jpg 295w\" sizes=\"(max-width: 300px) 100vw, 300px\" \/>\n<h1>SOZIALE VERANTWORTUNG: GEGEN\u00dcBER DER UNWELT:<\/h1>\n<p>Die Verantwortung unserer Firma geht weit \u00fcber die herk\u00f6mmlichen unternehmerischen Ziele hinaus. Wir m\u00f6chten dazu beitragen, dass die Vielfalt und der Artenreichtum dieser Welt erhalten bleibt. Dazu arbeiten wir mit verschiedenen Umweltverb\u00e4nden zusammen. Zum Beispiel:<\/p>\n<p><strong>CEMMA- Koordinationsstelle f\u00fcr die Erforschung und zum Schutz von Meeress\u00e4ugern, wie Wale und Delphine, aber auch von Meeresschildkr\u00f6ten &#8211; eine regionale NGO (Non Governmental Organization). Zur Zeit finanziert Conservas Antonio Perez Lafuente eine Studie mit, zur Z\u00e4hlung der Delfinbest\u00e4nde an der galicischen K\u00fcste mittels Fotoidentifikation.<\/p>\n<img loading=\"lazy\" decoding=\"async\" width=\"300\" height=\"225\" class=\"aligncenter size-medium wp-image-672\" alt=\"CEMMA DVD 012\" src=\"http:\/\/pandomar.net\/wp-content\/uploads\/2014\/07\/CEMMA-DVD-012-300x225.jpg\" srcset=\"https:\/\/pandomar.net\/wp-content\/uploads\/2014\/07\/CEMMA-DVD-012-300x225.jpg 300w, https:\/\/pandomar.net\/wp-content\/uploads\/2014\/07\/CEMMA-DVD-012-150x112.jpg 150w, https:\/\/pandomar.net\/wp-content\/uploads\/2014\/07\/CEMMA-DVD-012-1024x768.jpg 1024w, https:\/\/pandomar.net\/wp-content\/uploads\/2014\/07\/CEMMA-DVD-012-295x220.jpg 295w, https:\/\/pandomar.net\/wp-content\/uploads\/2014\/07\/CEMMA-DVD-012.jpg 1200w\" sizes=\"(max-width: 300px) 100vw, 300px\" \/>\n<p><strong>Asociaci\u00f3n Galega de Custodia do Territorio (Galicische Gesellschaft f\u00fcr Landespflege):<\/strong> Die regionale Abteilung einer national t\u00e4tigen Umweltschutzorganisation\u2028f\u00fcr die Erhaltung der nat\u00fcrlichen, kulturellen und landschaftlichen Ressourcen.\u2028Conservas Antonio Perez Lafuente ist das erste  F\u00f6rdermitglied dieser Organisation.\u2028Sie versucht durch Einbeziehung von Landwirten und Tierz\u00fcchtern Verst\u00e4ndnis zu schaffen f\u00fcr.<\/p>\n<img loading=\"lazy\" decoding=\"async\" width=\"300\" height=\"225\" class=\"aligncenter size-medium wp-image-673\" alt=\"OLYMPUS DIGITAL CAMERA\" src=\"http:\/\/pandomar.net\/wp-content\/uploads\/2014\/07\/Carballeira-Mar\u00edn-Bueu-046-300x225.jpg\" srcset=\"https:\/\/pandomar.net\/wp-content\/uploads\/2014\/07\/Carballeira-Mar\u00edn-Bueu-046-300x225.jpg 300w, https:\/\/pandomar.net\/wp-content\/uploads\/2014\/07\/Carballeira-Mar\u00edn-Bueu-046-150x112.jpg 150w, https:\/\/pandomar.net\/wp-content\/uploads\/2014\/07\/Carballeira-Mar\u00edn-Bueu-046-1024x768.jpg 1024w, https:\/\/pandomar.net\/wp-content\/uploads\/2014\/07\/Carballeira-Mar\u00edn-Bueu-046-295x220.jpg 295w, https:\/\/pandomar.net\/wp-content\/uploads\/2014\/07\/Carballeira-Mar\u00edn-Bueu-046.jpg 2048w\" sizes=\"(max-width: 300px) 100vw, 300px\" \/>\n<p><strong>AGCT: Galizische Gesellschaft zur Erhaltung von Lebensr\u00e4umen.<\/strong> Eine regionale Abteilung einer nationalen Organisation, die sich u. a. f\u00fcr gef\u00e4hrderte Tierarten einsetzt. <\/p>\n<img loading=\"lazy\" decoding=\"async\" width=\"206\" height=\"300\" class=\"aligncenter size-medium wp-image-674\" alt=\"murcielagos\" src=\"http:\/\/pandomar.net\/wp-content\/uploads\/2014\/07\/murcielagos-206x300.png\" srcset=\"https:\/\/pandomar.net\/wp-content\/uploads\/2014\/07\/murcielagos-206x300.png 206w, https:\/\/pandomar.net\/wp-content\/uploads\/2014\/07\/murcielagos-103x150.png 103w, https:\/\/pandomar.net\/wp-content\/uploads\/2014\/07\/murcielagos.png 316w\" sizes=\"(max-width: 206px) 100vw, 206px\" \/>\n<\/div>\n<p><\/p>","protected":false},"excerpt":{"rendered":"<p>SOZIALE VERANTWORTUNG: GEGEN\u00dcBER MITARBEITERN: In unserem Unternehmen setzen wir seit jeher auf Kontinuit\u00e4t und Dauerhaftigkeit; ein wesentlicher Faktor f\u00fcr die&#8230;  <a href=\"https:\/\/pandomar.net\/de\/resoponsabilidad-social-y-compromiso-con-el-entorno\/\" class=\"more-link\" title=\"Read <span>SOZIALE VERANTWORTUNG<\/span> UND GEGEN\u00dcBER DER UMWELT&#8221;>Read more &raquo;<\/a><\/p>\n","protected":false},"author":1,"featured_media":0,"parent":0,"menu_order":0,"comment_status":"closed","ping_status":"closed","template":"","meta":{"footnotes":""},"acf":[],"yoast_head":"<!-- This site is optimized with the Yoast SEO plugin v17.6 - https:\/\/yoast.com\/wordpress\/plugins\/seo\/ -->\n<meta name=\"robots\" content=\"index, follow, max-snippet:-1, max-image-preview:large, max-video-preview:-1\" \/>\n<link rel=\"canonical\" href=\"https:\/\/pandomar.net\/de\/resoponsabilidad-social-y-compromiso-con-el-entorno\/\" \/>\n<meta property=\"og:locale\" content=\"de_DE\" \/>\n<meta property=\"og:type\" content=\"article\" \/>\n<meta property=\"og:title\" content=\"Responsabilidad social y compromiso con el entornoResponsabilidad social y compromiso con el entornoSOCIAL RESPONSIBILITY AND COMMITMENT TO THE WORKERSSOZIALE VERANTWORTUNG UND GEGEN\u00dcBER DER UMWELT - Pandomar\" \/>\n<meta property=\"og:description\" content=\"SOZIALE VERANTWORTUNG: GEGEN\u00dcBER MITARBEITERN: In unserem Unternehmen setzen wir seit jeher auf Kontinuit\u00e4t und Dauerhaftigkeit; ein wesentlicher Faktor f\u00fcr die... Read more &raquo;\" \/>\n<meta property=\"og:url\" content=\"https:\/\/pandomar.net\/de\/resoponsabilidad-social-y-compromiso-con-el-entorno\/\" \/>\n<meta property=\"og:site_name\" content=\"Pandomar\" \/>\n<meta property=\"article:modified_time\" content=\"2015-04-08T04:27:11+00:00\" \/>\n<meta property=\"og:image\" content=\"http:\/\/pandomar.net\/wp-content\/uploads\/2014\/07\/Felisa-001-copia-300x225.jpg\" \/>\n<meta name=\"twitter:card\" content=\"summary_large_image\" \/>\n<meta name=\"twitter:label1\" content=\"Gesch\u00e4tzte Lesezeit\" \/>\n\t<meta name=\"twitter:data1\" content=\"8 Minuten\" \/>\n<script type=\"application\/ld+json\" class=\"yoast-schema-graph\">{\"@context\":\"https:\/\/schema.org\",\"@graph\":[{\"@type\":\"WebSite\",\"@id\":\"https:\/\/pandomar.net\/de\/#website\",\"url\":\"https:\/\/pandomar.net\/de\/\",\"name\":\"Pandomar\",\"description\":\"Conservas de pescado procedentes de la pesca sostenible, elaboradas de forma artesanal con ingredientes de la agricultura ecol\\u00f3gica.\",\"potentialAction\":[{\"@type\":\"SearchAction\",\"target\":{\"@type\":\"EntryPoint\",\"urlTemplate\":\"https:\/\/pandomar.net\/de\/?s={search_term_string}\"},\"query-input\":\"required name=search_term_string\"}],\"inLanguage\":\"de-DE\"},{\"@type\":\"ImageObject\",\"@id\":\"https:\/\/pandomar.net\/de\/resoponsabilidad-social-y-compromiso-con-el-entorno\/#primaryimage\",\"inLanguage\":\"de-DE\",\"url\":\"http:\/\/pandomar.net\/wp-content\/uploads\/2014\/07\/Felisa-001-copia-300x225.jpg\",\"contentUrl\":\"http:\/\/pandomar.net\/wp-content\/uploads\/2014\/07\/Felisa-001-copia-300x225.jpg\"},{\"@type\":\"WebPage\",\"@id\":\"https:\/\/pandomar.net\/de\/resoponsabilidad-social-y-compromiso-con-el-entorno\/#webpage\",\"url\":\"https:\/\/pandomar.net\/de\/resoponsabilidad-social-y-compromiso-con-el-entorno\/\",\"name\":\"Responsabilidad social y compromiso con el entornoResponsabilidad social y compromiso con el entornoSOCIAL RESPONSIBILITY AND COMMITMENT TO THE WORKERSSOZIALE VERANTWORTUNG UND GEGEN\\u00dcBER DER UMWELT - Pandomar\",\"isPartOf\":{\"@id\":\"https:\/\/pandomar.net\/de\/#website\"},\"primaryImageOfPage\":{\"@id\":\"https:\/\/pandomar.net\/de\/resoponsabilidad-social-y-compromiso-con-el-entorno\/#primaryimage\"},\"datePublished\":\"2014-07-16T07:42:40+00:00\",\"dateModified\":\"2015-04-08T04:27:11+00:00\",\"breadcrumb\":{\"@id\":\"https:\/\/pandomar.net\/de\/resoponsabilidad-social-y-compromiso-con-el-entorno\/#breadcrumb\"},\"inLanguage\":\"de-DE\",\"potentialAction\":[{\"@type\":\"ReadAction\",\"target\":[\"https:\/\/pandomar.net\/de\/resoponsabilidad-social-y-compromiso-con-el-entorno\/\"]}]},{\"@type\":\"BreadcrumbList\",\"@id\":\"https:\/\/pandomar.net\/de\/resoponsabilidad-social-y-compromiso-con-el-entorno\/#breadcrumb\",\"itemListElement\":[{\"@type\":\"ListItem\",\"position\":1,\"name\":\"Portada\",\"item\":\"https:\/\/pandomar.net\/de\/\"},{\"@type\":\"ListItem\",\"position\":2,\"name\":\"SOZIALE VERANTWORTUNG UND GEGEN\\u00dcBER DER UMWELT\"}]}]}<\/script>\n<!-- \/ Yoast SEO plugin. -->","yoast_head_json":{"robots":{"index":"index","follow":"follow","max-snippet":"max-snippet:-1","max-image-preview":"max-image-preview:large","max-video-preview":"max-video-preview:-1"},"canonical":"https:\/\/pandomar.net\/de\/resoponsabilidad-social-y-compromiso-con-el-entorno\/","og_locale":"de_DE","og_type":"article","og_title":"Responsabilidad social y compromiso con el entornoResponsabilidad social y compromiso con el entornoSOCIAL RESPONSIBILITY AND COMMITMENT TO THE WORKERSSOZIALE VERANTWORTUNG UND GEGEN\u00dcBER DER UMWELT - Pandomar","og_description":"SOZIALE VERANTWORTUNG: GEGEN\u00dcBER MITARBEITERN: In unserem Unternehmen setzen wir seit jeher auf Kontinuit\u00e4t und Dauerhaftigkeit; ein wesentlicher Faktor f\u00fcr die... Read more &raquo;","og_url":"https:\/\/pandomar.net\/de\/resoponsabilidad-social-y-compromiso-con-el-entorno\/","og_site_name":"Pandomar","article_modified_time":"2015-04-08T04:27:11+00:00","og_image":[{"url":"http:\/\/pandomar.net\/wp-content\/uploads\/2014\/07\/Felisa-001-copia-300x225.jpg"}],"twitter_card":"summary_large_image","twitter_misc":{"Gesch\u00e4tzte Lesezeit":"8 Minuten"},"schema":{"@context":"https:\/\/schema.org","@graph":[{"@type":"WebSite","@id":"https:\/\/pandomar.net\/de\/#website","url":"https:\/\/pandomar.net\/de\/","name":"Pandomar","description":"Conservas de pescado procedentes de la pesca sostenible, elaboradas de forma artesanal con ingredientes de la agricultura ecol\u00f3gica.","potentialAction":[{"@type":"SearchAction","target":{"@type":"EntryPoint","urlTemplate":"https:\/\/pandomar.net\/de\/?s={search_term_string}"},"query-input":"required name=search_term_string"}],"inLanguage":"de-DE"},{"@type":"ImageObject","@id":"https:\/\/pandomar.net\/de\/resoponsabilidad-social-y-compromiso-con-el-entorno\/#primaryimage","inLanguage":"de-DE","url":"http:\/\/pandomar.net\/wp-content\/uploads\/2014\/07\/Felisa-001-copia-300x225.jpg","contentUrl":"http:\/\/pandomar.net\/wp-content\/uploads\/2014\/07\/Felisa-001-copia-300x225.jpg"},{"@type":"WebPage","@id":"https:\/\/pandomar.net\/de\/resoponsabilidad-social-y-compromiso-con-el-entorno\/#webpage","url":"https:\/\/pandomar.net\/de\/resoponsabilidad-social-y-compromiso-con-el-entorno\/","name":"Responsabilidad social y compromiso con el entornoResponsabilidad social y compromiso con el entornoSOCIAL RESPONSIBILITY AND COMMITMENT TO THE WORKERSSOZIALE VERANTWORTUNG UND GEGEN\u00dcBER DER UMWELT - Pandomar","isPartOf":{"@id":"https:\/\/pandomar.net\/de\/#website"},"primaryImageOfPage":{"@id":"https:\/\/pandomar.net\/de\/resoponsabilidad-social-y-compromiso-con-el-entorno\/#primaryimage"},"datePublished":"2014-07-16T07:42:40+00:00","dateModified":"2015-04-08T04:27:11+00:00","breadcrumb":{"@id":"https:\/\/pandomar.net\/de\/resoponsabilidad-social-y-compromiso-con-el-entorno\/#breadcrumb"},"inLanguage":"de-DE","potentialAction":[{"@type":"ReadAction","target":["https:\/\/pandomar.net\/de\/resoponsabilidad-social-y-compromiso-con-el-entorno\/"]}]},{"@type":"BreadcrumbList","@id":"https:\/\/pandomar.net\/de\/resoponsabilidad-social-y-compromiso-con-el-entorno\/#breadcrumb","itemListElement":[{"@type":"ListItem","position":1,"name":"Portada","item":"https:\/\/pandomar.net\/de\/"},{"@type":"ListItem","position":2,"name":"SOZIALE VERANTWORTUNG UND GEGEN\u00dcBER DER UMWELT"}]}]}},"_links":{"self":[{"href":"https:\/\/pandomar.net\/de\/wp-json\/wp\/v2\/pages\/431"}],"collection":[{"href":"https:\/\/pandomar.net\/de\/wp-json\/wp\/v2\/pages"}],"about":[{"href":"https:\/\/pandomar.net\/de\/wp-json\/wp\/v2\/types\/page"}],"author":[{"embeddable":true,"href":"https:\/\/pandomar.net\/de\/wp-json\/wp\/v2\/users\/1"}],"replies":[{"embeddable":true,"href":"https:\/\/pandomar.net\/de\/wp-json\/wp\/v2\/comments?post=431"}],"version-history":[{"count":17,"href":"https:\/\/pandomar.net\/de\/wp-json\/wp\/v2\/pages\/431\/revisions"}],"predecessor-version":[{"id":819,"href":"https:\/\/pandomar.net\/de\/wp-json\/wp\/v2\/pages\/431\/revisions\/819"}],"wp:attachment":[{"href":"https:\/\/pandomar.net\/de\/wp-json\/wp\/v2\/media?parent=431"}],"curies":[{"name":"wp","href":"https:\/\/api.w.org\/{rel}","templated":true}]}}