
{"id":378,"date":"2014-07-02T08:55:00","date_gmt":"2014-07-02T08:55:00","guid":{"rendered":"http:\/\/pandomar.net\/?page_id=378"},"modified":"2025-02-24T12:35:08","modified_gmt":"2025-02-24T11:35:08","slug":"mejillones","status":"publish","type":"page","link":"https:\/\/pandomar.net\/de\/mejillones\/","title":{"rendered":"Muscheln"},"content":{"rendered":"<p class=\"lead\">Wir legen Miesmuscheln der Art Mytilus galloprovincialis ein. Es handelt sich dabei um ein Weichtier mit einer glatten bl\u00e4ulich-schwarzen Schale, das reich an Proteinen und Mineralen ist. Diese Art siedelt sich an den Felsen des Wattenmeers an. Miesmuscheln wachsen schnell und haben innerhalb eines Jahres ihre normale Gr\u00f6\u00dfe erreicht.<\/p>\n<p>Seit Jahren werden sie in Atlantikk\u00fcste der Iberischen Halbinsel von den Bewohnern der Fischerd\u00f6rfer als alternative Einnahmequelle kultiviert, mit dem Ziel die \u00dcberfischung durch die extraktive Fischerei zu vermeiden. Die Miesmuschelzucht geschieht an schwimmende Seilen. F\u00fcr die Zucht werden Muscheln verwendet, die auf nat\u00fcrliche Weise an den Felsen der K\u00fcsten enstehen.Dank der Temperaturverh\u00e4ltnisse und dem n\u00e4hstoffreichen Wasser die optimale Gr\u00f6\u00dfe und Geschmack<\/p>\n<p>Um die biologische Produktion der Miesmuscheln zu beurkunden, wird der gesamte Zucht-, M\u00e4stungs- und Verarbeitungsprozess vom CRAEGA. Die Kontrolle basiert auf einem Protokoll mit strengen Richtlinien, gem\u00e4\u00df der Europ\u00e4ischen Verordnung 834\/2007, deren Erf\u00fcllung zur entsprechenden Beurkundung gew\u00e4hrleistet sein muss.<\/p>\n<p><img loading=\"lazy\" decoding=\"async\" width=\"1024\" height=\"768\" class=\"alignleft size-large wp-image-501\" src=\"http:\/\/pandomar.net\/wp-content\/uploads\/2014\/09\/CRAEGA-Recogida-de-mejillon-eco-1024x768.jpg\" alt=\"OLYMPUS DIGITAL CAMERA\" srcset=\"https:\/\/pandomar.net\/wp-content\/uploads\/2014\/09\/CRAEGA-Recogida-de-mejillon-eco-1024x768.jpg 1024w, https:\/\/pandomar.net\/wp-content\/uploads\/2014\/09\/CRAEGA-Recogida-de-mejillon-eco-150x112.jpg 150w, https:\/\/pandomar.net\/wp-content\/uploads\/2014\/09\/CRAEGA-Recogida-de-mejillon-eco-300x225.jpg 300w, https:\/\/pandomar.net\/wp-content\/uploads\/2014\/09\/CRAEGA-Recogida-de-mejillon-eco-295x220.jpg 295w, https:\/\/pandomar.net\/wp-content\/uploads\/2014\/09\/CRAEGA-Recogida-de-mejillon-eco.jpg 2048w\" sizes=\"(max-width: 1024px) 100vw, 1024px\" \/><\/p>","protected":false},"excerpt":{"rendered":"<p>Wir legen Miesmuscheln der Art Mytilus galloprovincialis ein. Es handelt sich dabei um ein Weichtier mit einer glatten bl\u00e4ulich-schwarzen Schale,&#8230;  <a href=\"https:\/\/pandomar.net\/de\/mejillones\/\" class=\"more-link\" title=\"Read Muscheln\">Read more &raquo;<\/a><\/p>\n","protected":false},"author":1,"featured_media":0,"parent":0,"menu_order":0,"comment_status":"closed","ping_status":"closed","template":"page-especies.php","meta":{"footnotes":""},"acf":[],"yoast_head":"<!-- This site is optimized with the Yoast SEO plugin v17.6 - https:\/\/yoast.com\/wordpress\/plugins\/seo\/ -->\n<meta name=\"robots\" content=\"index, follow, max-snippet:-1, max-image-preview:large, max-video-preview:-1\" \/>\n<link rel=\"canonical\" href=\"https:\/\/pandomar.net\/de\/mejillones\/\" \/>\n<meta property=\"og:locale\" content=\"de_DE\" \/>\n<meta property=\"og:type\" content=\"article\" \/>\n<meta property=\"og:title\" content=\"Muscheln - Pandomar\" \/>\n<meta property=\"og:description\" content=\"Wir legen Miesmuscheln der Art Mytilus galloprovincialis ein. Es handelt sich dabei um ein Weichtier mit einer glatten bl\u00e4ulich-schwarzen Schale,... Read more &raquo;\" \/>\n<meta property=\"og:url\" content=\"https:\/\/pandomar.net\/de\/mejillones\/\" \/>\n<meta property=\"og:site_name\" content=\"Pandomar\" \/>\n<meta property=\"article:modified_time\" content=\"2025-02-24T11:35:08+00:00\" \/>\n<meta property=\"og:image\" content=\"http:\/\/pandomar.net\/wp-content\/uploads\/2014\/09\/CRAEGA-Recogida-de-mejillon-eco-1024x768.jpg\" \/>\n<meta name=\"twitter:card\" content=\"summary_large_image\" \/>\n<meta name=\"twitter:label1\" content=\"Gesch\u00e4tzte Lesezeit\" \/>\n\t<meta name=\"twitter:data1\" content=\"4 Minuten\" \/>\n<script type=\"application\/ld+json\" class=\"yoast-schema-graph\">{\"@context\":\"https:\/\/schema.org\",\"@graph\":[{\"@type\":\"WebSite\",\"@id\":\"https:\/\/pandomar.net\/de\/#website\",\"url\":\"https:\/\/pandomar.net\/de\/\",\"name\":\"Pandomar\",\"description\":\"Conservas de pescado procedentes de la pesca sostenible, elaboradas de forma artesanal con ingredientes de la agricultura ecol\\u00f3gica.\",\"potentialAction\":[{\"@type\":\"SearchAction\",\"target\":{\"@type\":\"EntryPoint\",\"urlTemplate\":\"https:\/\/pandomar.net\/de\/?s={search_term_string}\"},\"query-input\":\"required name=search_term_string\"}],\"inLanguage\":\"de-DE\"},{\"@type\":\"ImageObject\",\"@id\":\"https:\/\/pandomar.net\/de\/mejillones\/#primaryimage\",\"inLanguage\":\"de-DE\",\"url\":\"http:\/\/pandomar.net\/wp-content\/uploads\/2014\/09\/CRAEGA-Recogida-de-mejillon-eco-1024x768.jpg\",\"contentUrl\":\"http:\/\/pandomar.net\/wp-content\/uploads\/2014\/09\/CRAEGA-Recogida-de-mejillon-eco-1024x768.jpg\"},{\"@type\":\"WebPage\",\"@id\":\"https:\/\/pandomar.net\/de\/mejillones\/#webpage\",\"url\":\"https:\/\/pandomar.net\/de\/mejillones\/\",\"name\":\"Muscheln - Pandomar\",\"isPartOf\":{\"@id\":\"https:\/\/pandomar.net\/de\/#website\"},\"primaryImageOfPage\":{\"@id\":\"https:\/\/pandomar.net\/de\/mejillones\/#primaryimage\"},\"datePublished\":\"2014-07-02T08:55:00+00:00\",\"dateModified\":\"2025-02-24T11:35:08+00:00\",\"breadcrumb\":{\"@id\":\"https:\/\/pandomar.net\/de\/mejillones\/#breadcrumb\"},\"inLanguage\":\"de-DE\",\"potentialAction\":[{\"@type\":\"ReadAction\",\"target\":[\"https:\/\/pandomar.net\/de\/mejillones\/\"]}]},{\"@type\":\"BreadcrumbList\",\"@id\":\"https:\/\/pandomar.net\/de\/mejillones\/#breadcrumb\",\"itemListElement\":[{\"@type\":\"ListItem\",\"position\":1,\"name\":\"Portada\",\"item\":\"https:\/\/pandomar.net\/de\/\"},{\"@type\":\"ListItem\",\"position\":2,\"name\":\"Muscheln\"}]}]}<\/script>\n<!-- \/ Yoast SEO plugin. -->","yoast_head_json":{"robots":{"index":"index","follow":"follow","max-snippet":"max-snippet:-1","max-image-preview":"max-image-preview:large","max-video-preview":"max-video-preview:-1"},"canonical":"https:\/\/pandomar.net\/de\/mejillones\/","og_locale":"de_DE","og_type":"article","og_title":"Muscheln - Pandomar","og_description":"Wir legen Miesmuscheln der Art Mytilus galloprovincialis ein. Es handelt sich dabei um ein Weichtier mit einer glatten bl\u00e4ulich-schwarzen Schale,... Read more &raquo;","og_url":"https:\/\/pandomar.net\/de\/mejillones\/","og_site_name":"Pandomar","article_modified_time":"2025-02-24T11:35:08+00:00","og_image":[{"url":"http:\/\/pandomar.net\/wp-content\/uploads\/2014\/09\/CRAEGA-Recogida-de-mejillon-eco-1024x768.jpg"}],"twitter_card":"summary_large_image","twitter_misc":{"Gesch\u00e4tzte Lesezeit":"4 Minuten"},"schema":{"@context":"https:\/\/schema.org","@graph":[{"@type":"WebSite","@id":"https:\/\/pandomar.net\/de\/#website","url":"https:\/\/pandomar.net\/de\/","name":"Pandomar","description":"Conservas de pescado procedentes de la pesca sostenible, elaboradas de forma artesanal con ingredientes de la agricultura ecol\u00f3gica.","potentialAction":[{"@type":"SearchAction","target":{"@type":"EntryPoint","urlTemplate":"https:\/\/pandomar.net\/de\/?s={search_term_string}"},"query-input":"required name=search_term_string"}],"inLanguage":"de-DE"},{"@type":"ImageObject","@id":"https:\/\/pandomar.net\/de\/mejillones\/#primaryimage","inLanguage":"de-DE","url":"http:\/\/pandomar.net\/wp-content\/uploads\/2014\/09\/CRAEGA-Recogida-de-mejillon-eco-1024x768.jpg","contentUrl":"http:\/\/pandomar.net\/wp-content\/uploads\/2014\/09\/CRAEGA-Recogida-de-mejillon-eco-1024x768.jpg"},{"@type":"WebPage","@id":"https:\/\/pandomar.net\/de\/mejillones\/#webpage","url":"https:\/\/pandomar.net\/de\/mejillones\/","name":"Muscheln - Pandomar","isPartOf":{"@id":"https:\/\/pandomar.net\/de\/#website"},"primaryImageOfPage":{"@id":"https:\/\/pandomar.net\/de\/mejillones\/#primaryimage"},"datePublished":"2014-07-02T08:55:00+00:00","dateModified":"2025-02-24T11:35:08+00:00","breadcrumb":{"@id":"https:\/\/pandomar.net\/de\/mejillones\/#breadcrumb"},"inLanguage":"de-DE","potentialAction":[{"@type":"ReadAction","target":["https:\/\/pandomar.net\/de\/mejillones\/"]}]},{"@type":"BreadcrumbList","@id":"https:\/\/pandomar.net\/de\/mejillones\/#breadcrumb","itemListElement":[{"@type":"ListItem","position":1,"name":"Portada","item":"https:\/\/pandomar.net\/de\/"},{"@type":"ListItem","position":2,"name":"Muscheln"}]}]}},"_links":{"self":[{"href":"https:\/\/pandomar.net\/de\/wp-json\/wp\/v2\/pages\/378"}],"collection":[{"href":"https:\/\/pandomar.net\/de\/wp-json\/wp\/v2\/pages"}],"about":[{"href":"https:\/\/pandomar.net\/de\/wp-json\/wp\/v2\/types\/page"}],"author":[{"embeddable":true,"href":"https:\/\/pandomar.net\/de\/wp-json\/wp\/v2\/users\/1"}],"replies":[{"embeddable":true,"href":"https:\/\/pandomar.net\/de\/wp-json\/wp\/v2\/comments?post=378"}],"version-history":[{"count":18,"href":"https:\/\/pandomar.net\/de\/wp-json\/wp\/v2\/pages\/378\/revisions"}],"predecessor-version":[{"id":2165,"href":"https:\/\/pandomar.net\/de\/wp-json\/wp\/v2\/pages\/378\/revisions\/2165"}],"wp:attachment":[{"href":"https:\/\/pandomar.net\/de\/wp-json\/wp\/v2\/media?parent=378"}],"curies":[{"name":"wp","href":"https:\/\/api.w.org\/{rel}","templated":true}]}}