
{"id":375,"date":"2014-07-02T08:52:19","date_gmt":"2014-07-02T08:52:19","guid":{"rendered":"http:\/\/pandomar.net\/?page_id=375"},"modified":"2016-04-12T04:11:35","modified_gmt":"2016-04-12T04:11:35","slug":"calamares","status":"publish","type":"page","link":"https:\/\/pandomar.net\/de\/calamares\/","title":{"rendered":"Tintenfische"},"content":{"rendered":"<p class=\"lead\">F\u00fcr unsere Marke &#8220;Pan do Mar&#8221; konservieren wir Tintenfische der Art Dosidicus Gigas, auch &#8220;Humboldtkalamar, oder Riesen-Pazifik-Tintenfisch genannt. Es handelt sich bei dieser Art um einen gro\u00dfen Kopff\u00fc\u00dfer, der an der Pazifikk\u00fcste h\u00e4ufig vorkommt und als einer der wirtschaftlichen Hauptpfeiler der peruanischen K\u00fcstengemeinschaften gilt.<\/p>\n<p>Er wird nahe der K\u00fcste auf kleinen Booten mit einer kleinen Besatzung gefischt. Als Fangmethode wird die sogenannte &#8220;Potera&#8221; verwendet. Dabei handelt es sich um ein Bleigewicht mit Haken, das an einer 20 bis 25m langen Schnur angebracht wurde. Der Fischer h\u00e4lt die Schnur in der Hand und bewegt sie durch st\u00e4ndige ruckartige Bewegungen auf und ab. Diese Methode wird gezielt zum Fang dieser Spezies eingesetzt, begrenzt den Beifang von gesch\u00fctzten und nicht vermarktbaren Arten und verringert die Zahl der R\u00fcckw\u00fcrfe.<\/p>\n<p>Die Herkunft und die Fangmethode wurden von den zust\u00e4ndigen Gesundheits- und Fischereibeh\u00f6rden ausgezeichnet. Es handelt sich um eine sehr fruchtbare Spezies, die eine hohe Wachstumsrate aufweist und bis heute nicht den Problemen der \u00dcberfischung ausgesetzt ist. Wir sind der Meinung, dass durch die Unterst\u00fctzung der peruanischen K\u00fcstengemeinschaften der Kohlendioxydaussto\u00df kompensiert wird, der durch den Transport der Rohstoffe von ihrem Ursprungsort zu unserer Fabrik ensteht.<\/p>","protected":false},"excerpt":{"rendered":"<p>F\u00fcr unsere Marke &#8220;Pan do Mar&#8221; konservieren wir Tintenfische der Art Dosidicus Gigas, auch &#8220;Humboldtkalamar, oder Riesen-Pazifik-Tintenfisch genannt. Es handelt&#8230;  <a href=\"https:\/\/pandomar.net\/de\/calamares\/\" class=\"more-link\" title=\"Read Tintenfische\">Read more &raquo;<\/a><\/p>\n","protected":false},"author":1,"featured_media":0,"parent":0,"menu_order":0,"comment_status":"closed","ping_status":"closed","template":"page-especies.php","meta":{"footnotes":""},"acf":[],"yoast_head":"<!-- This site is optimized with the Yoast SEO plugin v17.6 - https:\/\/yoast.com\/wordpress\/plugins\/seo\/ -->\n<meta name=\"robots\" content=\"index, follow, max-snippet:-1, max-image-preview:large, max-video-preview:-1\" \/>\n<link rel=\"canonical\" href=\"https:\/\/pandomar.net\/de\/calamares\/\" \/>\n<meta property=\"og:locale\" content=\"de_DE\" \/>\n<meta property=\"og:type\" content=\"article\" \/>\n<meta property=\"og:title\" content=\"Tintenfische - Pandomar\" \/>\n<meta property=\"og:description\" content=\"F\u00fcr unsere Marke &#8220;Pan do Mar&#8221; konservieren wir Tintenfische der Art Dosidicus Gigas, auch &#8220;Humboldtkalamar, oder Riesen-Pazifik-Tintenfisch genannt. Es handelt... Read more &raquo;\" \/>\n<meta property=\"og:url\" content=\"https:\/\/pandomar.net\/de\/calamares\/\" \/>\n<meta property=\"og:site_name\" content=\"Pandomar\" \/>\n<meta property=\"article:modified_time\" content=\"2016-04-12T04:11:35+00:00\" \/>\n<meta name=\"twitter:card\" content=\"summary_large_image\" \/>\n<meta name=\"twitter:label1\" content=\"Gesch\u00e4tzte Lesezeit\" \/>\n\t<meta name=\"twitter:data1\" content=\"5 Minuten\" \/>\n<script type=\"application\/ld+json\" class=\"yoast-schema-graph\">{\"@context\":\"https:\/\/schema.org\",\"@graph\":[{\"@type\":\"WebSite\",\"@id\":\"https:\/\/pandomar.net\/de\/#website\",\"url\":\"https:\/\/pandomar.net\/de\/\",\"name\":\"Pandomar\",\"description\":\"Conservas de pescado procedentes de la pesca sostenible, elaboradas de forma artesanal con ingredientes de la agricultura ecol\\u00f3gica.\",\"potentialAction\":[{\"@type\":\"SearchAction\",\"target\":{\"@type\":\"EntryPoint\",\"urlTemplate\":\"https:\/\/pandomar.net\/de\/?s={search_term_string}\"},\"query-input\":\"required name=search_term_string\"}],\"inLanguage\":\"de-DE\"},{\"@type\":\"WebPage\",\"@id\":\"https:\/\/pandomar.net\/de\/calamares\/#webpage\",\"url\":\"https:\/\/pandomar.net\/de\/calamares\/\",\"name\":\"Tintenfische - Pandomar\",\"isPartOf\":{\"@id\":\"https:\/\/pandomar.net\/de\/#website\"},\"datePublished\":\"2014-07-02T08:52:19+00:00\",\"dateModified\":\"2016-04-12T04:11:35+00:00\",\"breadcrumb\":{\"@id\":\"https:\/\/pandomar.net\/de\/calamares\/#breadcrumb\"},\"inLanguage\":\"de-DE\",\"potentialAction\":[{\"@type\":\"ReadAction\",\"target\":[\"https:\/\/pandomar.net\/de\/calamares\/\"]}]},{\"@type\":\"BreadcrumbList\",\"@id\":\"https:\/\/pandomar.net\/de\/calamares\/#breadcrumb\",\"itemListElement\":[{\"@type\":\"ListItem\",\"position\":1,\"name\":\"Portada\",\"item\":\"https:\/\/pandomar.net\/de\/\"},{\"@type\":\"ListItem\",\"position\":2,\"name\":\"Tintenfische\"}]}]}<\/script>\n<!-- \/ Yoast SEO plugin. -->","yoast_head_json":{"robots":{"index":"index","follow":"follow","max-snippet":"max-snippet:-1","max-image-preview":"max-image-preview:large","max-video-preview":"max-video-preview:-1"},"canonical":"https:\/\/pandomar.net\/de\/calamares\/","og_locale":"de_DE","og_type":"article","og_title":"Tintenfische - Pandomar","og_description":"F\u00fcr unsere Marke &#8220;Pan do Mar&#8221; konservieren wir Tintenfische der Art Dosidicus Gigas, auch &#8220;Humboldtkalamar, oder Riesen-Pazifik-Tintenfisch genannt. Es handelt... Read more &raquo;","og_url":"https:\/\/pandomar.net\/de\/calamares\/","og_site_name":"Pandomar","article_modified_time":"2016-04-12T04:11:35+00:00","twitter_card":"summary_large_image","twitter_misc":{"Gesch\u00e4tzte Lesezeit":"5 Minuten"},"schema":{"@context":"https:\/\/schema.org","@graph":[{"@type":"WebSite","@id":"https:\/\/pandomar.net\/de\/#website","url":"https:\/\/pandomar.net\/de\/","name":"Pandomar","description":"Conservas de pescado procedentes de la pesca sostenible, elaboradas de forma artesanal con ingredientes de la agricultura ecol\u00f3gica.","potentialAction":[{"@type":"SearchAction","target":{"@type":"EntryPoint","urlTemplate":"https:\/\/pandomar.net\/de\/?s={search_term_string}"},"query-input":"required name=search_term_string"}],"inLanguage":"de-DE"},{"@type":"WebPage","@id":"https:\/\/pandomar.net\/de\/calamares\/#webpage","url":"https:\/\/pandomar.net\/de\/calamares\/","name":"Tintenfische - Pandomar","isPartOf":{"@id":"https:\/\/pandomar.net\/de\/#website"},"datePublished":"2014-07-02T08:52:19+00:00","dateModified":"2016-04-12T04:11:35+00:00","breadcrumb":{"@id":"https:\/\/pandomar.net\/de\/calamares\/#breadcrumb"},"inLanguage":"de-DE","potentialAction":[{"@type":"ReadAction","target":["https:\/\/pandomar.net\/de\/calamares\/"]}]},{"@type":"BreadcrumbList","@id":"https:\/\/pandomar.net\/de\/calamares\/#breadcrumb","itemListElement":[{"@type":"ListItem","position":1,"name":"Portada","item":"https:\/\/pandomar.net\/de\/"},{"@type":"ListItem","position":2,"name":"Tintenfische"}]}]}},"_links":{"self":[{"href":"https:\/\/pandomar.net\/de\/wp-json\/wp\/v2\/pages\/375"}],"collection":[{"href":"https:\/\/pandomar.net\/de\/wp-json\/wp\/v2\/pages"}],"about":[{"href":"https:\/\/pandomar.net\/de\/wp-json\/wp\/v2\/types\/page"}],"author":[{"embeddable":true,"href":"https:\/\/pandomar.net\/de\/wp-json\/wp\/v2\/users\/1"}],"replies":[{"embeddable":true,"href":"https:\/\/pandomar.net\/de\/wp-json\/wp\/v2\/comments?post=375"}],"version-history":[{"count":4,"href":"https:\/\/pandomar.net\/de\/wp-json\/wp\/v2\/pages\/375\/revisions"}],"predecessor-version":[{"id":1097,"href":"https:\/\/pandomar.net\/de\/wp-json\/wp\/v2\/pages\/375\/revisions\/1097"}],"wp:attachment":[{"href":"https:\/\/pandomar.net\/de\/wp-json\/wp\/v2\/media?parent=375"}],"curies":[{"name":"wp","href":"https:\/\/api.w.org\/{rel}","templated":true}]}}