
{"id":372,"date":"2014-07-02T08:48:59","date_gmt":"2014-07-02T08:48:59","guid":{"rendered":"http:\/\/pandomar.net\/?page_id=372"},"modified":"2016-04-12T04:12:50","modified_gmt":"2016-04-12T04:12:50","slug":"sardinas","status":"publish","type":"page","link":"https:\/\/pandomar.net\/de\/sardinas\/","title":{"rendered":"Sardinen"},"content":{"rendered":"<p class=\"lead\">F\u00fcr unsere Marke &#8220;Pan do Mar&#8221; legen wir Sardinen der Art Sardina pilchardus W (Europ\u00e4ische Sardine) ein. Sie stammen von der nordwestlichen K\u00fcste der Iberischen Halbinsel und zeichnen sich durch ihren silbrigen Bauch und ihre blaue Lenden aus.<\/p>\n<p>Die K\u00fcstenfischerei erfolgt auf Kuttern der zahlreichen Fischerd\u00f6rfer an der Atlantikk\u00fcste, wobei in einer einzigen Nacht die traditionellen Ringwadennetze ausgeworfen werden. Diese Methode vermeidet im Gegensatz zu den Industriefischereimethoden mit pelagischen Schleppnetzen, den Beifang von Delphinen und anderen gesch\u00fctzten Arten, und verringert die Anzahl der R\u00fcckw\u00fcrfe erheblich. Gleichzeitig sind die Fische von besserer Qualit\u00e4t, weil sie nicht dem Stress eines massiven Netzfangs ausgesetzt sind, der bei einem massiven Netzfang entsteht, und weniger Zeit zwischen Fang und Verarbeitung vergeht.<\/p>\n<p>Die gesamte Produktion wurde mit dem Zertifikat der zust\u00e4ndigen Beh\u00f6rden und den Fischervereinen versehen. Die Fischereien Nordportugals tragen das G\u00fctezeichen MSC, das Ihre Nachhaltigkeit garantiert. Laut wissenschaftlichen Untersuchungen und Berichten der Umweltorganisationen sind Arten wie die Sardinen, die das untere Ende der Nahrungskette einnehmen und immer innerhalb der Sicherheitsgrenzen gefangen werden, weniger gef\u00e4hrdet und erholen sich schneller von der \u00dcberfischung.<\/p>","protected":false},"excerpt":{"rendered":"<p>F\u00fcr unsere Marke &#8220;Pan do Mar&#8221; legen wir Sardinen der Art Sardina pilchardus W (Europ\u00e4ische Sardine) ein. Sie stammen von&#8230;  <a href=\"https:\/\/pandomar.net\/de\/sardinas\/\" class=\"more-link\" title=\"Read Sardinen\">Read more &raquo;<\/a><\/p>\n","protected":false},"author":1,"featured_media":373,"parent":0,"menu_order":0,"comment_status":"closed","ping_status":"closed","template":"page-especies.php","meta":{"footnotes":""},"acf":[],"yoast_head":"<!-- This site is optimized with the Yoast SEO plugin v17.6 - https:\/\/yoast.com\/wordpress\/plugins\/seo\/ -->\n<meta name=\"robots\" content=\"index, follow, max-snippet:-1, max-image-preview:large, max-video-preview:-1\" \/>\n<link rel=\"canonical\" href=\"https:\/\/pandomar.net\/de\/sardinas\/\" \/>\n<meta property=\"og:locale\" content=\"de_DE\" \/>\n<meta property=\"og:type\" content=\"article\" \/>\n<meta property=\"og:title\" content=\"Sardinen - Pandomar\" \/>\n<meta property=\"og:description\" content=\"F\u00fcr unsere Marke &#8220;Pan do Mar&#8221; legen wir Sardinen der Art Sardina pilchardus W (Europ\u00e4ische Sardine) ein. Sie stammen von... Read more &raquo;\" \/>\n<meta property=\"og:url\" content=\"https:\/\/pandomar.net\/de\/sardinas\/\" \/>\n<meta property=\"og:site_name\" content=\"Pandomar\" \/>\n<meta property=\"article:modified_time\" content=\"2016-04-12T04:12:50+00:00\" \/>\n<meta property=\"og:image\" content=\"https:\/\/pandomar.net\/wp-content\/uploads\/2014\/07\/sardine.jpg\" \/>\n\t<meta property=\"og:image:width\" content=\"247\" \/>\n\t<meta property=\"og:image:height\" content=\"46\" \/>\n<meta name=\"twitter:card\" content=\"summary_large_image\" \/>\n<meta name=\"twitter:label1\" content=\"Gesch\u00e4tzte Lesezeit\" \/>\n\t<meta name=\"twitter:data1\" content=\"5 Minuten\" \/>\n<script type=\"application\/ld+json\" class=\"yoast-schema-graph\">{\"@context\":\"https:\/\/schema.org\",\"@graph\":[{\"@type\":\"WebSite\",\"@id\":\"https:\/\/pandomar.net\/de\/#website\",\"url\":\"https:\/\/pandomar.net\/de\/\",\"name\":\"Pandomar\",\"description\":\"Conservas de pescado procedentes de la pesca sostenible, elaboradas de forma artesanal con ingredientes de la agricultura ecol\\u00f3gica.\",\"potentialAction\":[{\"@type\":\"SearchAction\",\"target\":{\"@type\":\"EntryPoint\",\"urlTemplate\":\"https:\/\/pandomar.net\/de\/?s={search_term_string}\"},\"query-input\":\"required name=search_term_string\"}],\"inLanguage\":\"de-DE\"},{\"@type\":\"ImageObject\",\"@id\":\"https:\/\/pandomar.net\/de\/sardinas\/#primaryimage\",\"inLanguage\":\"de-DE\",\"url\":\"https:\/\/pandomar.net\/wp-content\/uploads\/2014\/07\/sardine.jpg\",\"contentUrl\":\"https:\/\/pandomar.net\/wp-content\/uploads\/2014\/07\/sardine.jpg\",\"width\":247,\"height\":46},{\"@type\":\"WebPage\",\"@id\":\"https:\/\/pandomar.net\/de\/sardinas\/#webpage\",\"url\":\"https:\/\/pandomar.net\/de\/sardinas\/\",\"name\":\"Sardinen - Pandomar\",\"isPartOf\":{\"@id\":\"https:\/\/pandomar.net\/de\/#website\"},\"primaryImageOfPage\":{\"@id\":\"https:\/\/pandomar.net\/de\/sardinas\/#primaryimage\"},\"datePublished\":\"2014-07-02T08:48:59+00:00\",\"dateModified\":\"2016-04-12T04:12:50+00:00\",\"breadcrumb\":{\"@id\":\"https:\/\/pandomar.net\/de\/sardinas\/#breadcrumb\"},\"inLanguage\":\"de-DE\",\"potentialAction\":[{\"@type\":\"ReadAction\",\"target\":[\"https:\/\/pandomar.net\/de\/sardinas\/\"]}]},{\"@type\":\"BreadcrumbList\",\"@id\":\"https:\/\/pandomar.net\/de\/sardinas\/#breadcrumb\",\"itemListElement\":[{\"@type\":\"ListItem\",\"position\":1,\"name\":\"Portada\",\"item\":\"https:\/\/pandomar.net\/de\/\"},{\"@type\":\"ListItem\",\"position\":2,\"name\":\"Sardinen\"}]}]}<\/script>\n<!-- \/ Yoast SEO plugin. -->","yoast_head_json":{"robots":{"index":"index","follow":"follow","max-snippet":"max-snippet:-1","max-image-preview":"max-image-preview:large","max-video-preview":"max-video-preview:-1"},"canonical":"https:\/\/pandomar.net\/de\/sardinas\/","og_locale":"de_DE","og_type":"article","og_title":"Sardinen - Pandomar","og_description":"F\u00fcr unsere Marke &#8220;Pan do Mar&#8221; legen wir Sardinen der Art Sardina pilchardus W (Europ\u00e4ische Sardine) ein. Sie stammen von... Read more &raquo;","og_url":"https:\/\/pandomar.net\/de\/sardinas\/","og_site_name":"Pandomar","article_modified_time":"2016-04-12T04:12:50+00:00","og_image":[{"width":247,"height":46,"url":"https:\/\/pandomar.net\/wp-content\/uploads\/2014\/07\/sardine.jpg","type":"image\/jpeg"}],"twitter_card":"summary_large_image","twitter_misc":{"Gesch\u00e4tzte Lesezeit":"5 Minuten"},"schema":{"@context":"https:\/\/schema.org","@graph":[{"@type":"WebSite","@id":"https:\/\/pandomar.net\/de\/#website","url":"https:\/\/pandomar.net\/de\/","name":"Pandomar","description":"Conservas de pescado procedentes de la pesca sostenible, elaboradas de forma artesanal con ingredientes de la agricultura ecol\u00f3gica.","potentialAction":[{"@type":"SearchAction","target":{"@type":"EntryPoint","urlTemplate":"https:\/\/pandomar.net\/de\/?s={search_term_string}"},"query-input":"required name=search_term_string"}],"inLanguage":"de-DE"},{"@type":"ImageObject","@id":"https:\/\/pandomar.net\/de\/sardinas\/#primaryimage","inLanguage":"de-DE","url":"https:\/\/pandomar.net\/wp-content\/uploads\/2014\/07\/sardine.jpg","contentUrl":"https:\/\/pandomar.net\/wp-content\/uploads\/2014\/07\/sardine.jpg","width":247,"height":46},{"@type":"WebPage","@id":"https:\/\/pandomar.net\/de\/sardinas\/#webpage","url":"https:\/\/pandomar.net\/de\/sardinas\/","name":"Sardinen - Pandomar","isPartOf":{"@id":"https:\/\/pandomar.net\/de\/#website"},"primaryImageOfPage":{"@id":"https:\/\/pandomar.net\/de\/sardinas\/#primaryimage"},"datePublished":"2014-07-02T08:48:59+00:00","dateModified":"2016-04-12T04:12:50+00:00","breadcrumb":{"@id":"https:\/\/pandomar.net\/de\/sardinas\/#breadcrumb"},"inLanguage":"de-DE","potentialAction":[{"@type":"ReadAction","target":["https:\/\/pandomar.net\/de\/sardinas\/"]}]},{"@type":"BreadcrumbList","@id":"https:\/\/pandomar.net\/de\/sardinas\/#breadcrumb","itemListElement":[{"@type":"ListItem","position":1,"name":"Portada","item":"https:\/\/pandomar.net\/de\/"},{"@type":"ListItem","position":2,"name":"Sardinen"}]}]}},"_links":{"self":[{"href":"https:\/\/pandomar.net\/de\/wp-json\/wp\/v2\/pages\/372"}],"collection":[{"href":"https:\/\/pandomar.net\/de\/wp-json\/wp\/v2\/pages"}],"about":[{"href":"https:\/\/pandomar.net\/de\/wp-json\/wp\/v2\/types\/page"}],"author":[{"embeddable":true,"href":"https:\/\/pandomar.net\/de\/wp-json\/wp\/v2\/users\/1"}],"replies":[{"embeddable":true,"href":"https:\/\/pandomar.net\/de\/wp-json\/wp\/v2\/comments?post=372"}],"version-history":[{"count":10,"href":"https:\/\/pandomar.net\/de\/wp-json\/wp\/v2\/pages\/372\/revisions"}],"predecessor-version":[{"id":1099,"href":"https:\/\/pandomar.net\/de\/wp-json\/wp\/v2\/pages\/372\/revisions\/1099"}],"wp:featuredmedia":[{"embeddable":true,"href":"https:\/\/pandomar.net\/de\/wp-json\/wp\/v2\/media\/373"}],"wp:attachment":[{"href":"https:\/\/pandomar.net\/de\/wp-json\/wp\/v2\/media?parent=372"}],"curies":[{"name":"wp","href":"https:\/\/api.w.org\/{rel}","templated":true}]}}