
{"id":368,"date":"2014-07-02T08:40:20","date_gmt":"2014-07-02T08:40:20","guid":{"rendered":"http:\/\/pandomar.net\/?page_id=368"},"modified":"2016-04-12T04:11:00","modified_gmt":"2016-04-12T04:11:00","slug":"caballa","status":"publish","type":"page","link":"https:\/\/pandomar.net\/de\/caballa\/","title":{"rendered":"Makrelen"},"content":{"rendered":"<p class=\"lead\">F\u00fcr unsere Marke &#8220;Pan do Mar&#8221; legen wir Makrelen der Art Scomber scombrus ein. Sie stammen aus Fischereien des Kantabrischen Meers in Nordspanien, das sich bis zu den K\u00fcstenregionen von Galizien, Asturien, Cantabria und dem Baskenland erstreckt.<\/p>\n<p>Ihr Fang beruht auf einer langj\u00e4hrigen Tradition und erfolgt von Cabo de Bares bis zum Golf von Vizcaya mit Hilfe von K\u00fcstenfischereibooten der vielz\u00e4hligen Fischerd\u00f6rfer. Im Laufe des Jahreszyklus wird der Makrelenfang mit dem von Sardellen und Bonito abgel\u00f6st. Auf diese Weise entstehen viele Br\u00e4uche und Lebensformen, die eine richtige K\u00fcstenkultur ausmachen.<\/p>\n<p>Als Fangmethode wird die &#8220;Handleine&#8221; verwendet. Dabei handelt es sich um eine 12 bis 15m lange Schnur, deren Ende mit einem Bleigewicht und mehreren Haken versehen wurde. Sie wird bei langsamer Fahrt vom Boot in Richtung des Fischschwarms geworfen und dann per Hand oder mit Hilfe einer Angelspule wieder eingezogen. Auf einigen Fischerbooten wird diese Spule mechanisch angetrieben, um ein besseres Einziehen zu erm\u00f6glichen. Diese Methode ist sehr selektiv, da zum einen der Fang und die Saisonabh\u00e4ngigkeit der Fischerei kontrolliert werden und zum anderen die Nachhaltigkeit der Fischerei garantiert wird, weil nur wenige Fische zur\u00fcckgeworfen werden und die Beifangrate von nicht vermarktbaren oder gesch\u00fctzen Arten \u00e4u\u00dferst gering ist.<\/p>","protected":false},"excerpt":{"rendered":"<p>F\u00fcr unsere Marke &#8220;Pan do Mar&#8221; legen wir Makrelen der Art Scomber scombrus ein. Sie stammen aus Fischereien des Kantabrischen&#8230;  <a href=\"https:\/\/pandomar.net\/de\/caballa\/\" class=\"more-link\" title=\"Read Makrelen\">Read more &raquo;<\/a><\/p>\n","protected":false},"author":1,"featured_media":0,"parent":0,"menu_order":0,"comment_status":"closed","ping_status":"closed","template":"page-especies.php","meta":{"footnotes":""},"acf":[],"yoast_head":"<!-- This site is optimized with the Yoast SEO plugin v17.6 - https:\/\/yoast.com\/wordpress\/plugins\/seo\/ -->\n<meta name=\"robots\" content=\"index, follow, max-snippet:-1, max-image-preview:large, max-video-preview:-1\" \/>\n<link rel=\"canonical\" href=\"https:\/\/pandomar.net\/de\/caballa\/\" \/>\n<meta property=\"og:locale\" content=\"de_DE\" \/>\n<meta property=\"og:type\" content=\"article\" \/>\n<meta property=\"og:title\" content=\"Makrelen - Pandomar\" \/>\n<meta property=\"og:description\" content=\"F\u00fcr unsere Marke &#8220;Pan do Mar&#8221; legen wir Makrelen der Art Scomber scombrus ein. Sie stammen aus Fischereien des Kantabrischen... Read more &raquo;\" \/>\n<meta property=\"og:url\" content=\"https:\/\/pandomar.net\/de\/caballa\/\" \/>\n<meta property=\"og:site_name\" content=\"Pandomar\" \/>\n<meta property=\"article:modified_time\" content=\"2016-04-12T04:11:00+00:00\" \/>\n<meta name=\"twitter:card\" content=\"summary_large_image\" \/>\n<meta name=\"twitter:label1\" content=\"Gesch\u00e4tzte Lesezeit\" \/>\n\t<meta name=\"twitter:data1\" content=\"6 Minuten\" \/>\n<script type=\"application\/ld+json\" class=\"yoast-schema-graph\">{\"@context\":\"https:\/\/schema.org\",\"@graph\":[{\"@type\":\"WebSite\",\"@id\":\"https:\/\/pandomar.net\/de\/#website\",\"url\":\"https:\/\/pandomar.net\/de\/\",\"name\":\"Pandomar\",\"description\":\"Conservas de pescado procedentes de la pesca sostenible, elaboradas de forma artesanal con ingredientes de la agricultura ecol\\u00f3gica.\",\"potentialAction\":[{\"@type\":\"SearchAction\",\"target\":{\"@type\":\"EntryPoint\",\"urlTemplate\":\"https:\/\/pandomar.net\/de\/?s={search_term_string}\"},\"query-input\":\"required name=search_term_string\"}],\"inLanguage\":\"de-DE\"},{\"@type\":\"WebPage\",\"@id\":\"https:\/\/pandomar.net\/de\/caballa\/#webpage\",\"url\":\"https:\/\/pandomar.net\/de\/caballa\/\",\"name\":\"Makrelen - Pandomar\",\"isPartOf\":{\"@id\":\"https:\/\/pandomar.net\/de\/#website\"},\"datePublished\":\"2014-07-02T08:40:20+00:00\",\"dateModified\":\"2016-04-12T04:11:00+00:00\",\"breadcrumb\":{\"@id\":\"https:\/\/pandomar.net\/de\/caballa\/#breadcrumb\"},\"inLanguage\":\"de-DE\",\"potentialAction\":[{\"@type\":\"ReadAction\",\"target\":[\"https:\/\/pandomar.net\/de\/caballa\/\"]}]},{\"@type\":\"BreadcrumbList\",\"@id\":\"https:\/\/pandomar.net\/de\/caballa\/#breadcrumb\",\"itemListElement\":[{\"@type\":\"ListItem\",\"position\":1,\"name\":\"Portada\",\"item\":\"https:\/\/pandomar.net\/de\/\"},{\"@type\":\"ListItem\",\"position\":2,\"name\":\"Makrelen\"}]}]}<\/script>\n<!-- \/ Yoast SEO plugin. -->","yoast_head_json":{"robots":{"index":"index","follow":"follow","max-snippet":"max-snippet:-1","max-image-preview":"max-image-preview:large","max-video-preview":"max-video-preview:-1"},"canonical":"https:\/\/pandomar.net\/de\/caballa\/","og_locale":"de_DE","og_type":"article","og_title":"Makrelen - Pandomar","og_description":"F\u00fcr unsere Marke &#8220;Pan do Mar&#8221; legen wir Makrelen der Art Scomber scombrus ein. Sie stammen aus Fischereien des Kantabrischen... Read more &raquo;","og_url":"https:\/\/pandomar.net\/de\/caballa\/","og_site_name":"Pandomar","article_modified_time":"2016-04-12T04:11:00+00:00","twitter_card":"summary_large_image","twitter_misc":{"Gesch\u00e4tzte Lesezeit":"6 Minuten"},"schema":{"@context":"https:\/\/schema.org","@graph":[{"@type":"WebSite","@id":"https:\/\/pandomar.net\/de\/#website","url":"https:\/\/pandomar.net\/de\/","name":"Pandomar","description":"Conservas de pescado procedentes de la pesca sostenible, elaboradas de forma artesanal con ingredientes de la agricultura ecol\u00f3gica.","potentialAction":[{"@type":"SearchAction","target":{"@type":"EntryPoint","urlTemplate":"https:\/\/pandomar.net\/de\/?s={search_term_string}"},"query-input":"required name=search_term_string"}],"inLanguage":"de-DE"},{"@type":"WebPage","@id":"https:\/\/pandomar.net\/de\/caballa\/#webpage","url":"https:\/\/pandomar.net\/de\/caballa\/","name":"Makrelen - Pandomar","isPartOf":{"@id":"https:\/\/pandomar.net\/de\/#website"},"datePublished":"2014-07-02T08:40:20+00:00","dateModified":"2016-04-12T04:11:00+00:00","breadcrumb":{"@id":"https:\/\/pandomar.net\/de\/caballa\/#breadcrumb"},"inLanguage":"de-DE","potentialAction":[{"@type":"ReadAction","target":["https:\/\/pandomar.net\/de\/caballa\/"]}]},{"@type":"BreadcrumbList","@id":"https:\/\/pandomar.net\/de\/caballa\/#breadcrumb","itemListElement":[{"@type":"ListItem","position":1,"name":"Portada","item":"https:\/\/pandomar.net\/de\/"},{"@type":"ListItem","position":2,"name":"Makrelen"}]}]}},"_links":{"self":[{"href":"https:\/\/pandomar.net\/de\/wp-json\/wp\/v2\/pages\/368"}],"collection":[{"href":"https:\/\/pandomar.net\/de\/wp-json\/wp\/v2\/pages"}],"about":[{"href":"https:\/\/pandomar.net\/de\/wp-json\/wp\/v2\/types\/page"}],"author":[{"embeddable":true,"href":"https:\/\/pandomar.net\/de\/wp-json\/wp\/v2\/users\/1"}],"replies":[{"embeddable":true,"href":"https:\/\/pandomar.net\/de\/wp-json\/wp\/v2\/comments?post=368"}],"version-history":[{"count":9,"href":"https:\/\/pandomar.net\/de\/wp-json\/wp\/v2\/pages\/368\/revisions"}],"predecessor-version":[{"id":1096,"href":"https:\/\/pandomar.net\/de\/wp-json\/wp\/v2\/pages\/368\/revisions\/1096"}],"wp:attachment":[{"href":"https:\/\/pandomar.net\/de\/wp-json\/wp\/v2\/media?parent=368"}],"curies":[{"name":"wp","href":"https:\/\/api.w.org\/{rel}","templated":true}]}}