
{"id":1665,"date":"2021-11-19T11:18:08","date_gmt":"2021-11-19T10:18:08","guid":{"rendered":"https:\/\/pandomar.net\/?page_id=1665"},"modified":"2024-03-25T14:09:37","modified_gmt":"2024-03-25T13:09:37","slug":"certificados","status":"publish","type":"page","link":"https:\/\/pandomar.net\/de\/certificados\/","title":{"rendered":"Zertifikate"},"content":{"rendered":"<p class=\"lead\"><strong>Die Gew\u00e4hrleistung eines qualitativ hochwertigen Produkts ist eines unserer Hauptziele. Ein Nachweis daf\u00fcr sind die verschiedenen Zertifizierungen, Siegel und Aufzeichnungen, die unsere Bem\u00fchungen garantieren.<\/strong><\/p>\n<p><strong>Zus\u00e4tzlich zur Einhaltung der Hygiene- und Produktsicherheitsma\u00dfnahmen, die f\u00fcr die Beh\u00f6rden erforderlich sind, ist es f\u00fcr Conservas Antonio P\u00e9rez Lafuente sehr wichtig, dass seine Kunden die verschiedenen Zertifizierungen \u00fcberpr\u00fcfen k\u00f6nnen, \u00fcber die wir verf\u00fcgen und die den Produkten, die unser Werk verlassen, einen Mehrwert verleihen.<\/strong><\/p>\n<p>&nbsp;<\/p>\n<h2>BIO ZERTIFIKAT (CRAEGA)<\/h2>\n<p>Der \u00f6kologische Landbau stellt ein System dar, das darauf abzielt, Lebensmittel von h\u00f6chster Qualit\u00e4t zu erzeugen und dabei die Umwelt zu schonen und die Fruchtbarkeit des Bodens durch optimale Nutzung der nat\u00fcrlichen Ressourcen und ohne den Einsatz chemischer Zus\u00e4tze zu bewahren.<\/p>\n<p>In unserem Fall basieren alle unsere Rezepte auf Zutaten, die zu 100 % aus kontrolliert biologischem Anbau stammen. Der Galician Organic Agriculture Regulatory Council (CRAEGA) ist die f\u00fcr die Kontrolle und Zertifizierung des \u00f6kologischen Landbaus in Galizien zust\u00e4ndige Stelle.<\/p>\n<ul>\n<li style=\"list-style-type: none;\">\n<ul>\n<li><a class=\"op-uc-link\" href=\"https:\/\/pandomar.net\/wp-content\/uploads\/2014\/05\/Bio-Zertifikat-ES-ECO-022-GA.pdf\">Bio Zertifikat ES- ECO-022-GA<\/a><\/li>\n<\/ul>\n<\/li>\n<\/ul>\n<h2>NACHHALTIGE FISCHEREI &amp; R\u00dcCKVERFOLGBARKEIT (FOS, MSC, PDR, KIWA)<\/h2>\n<p class=\"op-uc-p\">Conservas Antonio P\u00e9rez Lafuente wird regelm\u00e4\u00dfig auditiert und verf\u00fcgt \u00fcber verschiedene Zertifikate, die belegen, dass ein Managementsystem auf der Grundlage von <i>Chain-of-Custody-Standards<\/i> befolgt wird, um sicherzustellen, dass der verwendete Fisch und die Meeresfr\u00fcchte aus einer nachhaltigen und gut bewirtschafteten Quelle stammen.<\/p>\n<p class=\"op-uc-p\">Diese Zertifizierungen garantieren, dass die Herkunft des Fischs aus zertifizierten Fischereien stammen und stellen die R\u00fcckverfolgbarkeit \u00fcber der gesamten Herstellungs- und Vertriebskette sicher.<\/p>\n<p class=\"op-uc-p\">Ebenso ist gew\u00e4hrleistet, dass auch unsere Lieferanten kontrolliert werden und das Zertifikat f\u00fcr die Chain of Custody erhalten haben.<\/p>\n<ul>\n<li class=\"op-uc-list--item\"><a class=\"op-uc-link\" href=\"https:\/\/pandomar.net\/wp-content\/uploads\/2014\/05\/Zertifikat-Friends-of-the-Sea-FOS.pdf\">Zertifikat Friends of the Sea \u2013 FOS<\/a><\/li>\n<li class=\"op-uc-list--item\"><a class=\"op-uc-link\" href=\"https:\/\/pandomar.net\/wp-content\/uploads\/2014\/05\/Zertifikat-Marine-Stewardship-Council-MSC.pdf\">Zertifikat Marine Stewardship Council \u2013 MSC<\/a><\/li>\n<li class=\"op-uc-list--item\"><a class=\"op-uc-link\" href=\"https:\/\/pandomar.net\/wp-content\/uploads\/2014\/05\/Zertifikat-Pesca-De-Rias-PDR.pdf\">Zertifikat Pesca de R\u00edas \u2013 PDR<\/a><\/li>\n<li class=\"op-uc-list--item\"><a class=\"op-uc-link\" href=\"https:\/\/pandomar.net\/wp-content\/uploads\/2014\/05\/Zertifikat-KIWA.pdf\">Zertifikat \u2013 KIWA<\/a><\/li>\n<\/ul>\n<h2>UMWELTAUSWIRKUNGEN \u2013 CO2-FUSSABDRUCK<\/h2>\n<p class=\"op-uc-p\">Wir sind im Carbon Footprint Registry des spanischen Amtes f\u00fcr Klima\u00e4nderung eingetragen, welches f\u00fcr die \u00dcberwachung und Zertifizierung der von Unternehmen ergriffenen Ma\u00dfnahmen zur Reduzierung und Kompensation der Kohlendioxidemissionen in die Atmosph\u00e4re verantwortlich ist.<\/p>\n<p class=\"op-uc-p\">Dar\u00fcber hinaus sind wir derzeit im Register des Ministeriums f\u00fcr den \u00f6kologischen Wandel und demografische Herausforderungen als Inhaber eines Kohlendioxidabsorptionsprojekts in unserer Region zum Ausgleich unseres CO2-Fu\u00dfabdrucks registriert.<\/p>\n<p class=\"op-uc-p\">Conservas Antonio P\u00e9rez Lafuente verf\u00fcgt \u00fcber das dreifache Siegel im CO2-Fu\u00dfabdruck-Register: Berechnung, Reduzierung und Kompensation.<\/p>\n<ul>\n<li style=\"list-style-type: none;\">\n<ul>\n<li><a class=\"op-uc-link\" href=\"https:\/\/pandomar.net\/wp-content\/uploads\/2014\/05\/Zertifikat-MITECO.pdf\">Zertifikat &#8211; MITECO<\/a><\/li>\n<\/ul>\n<\/li>\n<\/ul>\n<h2>B-CORP ZERTIFIZIERUNG<\/h2>\n<p class=\"op-uc-p\">B-Corp Unternehmen sind ein neues Wirtschaftsmodell, das sozialen Zweck und wirtschaftlichen Nutzen in Einklang bringt.<\/p>\n<p class=\"op-uc-p\">Die Zertifizierung beinhaltet die Anforderung, bei der Entscheidungsfindung ihre Arbeitnehmer, Kunden, Lieferanten, die lokale Gemeinschaft und das Umfeld zu ber\u00fccksichtigen.<\/p>\n<p class=\"op-uc-p\">Zertifizierte Unternehmen sind an der Spitze einer globalen Bewegung von Menschen, die glauben, dass gute Gesch\u00e4ftspraktiken ein sehr wirksames Instrument f\u00fcr die positive Transformation der Gesellschaft sein k\u00f6nnen. Diese Vision von Gesellschaft, Wirtschaft und dem Engagement f\u00fcr die Zukunft des Menschen und des Planeten veranlassten uns im Jahr 2018, uns dem strengen Zertifizierungsprozess zu stellen. Conservas Antonio P\u00e9rez Lafuente ist die erste spanische Konservenfabrik, die die B-Corp-Zertifizierung erhalten hat.<\/p>\n<ul>\n<li style=\"list-style-type: none;\">\n<ul>\n<li><a class=\"op-uc-link\" href=\"https:\/\/pandomar.net\/wp-content\/uploads\/2014\/05\/Zertifikat-BCORP.pdf\">Zertifikat &#8211; BCORP<\/a><\/li>\n<\/ul>\n<\/li>\n<\/ul>\n<p><\/p>","protected":false},"excerpt":{"rendered":"<p>Die Gew\u00e4hrleistung eines qualitativ hochwertigen Produkts ist eines unserer Hauptziele. Ein Nachweis daf\u00fcr sind die verschiedenen Zertifizierungen, Siegel und Aufzeichnungen,&#8230;  <a href=\"https:\/\/pandomar.net\/de\/certificados\/\" class=\"more-link\" title=\"Read Zertifikate\">Read more &raquo;<\/a><\/p>\n","protected":false},"author":2,"featured_media":1654,"parent":0,"menu_order":0,"comment_status":"closed","ping_status":"closed","template":"page-full-width.php","meta":{"footnotes":""},"acf":[],"yoast_head":"<!-- This site is optimized with the Yoast SEO plugin v17.6 - https:\/\/yoast.com\/wordpress\/plugins\/seo\/ -->\n<meta name=\"robots\" content=\"index, follow, max-snippet:-1, max-image-preview:large, max-video-preview:-1\" \/>\n<link rel=\"canonical\" href=\"https:\/\/pandomar.net\/de\/certificados\/\" \/>\n<meta property=\"og:locale\" content=\"de_DE\" \/>\n<meta property=\"og:type\" content=\"article\" \/>\n<meta property=\"og:title\" content=\"Zertifikate - Pandomar\" \/>\n<meta property=\"og:description\" content=\"Die Gew\u00e4hrleistung eines qualitativ hochwertigen Produkts ist eines unserer Hauptziele. Ein Nachweis daf\u00fcr sind die verschiedenen Zertifizierungen, Siegel und Aufzeichnungen,... Read more &raquo;\" \/>\n<meta property=\"og:url\" content=\"https:\/\/pandomar.net\/de\/certificados\/\" \/>\n<meta property=\"og:site_name\" content=\"Pandomar\" \/>\n<meta property=\"article:modified_time\" content=\"2024-03-25T13:09:37+00:00\" \/>\n<meta property=\"og:image\" content=\"https:\/\/pandomar.net\/wp-content\/uploads\/2021\/09\/fos.jpg\" \/>\n\t<meta property=\"og:image:width\" content=\"282\" \/>\n\t<meta property=\"og:image:height\" content=\"278\" \/>\n<meta name=\"twitter:card\" content=\"summary_large_image\" \/>\n<meta name=\"twitter:label1\" content=\"Gesch\u00e4tzte Lesezeit\" \/>\n\t<meta name=\"twitter:data1\" content=\"3 Minuten\" \/>\n<script type=\"application\/ld+json\" class=\"yoast-schema-graph\">{\"@context\":\"https:\/\/schema.org\",\"@graph\":[{\"@type\":\"WebSite\",\"@id\":\"https:\/\/pandomar.net\/de\/#website\",\"url\":\"https:\/\/pandomar.net\/de\/\",\"name\":\"Pandomar\",\"description\":\"Conservas de pescado procedentes de la pesca sostenible, elaboradas de forma artesanal con ingredientes de la agricultura ecol\\u00f3gica.\",\"potentialAction\":[{\"@type\":\"SearchAction\",\"target\":{\"@type\":\"EntryPoint\",\"urlTemplate\":\"https:\/\/pandomar.net\/de\/?s={search_term_string}\"},\"query-input\":\"required name=search_term_string\"}],\"inLanguage\":\"de-DE\"},{\"@type\":\"ImageObject\",\"@id\":\"https:\/\/pandomar.net\/de\/certificados\/#primaryimage\",\"inLanguage\":\"de-DE\",\"url\":\"https:\/\/pandomar.net\/wp-content\/uploads\/2021\/09\/fos.jpg\",\"contentUrl\":\"https:\/\/pandomar.net\/wp-content\/uploads\/2021\/09\/fos.jpg\",\"width\":282,\"height\":278},{\"@type\":\"WebPage\",\"@id\":\"https:\/\/pandomar.net\/de\/certificados\/#webpage\",\"url\":\"https:\/\/pandomar.net\/de\/certificados\/\",\"name\":\"Zertifikate - Pandomar\",\"isPartOf\":{\"@id\":\"https:\/\/pandomar.net\/de\/#website\"},\"primaryImageOfPage\":{\"@id\":\"https:\/\/pandomar.net\/de\/certificados\/#primaryimage\"},\"datePublished\":\"2021-11-19T10:18:08+00:00\",\"dateModified\":\"2024-03-25T13:09:37+00:00\",\"breadcrumb\":{\"@id\":\"https:\/\/pandomar.net\/de\/certificados\/#breadcrumb\"},\"inLanguage\":\"de-DE\",\"potentialAction\":[{\"@type\":\"ReadAction\",\"target\":[\"https:\/\/pandomar.net\/de\/certificados\/\"]}]},{\"@type\":\"BreadcrumbList\",\"@id\":\"https:\/\/pandomar.net\/de\/certificados\/#breadcrumb\",\"itemListElement\":[{\"@type\":\"ListItem\",\"position\":1,\"name\":\"Portada\",\"item\":\"https:\/\/pandomar.net\/de\/\"},{\"@type\":\"ListItem\",\"position\":2,\"name\":\"Zertifikate\"}]}]}<\/script>\n<!-- \/ Yoast SEO plugin. -->","yoast_head_json":{"robots":{"index":"index","follow":"follow","max-snippet":"max-snippet:-1","max-image-preview":"max-image-preview:large","max-video-preview":"max-video-preview:-1"},"canonical":"https:\/\/pandomar.net\/de\/certificados\/","og_locale":"de_DE","og_type":"article","og_title":"Zertifikate - Pandomar","og_description":"Die Gew\u00e4hrleistung eines qualitativ hochwertigen Produkts ist eines unserer Hauptziele. Ein Nachweis daf\u00fcr sind die verschiedenen Zertifizierungen, Siegel und Aufzeichnungen,... Read more &raquo;","og_url":"https:\/\/pandomar.net\/de\/certificados\/","og_site_name":"Pandomar","article_modified_time":"2024-03-25T13:09:37+00:00","og_image":[{"width":282,"height":278,"url":"https:\/\/pandomar.net\/wp-content\/uploads\/2021\/09\/fos.jpg","type":"image\/jpeg"}],"twitter_card":"summary_large_image","twitter_misc":{"Gesch\u00e4tzte Lesezeit":"3 Minuten"},"schema":{"@context":"https:\/\/schema.org","@graph":[{"@type":"WebSite","@id":"https:\/\/pandomar.net\/de\/#website","url":"https:\/\/pandomar.net\/de\/","name":"Pandomar","description":"Conservas de pescado procedentes de la pesca sostenible, elaboradas de forma artesanal con ingredientes de la agricultura ecol\u00f3gica.","potentialAction":[{"@type":"SearchAction","target":{"@type":"EntryPoint","urlTemplate":"https:\/\/pandomar.net\/de\/?s={search_term_string}"},"query-input":"required name=search_term_string"}],"inLanguage":"de-DE"},{"@type":"ImageObject","@id":"https:\/\/pandomar.net\/de\/certificados\/#primaryimage","inLanguage":"de-DE","url":"https:\/\/pandomar.net\/wp-content\/uploads\/2021\/09\/fos.jpg","contentUrl":"https:\/\/pandomar.net\/wp-content\/uploads\/2021\/09\/fos.jpg","width":282,"height":278},{"@type":"WebPage","@id":"https:\/\/pandomar.net\/de\/certificados\/#webpage","url":"https:\/\/pandomar.net\/de\/certificados\/","name":"Zertifikate - Pandomar","isPartOf":{"@id":"https:\/\/pandomar.net\/de\/#website"},"primaryImageOfPage":{"@id":"https:\/\/pandomar.net\/de\/certificados\/#primaryimage"},"datePublished":"2021-11-19T10:18:08+00:00","dateModified":"2024-03-25T13:09:37+00:00","breadcrumb":{"@id":"https:\/\/pandomar.net\/de\/certificados\/#breadcrumb"},"inLanguage":"de-DE","potentialAction":[{"@type":"ReadAction","target":["https:\/\/pandomar.net\/de\/certificados\/"]}]},{"@type":"BreadcrumbList","@id":"https:\/\/pandomar.net\/de\/certificados\/#breadcrumb","itemListElement":[{"@type":"ListItem","position":1,"name":"Portada","item":"https:\/\/pandomar.net\/de\/"},{"@type":"ListItem","position":2,"name":"Zertifikate"}]}]}},"_links":{"self":[{"href":"https:\/\/pandomar.net\/de\/wp-json\/wp\/v2\/pages\/1665"}],"collection":[{"href":"https:\/\/pandomar.net\/de\/wp-json\/wp\/v2\/pages"}],"about":[{"href":"https:\/\/pandomar.net\/de\/wp-json\/wp\/v2\/types\/page"}],"author":[{"embeddable":true,"href":"https:\/\/pandomar.net\/de\/wp-json\/wp\/v2\/users\/2"}],"replies":[{"embeddable":true,"href":"https:\/\/pandomar.net\/de\/wp-json\/wp\/v2\/comments?post=1665"}],"version-history":[{"count":5,"href":"https:\/\/pandomar.net\/de\/wp-json\/wp\/v2\/pages\/1665\/revisions"}],"predecessor-version":[{"id":1765,"href":"https:\/\/pandomar.net\/de\/wp-json\/wp\/v2\/pages\/1665\/revisions\/1765"}],"wp:featuredmedia":[{"embeddable":true,"href":"https:\/\/pandomar.net\/de\/wp-json\/wp\/v2\/media\/1654"}],"wp:attachment":[{"href":"https:\/\/pandomar.net\/de\/wp-json\/wp\/v2\/media?parent=1665"}],"curies":[{"name":"wp","href":"https:\/\/api.w.org\/{rel}","templated":true}]}}